{"id":8987,"date":"2019-12-11T21:06:40","date_gmt":"2019-12-11T21:06:40","guid":{"rendered":"http:\/\/saludsinaloa.gob.mx\/?page_id=8987"},"modified":"2025-06-19T21:42:44","modified_gmt":"2025-06-19T21:42:44","slug":"mantenimiento-y-conservacion-de-obras","status":"publish","type":"page","link":"https:\/\/saludsinaloa.gob.mx\/index.php\/mantenimiento-y-conservacion-de-obras\/","title":{"rendered":"Mantenimiento y Conservaci\u00f3n de Obras"},"content":{"rendered":"<h3><a href=\"http:\/\/saludsinaloa.gob.mx\/index.php\/gasto-en-salud\/\">Regresar<\/a><\/h3>\n<ul>\n<li><a href=\"https:\/\/compranet.sinaloa.gob.mx\/secretaria-de-obras-publicas\" target=\"_blank\" rel=\"noopener noreferrer\">Obra Publica (2017-2025)<\/a>\u00a0 \u00a0(Se realiza por la Secretar\u00eda de Obra P\u00fablica no por Servicios de Salud de Sinaloa)<\/li>\n<li><a href=\"https:\/\/saludsinaloa.gob.mx\/index.php\/licitaciones-publicas-2025\/\">Licitaciones P\u00fablicas 2025<\/a>\u00a0|XLS<\/li>\n<li><a href=\"https:\/\/saludsinaloa.gob.mx\/index.php\/licitaciones-publicas-2024\">Licitaciones P\u00fablicas 2024<\/a>\u00a0|XLS<\/li>\n<li><a href=\"http:\/\/SALUDSINALOA.GOB.MX\/wp-content\/uploads\/2024\/02\/RELACION-DE-LICITACIONES-INFORMACION-2023-1.xls\">Licitaciones P\u00fablicas 2023<\/a>\u00a0|XLS<\/li>\n<li><a href=\"http:\/\/saludsinaloa.gob.mx\/wp-content\/uploads\/2022\/files\/LicitacionesPublicas2022.xls\" rel=\"noopener noreferrer\">Licitaciones P\u00fablicas 2022 <\/a>|XLS<\/li>\n<li><a href=\"http:\/\/saludsinaloa.gob.mx\/wp-content\/uploads\/2022\/files\/LicitacionesPublicas2021.xls\" rel=\"noopener noreferrer\">Licitaciones P\u00fablicas 2021 <\/a>|XLS<\/li>\n<li><a href=\"http:\/\/saludsinaloa.gob.mx\/wp-content\/uploads\/2021\/files\/LicitacionesPublicas_2020.xls\" rel=\"noopener noreferrer\">Licitaciones P\u00fablicas 2020\u00a0<\/a>|XLS<\/li>\n<li><a href=\"http:\/\/saludsinaloa.gob.mx\/wp-content\/uploads\/2020\/files\/LicitacionesPublicas_2019.xlsx\">Licitaciones P\u00fablicas 2019<\/a>\u00a0|XLS<\/li>\n<li><a href=\"http:\/\/saludsinaloa.gob.mx\/wp-content\/uploads\/2019\/transparencia\/LicitacionesP\u00fablicas_2018.xlsx\">Licitaciones P\u00fablicas 2018<\/a>\u00a0|XLS<\/li>\n<li><a href=\"http:\/\/saludsinaloa.gob.mx\/wp-content\/uploads\/2019\/transparencia\/LicitacionesP\u00fablicas_2017.xlsx\">Licitaciones P\u00fablicas 2017<\/a>\u00a0|XLS<\/li>\n<li><a href=\"https:\/\/saludsinaloa.gob.mx\/index.php\/invitacion-a-cuando-menos-3-personas-2025-2\/\">Invitaci\u00f3n a Cuando Menos 3 Personas 2025<\/a> |XLS<\/li>\n<li><a href=\"https:\/\/saludsinaloa.gob.mx\/index.php\/invitacion-a-cuando-2024-2\/\">Invitaci\u00f3n a Cuando Menos 3 Personas 2024<\/a>\u00a0|XLS<\/li>\n<li><a href=\"https:\/\/saludsinaloa.gob.mx\/index.php\/invitacion-a-cua\u2026-3-personas-2024\/\">Invitaci\u00f3n a Cuando Menos 3 Personas 2023<\/a> |XLS<\/li>\n<li><a href=\"http:\/\/saludsinaloa.gob.mx\/wp-content\/uploads\/2022\/files\/InvitacionesCuandoMenos3Personas2022.xls\" rel=\"noopener noreferrer\">Invitaci\u00f3n a Cuando Menos 3 Personas 2022<\/a> |XLS<\/li>\n<li><a href=\"http:\/\/saludsinaloa.gob.mx\/wp-content\/uploads\/2022\/files\/InvitacionesCuandoMenos3Personas2021.xls\" rel=\"noopener noreferrer\">Invitaci\u00f3n a Cuando Menos 3 Personas 2021<\/a> |XLS<\/li>\n<li><a href=\"http:\/\/saludsinaloa.gob.mx\/wp-content\/uploads\/2021\/files\/InvitacionesCuandoMenos3Personas_2020.xls\" rel=\"noopener noreferrer\">Invitaci\u00f3n a Cuando Menos 3 Personas 2020<\/a> |XLS<\/li>\n<li><a href=\"http:\/\/saludsinaloa.gob.mx\/wp-content\/uploads\/2020\/files\/InvitacionesCuandoMenos3Personas_2019.xlsx\">Invitaci\u00f3n a Cuando Menos 3 Personas 2019<\/a>\u00a0|XLS<\/li>\n<li><a href=\"http:\/\/saludsinaloa.gob.mx\/wp-content\/uploads\/2019\/transparencia\/InvitacionesCuandoMenos3Personas_2018.xlsx\">Invitaci\u00f3n a Cuando Menos 3 Personas 2018<\/a>\u00a0|XLS<\/li>\n<li><a href=\"http:\/\/saludsinaloa.gob.mx\/wp-content\/uploads\/2019\/transparencia\/InvitacionesCuandoMenos3Personas_2017.xlsx\">Invitaci\u00f3n a Cuando Menos 3 Personas 2017<\/a>\u00a0|XLS<\/li>\n<li><a href=\"https:\/\/saludsinaloa.gob.mx\/index.php\/adjudicaciones-directas-2025\/\">Adjudicaciones Directas 2025<\/a>\u00a0|XLS<\/li>\n<li><a href=\"https:\/\/saludsinaloa.gob.mx\/index.php\/adjudicaciones-directas-2024\/\">Adjudicaciones Directas 2024<\/a>\u00a0|XLS<\/li>\n<li><a href=\"http:\/\/SALUDSINALOA.GOB.MX\/wp-content\/uploads\/2024\/02\/Adjudicaciones_2023.xlsx\">Adjudicaciones Directas 2023<\/a>\u00a0|XLS<\/li>\n<li><a href=\"http:\/\/saludsinaloa.gob.mx\/wp-content\/uploads\/2022\/files\/Adjudicaciones_Directas2022.xls\" rel=\"noopener noreferrer\">Adjudicaciones Directas 2022<\/a>|XLS<\/li>\n<li><a href=\"http:\/\/saludsinaloa.gob.mx\/wp-content\/uploads\/2022\/files\/AdjudicacionesDirectas2021.xls\" rel=\"noopener noreferrer\">Adjudicaciones Directas 2021<\/a>|XLS<\/li>\n<li><a href=\"http:\/\/saludsinaloa.gob.mx\/wp-content\/uploads\/2021\/files\/Adjudicaciones_Directas_2020.xls\" rel=\"noopener noreferrer\">Adjudicaciones Directas 2020<\/a>|XLS<\/li>\n<li><a href=\"http:\/\/saludsinaloa.gob.mx\/wp-content\/uploads\/2020\/files\/Adjudicaciones_2019.xlsx\">Adjudicaciones Directas 2019<\/a>\u00a0|XLS<\/li>\n<li><a href=\"http:\/\/saludsinaloa.gob.mx\/wp-content\/uploads\/2019\/transparencia\/Adjudicaciones_2018.xlsx\">Adjudicaciones Directas 2018<\/a> |XLS<\/li>\n<li><a href=\"http:\/\/saludsinaloa.gob.mx\/wp-content\/uploads\/2018\/transparencia\/Adjudicaciones-2017.xlsx\">Adjudicaciones Directas 2017<\/a>\u00a0|XLS<\/li>\n<\/ul>\n","protected":false},"excerpt":{"rendered":"<p>Regresar Obra Publica (2017-2025)\u00a0 \u00a0(Se realiza por la Secretar\u00eda de Obra P\u00fablica no por Servicios de Salud de Sinaloa) Licitaciones P\u00fablicas 2025\u00a0|XLS Licitaciones P\u00fablicas 2024\u00a0|XLS Licitaciones P\u00fablicas 2023\u00a0|XLS Licitaciones P\u00fablicas 2022 |XLS Licitaciones P\u00fablicas 2021 |XLS Licitaciones P\u00fablicas 2020\u00a0|XLS Licitaciones P\u00fablicas 2019\u00a0|XLS Licitaciones P\u00fablicas 2018\u00a0|XLS Licitaciones P\u00fablicas 2017\u00a0|XLS Invitaci\u00f3n a Cuando Menos 3 Personas 2025 [&hellip;]<\/p>\n","protected":false},"author":1,"featured_media":0,"parent":0,"menu_order":0,"comment_status":"closed","ping_status":"closed","template":"templates\/full-width-page.php","meta":{"footnotes":""},"class_list":["post-8987","page","type-page","status-publish","hentry"],"_links":{"self":[{"href":"https:\/\/saludsinaloa.gob.mx\/index.php\/wp-json\/wp\/v2\/pages\/8987","targetHints":{"allow":["GET"]}}],"collection":[{"href":"https:\/\/saludsinaloa.gob.mx\/index.php\/wp-json\/wp\/v2\/pages"}],"about":[{"href":"https:\/\/saludsinaloa.gob.mx\/index.php\/wp-json\/wp\/v2\/types\/page"}],"author":[{"embeddable":true,"href":"https:\/\/saludsinaloa.gob.mx\/index.php\/wp-json\/wp\/v2\/users\/1"}],"replies":[{"embeddable":true,"href":"https:\/\/saludsinaloa.gob.mx\/index.php\/wp-json\/wp\/v2\/comments?post=8987"}],"version-history":[{"count":61,"href":"https:\/\/saludsinaloa.gob.mx\/index.php\/wp-json\/wp\/v2\/pages\/8987\/revisions"}],"predecessor-version":[{"id":20300,"href":"https:\/\/saludsinaloa.gob.mx\/index.php\/wp-json\/wp\/v2\/pages\/8987\/revisions\/20300"}],"wp:attachment":[{"href":"https:\/\/saludsinaloa.gob.mx\/index.php\/wp-json\/wp\/v2\/media?parent=8987"}],"curies":[{"name":"wp","href":"https:\/\/api.w.org\/{rel}","templated":true}]}}