{"id":862,"date":"2017-03-31T18:21:11","date_gmt":"2017-03-31T18:21:11","guid":{"rendered":"http:\/\/wpress2.saludsinaloa.gob.mx\/wordpress\/?page_id=862"},"modified":"2019-03-29T19:51:59","modified_gmt":"2019-03-29T19:51:59","slug":"fam-umm-en-sinaloa","status":"publish","type":"page","link":"https:\/\/saludsinaloa.gob.mx\/index.php\/programas-y-acciones\/fam-umm-en-sinaloa\/","title":{"rendered":"FAM UMM en Sinaloa"},"content":{"rendered":"<h4 style=\"text-align: justify;\"><strong>S I N A L O A<\/strong><\/h4>\n<p>&nbsp;<\/p>\n<h2 style=\"text-align: justify;\"><strong>FAM\u00a0(Fortalecimiento a la Atenci\u00f3n M\u00e9dica) Unidades M\u00e9dicas M\u00f3viles en Sinaloa (UMM)<\/strong><\/h2>\n<h2 style=\"text-align: justify;\"><strong>PROGRAMA FAM \u2013 UMM<\/strong><\/h2>\n<p style=\"text-align: justify;\">El Programa F.A.M. (Fortalecimiento a la Atenci\u00f3n M\u00e9dica) consiste en la Coordinaci\u00f3n y operaci\u00f3n de equipos de salud itinerantes y de UMM (Unidades M\u00e9dicas M\u00f3viles) de diferentes capacidades resolutivas, que son complemento a las unidades m\u00e9dicas fijas (Centros de Salud), pertenecientes a la Direcci\u00f3n de Atenci\u00f3n Medica, de los Servicios de Salud de Sinaloa.<\/p>\n<p style=\"text-align: justify;\">El Programa F.A.M. cuenta con los recursos humanos capacitados, medios de transporte, casas de salud de medio camino, recursos materiales (medicamentos, materiales de curaci\u00f3n, insumos, dispositivos m\u00e9dicos) y recursos tecnol\u00f3gicos, que laboran en un espacio geogr\u00e1fico determinado, a trav\u00e9s de rutas fijas establecidas donde brindan la atenci\u00f3n de los servicios a la poblaci\u00f3n en materia de promoci\u00f3n de la salud, prevenci\u00f3n y control de enfermedades, atenci\u00f3n de urgencias y algunas intervenciones de hospitalizaci\u00f3n establecidas en el CAUSES 2019. Asimismo, con la ejecuci\u00f3n del Programa FAM se busca la continuidad de la atenci\u00f3n a trav\u00e9s de la referencia de pacientes a unidades m\u00e9dicas de mayor capacidad resolutiva de 2do nivel.<\/p>\n<p style=\"text-align: justify;\"><strong>\u00a0<\/strong><\/p>\n<h3 style=\"text-align: justify;\"><strong>EL PROGRAMA FAM EST\u00c1 DISE\u00d1ADO PARA OPERAR EN TRES MODALIDADES DE ATENCI\u00d3N :<\/strong><\/h3>\n<ul style=\"text-align: justify;\">\n<li><strong> Extensi\u00f3n de Cobertura<\/strong>. Se realiza mediante equipos de salud itinerantes que atienden a poblaciones que actualmente no cuentan con acceso a servicios de salud fijos. Las unidades recorren rutas definidas bajo un calendario mensual de visitas y ofertan una cartera de servicios de salud. Para lograr la extensi\u00f3n de la cobertura, las unidades se podr\u00e1n apoyar en casas de salud y de medio camino para pernoctar y reabastecerse de insumos.<\/li>\n<li><strong> Ampliaci\u00f3n funcional de la oferta de servicios.<\/strong> Consiste en unidades con servicios m\u00e9dicos y de odontolog\u00eda, auxiliares de laboratorio y gabinete, con la posibilidad de enlazarse a una red satelital para ofertar servicios de telemedicina, y en su caso fijados temporalmente a un centro de salud que permite ampliar la capacidad resolutiva en las localidades que son visitadas por las unidades.<\/li>\n<li><strong>Contingencias. Durante los casos de Contingencia Estatal-Federal.<\/strong> Las Unidades M\u00e9dicas M\u00f3viles otorgan el servicio de la atenci\u00f3n m\u00e9dica preventiva, que las unidades fijas dan a la poblaci\u00f3n en situaciones de excepci\u00f3n, como: desastres naturales, emergencias epidemiol\u00f3gicas, apoyo temporal a unidades de salud inoperantes y\/o concentraciones masivas de poblaci\u00f3n.<\/li>\n<\/ul>\n<p style=\"text-align: justify;\"><strong>\u00a0<\/strong><\/p>\n<h3 style=\"text-align: justify;\"><strong>MISI\u00d3N<\/strong><\/h3>\n<p style=\"text-align: justify;\">Ser un Programa que coadyuve con las Entidades Federativas con la aportaci\u00f3n de recursos\u00a0presupuestarios federales destinados a la prestaci\u00f3n de servicios de Atenci\u00f3n Primaria a la Salud en las \u00e1reas\u00a0de enfoque potencial identificadas como localidades que no cuentan con servicios de salud por falta de\u00a0infraestructura, carentes de recursos para otorgar atenci\u00f3n permanente, y con una poblaci\u00f3n menor a 2,500\u00a0personas.<\/p>\n<h3 style=\"text-align: justify;\"><strong>VISI\u00d3N<\/strong><\/h3>\n<p style=\"text-align: justify;\">Hacia este 2019, se fortalecer\u00e1n los Servicios de Atenci\u00f3n Primaria a la Salud, para la poblaci\u00f3n en situaci\u00f3n de vulnerabilidad, con la estrategia de acercabilidad y accesibilidad, esta ser\u00e1 a trav\u00e9s de equipos de Salud Itinerantes mediante unidades m\u00e9dicas m\u00f3viles de salud, para asegurar la calidad y eficacia a la cartera de servicios que se prestan y as\u00ed contribuir con el Modelo de Atenci\u00f3n Integral a la Salud establecido por la Federaci\u00f3n.<\/p>\n<h3 style=\"text-align: justify;\"><strong>\u00a0<\/strong><strong>OBJETIVO GENERAL<\/strong><\/h3>\n<p style=\"text-align: justify;\">Contribuir en las Localidades objetivo del programa la prestaci\u00f3n de los servicios de atenci\u00f3n primaria a la salud, cerrar las brechas existentes en salud entre diferentes grupos sociales y regiones del Estado de Sinaloa, atendiendo a poblaciones con bajo \u00edndice de desarrollo humano en localidades dispersas y marginadas que carecen de atenci\u00f3n m\u00e9dica, el mejoramiento de las condiciones de salud, mediante la transferencia de recursos federales, personal m\u00e9dico y param\u00e9dico las UMM capacitados con diferente capacidad resolutiva, por el programa FAM cuyo centro de atenci\u00f3n de la persona, la familia y la comunidad.<\/p>\n<h3 style=\"text-align: justify;\"><strong>OBJETIVO\u00a0<\/strong>ESPEC\u00cdFICOS<\/h3>\n<p style=\"text-align: justify;\">El programa FAM tiene como principal objetico proporcionar servicios de promoci\u00f3n, prevenci\u00f3n, atenci\u00f3n m\u00e9dica y odontol\u00f3gica, a la poblaci\u00f3n que habita en localidades lejanas geogr\u00e1ficamente, dispersas y de dif\u00edcil acceso o zonas sin acceso a servicios de salud, mediante equipos de salud itinerantes que trabajan de forma complementaria a las unidades m\u00e9dicas fijas (Centros de Salud), en el primer nivel de atenci\u00f3n.<\/p>\n<ol style=\"text-align: justify;\">\n<li><strong>a)<\/strong>Contribuir con las Entidades Federativas para que cuenten con UMM equipadas de conformidad con\u00a0la tipolog\u00eda correspondiente y su respectivo personal capacitado;<\/li>\n<li><strong>b)<\/strong>Contribuir en la prestaci\u00f3n de servicios de salud por medio de la transferencia de recursos\u00a0presupuestarios federales con el car\u00e1cter de subsidios a las Entidades Federativas;<\/li>\n<li><strong>c)<\/strong>Promover la prestaci\u00f3n de servicios de Atenci\u00f3n Primaria a la Salud en localidades consideradas en\u00a0el \u00e1rea de enfoque del Programa;<\/li>\n<li><strong>d)<\/strong>Participar en la atenci\u00f3n m\u00e9dica y acciones de prevenci\u00f3n y promoci\u00f3n a la poblaci\u00f3n en riesgo o\u00a0afectada por agentes perturbadores naturales o antropog\u00e9nicos;<\/li>\n<li><strong>e)<\/strong>Contribuir en la modificaci\u00f3n de los determinantes sociales de la salud que afectan a los individuos y\u00a0su entorno a trav\u00e9s de la participaci\u00f3n organizada de la familia y la comunidad;<\/li>\n<li><strong>f)<\/strong>Contribuir a la superaci\u00f3n de la pobreza multidimensional, derivado de la falta de acceso a servicios\u00a0de salud;<\/li>\n<li><strong>g)<\/strong>Brindar atenci\u00f3n m\u00e9dica a poblaci\u00f3n vulnerable;<\/li>\n<li><strong>h)<\/strong>Fomentar la afiliaci\u00f3n de la poblaci\u00f3n que se ubique en las localidades del Programa al SPSS y de\u00a0los ni\u00f1os menores de cinco a\u00f1os al Seguro M\u00e9dico Siglo XXI, y<\/li>\n<li><strong>i)<\/strong>Fortalecer la RISS a trav\u00e9s de acciones de inversi\u00f3n para el desarrollo de infraestructura (fija y m\u00f3vil)\u00a0y equipamiento en materia de salud, conforme a la disponibilidad presupuestaria.<\/li>\n<\/ol>\n<p style=\"text-align: justify;\"><strong>\u00a0<\/strong><\/p>\n<h3 style=\"text-align: justify;\"><strong>OPERACI\u00d3N ACTUAL<\/strong><\/h3>\n<p style=\"text-align: justify;\">El programa FAM cuenta con <strong>47 Unidades M\u00e9dicas en Operaci\u00f3n<\/strong> con personal M\u00e9dico, Odontol\u00f3gico y de Enfermer\u00eda, as\u00ed como Promotores de Salud los cuales conforman equipos de salud al servicio de la poblaci\u00f3n m\u00e1s vulnerable en el Estado de Sinaloa. Se dividen en:<\/p>\n<table style=\"margin-left: auto; margin-right: auto;\">\n<tbody>\n<tr>\n<td width=\"196\">\n<p style=\"text-align: center;\"><strong>UMM<\/strong><\/p>\n<\/td>\n<td width=\"196\">\n<p style=\"text-align: center;\"><strong>RECURSO<\/strong><\/p>\n<\/td>\n<td width=\"196\">\n<p style=\"text-align: center;\"><strong>NUMERO DE VEHICULOS<\/strong><\/p>\n<\/td>\n<\/tr>\n<tr>\n<td width=\"196\">\n<p style=\"text-align: center;\">Federales<\/p>\n<\/td>\n<td width=\"196\">\n<p style=\"text-align: center;\">Federal<\/p>\n<\/td>\n<td width=\"196\">\n<p style=\"text-align: center;\">21<\/p>\n<\/td>\n<\/tr>\n<tr>\n<td width=\"196\">\n<p style=\"text-align: center;\">Estatales<\/p>\n<\/td>\n<td width=\"196\">\n<p style=\"text-align: center;\">Estatal<\/p>\n<\/td>\n<td width=\"196\">\n<p style=\"text-align: center;\">26<\/p>\n<\/td>\n<\/tr>\n<\/tbody>\n<\/table>\n<h3 style=\"text-align: justify;\"><strong>LAS UNIDADES M\u00c9DICAS M\u00d3VILES (UMM) SE CLASIFICAN EN 3 TIPOS:<\/strong><\/h3>\n<p style=\"text-align: justify;\"><strong>TIPO 0.-<\/strong>\u00a0Son Unidades Pick up 4\u00d74, que transportan al personal itinerante de salud, medicamentos, material de Curaci\u00f3n e insumos para la atenci\u00f3n de las localidades de una microrregi\u00f3n, que conforman parte de la ruta establecida de la Unidad, en tanto las condiciones del camino o acceso geogr\u00e1fico le permitan llegar a la o las localidades de la ruta.<\/p>\n<p style=\"text-align: justify;\">Este tipo de unidad est\u00e1 conformado por un m\u00e9dico general, una enfermera y un promotor de la salud polivalente.<\/p>\n<p style=\"text-align: justify;\"><strong>\u00a0<\/strong><strong>TIPO I.-<\/strong>\u00a0Unidades equipadas con un consultorio de medicina general, que transportan al personal itinerante de salud, medicamentos, material de Curaci\u00f3n e insumos para la atenci\u00f3n, con equipo est\u00e1ndar para la atenci\u00f3n primaria, qu\u00edmica seca (glucosa, hemoglobina, Hb glucosilada, perfil de l\u00edpidos) y toma de muestras para c\u00e1ncer cervicouterino y equipo de electrocardiograf\u00eda, insumos para la atenci\u00f3n, de las localidades de una micro regi\u00f3n, que conforman parte de la ruta establecida de la Unidad, en tanto las condiciones del camino o acceso geogr\u00e1fico le permitan llegar a la o las localidades de la ruta.<\/p>\n<p style=\"text-align: justify;\">Este tipo de unidad est\u00e1 conformado por un m\u00e9dico general, una enfermera y un promotor de la salud polivalente.<\/p>\n<p style=\"text-align: justify;\"><strong>\u00a0<\/strong><\/p>\n<p style=\"text-align: justify;\"><strong>TIPO II.<\/strong>&#8211;\u00a0Unidades equipadas con un consultorio de medicina general y un consultorio dental, que transportan al personal itinerante de salud, medicamentos, material de Curaci\u00f3n e insumos para la atenci\u00f3n laboratorio de qu\u00edmica seca y toma de muestras para c\u00e1ncer cervicouterino y equipo de electrocardiograf\u00eda, insumos para la atenci\u00f3n, de las localidades de una micro regi\u00f3n, que conforman parte de la ruta establecida de la Unidad, en tanto las condiciones del camino o acceso geogr\u00e1fico le permitan llegar a la o las localidades de la ruta.<\/p>\n<p style=\"text-align: justify;\">Este tipo de unidad m\u00f3vil est\u00e1 conformada por un m\u00e9dico general, un odont\u00f3logo, una enfermera y un promotor de la salud polivalente.<\/p>\n<p style=\"text-align: justify;\"><strong>\u00a0<\/strong><\/p>\n<h4 style=\"text-align: justify;\"><strong>COBERTURA<\/strong><\/h4>\n<p style=\"text-align: justify;\">Se cuenta con la presencia y apoyo de las UMM en los siguientes municipios del Estado de Sinaloa:<\/p>\n<table>\n<tbody>\n<tr>\n<td width=\"156\">\n<p style=\"text-align: center;\"><strong>MUNICIPIOS<\/strong><\/p>\n<\/td>\n<td width=\"109\">\n<p style=\"text-align: center;\"><strong>LOCALIDADES<\/strong><\/p>\n<\/td>\n<td width=\"113\">\n<p style=\"text-align: center;\"><strong>POBLACION<\/strong><\/p>\n<\/td>\n<td width=\"104\">\n<p style=\"text-align: center;\"><strong>NUMERO DE U.M.M.<\/strong><\/p>\n<\/td>\n<td width=\"107\">\n<p style=\"text-align: center;\"><strong>RECURSO<\/strong><\/p>\n<\/td>\n<\/tr>\n<tr>\n<td style=\"text-align: center;\" width=\"156\">Ahome, Badiraguato, Choix, Concordia, C\u00f3sala, Culiac\u00e1n, El Fuerte, Elota, Guasave, Mocorito, Navolato y Sinaloa.<\/td>\n<td width=\"109\">&nbsp;<\/p>\n<p style=\"text-align: center;\">323<\/p>\n<p>&nbsp;<\/td>\n<td width=\"113\">&nbsp;<\/p>\n<p style=\"text-align: center;\">48,953<\/p>\n<p>&nbsp;<\/td>\n<td width=\"104\">\n<p style=\"text-align: center;\">21<\/p>\n<\/td>\n<td width=\"107\">\n<p style=\"text-align: center;\">FEDERAL<\/p>\n<\/td>\n<\/tr>\n<tr>\n<td width=\"156\">\n<p style=\"text-align: center;\">Badiraguato, Choix, C\u00f3sala, El Fuerte, El Rosario, Escuinapa, Mocorito, San Ignacio, Sinaloa, Mazatl\u00e1n.<\/p>\n<\/td>\n<td width=\"109\">\n<p style=\"text-align: center;\">810<\/p>\n<\/td>\n<td width=\"113\">\n<p style=\"text-align: center;\">25,686<\/p>\n<\/td>\n<td width=\"104\">\n<p style=\"text-align: center;\">26<\/p>\n<\/td>\n<td width=\"107\">\n<p style=\"text-align: center;\">ESTATAL<\/p>\n<\/td>\n<\/tr>\n<\/tbody>\n<\/table>\n<p>&nbsp;<\/p>\n<h4 style=\"text-align: justify;\"><strong>CALENDARIO DE RECORRIDOS (2019)<\/strong><\/h4>\n<p style=\"text-align: justify;\"><strong>\u00a0<img fetchpriority=\"high\" decoding=\"async\" class=\"aligncenter wp-image-6914 size-full\" src=\"http:\/\/saludsinaloa.gob.mx\/wp-content\/uploads\/2019\/03\/Calendario-FAM.png\" alt=\"\" width=\"2873\" height=\"2081\" srcset=\"https:\/\/saludsinaloa.gob.mx\/wp-content\/uploads\/2019\/03\/Calendario-FAM.png 2873w, https:\/\/saludsinaloa.gob.mx\/wp-content\/uploads\/2019\/03\/Calendario-FAM-300x217.png 300w, https:\/\/saludsinaloa.gob.mx\/wp-content\/uploads\/2019\/03\/Calendario-FAM-768x556.png 768w, https:\/\/saludsinaloa.gob.mx\/wp-content\/uploads\/2019\/03\/Calendario-FAM-1024x742.png 1024w\" sizes=\"(max-width: 2873px) 100vw, 2873px\" \/><\/strong><\/p>\n<p style=\"text-align: justify;\">Dentro de la extensi\u00f3n de cobertura, las unidades m\u00e9dicas m\u00f3viles cuentan con un recorrido fijo mensual, donde atienden a la poblaci\u00f3n objetivo y cuentan con un calendario anual de visitas a las localidades donde var\u00edan los d\u00edas laborables, dependiendo de los d\u00edas festivos que hay de manera mensualmente en los servicios de salud de Sinaloa.<\/p>\n<h4 style=\"text-align: justify;\"><strong>SERVICIOS QUE OTORGAN LOS SES A TRAVES DE U.M.M. <\/strong><\/h4>\n<p style=\"text-align: justify;\">El otorgamiento de las intervenciones de salud estar\u00e1 determinado por la capacidad resolutiva de las UMM\u00a0y mediante la referencia a otros niveles de atenci\u00f3n como parte de la RISS, habr\u00e1 de buscarse el acceso al\u00a0total de las intervenciones del CAUSES 2018; considerando siempre la oportunidad y seguridad en la atenci\u00f3n\u00a0efectiva del paciente.<\/p>\n<p style=\"text-align: justify;\">La cartera de servicios de atenci\u00f3n m\u00e9dica que otorgan los SES es de 155 intervenciones incluidas en el\u00a0CAUSES 2018 y agrupados en cinco conglomerados.<\/p>\n<p style=\"text-align: justify;\">Las intervenciones se pueden consultar de manera detallada en el Anexo 1.- CAUSES<strong> 2018,<\/strong>\u00a0de estas\u00a0Reglas; a continuaci\u00f3n, se describen por conglomerado:<\/p>\n<p style=\"text-align: justify;\"><strong>1.-<\/strong> <strong>Prevenci\u00f3n y Promoci\u00f3n en Salud:<\/strong> Acciones de prevenci\u00f3n y promoci\u00f3n de la salud, a trav\u00e9s de la\u00a0aplicaci\u00f3n de vacunas dirigidas a los diferentes grupos de edad, grupos de riesgo como las mujeres\u00a0embarazadas y en per\u00edodo de lactancia, adultos mayores; la detecci\u00f3n oportuna de enfermedades,\u00a0incluidas en los principales Programas de Acci\u00f3n Espec\u00edfica. Algunas intervenciones de este\u00a0conglomerado cubren diagn\u00f3sticos espec\u00edficos (CIE-10) que tienen trazabilidad en la cobertura de la\u00a0red de servicios desde la comunidad en el primer nivel de atenci\u00f3n hasta hospitales de segundo y\u00a0tercer nivel, por ejemplo: Prevenci\u00f3n y atenci\u00f3n a violencia familiar y de g\u00e9nero, cuyo manejo es\u00a0integral desde la detecci\u00f3n de la causa de base, hasta el tratamiento de las complicaciones, incluido\u00a0el apoyo psicol\u00f3gico correspondiente.<\/p>\n<p style=\"text-align: justify;\"><strong>2.- Consulta de Medicina General y de Especialidad (incluye odontolog\u00eda):<\/strong> Integra servicios del primer\u00a0nivel de atenci\u00f3n (Medicina General), en los cuales se otorgan servicios de diagn\u00f3stico y tratamiento\u00a0de enfermedades infecciosas, no infecciosas, cr\u00f3nico-degenerativas y tamizaje de patolog\u00edas, que\u00a0por su complejidad permiten el acceso a coberturas como Fondo de Protecci\u00f3n contra Gastos\u00a0Catastr\u00f3ficos y Seguro M\u00e9dico Siglo XXI para su resoluci\u00f3n en los siguientes niveles de atenci\u00f3n\u00a0mediante la referencia.<\/p>\n<p style=\"text-align: justify;\"><strong>3.- Urgencias<\/strong>: Est\u00e1n orientadas a la atenci\u00f3n oportuna de patolog\u00edas que ponen en riesgo la vida del\u00a0beneficiario o la funci\u00f3n de alguno de sus \u00f3rganos; se busca la estabilizaci\u00f3n, el diagn\u00f3stico y\u00a0manejo terap\u00e9utico cuando sea posible y maximizando el beneficio para la vida y la funci\u00f3n, su\u00a0canalizaci\u00f3n inmediata a establecimientos previamente identificados con mayor capacidad resolutiva\u00a0para su atenci\u00f3n integral y oportuna.<\/p>\n<p style=\"text-align: justify;\"><strong>4.- Cirug\u00eda General:<\/strong> Se incluye el diagn\u00f3stico cl\u00ednico y manejo conservador de las etapas iniciales de\u00a0padecimientos factibles de ser abordados en las unidades m\u00e9dicas m\u00f3viles, sin poner en riesgo la\u00a0atenci\u00f3n oportuna ni la vida del paciente, y en los casos que lo amerite, proceder con la referencia\u00a0correspondiente.<\/p>\n<p style=\"text-align: justify;\"><strong>\u00a0<\/strong><strong>5.- <\/strong><strong>Obstetricia<\/strong>: Una prioridad en la Salud P\u00fablica del pa\u00eds es la atenci\u00f3n de la mujer embarazada y el\u00a0reci\u00e9n nacido para los cuales existe cobertura espec\u00edfica a trav\u00e9s de estas intervenciones, donde se\u00a0resuelven padecimientos relacionados con el estado de gravidez, incluyendo los diagn\u00f3sticos de\u00a0mayor frecuencia m\u00e9dico. Es importante considerar que este conglomerado tiene trazabilidad a\u00a0trav\u00e9s de los subgrupos de cobertura desde la prevenci\u00f3n, consulta externa, urgencias,\u00a0hospitalizaci\u00f3n, cirug\u00eda y cuidados intensivos y permite el acceso a coberturas como Fondo de\u00a0Protecci\u00f3n.<\/p>\n<h4 style=\"text-align: justify;\"><strong>OBLIGACIONES Y DERECHOS:<\/strong><\/h4>\n<p style=\"text-align: justify;\">La poblaci\u00f3n determinada en las \u00c1reas de Enfoque <strong>tiene Derecho a:<\/strong><\/p>\n<p>&nbsp;<\/p>\n<ol style=\"list-style-type: upper-roman; text-align: justify;\">\n<li>Recibir gratuitamente las intervenciones contempladas en el CAUSES.<\/li>\n<li>Recibir atenci\u00f3n m\u00e9dica adecuada.<\/li>\n<li>Recibir servicios de salud efectivos, seguros, sensibles a la diversidad cultural, con pleno respeto de\u00a0las pr\u00e1cticas culturales de la comunidad, que respondan a sus expectativas.<\/li>\n<li>Recibir informaci\u00f3n precisa, clara, oportuna y veraz, sobre la atenci\u00f3n de su salud y riesgos de los\u00a0procedimientos diagn\u00f3sticos, terap\u00e9uticos y quir\u00fargicos que se les indiquen o apliquen, as\u00ed como la\u00a0orientaci\u00f3n necesaria acerca de alternativas de tratamiento.<\/li>\n<li>Decidir libremente sobre su atenci\u00f3n.<\/li>\n<li>Otorgar o no su consentimiento informado para recibir tratamientos o procedimientos diagn\u00f3sticos y terap\u00e9uticos invasivos y\/o quir\u00fargicos.<\/li>\n<li>Solicitar una segunda opini\u00f3n, emitida por personal m\u00e9dico del Sistema Nacional de Salud, acerca\u00a0del diagn\u00f3stico, pron\u00f3stico o tratamiento relacionados con su estado de salud.<\/li>\n<li>Contar con un expediente cl\u00ednico.<\/li>\n<li>Recibir los medicamentos necesarios y acordes a la atenci\u00f3n m\u00e9dica ofertados en la Cartera de\u00a0Servicios de Salud del Programa.<\/li>\n<li>Recibir la atenci\u00f3n m\u00e9dica integral y ser tratado con dignidad, respeto y confidencialidad.<\/li>\n<li>Tener un acceso equitativo a la atenci\u00f3n.<\/li>\n<li>Ser referido a establecimientos de atenci\u00f3n m\u00e9dica con mayor capacidad resolutiva cuando as\u00ed lo\u00a0requiera su estado de salud.<\/li>\n<li>Recibir informaci\u00f3n sobre mecanismos de acceso y obtenci\u00f3n de servicios de atenci\u00f3n m\u00e9dica en los\u00a0establecimientos que para tal efecto se designen.<\/li>\n<li>Recibir los servicios que brindan las UMM, de acuerdo con la calendarizaci\u00f3n establecida por cada\u00a0Entidad Federativa.<\/li>\n<li>Presentar quejas por falta o inadecuada prestaci\u00f3n de los servicios, as\u00ed como recibir informaci\u00f3n\u00a0acerca de los procedimientos, plazos y formas en que se atender\u00e1n las quejas y consultas.<\/li>\n<li>Recibir la Cartilla de Salud que les corresponda, de acuerdo con su edad y sexo.<\/li>\n<li>Conocer la informaci\u00f3n del Programa, conforme a las disposiciones jur\u00eddicas aplicables en materia de\u00a0transparencia y acceso a la informaci\u00f3n p\u00fablica.<\/li>\n<\/ol>\n<p style=\"text-align: justify;\">La poblaci\u00f3n determinada en las \u00c1reas de Enfoque, tiene las<strong> siguientes\u00a0Obligaciones:<\/strong><\/p>\n<ol style=\"list-style-type: upper-roman; text-align: justify;\">\n<li>Adoptar conductas de promoci\u00f3n de la salud y prevenci\u00f3n de enfermedades.<\/li>\n<li>Colaborar con el equipo de salud, informando verazmente y con exactitud sobre sus antecedentes,\u00a0necesidades y problemas de salud.<\/li>\n<li>Informarse acerca de los riesgos y alternativas de los procedimientos terap\u00e9uticos que se le indiquen\u00a0o apliquen, as\u00ed como de los procedimientos de consultas y quejas.<\/li>\n<li>Cumplir con las recomendaciones, prescripciones, tratamientos o procedimientos generales a los que\u00a0haya aceptado someterse.<\/li>\n<li>Llevar a la pr\u00e1ctica las recomendaciones emitidas por el Equipo de Salud Itinerante y el auxiliar de la\u00a0salud;6<\/li>\n<li>Ejercer la corresponsabilidad en el autocuidado de su salud.<\/li>\n<li>Dar un trato respetuoso al Equipo de Salud Itinerante de las UMM, as\u00ed como a los otros usuarios y\u00a0sus acompa\u00f1antes.<\/li>\n<li>Hacer uso responsable de los servicios de salud.<\/li>\n<li>Informarse sobre los procedimientos que rigen el funcionamiento de los establecimientos para el\u00a0acceso y servicios de atenci\u00f3n m\u00e9dica.<\/li>\n<li>Asistir a las actividades de capacitaci\u00f3n para el autocuidado de la salud.<\/li>\n<li>Participar activamente en la identificaci\u00f3n de causas y soluciones a los problemas de salud de su\u00a0comunidad, y.<\/li>\n<li>Presentar la Cartilla Nacional de Salud correspondiente, al momento de solicitar atenci\u00f3n m\u00e9dica.<\/li>\n<\/ol>\n<p>&nbsp;<\/p>\n<p style=\"text-align: justify;\"><strong>Direcci\u00f3n:\u00a0<\/strong>Av. Manuel Vallarta 2086 sur, Col. Centro, Culiac\u00e1n, Sinaloa, C.P. 80000.<br \/>\n<strong>Tel\u00e9fono:\u00a0<\/strong>667 261-22-55<br \/>\n<strong>Correos:\u00a0<\/strong>famsinaloa2019@gmail.com<\/p>\n<p style=\"text-align: justify;\"><strong>Fuentes:<\/strong> Fortalecimiento a la Atenci\u00f3n M\u00e9dica Marzo del 2019 (Anexo 6 (INEGI 2010), (PFAM 2019)).<br \/>\n<strong>Elabor\u00f3:<\/strong> Coordinaci\u00f3n de Fortalecimiento a la Atenci\u00f3n M\u00e9dica \u2013 SERVICIOS DE SALUD DE SINALOA.<\/p>\n","protected":false},"excerpt":{"rendered":"<p>S I N A L O A &nbsp; FAM\u00a0(Fortalecimiento a la Atenci\u00f3n M\u00e9dica) Unidades M\u00e9dicas M\u00f3viles en Sinaloa (UMM) PROGRAMA FAM \u2013 UMM El Programa F.A.M. (Fortalecimiento a la Atenci\u00f3n M\u00e9dica) consiste en la Coordinaci\u00f3n y operaci\u00f3n de equipos de salud itinerantes y de UMM (Unidades M\u00e9dicas M\u00f3viles) de diferentes capacidades resolutivas, que son complemento [&hellip;]<\/p>\n","protected":false},"author":1,"featured_media":3256,"parent":207,"menu_order":9,"comment_status":"closed","ping_status":"closed","template":"templates\/full-width-page.php","meta":{"footnotes":""},"class_list":["post-862","page","type-page","status-publish","has-post-thumbnail","hentry"],"_links":{"self":[{"href":"https:\/\/saludsinaloa.gob.mx\/index.php\/wp-json\/wp\/v2\/pages\/862","targetHints":{"allow":["GET"]}}],"collection":[{"href":"https:\/\/saludsinaloa.gob.mx\/index.php\/wp-json\/wp\/v2\/pages"}],"about":[{"href":"https:\/\/saludsinaloa.gob.mx\/index.php\/wp-json\/wp\/v2\/types\/page"}],"author":[{"embeddable":true,"href":"https:\/\/saludsinaloa.gob.mx\/index.php\/wp-json\/wp\/v2\/users\/1"}],"replies":[{"embeddable":true,"href":"https:\/\/saludsinaloa.gob.mx\/index.php\/wp-json\/wp\/v2\/comments?post=862"}],"version-history":[{"count":36,"href":"https:\/\/saludsinaloa.gob.mx\/index.php\/wp-json\/wp\/v2\/pages\/862\/revisions"}],"predecessor-version":[{"id":864,"href":"https:\/\/saludsinaloa.gob.mx\/index.php\/wp-json\/wp\/v2\/pages\/862\/revisions\/864"}],"up":[{"embeddable":true,"href":"https:\/\/saludsinaloa.gob.mx\/index.php\/wp-json\/wp\/v2\/pages\/207"}],"wp:featuredmedia":[{"embeddable":true,"href":"https:\/\/saludsinaloa.gob.mx\/index.php\/wp-json\/wp\/v2\/media\/3256"}],"wp:attachment":[{"href":"https:\/\/saludsinaloa.gob.mx\/index.php\/wp-json\/wp\/v2\/media?parent=862"}],"curies":[{"name":"wp","href":"https:\/\/api.w.org\/{rel}","templated":true}]}}