{"id":855,"date":"2017-11-21T16:39:12","date_gmt":"2017-11-21T16:39:12","guid":{"rendered":"http:\/\/wpress2.saludsinaloa.gob.mx\/wordpress\/?page_id=855"},"modified":"2018-06-04T17:55:49","modified_gmt":"2018-06-04T17:55:49","slug":"cancer-en-la-infancia-y-la-adolescencia","status":"publish","type":"page","link":"https:\/\/saludsinaloa.gob.mx\/index.php\/programas-y-acciones\/cancer-en-la-infancia-y-la-adolescencia\/","title":{"rendered":"C\u00e1ncer en la Infancia y la Adolescencia"},"content":{"rendered":"<p><img decoding=\"async\" src=\"http:\/\/wpress2.saludsinaloa.gob.mx\/wordpress\/wp-content\/uploads\/2017\/cancer-infantil\/cancer-infantil-nina.jpg\" alt=\"C\u00c1NCER INFANTIL\" \/><br \/>\n<img decoding=\"async\" src=\"http:\/\/wpress2.saludsinaloa.gob.mx\/wordpress\/wp-content\/uploads\/2017\/cancer-infantil\/cancer-infantil-nino.jpg\" alt=\"C\u00c1NCER INFANTIL\" \/><\/p>\n<h5>Signos y S\u00edntomas<\/h5>\n<p><img decoding=\"async\" src=\"http:\/\/wpress2.saludsinaloa.gob.mx\/wordpress\/wp-content\/uploads\/2017\/cancer-infantil\/SignosYSintomas.JPG\" alt=\"SIGNOS Y S\u00cdNTOMAS\" \/><br \/>\n<img decoding=\"async\" src=\"http:\/\/wpress2.saludsinaloa.gob.mx\/wordpress\/wp-content\/uploads\/2017\/cancer-infantil\/detecta.jpg\" alt=\"SIGNOS Y S\u00cdNTOMAS\" \/><\/p>\n<h5>Detecta a Tiempo<\/h5>\n<p><img decoding=\"async\" src=\"http:\/\/wpress2.saludsinaloa.gob.mx\/wordpress\/wp-content\/uploads\/2017\/cancer-infantil\/detecta2.JPG\" alt=\"DETECTA A TIEMPO\" \/><br \/>\n<img fetchpriority=\"high\" decoding=\"async\" class=\"alignnone wp-image-3117 size-full\" src=\"http:\/\/saludsinaloa.gob.mx\/wp-content\/uploads\/2017\/11\/signosysintomas-1.jpg\" alt=\"\" width=\"826\" height=\"1275\" srcset=\"https:\/\/saludsinaloa.gob.mx\/wp-content\/uploads\/2017\/11\/signosysintomas-1.jpg 826w, https:\/\/saludsinaloa.gob.mx\/wp-content\/uploads\/2017\/11\/signosysintomas-1-194x300.jpg 194w, https:\/\/saludsinaloa.gob.mx\/wp-content\/uploads\/2017\/11\/signosysintomas-1-768x1185.jpg 768w, https:\/\/saludsinaloa.gob.mx\/wp-content\/uploads\/2017\/11\/signosysintomas-1-663x1024.jpg 663w\" sizes=\"(max-width: 826px) 100vw, 826px\" \/><br \/>\n<img decoding=\"async\" src=\"http:\/\/wpress2.saludsinaloa.gob.mx\/wordpress\/wp-content\/uploads\/2017\/cancer-infantil\/signosysintomas-2.jpg\" alt=\"DETECTA A TIEMPO\" \/><\/p>\n<h5>C\u00e1ncer en la Adolescencia<\/h5>\n<p><img decoding=\"async\" src=\"http:\/\/wpress2.saludsinaloa.gob.mx\/wordpress\/wp-content\/uploads\/2017\/cancer-infantil\/cancer-adolescencia-1.jpg\" alt=\"DETECTA A TIEMPO\" \/><br \/>\n<img decoding=\"async\" src=\"http:\/\/wpress2.saludsinaloa.gob.mx\/wordpress\/wp-content\/uploads\/2017\/cancer-infantil\/cancer-adolescencia-2.jpg\" alt=\"C\u00c1NCER EN LA ADOLESCENCIA\" \/><\/p>\n<h5>Unidades M\u00e9dicas Acreditadas<\/h5>\n<p><img decoding=\"async\" src=\"http:\/\/wpress2.saludsinaloa.gob.mx\/wordpress\/wp-content\/uploads\/2017\/cancer-infantil\/umas.jpg\" alt=\"UNIDADES M\u00c9DICAS ACREDITADAS\" \/><\/p>\n<p>&nbsp;<\/p>\n<p class=\"textoNormal\">Fuente: Subsecretar\u00eda de Prevenci\u00f3n y Promoci\u00f3n de la Salud a Septiembre del 2017<br \/>\nElabor\u00f3: Prevenci\u00f3n y Tratamiento del C\u00e1ncer en la Infancia y Adolescencia &#8211; SERVICIOS DE SALUD DE SINALOA.<\/p>\n","protected":false},"excerpt":{"rendered":"<p>Signos y S\u00edntomas Detecta a Tiempo C\u00e1ncer en la Adolescencia Unidades M\u00e9dicas Acreditadas &nbsp; Fuente: Subsecretar\u00eda de Prevenci\u00f3n y Promoci\u00f3n de la Salud a Septiembre del 2017 Elabor\u00f3: Prevenci\u00f3n y Tratamiento del C\u00e1ncer en la Infancia y Adolescencia &#8211; SERVICIOS DE SALUD DE SINALOA.<\/p>\n","protected":false},"author":1,"featured_media":3114,"parent":207,"menu_order":8,"comment_status":"closed","ping_status":"closed","template":"templates\/full-width-page.php","meta":{"footnotes":""},"class_list":["post-855","page","type-page","status-publish","has-post-thumbnail","hentry"],"_links":{"self":[{"href":"https:\/\/saludsinaloa.gob.mx\/index.php\/wp-json\/wp\/v2\/pages\/855","targetHints":{"allow":["GET"]}}],"collection":[{"href":"https:\/\/saludsinaloa.gob.mx\/index.php\/wp-json\/wp\/v2\/pages"}],"about":[{"href":"https:\/\/saludsinaloa.gob.mx\/index.php\/wp-json\/wp\/v2\/types\/page"}],"author":[{"embeddable":true,"href":"https:\/\/saludsinaloa.gob.mx\/index.php\/wp-json\/wp\/v2\/users\/1"}],"replies":[{"embeddable":true,"href":"https:\/\/saludsinaloa.gob.mx\/index.php\/wp-json\/wp\/v2\/comments?post=855"}],"version-history":[{"count":9,"href":"https:\/\/saludsinaloa.gob.mx\/index.php\/wp-json\/wp\/v2\/pages\/855\/revisions"}],"predecessor-version":[{"id":3120,"href":"https:\/\/saludsinaloa.gob.mx\/index.php\/wp-json\/wp\/v2\/pages\/855\/revisions\/3120"}],"up":[{"embeddable":true,"href":"https:\/\/saludsinaloa.gob.mx\/index.php\/wp-json\/wp\/v2\/pages\/207"}],"wp:featuredmedia":[{"embeddable":true,"href":"https:\/\/saludsinaloa.gob.mx\/index.php\/wp-json\/wp\/v2\/media\/3114"}],"wp:attachment":[{"href":"https:\/\/saludsinaloa.gob.mx\/index.php\/wp-json\/wp\/v2\/media?parent=855"}],"curies":[{"name":"wp","href":"https:\/\/api.w.org\/{rel}","templated":true}]}}