{"id":821,"date":"2017-11-17T19:16:55","date_gmt":"2017-11-17T19:16:55","guid":{"rendered":"http:\/\/wpress2.saludsinaloa.gob.mx\/wordpress\/?page_id=821"},"modified":"2018-07-03T17:19:37","modified_gmt":"2018-07-03T17:19:37","slug":"salud-materna-y-perinatal","status":"publish","type":"page","link":"https:\/\/saludsinaloa.gob.mx\/index.php\/programas-y-acciones\/salud-materna-y-perinatal\/","title":{"rendered":"Salud Materna y Perinatal"},"content":{"rendered":"<div class=\"ff-root fruitful_tabs type-accordion from-shortcodes\" data-type=\"accordion\"\r\n\t data-break=\"767\" >\r\n\t<br \/>\n<div class=\"fruitful_tabs_tab\">\r\n\t<div class=\"ff-inside\">\r\n\t\t\t\t\t<h4 class=\"ff-title\">Salud Materna y Perinatal<\/h4>\r\n\t\t\t\t<div class=\"ff-tab-content\">\r\n\t\t\t<br \/>\nLa salud materna es el adecuado desarrollo de control prenatal y perinatal es decir antes, durante y despu\u00e9s de los 40 d\u00edas de nacido el beb\u00e9, dicho control debe ser precoz, peri\u00f3dico, completo, de calidad, de amplia cobertura; siendo ofrecido a la mayor poblaci\u00f3n posible y garantiz\u00e1ndole su f\u00e1cil accesibilidad.<\/p>\n<p>Comprende todos los aspectos de la salud de la mujer desde el embarazo al parto hasta el pos-parto es decir, brindar Servicios de Salud de calidad para garantizar un embarazo saludable, un parto seguro y un puerperio sin complicaciones a todas las mujeres mexicanas, as\u00ed como igualdad de oportunidades para el crecimiento y desarrollo a todas las ni\u00f1as y ni\u00f1os, desde antes de su nacimiento hasta los 28 d\u00edas de vida.<\/p>\n<p>\t\t<\/div>\r\n\t<\/div>\r\n<\/div><br \/>\n<div class=\"fruitful_tabs_tab\">\r\n\t<div class=\"ff-inside\">\r\n\t\t\t\t\t<h4 class=\"ff-title\">Prepar\u00e1ndose para el Embarazo<\/h4>\r\n\t\t\t\t<div class=\"ff-tab-content\">\r\n\t\t\t<br \/>\nCuando una pareja decide tener un hijo, se debe valorar el estado de salud de los futuros padres, debido a que es importante mencionar que con esta valoraci\u00f3n, se pueden llegar a prevenir riesgos y complicaciones durante el embarazo, parto y puerperio.<\/p>\n<p>Los Servicios de Salud de Sinaloa ofrecen a estas parejas la consulta llamada: Pregestacional, en la que se busca motivarlos a considerar su responsabilidad de ser padres. Lo recomendable es realizarla m\u00ednimo un a\u00f1o antes del embarazo, para tener la oportunidad de detectar a tiempo diferentes enfermedades que pudieran poner en riesgo la salud tanto de la madre como la del beb\u00e9; debido a que la salud durante el embarazo depende en gran medida, del propio estado de salud con el que la mujer y su pareja afrontan el embarazo.<\/p>\n<p>Las opciones para poder mejorar la salud de la mujer y el resultado de su embarazo son menores en el momento de la primera consulta prenatal, por muy precoz que \u00e9sta sea. La organog\u00e9nesis como periodo de mayor vulnerabilidad para el embri\u00f3n, tiene lugar en las 10 primeras semanas despu\u00e9s de la \u00faltima menstruaci\u00f3n (entre el 17\u00ba y 57\u00ba d\u00eda despu\u00e9s de la fecundaci\u00f3n), y por tanto, en numerosas ocasiones, antes de que la mujer conozca su gestaci\u00f3n y tenga la oportunidad de acudir a un programa de asistencia prenatal, momento en que ya es tarde para evitar lesiones sobre el embri\u00f3n. La detecci\u00f3n oportuna de los signos y s\u00edntomas de alarma permite un manejo oportuno y evita problemas para la madre y el futuro hijo o hija. Si se presenta alguno refiera a la mujer a la unidad de salud. Las acciones que se desarrollen en el periodo pregestacional evitan su repetici\u00f3n en la primera consulta prenatal.<\/p>\n<p>Al igual, la atenci\u00f3n prenatal desde el inicio del embarazo contribuye a una maternidad saludable y sin riesgo.\u00a0Es muy importante que en esta etapa pregestacional la pareja (tanto la mujer como el hombre) tome \u00c1cido F\u00f3lico para disminuir el riesgo de malformaciones cong\u00e9nitas o defectos al nacimiento.<\/p>\n<p><img decoding=\"async\" class=\"aligncenter\" src=\"http:\/\/wpress2.saludsinaloa.gob.mx\/wordpress\/wp-content\/uploads\/2017\/saludmaterna\/preparandose-embarazo.png\" alt=\"PREP\u00c1RANDOSE PARA EL EMBARAZO\" \/><br \/>\n\t\t<\/div>\r\n\t<\/div>\r\n<\/div><br \/>\n<div class=\"fruitful_tabs_tab\">\r\n\t<div class=\"ff-inside\">\r\n\t\t\t\t\t<h4 class=\"ff-title\">Sospechas de Embarazo<\/h4>\r\n\t\t\t\t<div class=\"ff-tab-content\">\r\n\t\t\t<br \/>\nSe sospecha cuando se ausenta la menstruaci\u00f3n (el periodo de regla), al momento de padecer de nauseas, v\u00f3mito y\/o mareo, cuando se detecta un aumento en el tama\u00f1os de las mamas (senos), cambio en el color del pez\u00f3n, existe una disminuci\u00f3n del apetito y aumento de sue\u00f1o. En algunos casos se empiezan a sentir los movimientos del beb\u00e9, sin embargo es fundamental confirmarlo haciendo la prueba de embarazo ya sea de orina o de sangre.<\/p>\n<p>En el caso de estar embarazada, es necesario iniciar con una atenci\u00f3n prenatal, debido a que las primeras consultas son para prevenir riesgos.<\/p>\n<p><img decoding=\"async\" class=\"aligncenter\" src=\"http:\/\/wpress2.saludsinaloa.gob.mx\/wordpress\/wp-content\/uploads\/2017\/saludmaterna\/sospecha-embarazo.png\" alt=\"SOSPECHAS DE UN EMBARAZO\" \/><\/p>\n<p>\t\t<\/div>\r\n\t<\/div>\r\n<\/div><br \/>\n<div class=\"fruitful_tabs_tab\">\r\n\t<div class=\"ff-inside\">\r\n\t\t\t\t\t<h4 class=\"ff-title\">Embarazo Saludable<\/h4>\r\n\t\t\t\t<div class=\"ff-tab-content\">\r\n\t\t\t<br \/>\nExisten ciertos cuidados y consultas de Control prenatal, que comprende todo aquel Servicio de Salud necesario para la mujer desde el momento en el cual est\u00e1 planeando su embarazo, por lo cual se recomienda que toda mujer embarazada asista a controles peri\u00f3dicos con el fin de que el m\u00e9dico pueda prevenir alguna enfermedad, no solo del producto sino tambi\u00e9n de la futura madre; debido a que existen factores determinantes que pueden poner en riesgo la salud de ambos. LA PRIMERA CONSULTA ES LA M\u00c1S IMPORTANTE, YA QUE A PARTIR DEL PRIMER CONTACTO CON LA EMBARAZADA SE PODR\u00c1 CLASIFICAR EL EMBARAZO, EN BAJO O ALTO RIESGO.<\/p>\n<p>Es muy importante que acudan desde el primer trimestre de su embarazo as\u00ed como tambi\u00e9n, a sus citas de control prenatal, por lo menos una vez cada mes a la unidad de salud que les corresponda para tener seguimiento peri\u00f3dico dirigido a la prevenci\u00f3n, detecci\u00f3n y control de riesgos.<\/p>\n<p><img decoding=\"async\" class=\"aligncenter\" src=\"http:\/\/wpress2.saludsinaloa.gob.mx\/wordpress\/wp-content\/uploads\/2017\/saludmaterna\/embarazo-saludable.png\" alt=\"EMBARAZO SALUDABLE\" \/><br \/>\n\t\t<\/div>\r\n\t<\/div>\r\n<\/div><br \/>\n<div class=\"fruitful_tabs_tab\">\r\n\t<div class=\"ff-inside\">\r\n\t\t\t\t\t<h4 class=\"ff-title\">Cuidados durante el Embarazo<\/h4>\r\n\t\t\t\t<div class=\"ff-tab-content\">\r\n\t\t\t<br \/>\nEs importante realizar un Examen General de Orina y\/o urocultivo, en etapa temprana del embarazo,\u00a0 para la detecci\u00f3n oportuna de Infecci\u00f3n de V\u00edas Urinarias, principalmente la bacteriuria asintom\u00e1tica ya que estas son las principales causas de aborto,\u00a0 parto prematuro \u00a0\u00a0\u00a0y\u00a0 sepsis, entre otras complicaciones graves.<\/p>\n<p>La alimentaci\u00f3n\u00a0 saludable, en \u00a0el embarazo es clave para el buen desarrollo\u00a0 del beb\u00e9, as\u00ed mismo la suplementaci\u00f3n adicional \u00a0con \u00e1cido f\u00f3lico durante la gestaci\u00f3n previene los defectos al nacimiento.<\/p>\n<p>Se recomienda evitar\u00a0 durante el embarazo el consumo de \u00a0alimentos chatarra.<\/p>\n<p>Es importante vigilar a trav\u00e9s del control prenatal la ganancia correcta de peso en el curso del embarazo, lo recomendable es un incremento de peso al final del embarazo de 9 a 12 kg.<\/p>\n<p>Evitar\u00a0 durante el embarazo el\u00a0 uso\u00a0 de sustancias\u00a0 nocivas, como el tabaco, el alcohol\u00a0 y otras drogas adictivas\u00a0 que pueden afectar el buen desarrollo del\u00a0 beb\u00e9.<\/p>\n<p>Durante el embarazo es importante\u00a0 mantener una buena higiene personal, practicar\u00a0\u00a0 una \u00a0actividad f\u00edsica moderada (Caminata) sin fatigarse y \u00a0asegurar una buena hidrataci\u00f3n\u00a0 durante y despu\u00e9s del ejercicio.<\/p>\n<p><img decoding=\"async\" class=\"aligncenter\" src=\"http:\/\/wpress2.saludsinaloa.gob.mx\/wordpress\/wp-content\/uploads\/2017\/saludmaterna\/cuidado-embarazo.png\" alt=\"CUIDADOS DURANTE EL EMBARAZO\" \/><\/p>\n<p><strong>H\u00e1bitos saludables:<\/strong><\/p>\n<p><img decoding=\"async\" class=\"aligncenter\" src=\"http:\/\/wpress2.saludsinaloa.gob.mx\/wordpress\/wp-content\/uploads\/2017\/saludmaterna\/habitos-saludables.png\" alt=\"H\u00e1bitos saludables\" \/><br \/>\n\t\t<\/div>\r\n\t<\/div>\r\n<\/div><br \/>\n<div class=\"fruitful_tabs_tab\">\r\n\t<div class=\"ff-inside\">\r\n\t\t\t\t\t<h4 class=\"ff-title\">Prep\u00e1rate para el Nacimiento<\/h4>\r\n\t\t\t\t<div class=\"ff-tab-content\">\r\n\t\t\t<br \/>\nTener un plan personal y familiar para la atenci\u00f3n del parto es importante. Ya que las emergencias ocurren en cualquier momento y en cualquier lugar.<br \/>\nDedica un poco de tiempo a platicar con las personas que pueden apoyarte, sobre c\u00f3mo deben actuar en caso de emergencia. Puede ser con tu pareja, tu vecina, tu familia, etc.<\/p>\n<p><img decoding=\"async\" class=\"aligncenter\" src=\"http:\/\/wpress2.saludsinaloa.gob.mx\/wordpress\/wp-content\/uploads\/2017\/saludmaterna\/preparate-nacimiento.png\" alt=\"PREP\u00c1RATE PARA EL NACIMIENTO\" \/><\/p>\n<p><strong>Responder a estas preguntas te ayudar\u00e1 elaborar un plan de seguridad: <\/strong><\/p>\n<p><img fetchpriority=\"high\" decoding=\"async\" class=\"aligncenter\" src=\"http:\/\/wpress2.saludsinaloa.gob.mx\/wordpress\/wp-content\/uploads\/2017\/saludmaterna\/salud-materna-tabla1.png\" alt=\"\" width=\"710\" height=\"225\" \/><\/p>\n<p style=\"text-align: left;\"><strong>En caso de que ocurriera una emergencia:<\/strong><\/p>\n<p><img decoding=\"async\" class=\"aligncenter\" src=\"http:\/\/wpress2.saludsinaloa.gob.mx\/wordpress\/wp-content\/uploads\/2017\/saludmaterna\/salud-materna-tabla2.png\" alt=\"\" \/><\/p>\n<p>Solicita al personal m\u00e9dico, de enfermer\u00eda o de trabajo social de la unidad de salud que te informe en d\u00f3nde se encuentran los hospitales m\u00e1s cercanos, a qu\u00e9 distancia y cu\u00e1nto tiempo tardar\u00edas en llegar. Procura darte tiempo para visitar el hospital con las personas que te acompa\u00f1ar\u00e1n.<br \/>\n<strong>Evaluar, preparar y prevenir es necesario\u2026 Por tu seguridad has un plan.<\/strong><br \/>\n\t\t<\/div>\r\n\t<\/div>\r\n<\/div><br \/>\n<div class=\"fruitful_tabs_tab\">\r\n\t<div class=\"ff-inside\">\r\n\t\t\t\t\t<h4 class=\"ff-title\">Parto Normal<\/h4>\r\n\t\t\t\t<div class=\"ff-tab-content\">\r\n\t\t\t<br \/>\nParto normal es la terminaci\u00f3n\u00a0 en forma natural del embarazo a partir de la semana 37\u00a0 de\u00a0 gestaci\u00f3n, se inicia con la presencia de contracciones uterinas\u00a0\u00a0 (Llamado trabajo de parto) termina\u00a0 con la expulsi\u00f3n del\u00a0 beb\u00e9 a trav\u00e9s\u00a0 del canal vaginal ( Parto ) \u00a0y posteriormente la expulsi\u00f3n de la placenta y membranas ( Alumbramiento).<\/p>\n<p>\u201cSe considera que el embarazo es de T\u00e9rmino a partir de la semana 37 de gestaci\u00f3n, si se presentan contracciones o sangrado antes se considerar\u00eda amenaza de\u00a0 parto \u00a0pret\u00e9rmino o prematuro por lo que se debe acudir de inmediato al servicio de urgencias o toco cirug\u00eda\u201d del hospital\u00a0 donde decida ser atendida.<\/p>\n<p><img decoding=\"async\" class=\"aligncenter\" src=\"http:\/\/wpress2.saludsinaloa.gob.mx\/wordpress\/wp-content\/uploads\/2017\/saludmaterna\/parto-normal.png\" alt=\"PARTO NORMAL\" \/><br \/>\n\t\t<\/div>\r\n\t<\/div>\r\n<\/div><br \/>\n<div class=\"fruitful_tabs_tab\">\r\n\t<div class=\"ff-inside\">\r\n\t\t\t\t\t<h4 class=\"ff-title\">Ces\u00e1rea<\/h4>\r\n\t\t\t\t<div class=\"ff-tab-content\">\r\n\t\t\t<br \/>\nLa Ces\u00e1rea es una intervenci\u00f3n quir\u00fargica que se emplea para lograr el nacimiento del feto cuando \u00e9ste no puede o no debe ser llevado a cabo por v\u00eda vaginal. Este procedimiento data desde la antigua Roma, en donde una ley conocida como Lex Caesarea la cual establec\u00eda que deb\u00eda ser efectuada en las mujeres que fallec\u00edan en fases avanzadas del embarazo con la finalidad de salvar la vida del feto.<\/p>\n<p>La decisi\u00f3n de practicar una ces\u00e1rea puede llevarse a cabo antes de que se inicie el trabajo de parto o incluso durante el mismo.<\/p>\n<p>Por lo general se plantea llevar a cabo una ces\u00e1rea cuando existe desproporci\u00f3n feto p\u00e9lvica, en esta condici\u00f3n los fetos son muy grandes para poder pasar por el canal del parto, \u00e9sto ocurre en mujeres muy delgadas o con pelvis estrechas o en los casos de fetos voluminosos producto de la diabetes gestacional. Otras indicaciones para planificar una ces\u00e1rea son cuando existe un tumor en vagina, cuello uterino o \u00fatero, as\u00ed como en el caso de un proceso infeccioso que puede ser contagiado al feto durante el nacimiento (Infecciones de Transmisi\u00f3n Sexual como por ejemplo: VPH Virus del Papiloma Humano, VIH Virus de Inmunodeficiencia Humana, entre otros) o cuando el feto tenga alguna malformaci\u00f3n como la hidrocefalia que puede dificultar su salida por el canal del parto. Tambi\u00e9n puede practicarse cuando existe el antecedente materno de una ces\u00e1rea anterior, cirug\u00edas de la pelvis. En otros casos la decisi\u00f3n de una ces\u00e1rea viene dada por complicaciones durante el parto, como el sufrimiento fetal, cuando no se logra la dilataci\u00f3n completa del cuello del \u00fatero, cuando el cord\u00f3n umbilical se enrolla en el cuello del feto y no permite su descenso, en el caso de una mala posici\u00f3n del feto al momento de nacer especialmente cuando en vez de ubicarse de cabeza se presenta de hombros, en los partos prematuros por rotura de membranas, en condiciones como la placenta previa o cuando por razones m\u00e9dicas la madre no deba ser sometida al esfuerzo de un parto normal.<\/p>\n<p>Pueden acarrear algunas complicaciones, como cualquier otro acto quir\u00fargico, como son lesiones producto de la anestesia, infecciones, formaci\u00f3n de adherencias, lesiones de \u00f3rganos vecinos, hemorragias o cuadros dolorosos.<br \/>\nCONCLUSI\u00d3N: Lo recomendable es que una ces\u00e1rea se realice solamente por prescripci\u00f3n m\u00e9dica.<\/p>\n<p><img decoding=\"async\" class=\"aligncenter\" src=\"http:\/\/wpress2.saludsinaloa.gob.mx\/wordpress\/wp-content\/uploads\/2017\/saludmaterna\/cesarea.png\" alt=\"CES\u00c1REA\" \/><br \/>\n\t\t<\/div>\r\n\t<\/div>\r\n<\/div><br \/>\n<div class=\"fruitful_tabs_tab\">\r\n\t<div class=\"ff-inside\">\r\n\t\t\t\t\t<h4 class=\"ff-title\">Puerperio<\/h4>\r\n\t\t\t\t<div class=\"ff-tab-content\">\r\n\t\t\t<br \/>\nEl puerperio (cuarentena o dieta) es el tiempo en el que el cuerpo de la mujer regresa a sus condiciones normales y dura aproximadamente 42 d\u00edas a partir del nacimiento. Toda mujer debe de llevar acabo ciertos cuidados durante este lapso como:<\/p>\n<p>\u2022 Descansar por lo menos 6 horas diarias.<br \/>\n\u2022 Ba\u00f1o diario y cambio de ropa.<br \/>\n\u2022 Empezar a caminar todos los d\u00edas.<br \/>\n\u2022 Tomar l\u00edquidos y hacer tres comidas al d\u00eda.<br \/>\n\u2022 Revisar el sangrado genital y mantenerse limpio.<br \/>\n\u2022 No tener relaciones sexuales.<br \/>\n\u2022 Acudir a la Consulta de control puerperal o vigilancia puerperal a los 7 y 30 d\u00edas despu\u00e9s del parto.<\/p>\n<p>&nbsp;<\/p>\n<p>Durante las primeras horas tras el nacimiento del beb\u00e9, pueden ocurrir algunas complicaciones, la m\u00e1s temida en este periodo es la hemorragia. Sus factores de riesgo son:<\/p>\n<p>&#8211; Multiparidad (muchos embarazos)<br \/>\n&#8211; Edad mayor de 35 a\u00f1os<br \/>\n&#8211; Embarazo no controlado<br \/>\n&#8211; Macrosom\u00eda fetal (el beb\u00e9 pes\u00f3 m\u00e1s de 4 kg al nacer)<br \/>\n&#8211; Embarazo m\u00faltiple (que dos o m\u00e1s beb\u00e9s se desarrollan simult\u00e1neamente en el \u00fatero)<br \/>\n&#8211; Polihidramnios (mucho l\u00edquido amni\u00f3tico)<br \/>\n&#8211; Miomatosis uterina( tumores )<br \/>\n&#8211; Cirug\u00edas uterinas previas<br \/>\n&#8211; Distosia de hombros (se atoran los hombros al nacer)<\/p>\n<p><img decoding=\"async\" class=\"aligncenter\" src=\"http:\/\/wpress2.saludsinaloa.gob.mx\/wordpress\/wp-content\/uploads\/2017\/saludmaterna\/puerperio.png\" alt=\"PUERPERIO\" \/><br \/>\n\t\t<\/div>\r\n\t<\/div>\r\n<\/div><br \/>\n<div class=\"fruitful_tabs_tab\">\r\n\t<div class=\"ff-inside\">\r\n\t\t\t\t\t<h4 class=\"ff-title\">Signos y S\u00edntomas de Alarma<\/h4>\r\n\t\t\t\t<div class=\"ff-tab-content\">\r\n\t\t\t<br \/>\n<img decoding=\"async\" class=\"aligncenter\" src=\"http:\/\/wpress2.saludsinaloa.gob.mx\/wordpress\/wp-content\/uploads\/2017\/saludmaterna\/signos-alarma.png\" alt=\"SIGNOS Y S\u00cdNTOMAS DE ALARMA\" \/><\/p>\n<p>Adem\u00e1s de la hemorragia \u00a0posparto\u00a0 otras complicaciones graves \u00a0se pueden presentar como \u00a0son la Preclamsia\u2013Eclampsia (Enfermedad hipertensiva del Embarazo) y la sepsis (infecci\u00f3n o fiebre puerperal). Por lo que se deber\u00e1 vigilar en las primeras horas \u00a0\u00a0el volumen del sangrado tras vaginal posparto, vigilancia de las cifras de presi\u00f3n arterial, Fiebre, ataque al estado general.<\/p>\n<p><img decoding=\"async\" class=\"aligncenter\" src=\"http:\/\/wpress2.saludsinaloa.gob.mx\/wordpress\/wp-content\/uploads\/2017\/saludmaterna\/salud-materna-telefono.png\" alt=\"tel\u00e9fono salud materna\" \/><br \/>\n\t\t<\/div>\r\n\t<\/div>\r\n<\/div><br \/>\n<div class=\"fruitful_tabs_tab\">\r\n\t<div class=\"ff-inside\">\r\n\t\t\t\t\t<h4 class=\"ff-title\">Marco Jur\u00eddico del PAE \/CNEGSR<\/h4>\r\n\t\t\t\t<div class=\"ff-tab-content\">\r\n\t\t\t<\/p>\n<ul>\n<li><a href=\"http:\/\/saludsinaloa.gob.mx\/wp-content\/uploads\/2017\/marco-juridico\/federal\/marco_juridico_PAE_CNEGSR.pdf\" target=\"_blank\" rel=\"noopener\">Marco Jur\u00eddico del PAE (Programa de Acci\u00f3n Especifico) \/ CNEGSR (Centro Nacional de Equidad de G\u00e9nero y Salud Reproductiva)<\/a><\/li>\n<\/ul>\n<p>\t\t<\/div>\r\n\t<\/div>\r\n<\/div><br \/>\n<\/div>\n<p class=\"textoNormal\">Fuente: Coordinaci\u00f3n Estatal del Programa de Salud Materna y Perinatal a Julio del 2018<br \/>\nElabor\u00f3: Coordinaci\u00f3n Estatal del Programa de Salud Materna y Perinatal &#8211; SERVICIOS DE SALUD DE SINALOA.<\/p>\n","protected":false},"excerpt":{"rendered":"<p>Fuente: Coordinaci\u00f3n Estatal del Programa de Salud Materna y Perinatal a Julio del 2018 Elabor\u00f3: Coordinaci\u00f3n Estatal del Programa de Salud Materna y Perinatal &#8211; SERVICIOS DE SALUD DE SINALOA.<\/p>\n","protected":false},"author":1,"featured_media":3102,"parent":207,"menu_order":5,"comment_status":"closed","ping_status":"closed","template":"templates\/full-width-page.php","meta":{"footnotes":""},"class_list":["post-821","page","type-page","status-publish","has-post-thumbnail","hentry"],"_links":{"self":[{"href":"https:\/\/saludsinaloa.gob.mx\/index.php\/wp-json\/wp\/v2\/pages\/821","targetHints":{"allow":["GET"]}}],"collection":[{"href":"https:\/\/saludsinaloa.gob.mx\/index.php\/wp-json\/wp\/v2\/pages"}],"about":[{"href":"https:\/\/saludsinaloa.gob.mx\/index.php\/wp-json\/wp\/v2\/types\/page"}],"author":[{"embeddable":true,"href":"https:\/\/saludsinaloa.gob.mx\/index.php\/wp-json\/wp\/v2\/users\/1"}],"replies":[{"embeddable":true,"href":"https:\/\/saludsinaloa.gob.mx\/index.php\/wp-json\/wp\/v2\/comments?post=821"}],"version-history":[{"count":40,"href":"https:\/\/saludsinaloa.gob.mx\/index.php\/wp-json\/wp\/v2\/pages\/821\/revisions"}],"predecessor-version":[{"id":3926,"href":"https:\/\/saludsinaloa.gob.mx\/index.php\/wp-json\/wp\/v2\/pages\/821\/revisions\/3926"}],"up":[{"embeddable":true,"href":"https:\/\/saludsinaloa.gob.mx\/index.php\/wp-json\/wp\/v2\/pages\/207"}],"wp:featuredmedia":[{"embeddable":true,"href":"https:\/\/saludsinaloa.gob.mx\/index.php\/wp-json\/wp\/v2\/media\/3102"}],"wp:attachment":[{"href":"https:\/\/saludsinaloa.gob.mx\/index.php\/wp-json\/wp\/v2\/media?parent=821"}],"curies":[{"name":"wp","href":"https:\/\/api.w.org\/{rel}","templated":true}]}}