{"id":805,"date":"2017-11-15T19:43:19","date_gmt":"2017-11-15T19:43:19","guid":{"rendered":"http:\/\/wpress2.saludsinaloa.gob.mx\/wordpress\/?page_id=805"},"modified":"2018-06-04T17:36:07","modified_gmt":"2018-06-04T17:36:07","slug":"salud-mental","status":"publish","type":"page","link":"https:\/\/saludsinaloa.gob.mx\/index.php\/programas-y-acciones\/salud-mental\/","title":{"rendered":"Salud Mental"},"content":{"rendered":"<h5>Salud Mental<\/h5>\n<p><img decoding=\"async\" src=\"http:\/\/wpress2.saludsinaloa.gob.mx\/wordpress\/wp-content\/uploads\/2017\/saludmental\/salud-mental2.png\" alt=\"\u00bfPorqu\u00e9 abordar la Salud Mental?\" \/><\/p>\n<h5>Trastorno Mental<\/h5>\n<p><img decoding=\"async\" src=\"http:\/\/wpress2.saludsinaloa.gob.mx\/wordpress\/wp-content\/uploads\/2017\/saludmental\/salud-mental3.png\" alt=\"\u00bfQu\u00e9 es un transtorno Mental?\" \/><br \/>\n<img decoding=\"async\" src=\"http:\/\/wpress2.saludsinaloa.gob.mx\/wordpress\/wp-content\/uploads\/2017\/saludmental\/salud-mental4.png\" alt=\"\u00bfQu\u00e9 es un trastorno mental?\" \/><\/p>\n<h5>Primeros Signos y Cu\u00e1les son los Trastornos Mentales<\/h5>\n<p><img decoding=\"async\" src=\"http:\/\/wpress2.saludsinaloa.gob.mx\/wordpress\/wp-content\/uploads\/2017\/saludmental\/salud-mental5.png\" alt=\"\u00bfCu\u00e1les son los primeros signos?\" \/><br \/>\n<img decoding=\"async\" src=\"http:\/\/wpress2.saludsinaloa.gob.mx\/wordpress\/wp-content\/uploads\/2017\/saludmental\/salud-mental6.png\" alt=\"Cu\u00e1les son los trastornos mentales\" \/><\/p>\n<h5>Principales Trastornos en la\u00a0 Adolescencia<\/h5>\n<p><img decoding=\"async\" src=\"http:\/\/wpress2.saludsinaloa.gob.mx\/wordpress\/wp-content\/uploads\/2017\/saludmental\/salud-mental7.png\" alt=\"Principales trastornos de salud mental en la adolescencia\" \/><br \/>\n<img decoding=\"async\" src=\"http:\/\/wpress2.saludsinaloa.gob.mx\/wordpress\/wp-content\/uploads\/2017\/saludmental\/salud-mental16.png\" alt=\"Riesgos de suicidio\" \/><\/p>\n<h5>M\u00f3dulos de Salud Mental<\/h5>\n<p><img decoding=\"async\" src=\"http:\/\/wpress2.saludsinaloa.gob.mx\/wordpress\/wp-content\/uploads\/2017\/saludmental\/salud-mental8.png\" alt=\"\u00bfTienen cura los trastornos mentales?\" \/><br \/>\n<img decoding=\"async\" src=\"http:\/\/wpress2.saludsinaloa.gob.mx\/wordpress\/wp-content\/uploads\/2017\/saludmental\/salud-mental9.png\" alt=\"M\u00f3dulo de salud mental\" \/><\/p>\n<h5>UNEME CISAME<\/h5>\n<p><img decoding=\"async\" src=\"http:\/\/wpress2.saludsinaloa.gob.mx\/wordpress\/wp-content\/uploads\/2017\/saludmental\/salud-mental10.png\" alt=\"\u00bfTienen cura los trastornos mentales?\" \/><br \/>\n<img decoding=\"async\" src=\"http:\/\/wpress2.saludsinaloa.gob.mx\/wordpress\/wp-content\/uploads\/2017\/saludmental\/salud-mental11.png\" alt=\"\u00bfQu\u00e9 son los UNEME CISAME?\" \/><\/p>\n<h5>Pasos para Cita<\/h5>\n<p><img decoding=\"async\" src=\"http:\/\/wpress2.saludsinaloa.gob.mx\/wordpress\/wp-content\/uploads\/2017\/saludmental\/salud-mental12.png\" alt=\"\u00bfTienen cura los trastornos mentales?\" \/><\/p>\n<h5>Programa de Prevenci\u00f3n del Suicidio<\/h5>\n<p><img decoding=\"async\" src=\"http:\/\/wpress2.saludsinaloa.gob.mx\/wordpress\/wp-content\/uploads\/2017\/saludmental\/salud-mental13.png\" alt=\"Salud mental para todos\" \/><br \/>\n<img decoding=\"async\" src=\"http:\/\/wpress2.saludsinaloa.gob.mx\/wordpress\/wp-content\/uploads\/2017\/saludmental\/salud-mental14.png\" alt=\"Suicidio\" \/><br \/>\n<img decoding=\"async\" src=\"http:\/\/wpress2.saludsinaloa.gob.mx\/wordpress\/wp-content\/uploads\/2017\/saludmental\/salud-mental15.png\" alt=\"Suicidio\" \/><\/p>\n<h5>Promoviendo la Salud Mental<\/h5>\n<p><img decoding=\"async\" src=\"http:\/\/wpress2.saludsinaloa.gob.mx\/wordpress\/wp-content\/uploads\/2017\/saludmental\/salud-mental17.png\" alt=\"Salud mental para todos\" \/><br \/>\n<img decoding=\"async\" src=\"http:\/\/wpress2.saludsinaloa.gob.mx\/wordpress\/wp-content\/uploads\/2017\/saludmental\/salud-mental18.png\" alt=\"Suicidio\" \/><br \/>\n<img decoding=\"async\" src=\"http:\/\/wpress2.saludsinaloa.gob.mx\/wordpress\/wp-content\/uploads\/2017\/saludmental\/salud-mental19.png\" alt=\"Suicidio\" \/><\/p>\n<p class=\"textoNormal\">Fuente: Departamento de Salud Mental y Adicciones a Marzo del 2016<br \/>\nElabor\u00f3: Departamento de Salud Mental y Adicciones &#8211; SERVICIOS DE SALUD DE SINALOA.<\/p>\n","protected":false},"excerpt":{"rendered":"<p>Salud Mental Trastorno Mental Primeros Signos y Cu\u00e1les son los Trastornos Mentales Principales Trastornos en la\u00a0 Adolescencia M\u00f3dulos de Salud Mental UNEME CISAME Pasos para Cita Programa de Prevenci\u00f3n del Suicidio Promoviendo la Salud Mental Fuente: Departamento de Salud Mental y Adicciones a Marzo del 2016 Elabor\u00f3: Departamento de Salud Mental y Adicciones &#8211; SERVICIOS [&hellip;]<\/p>\n","protected":false},"author":1,"featured_media":3091,"parent":207,"menu_order":4,"comment_status":"closed","ping_status":"closed","template":"templates\/full-width-page.php","meta":{"footnotes":""},"class_list":["post-805","page","type-page","status-publish","has-post-thumbnail","hentry"],"_links":{"self":[{"href":"https:\/\/saludsinaloa.gob.mx\/index.php\/wp-json\/wp\/v2\/pages\/805","targetHints":{"allow":["GET"]}}],"collection":[{"href":"https:\/\/saludsinaloa.gob.mx\/index.php\/wp-json\/wp\/v2\/pages"}],"about":[{"href":"https:\/\/saludsinaloa.gob.mx\/index.php\/wp-json\/wp\/v2\/types\/page"}],"author":[{"embeddable":true,"href":"https:\/\/saludsinaloa.gob.mx\/index.php\/wp-json\/wp\/v2\/users\/1"}],"replies":[{"embeddable":true,"href":"https:\/\/saludsinaloa.gob.mx\/index.php\/wp-json\/wp\/v2\/comments?post=805"}],"version-history":[{"count":17,"href":"https:\/\/saludsinaloa.gob.mx\/index.php\/wp-json\/wp\/v2\/pages\/805\/revisions"}],"predecessor-version":[{"id":3104,"href":"https:\/\/saludsinaloa.gob.mx\/index.php\/wp-json\/wp\/v2\/pages\/805\/revisions\/3104"}],"up":[{"embeddable":true,"href":"https:\/\/saludsinaloa.gob.mx\/index.php\/wp-json\/wp\/v2\/pages\/207"}],"wp:featuredmedia":[{"embeddable":true,"href":"https:\/\/saludsinaloa.gob.mx\/index.php\/wp-json\/wp\/v2\/media\/3091"}],"wp:attachment":[{"href":"https:\/\/saludsinaloa.gob.mx\/index.php\/wp-json\/wp\/v2\/media?parent=805"}],"curies":[{"name":"wp","href":"https:\/\/api.w.org\/{rel}","templated":true}]}}