{"id":798,"date":"2017-11-15T19:25:55","date_gmt":"2017-11-15T19:25:55","guid":{"rendered":"http:\/\/wpress2.saludsinaloa.gob.mx\/wordpress\/?page_id=798"},"modified":"2018-05-15T20:50:11","modified_gmt":"2018-05-15T20:50:11","slug":"salud-bucal","status":"publish","type":"page","link":"https:\/\/saludsinaloa.gob.mx\/index.php\/programas-y-acciones\/salud-bucal\/","title":{"rendered":"Salud Bucal"},"content":{"rendered":"<p>La Prevenci\u00f3n es la clave para conservar tu salud y la de tu familia. La Salud Bucal es parte integral de la salud general, por lo tanto significa mucho m\u00e1s que dientes sanos.<\/p>\n<p><strong>\u00bfC\u00f3mo distinguir que la enc\u00eda esta enferma?<\/strong><\/p>\n<p>Si tienes alguno de estos s\u00edntomas, acude al dentista lo antes posible. <\/p>\n<p>&#8211; La enc\u00eda tiene color rojo, est\u00e1 hinchada o inflamada.<br \/>\n&#8211; La enc\u00eda sangra durante el cepillado, el uso de hilo dental o sin motivo aparente.<br \/>\n&#8211; Los dientes parecen estar m\u00e1s largos por lo que la enc\u00eda se ha separado de ellos.<br \/>\n&#8211; Los dientes permanentes se pierden o se separan entre s\u00ed.<br \/>\n&#8211; Existe pus entre los dientes y la enc\u00eda.<br \/>\n&#8211; Se tiene mal aliento o mal sabor de boca.<br \/>\n&#8211; Cambios en el ajuste de la dentadura o pr\u00f3tesis en la boca.<\/p>\n<p><strong>Cepillado Dental<\/strong><\/p>\n<p>Una t\u00e9cnica que puede usar es: <\/p>\n<p>&#8211; Inicial colocando el cepillo sobre la enc\u00eda y el diente, comenzando siempre del mismo lado izquierdo o derecho para seguir un orden y no olvidar cepillar ning\u00fan diente.<br \/>\n&#8211; Cepillar los dientes superiores hacia abajo por fuera y por dentro.<br \/>\n&#8211; Cepillar los dientes interiores hacia arriba por fuera y por dentro.<br \/>\n&#8211; Cepillar los molares y premolares en las superficies masticatorias con movimientos circulares.<br \/>\n&#8211; Tambi\u00e9n se debe cepillar la lengua suavemente de atr\u00e1s hacia adelante para remover g\u00e9rmenes.<br \/>\n&#8211; Use un cepillo con cerdas suaves y puntas redondeadas de tama\u00f1o adecuado para no lastimar la enc\u00eda.<br \/>\n&#8211; Cuando las cerdas del cepillo est\u00e9n gastadas o dobladas es hora de cambiarlo.<\/p>\n<p>Fuente: Departamento de Salud Bucal Diciembre del 2015.<br \/>\nElabor\u00f3: Departamento de Salud Bucal \u2013 SERVICIOS DE SALUD DE SINALOA.<\/p>\n","protected":false},"excerpt":{"rendered":"<p>La Prevenci\u00f3n es la clave para conservar tu salud y la de tu familia. La Salud Bucal es parte integral de la salud general, por lo tanto significa mucho m\u00e1s que dientes sanos. \u00bfC\u00f3mo distinguir que la enc\u00eda esta enferma? Si tienes alguno de estos s\u00edntomas, acude al dentista lo antes posible. &#8211; La enc\u00eda [&hellip;]<\/p>\n","protected":false},"author":1,"featured_media":803,"parent":207,"menu_order":0,"comment_status":"closed","ping_status":"closed","template":"templates\/full-width-page.php","meta":{"footnotes":""},"class_list":["post-798","page","type-page","status-publish","has-post-thumbnail","hentry"],"_links":{"self":[{"href":"https:\/\/saludsinaloa.gob.mx\/index.php\/wp-json\/wp\/v2\/pages\/798","targetHints":{"allow":["GET"]}}],"collection":[{"href":"https:\/\/saludsinaloa.gob.mx\/index.php\/wp-json\/wp\/v2\/pages"}],"about":[{"href":"https:\/\/saludsinaloa.gob.mx\/index.php\/wp-json\/wp\/v2\/types\/page"}],"author":[{"embeddable":true,"href":"https:\/\/saludsinaloa.gob.mx\/index.php\/wp-json\/wp\/v2\/users\/1"}],"replies":[{"embeddable":true,"href":"https:\/\/saludsinaloa.gob.mx\/index.php\/wp-json\/wp\/v2\/comments?post=798"}],"version-history":[{"count":1,"href":"https:\/\/saludsinaloa.gob.mx\/index.php\/wp-json\/wp\/v2\/pages\/798\/revisions"}],"predecessor-version":[{"id":799,"href":"https:\/\/saludsinaloa.gob.mx\/index.php\/wp-json\/wp\/v2\/pages\/798\/revisions\/799"}],"up":[{"embeddable":true,"href":"https:\/\/saludsinaloa.gob.mx\/index.php\/wp-json\/wp\/v2\/pages\/207"}],"wp:featuredmedia":[{"embeddable":true,"href":"https:\/\/saludsinaloa.gob.mx\/index.php\/wp-json\/wp\/v2\/media\/803"}],"wp:attachment":[{"href":"https:\/\/saludsinaloa.gob.mx\/index.php\/wp-json\/wp\/v2\/media?parent=798"}],"curies":[{"name":"wp","href":"https:\/\/api.w.org\/{rel}","templated":true}]}}