{"id":784,"date":"2017-11-15T18:58:05","date_gmt":"2017-11-15T18:58:05","guid":{"rendered":"http:\/\/wpress2.saludsinaloa.gob.mx\/wordpress\/?page_id=784"},"modified":"2018-05-15T20:50:25","modified_gmt":"2018-05-15T20:50:25","slug":"salud-reproductiva","status":"publish","type":"page","link":"https:\/\/saludsinaloa.gob.mx\/index.php\/programas-y-acciones\/salud-reproductiva\/","title":{"rendered":"Salud Reproductiva"},"content":{"rendered":"<p><strong>\u00bf QUE SON LAS ITS ?<\/strong><\/p>\n<p>Son las siglas que identifican Infecciones de Trasmisi\u00f3n Sexual.<\/p>\n<p>La mayor\u00eda de estas infecciones se adquieresn por tener sexo, vaginal, oral o anal sin cond\u00f3n. No importa que solo haya sido una vez el hecho de tener estas practicas sin protegerte con una o varias parejas que tengan una ITS te expone al contagio.<\/p>\n<p>Quiz\u00e1s ya has oido hablar de ITS durante mucho tiempo se les llamo enfermedades venereas.<\/p>\n<p><strong>\u00bfCOMO SE QUE TENGO UNA ITS ?<\/strong><\/p>\n<p>Algunos s\u00edntomas comunes de ellas son: las ulceras, secreciones, escurrimientos con mal olor, lesiones verrugosas o crestas, ardor al orinar, comez\u00f3n y dolor abdominal.<\/p>\n<p>Pero solo un m\u00e9dico puede determinar si tienes una ITS y de cual se trata. Aunque no tengas s\u00edntomas y tuviste una relaci\u00f3n sexual sin protecci\u00f3n, con una persona desconocida o de quien ignoras su estado de salud debes ir a revisarte.<\/p>\n<p>M\u00e1s de la mitad de estas infecciones pasan desapercibidas o no producen s\u00edntomas, pero se siguen contagiando por lo que no hay que guiarse por el aspecto exterior de las peronas.<\/p>\n<p><strong>\u00bf QUE ME PUEDE PASAR SI CONTRAIGO UNA ITS ?<\/strong><\/p>\n<p>Las ITS pueden tener graves consecuencias :<\/p>\n<p>Pueden causar esterilidad, c\u00e1ncer y da\u00f1ar organos del cuerpo.<br \/>\nEl virus del papiloma se asocia al c\u00e1ncer de matriz.<br \/>\nLa hepatitis B se asocia al c\u00e1ncer de h\u00edgado y a la cirrosis hep\u00e1tica.<br \/>\nPueden producir abortos y embarazos fuera de la matriz.<br \/>\nLa mujer embarazada puede contagiar a su hijo.<br \/>\nFavorecen la trasmisi\u00f3n del VIH\/SIDA.<br \/>\nSi no se atienden oportunamente pueden causar la muerte.<\/p>\n<p>Fuente: Departamento de Salud Reproductiva a Diciembre del 2015.<br \/>\nElabor\u00f3: Departamento de Salud Reproductiva \u2013 SERVICIOS DE SALUD DE SINALOA.<\/p>\n","protected":false},"excerpt":{"rendered":"<p>\u00bf QUE SON LAS ITS ? Son las siglas que identifican Infecciones de Trasmisi\u00f3n Sexual. La mayor\u00eda de estas infecciones se adquieresn por tener sexo, vaginal, oral o anal sin cond\u00f3n. No importa que solo haya sido una vez el hecho de tener estas practicas sin protegerte con una o varias parejas que tengan una [&hellip;]<\/p>\n","protected":false},"author":1,"featured_media":793,"parent":207,"menu_order":2,"comment_status":"closed","ping_status":"closed","template":"templates\/full-width-page.php","meta":{"footnotes":""},"class_list":["post-784","page","type-page","status-publish","has-post-thumbnail","hentry"],"_links":{"self":[{"href":"https:\/\/saludsinaloa.gob.mx\/index.php\/wp-json\/wp\/v2\/pages\/784","targetHints":{"allow":["GET"]}}],"collection":[{"href":"https:\/\/saludsinaloa.gob.mx\/index.php\/wp-json\/wp\/v2\/pages"}],"about":[{"href":"https:\/\/saludsinaloa.gob.mx\/index.php\/wp-json\/wp\/v2\/types\/page"}],"author":[{"embeddable":true,"href":"https:\/\/saludsinaloa.gob.mx\/index.php\/wp-json\/wp\/v2\/users\/1"}],"replies":[{"embeddable":true,"href":"https:\/\/saludsinaloa.gob.mx\/index.php\/wp-json\/wp\/v2\/comments?post=784"}],"version-history":[{"count":4,"href":"https:\/\/saludsinaloa.gob.mx\/index.php\/wp-json\/wp\/v2\/pages\/784\/revisions"}],"predecessor-version":[{"id":797,"href":"https:\/\/saludsinaloa.gob.mx\/index.php\/wp-json\/wp\/v2\/pages\/784\/revisions\/797"}],"up":[{"embeddable":true,"href":"https:\/\/saludsinaloa.gob.mx\/index.php\/wp-json\/wp\/v2\/pages\/207"}],"wp:featuredmedia":[{"embeddable":true,"href":"https:\/\/saludsinaloa.gob.mx\/index.php\/wp-json\/wp\/v2\/media\/793"}],"wp:attachment":[{"href":"https:\/\/saludsinaloa.gob.mx\/index.php\/wp-json\/wp\/v2\/media?parent=784"}],"curies":[{"name":"wp","href":"https:\/\/api.w.org\/{rel}","templated":true}]}}