{"id":780,"date":"2017-11-15T18:51:00","date_gmt":"2017-11-15T18:51:00","guid":{"rendered":"http:\/\/wpress2.saludsinaloa.gob.mx\/wordpress\/?page_id=780"},"modified":"2019-03-08T17:29:31","modified_gmt":"2019-03-08T17:29:31","slug":"promocion-de-la-salud","status":"publish","type":"page","link":"https:\/\/saludsinaloa.gob.mx\/index.php\/programas-y-acciones\/promocion-de-la-salud\/","title":{"rendered":"Promoci\u00f3n de la Salud"},"content":{"rendered":"<p>Campa\u00f1a que se enfoca en que las instituciones educativas de la entidad lleven acabo el uso adecuado de 6 pasos que vienen a concientizar a la poblaci\u00f3n sinaloense sobre las medidas de higiene que evitar\u00e1n enfermedades<\/p>\n<div id='gallery-1' class='gallery galleryid-780 gallery-columns-2 gallery-size-full'><figure class='gallery-item'>\n\t\t\t<div class='gallery-icon landscape'>\n\t\t\t\t<a href='https:\/\/saludsinaloa.gob.mx\/?attachment_id=6719'><img fetchpriority=\"high\" decoding=\"async\" width=\"3300\" height=\"2550\" src=\"https:\/\/saludsinaloa.gob.mx\/wp-content\/uploads\/2019\/03\/10.jpg\" class=\"attachment-full size-full\" alt=\"\" srcset=\"https:\/\/saludsinaloa.gob.mx\/wp-content\/uploads\/2019\/03\/10.jpg 3300w, https:\/\/saludsinaloa.gob.mx\/wp-content\/uploads\/2019\/03\/10-300x232.jpg 300w, https:\/\/saludsinaloa.gob.mx\/wp-content\/uploads\/2019\/03\/10-768x593.jpg 768w, https:\/\/saludsinaloa.gob.mx\/wp-content\/uploads\/2019\/03\/10-1024x791.jpg 1024w\" sizes=\"(max-width: 3300px) 100vw, 3300px\" \/><\/a>\n\t\t\t<\/div><\/figure><figure class='gallery-item'>\n\t\t\t<div class='gallery-icon landscape'>\n\t\t\t\t<a href='https:\/\/saludsinaloa.gob.mx\/?attachment_id=6718'><img decoding=\"async\" width=\"3300\" height=\"2550\" src=\"https:\/\/saludsinaloa.gob.mx\/wp-content\/uploads\/2019\/03\/9.jpg\" class=\"attachment-full size-full\" alt=\"\" srcset=\"https:\/\/saludsinaloa.gob.mx\/wp-content\/uploads\/2019\/03\/9.jpg 3300w, https:\/\/saludsinaloa.gob.mx\/wp-content\/uploads\/2019\/03\/9-300x232.jpg 300w, https:\/\/saludsinaloa.gob.mx\/wp-content\/uploads\/2019\/03\/9-768x593.jpg 768w, https:\/\/saludsinaloa.gob.mx\/wp-content\/uploads\/2019\/03\/9-1024x791.jpg 1024w\" sizes=\"(max-width: 3300px) 100vw, 3300px\" \/><\/a>\n\t\t\t<\/div><\/figure><figure class='gallery-item'>\n\t\t\t<div class='gallery-icon landscape'>\n\t\t\t\t<a href='https:\/\/saludsinaloa.gob.mx\/?attachment_id=6717'><img decoding=\"async\" width=\"3300\" height=\"2550\" src=\"https:\/\/saludsinaloa.gob.mx\/wp-content\/uploads\/2019\/03\/8.jpg\" class=\"attachment-full size-full\" alt=\"\" srcset=\"https:\/\/saludsinaloa.gob.mx\/wp-content\/uploads\/2019\/03\/8.jpg 3300w, https:\/\/saludsinaloa.gob.mx\/wp-content\/uploads\/2019\/03\/8-300x232.jpg 300w, https:\/\/saludsinaloa.gob.mx\/wp-content\/uploads\/2019\/03\/8-768x593.jpg 768w, https:\/\/saludsinaloa.gob.mx\/wp-content\/uploads\/2019\/03\/8-1024x791.jpg 1024w\" sizes=\"(max-width: 3300px) 100vw, 3300px\" \/><\/a>\n\t\t\t<\/div><\/figure><figure class='gallery-item'>\n\t\t\t<div class='gallery-icon landscape'>\n\t\t\t\t<a href='https:\/\/saludsinaloa.gob.mx\/?attachment_id=6716'><img loading=\"lazy\" decoding=\"async\" width=\"3300\" height=\"2550\" src=\"https:\/\/saludsinaloa.gob.mx\/wp-content\/uploads\/2019\/03\/7.jpg\" class=\"attachment-full size-full\" alt=\"\" srcset=\"https:\/\/saludsinaloa.gob.mx\/wp-content\/uploads\/2019\/03\/7.jpg 3300w, https:\/\/saludsinaloa.gob.mx\/wp-content\/uploads\/2019\/03\/7-300x232.jpg 300w, https:\/\/saludsinaloa.gob.mx\/wp-content\/uploads\/2019\/03\/7-768x593.jpg 768w, https:\/\/saludsinaloa.gob.mx\/wp-content\/uploads\/2019\/03\/7-1024x791.jpg 1024w\" sizes=\"(max-width: 3300px) 100vw, 3300px\" \/><\/a>\n\t\t\t<\/div><\/figure><figure class='gallery-item'>\n\t\t\t<div class='gallery-icon landscape'>\n\t\t\t\t<a href='https:\/\/saludsinaloa.gob.mx\/?attachment_id=6715'><img loading=\"lazy\" decoding=\"async\" width=\"3300\" height=\"2550\" src=\"https:\/\/saludsinaloa.gob.mx\/wp-content\/uploads\/2019\/03\/6.jpg\" class=\"attachment-full size-full\" alt=\"\" srcset=\"https:\/\/saludsinaloa.gob.mx\/wp-content\/uploads\/2019\/03\/6.jpg 3300w, https:\/\/saludsinaloa.gob.mx\/wp-content\/uploads\/2019\/03\/6-300x232.jpg 300w, https:\/\/saludsinaloa.gob.mx\/wp-content\/uploads\/2019\/03\/6-768x593.jpg 768w, https:\/\/saludsinaloa.gob.mx\/wp-content\/uploads\/2019\/03\/6-1024x791.jpg 1024w\" sizes=\"(max-width: 3300px) 100vw, 3300px\" \/><\/a>\n\t\t\t<\/div><\/figure><figure class='gallery-item'>\n\t\t\t<div class='gallery-icon landscape'>\n\t\t\t\t<a href='https:\/\/saludsinaloa.gob.mx\/?attachment_id=6714'><img loading=\"lazy\" decoding=\"async\" width=\"3300\" height=\"2550\" src=\"https:\/\/saludsinaloa.gob.mx\/wp-content\/uploads\/2019\/03\/5.jpg\" class=\"attachment-full size-full\" alt=\"\" srcset=\"https:\/\/saludsinaloa.gob.mx\/wp-content\/uploads\/2019\/03\/5.jpg 3300w, https:\/\/saludsinaloa.gob.mx\/wp-content\/uploads\/2019\/03\/5-300x232.jpg 300w, https:\/\/saludsinaloa.gob.mx\/wp-content\/uploads\/2019\/03\/5-768x593.jpg 768w, https:\/\/saludsinaloa.gob.mx\/wp-content\/uploads\/2019\/03\/5-1024x791.jpg 1024w\" sizes=\"(max-width: 3300px) 100vw, 3300px\" \/><\/a>\n\t\t\t<\/div><\/figure><figure class='gallery-item'>\n\t\t\t<div class='gallery-icon landscape'>\n\t\t\t\t<a href='https:\/\/saludsinaloa.gob.mx\/?attachment_id=6713'><img loading=\"lazy\" decoding=\"async\" width=\"3300\" height=\"2550\" src=\"https:\/\/saludsinaloa.gob.mx\/wp-content\/uploads\/2019\/03\/4.jpg\" class=\"attachment-full size-full\" alt=\"\" srcset=\"https:\/\/saludsinaloa.gob.mx\/wp-content\/uploads\/2019\/03\/4.jpg 3300w, https:\/\/saludsinaloa.gob.mx\/wp-content\/uploads\/2019\/03\/4-300x232.jpg 300w, https:\/\/saludsinaloa.gob.mx\/wp-content\/uploads\/2019\/03\/4-768x593.jpg 768w, https:\/\/saludsinaloa.gob.mx\/wp-content\/uploads\/2019\/03\/4-1024x791.jpg 1024w\" sizes=\"(max-width: 3300px) 100vw, 3300px\" \/><\/a>\n\t\t\t<\/div><\/figure><figure class='gallery-item'>\n\t\t\t<div class='gallery-icon landscape'>\n\t\t\t\t<a href='https:\/\/saludsinaloa.gob.mx\/?attachment_id=6712'><img loading=\"lazy\" decoding=\"async\" width=\"3300\" height=\"2550\" src=\"https:\/\/saludsinaloa.gob.mx\/wp-content\/uploads\/2019\/03\/3.jpg\" class=\"attachment-full size-full\" alt=\"\" srcset=\"https:\/\/saludsinaloa.gob.mx\/wp-content\/uploads\/2019\/03\/3.jpg 3300w, https:\/\/saludsinaloa.gob.mx\/wp-content\/uploads\/2019\/03\/3-300x232.jpg 300w, https:\/\/saludsinaloa.gob.mx\/wp-content\/uploads\/2019\/03\/3-768x593.jpg 768w, https:\/\/saludsinaloa.gob.mx\/wp-content\/uploads\/2019\/03\/3-1024x791.jpg 1024w\" sizes=\"(max-width: 3300px) 100vw, 3300px\" \/><\/a>\n\t\t\t<\/div><\/figure><figure class='gallery-item'>\n\t\t\t<div class='gallery-icon landscape'>\n\t\t\t\t<a href='https:\/\/saludsinaloa.gob.mx\/?attachment_id=6711'><img loading=\"lazy\" decoding=\"async\" width=\"3300\" height=\"2550\" src=\"https:\/\/saludsinaloa.gob.mx\/wp-content\/uploads\/2019\/03\/2.jpg\" class=\"attachment-full size-full\" alt=\"\" srcset=\"https:\/\/saludsinaloa.gob.mx\/wp-content\/uploads\/2019\/03\/2.jpg 3300w, https:\/\/saludsinaloa.gob.mx\/wp-content\/uploads\/2019\/03\/2-300x232.jpg 300w, https:\/\/saludsinaloa.gob.mx\/wp-content\/uploads\/2019\/03\/2-768x593.jpg 768w, https:\/\/saludsinaloa.gob.mx\/wp-content\/uploads\/2019\/03\/2-1024x791.jpg 1024w\" sizes=\"(max-width: 3300px) 100vw, 3300px\" \/><\/a>\n\t\t\t<\/div><\/figure><figure class='gallery-item'>\n\t\t\t<div class='gallery-icon landscape'>\n\t\t\t\t<a href='https:\/\/saludsinaloa.gob.mx\/?attachment_id=6710'><img loading=\"lazy\" decoding=\"async\" width=\"3300\" height=\"2550\" src=\"https:\/\/saludsinaloa.gob.mx\/wp-content\/uploads\/2019\/03\/1.jpg\" class=\"attachment-full size-full\" alt=\"\" srcset=\"https:\/\/saludsinaloa.gob.mx\/wp-content\/uploads\/2019\/03\/1.jpg 3300w, https:\/\/saludsinaloa.gob.mx\/wp-content\/uploads\/2019\/03\/1-300x232.jpg 300w, https:\/\/saludsinaloa.gob.mx\/wp-content\/uploads\/2019\/03\/1-768x593.jpg 768w, https:\/\/saludsinaloa.gob.mx\/wp-content\/uploads\/2019\/03\/1-1024x791.jpg 1024w\" sizes=\"(max-width: 3300px) 100vw, 3300px\" \/><\/a>\n\t\t\t<\/div><\/figure>\n\t\t<\/div>\n\n<p>Fuente: Departamento de Comunicaci\u00f3n Social a Febrero del 2019<br \/>\nElabor\u00f3: Departamento de Comunicaci\u00f3n Social \u2013 SECRETAR\u00cdA DE SALUD DEL ESTADO DE SINALOA.<\/p>\n<p>&nbsp;<\/p>\n","protected":false},"excerpt":{"rendered":"<p>Campa\u00f1a que se enfoca en que las instituciones educativas de la entidad lleven acabo el uso adecuado de 6 pasos que vienen a concientizar a la poblaci\u00f3n sinaloense sobre las medidas de higiene que evitar\u00e1n enfermedades Fuente: Departamento de Comunicaci\u00f3n Social a Febrero del 2019 Elabor\u00f3: Departamento de Comunicaci\u00f3n Social \u2013 SECRETAR\u00cdA DE SALUD DEL [&hellip;]<\/p>\n","protected":false},"author":1,"featured_media":6706,"parent":207,"menu_order":3,"comment_status":"closed","ping_status":"closed","template":"templates\/full-width-page.php","meta":{"footnotes":""},"class_list":["post-780","page","type-page","status-publish","has-post-thumbnail","hentry"],"_links":{"self":[{"href":"https:\/\/saludsinaloa.gob.mx\/index.php\/wp-json\/wp\/v2\/pages\/780","targetHints":{"allow":["GET"]}}],"collection":[{"href":"https:\/\/saludsinaloa.gob.mx\/index.php\/wp-json\/wp\/v2\/pages"}],"about":[{"href":"https:\/\/saludsinaloa.gob.mx\/index.php\/wp-json\/wp\/v2\/types\/page"}],"author":[{"embeddable":true,"href":"https:\/\/saludsinaloa.gob.mx\/index.php\/wp-json\/wp\/v2\/users\/1"}],"replies":[{"embeddable":true,"href":"https:\/\/saludsinaloa.gob.mx\/index.php\/wp-json\/wp\/v2\/comments?post=780"}],"version-history":[{"count":9,"href":"https:\/\/saludsinaloa.gob.mx\/index.php\/wp-json\/wp\/v2\/pages\/780\/revisions"}],"predecessor-version":[{"id":6724,"href":"https:\/\/saludsinaloa.gob.mx\/index.php\/wp-json\/wp\/v2\/pages\/780\/revisions\/6724"}],"up":[{"embeddable":true,"href":"https:\/\/saludsinaloa.gob.mx\/index.php\/wp-json\/wp\/v2\/pages\/207"}],"wp:featuredmedia":[{"embeddable":true,"href":"https:\/\/saludsinaloa.gob.mx\/index.php\/wp-json\/wp\/v2\/media\/6706"}],"wp:attachment":[{"href":"https:\/\/saludsinaloa.gob.mx\/index.php\/wp-json\/wp\/v2\/media?parent=780"}],"curies":[{"name":"wp","href":"https:\/\/api.w.org\/{rel}","templated":true}]}}