{"id":741,"date":"2017-11-14T21:31:35","date_gmt":"2017-11-14T21:31:35","guid":{"rendered":"http:\/\/wpress2.saludsinaloa.gob.mx\/wordpress\/?page_id=741"},"modified":"2018-05-15T20:50:52","modified_gmt":"2018-05-15T20:50:52","slug":"supervision","status":"publish","type":"page","link":"https:\/\/saludsinaloa.gob.mx\/index.php\/supervision\/","title":{"rendered":"Supervisi\u00f3n"},"content":{"rendered":"<p><strong>A UNIDADES M\u00c9DICAS<\/strong><\/p>\n<h6>ATENCI\u00d3N M\u00c9DICA &#8211; JURISDICCIONES AL MES DE SEPTIEMBRE 2017<\/h6>\n<p><img decoding=\"async\" src=\"http:\/\/wpress2.saludsinaloa.gob.mx\/wordpress\/wp-content\/uploads\/2017\/supervision\/jurisdiccion1-equipo1.jpg\" alt=\"Jurisdicci\u00f3n Sanitaria No. I Equipo 1\" \/><\/p>\n<p><img decoding=\"async\" src=\"http:\/\/wpress2.saludsinaloa.gob.mx\/wordpress\/wp-content\/uploads\/2017\/supervision\/jurisdiccion1-equipo2.jpg\" alt=\"Jurisdicci\u00f3n Sanitaria No. I Equipo 2\" \/><\/p>\n<p><img decoding=\"async\" src=\"http:\/\/wpress2.saludsinaloa.gob.mx\/wordpress\/wp-content\/uploads\/2017\/supervision\/jurisdiccion1-equipo3.jpg\" alt=\"Jurisdicci\u00f3n Sanitaria No. I Equipo 3\" \/><\/p>\n<p><img decoding=\"async\" src=\"http:\/\/wpress2.saludsinaloa.gob.mx\/wordpress\/wp-content\/uploads\/2017\/supervision\/jurisdiccion1-equipo4.jpg\" alt=\"Jurisdicci\u00f3n Sanitaria No. I Equipo 4\" \/><\/p>\n<p><img decoding=\"async\" src=\"http:\/\/wpress2.saludsinaloa.gob.mx\/wordpress\/wp-content\/uploads\/2017\/supervision\/jurisdiccion2-equipo5.jpg\" alt=\"Jurisdicci\u00f3n Sanitaria No. II Equipo 5\" \/><\/p>\n<p><img decoding=\"async\" src=\"http:\/\/wpress2.saludsinaloa.gob.mx\/wordpress\/wp-content\/uploads\/2017\/supervision\/jurisdiccion2-equipo6.jpg\" alt=\"Jurisdicci\u00f3n Sanitaria No. II Equipo 6\" \/><\/p>\n<p><img decoding=\"async\" src=\"http:\/\/wpress2.saludsinaloa.gob.mx\/wordpress\/wp-content\/uploads\/2017\/supervision\/jurisdiccion2-equipo7.jpg\" alt=\"Jurisdicci\u00f3n Sanitaria No. II Equipo 7\" \/><\/p>\n<p><img decoding=\"async\" src=\"http:\/\/wpress2.saludsinaloa.gob.mx\/wordpress\/wp-content\/uploads\/2017\/supervision\/jurisdiccion2-equipo8.jpg\" alt=\"Jurisdicci\u00f3n Sanitaria No. II Equipo 8\" \/><\/p>\n<p><img decoding=\"async\" src=\"http:\/\/wpress2.saludsinaloa.gob.mx\/wordpress\/wp-content\/uploads\/2017\/supervision\/jurisdiccion2-equipo9.jpg\" alt=\"Jurisdicci\u00f3n Sanitaria No. II Equipo 9\" \/><\/p>\n<p><img decoding=\"async\" src=\"http:\/\/wpress2.saludsinaloa.gob.mx\/wordpress\/wp-content\/uploads\/2017\/supervision\/jurisdiccion2-equipo10.jpg\" alt=\"Jurisdicci\u00f3n Sanitaria No. II Equipo 10\" \/><\/p>\n<p><img decoding=\"async\" src=\"http:\/\/wpress2.saludsinaloa.gob.mx\/wordpress\/wp-content\/uploads\/2017\/supervision\/jurisdiccion3-equipo11.jpg\" alt=\"Jurisdicci\u00f3n Sanitaria No. III Equipo 11\" \/><\/p>\n<p><img decoding=\"async\" src=\"http:\/\/wpress2.saludsinaloa.gob.mx\/wordpress\/wp-content\/uploads\/2017\/supervision\/jurisdiccion3-equipo12.jpg\" alt=\"Jurisdicci\u00f3n Sanitaria No. III Equipo 12\" \/><\/p>\n<p><img decoding=\"async\" src=\"http:\/\/wpress2.saludsinaloa.gob.mx\/wordpress\/wp-content\/uploads\/2017\/supervision\/jurisdiccion3-equipo13.jpg\" alt=\"Jurisdicci\u00f3n Sanitaria No. III Equipo 13\" \/><\/p>\n<p>Fuente: Direcci\u00f3n de Atenci\u00f3n M\u00e9dica &#8211; Servicios de Salud de Sinaloa a Septiembre del 2017.<br \/>\nElabor\u00f3: Direcci\u00f3n de Atenci\u00f3n M\u00e9dica, SERVICIOS DE SALUD DE SINALOA.<\/p>\n","protected":false},"excerpt":{"rendered":"<p>A UNIDADES M\u00c9DICAS ATENCI\u00d3N M\u00c9DICA &#8211; JURISDICCIONES AL MES DE SEPTIEMBRE 2017 Fuente: Direcci\u00f3n de Atenci\u00f3n M\u00e9dica &#8211; Servicios de Salud de Sinaloa a Septiembre del 2017. Elabor\u00f3: Direcci\u00f3n de Atenci\u00f3n M\u00e9dica, SERVICIOS DE SALUD DE SINALOA.<\/p>\n","protected":false},"author":1,"featured_media":0,"parent":0,"menu_order":0,"comment_status":"closed","ping_status":"closed","template":"templates\/full-width-page.php","meta":{"footnotes":""},"class_list":["post-741","page","type-page","status-publish","hentry"],"_links":{"self":[{"href":"https:\/\/saludsinaloa.gob.mx\/index.php\/wp-json\/wp\/v2\/pages\/741","targetHints":{"allow":["GET"]}}],"collection":[{"href":"https:\/\/saludsinaloa.gob.mx\/index.php\/wp-json\/wp\/v2\/pages"}],"about":[{"href":"https:\/\/saludsinaloa.gob.mx\/index.php\/wp-json\/wp\/v2\/types\/page"}],"author":[{"embeddable":true,"href":"https:\/\/saludsinaloa.gob.mx\/index.php\/wp-json\/wp\/v2\/users\/1"}],"replies":[{"embeddable":true,"href":"https:\/\/saludsinaloa.gob.mx\/index.php\/wp-json\/wp\/v2\/comments?post=741"}],"version-history":[{"count":16,"href":"https:\/\/saludsinaloa.gob.mx\/index.php\/wp-json\/wp\/v2\/pages\/741\/revisions"}],"predecessor-version":[{"id":758,"href":"https:\/\/saludsinaloa.gob.mx\/index.php\/wp-json\/wp\/v2\/pages\/741\/revisions\/758"}],"wp:attachment":[{"href":"https:\/\/saludsinaloa.gob.mx\/index.php\/wp-json\/wp\/v2\/media?parent=741"}],"curies":[{"name":"wp","href":"https:\/\/api.w.org\/{rel}","templated":true}]}}