{"id":725,"date":"2017-11-14T19:38:12","date_gmt":"2017-11-14T19:38:12","guid":{"rendered":"http:\/\/wpress2.saludsinaloa.gob.mx\/wordpress\/?page_id=725"},"modified":"2022-06-17T18:27:37","modified_gmt":"2022-06-17T18:27:37","slug":"clues","status":"publish","type":"page","link":"https:\/\/saludsinaloa.gob.mx\/index.php\/clues\/","title":{"rendered":"CAT\u00c1LOGO DE ESTABLECIMIENTOS (Base de Datos) de Clave \u00danica de Establecimientos de Salud"},"content":{"rendered":"<p>CLAVE \u00daNICA DE ESTABLECIMIENTOS DE SALUD &#8211; CLUES<\/p>\n<p>Clave \u00danica de Establecimientos de Salud.- Identificador \u00fanico, constitutivo e intransferible que asigna la Secretar\u00eda de Salud a trav\u00e9s de la Direcci\u00f3n General de Informaci\u00f3n en Salud de manera obligatoria a cada establecimiento de salud (entre los que se encuentran: unidades m\u00e9dicas, laboratorios, centros de tratamiento, oficinas administrativas, sean estos fijos o m\u00f3viles) que exista en el territorio nacional, sea p\u00fablico, privado o social, y con la cual se identifica toda la informaci\u00f3n reportada por el mismo a cada uno de los componentes del Sistema Nacional de Informaci\u00f3n en Salud, NOM-035-SSA3-2012.<\/p>\n<p>Descargar: <a href=\"http:\/\/saludsinaloa.gob.mx\/wp-content\/uploads\/2022\/files\/Estatal_Catalogo_CLUES_Mayo_2022.xlsx\" target=\"_blank\" rel=\"noopener noreferrer\">Cat\u00e1logo de Establecimientos CLUES a 05 Mayo de 2022<\/a><\/p>\n<p>&nbsp;<\/p>\n<p>[supsystic-tables id=&#8217;3&#8242;]<\/p>\n<p>&nbsp;<\/p>\n<p>Fuente: Plataforma CLUES de la Direcci\u00f3n General de Informaci\u00f3n en Salud (DGIS) a Mayo de 2022<br \/>\nElabor\u00f3: Coordinaci\u00f3n Estatal SINERHIAS Sinaloa, Coordinaci\u00f3n CLUES Sinaloa, Direcci\u00f3n de Planeaci\u00f3n de la Secretar\u00eda de Salud Sinaloa<\/p>\n","protected":false},"excerpt":{"rendered":"<p>CLAVE \u00daNICA DE ESTABLECIMIENTOS DE SALUD &#8211; CLUES Clave \u00danica de Establecimientos de Salud.- Identificador \u00fanico, constitutivo e intransferible que asigna la Secretar\u00eda de Salud a trav\u00e9s de la Direcci\u00f3n General de Informaci\u00f3n en Salud de manera obligatoria a cada establecimiento de salud (entre los que se encuentran: unidades m\u00e9dicas, laboratorios, centros de tratamiento, oficinas [&hellip;]<\/p>\n","protected":false},"author":1,"featured_media":0,"parent":0,"menu_order":0,"comment_status":"closed","ping_status":"closed","template":"templates\/full-width-page.php","meta":{"footnotes":""},"class_list":["post-725","page","type-page","status-publish","hentry"],"_links":{"self":[{"href":"https:\/\/saludsinaloa.gob.mx\/index.php\/wp-json\/wp\/v2\/pages\/725","targetHints":{"allow":["GET"]}}],"collection":[{"href":"https:\/\/saludsinaloa.gob.mx\/index.php\/wp-json\/wp\/v2\/pages"}],"about":[{"href":"https:\/\/saludsinaloa.gob.mx\/index.php\/wp-json\/wp\/v2\/types\/page"}],"author":[{"embeddable":true,"href":"https:\/\/saludsinaloa.gob.mx\/index.php\/wp-json\/wp\/v2\/users\/1"}],"replies":[{"embeddable":true,"href":"https:\/\/saludsinaloa.gob.mx\/index.php\/wp-json\/wp\/v2\/comments?post=725"}],"version-history":[{"count":28,"href":"https:\/\/saludsinaloa.gob.mx\/index.php\/wp-json\/wp\/v2\/pages\/725\/revisions"}],"predecessor-version":[{"id":13479,"href":"https:\/\/saludsinaloa.gob.mx\/index.php\/wp-json\/wp\/v2\/pages\/725\/revisions\/13479"}],"wp:attachment":[{"href":"https:\/\/saludsinaloa.gob.mx\/index.php\/wp-json\/wp\/v2\/media?parent=725"}],"curies":[{"name":"wp","href":"https:\/\/api.w.org\/{rel}","templated":true}]}}