{"id":699,"date":"2017-11-14T19:00:53","date_gmt":"2017-11-14T19:00:53","guid":{"rendered":"http:\/\/wpress2.saludsinaloa.gob.mx\/wordpress\/?page_id=699"},"modified":"2018-08-31T18:09:17","modified_gmt":"2018-08-31T18:09:17","slug":"capa-culiacan","status":"publish","type":"page","link":"https:\/\/saludsinaloa.gob.mx\/index.php\/unidades\/capa-culiacan\/","title":{"rendered":"CAPA CULIAC\u00c1N"},"content":{"rendered":"<p>Domicilio: Boulevard Lola Beltran No. 3065, Col. Rinc\u00f3n del Humaya C.P. 80400, Culiac\u00e1n, Sinaloa.<br \/>\n<a class=\"button cta-button cta-button-primary\" style=\"background: #f1703d!important;\" target=\"_blank\">Ir al Sitio<\/a><\/p>\n","protected":false},"excerpt":{"rendered":"<p>Domicilio: Boulevard Lola Beltran No. 3065, Col. Rinc\u00f3n del Humaya C.P. 80400, Culiac\u00e1n, Sinaloa. Ir al Sitio<\/p>\n","protected":false},"author":1,"featured_media":700,"parent":538,"menu_order":25,"comment_status":"closed","ping_status":"closed","template":"templates\/full-width-page.php","meta":{"footnotes":""},"class_list":["post-699","page","type-page","status-publish","has-post-thumbnail","hentry"],"_links":{"self":[{"href":"https:\/\/saludsinaloa.gob.mx\/index.php\/wp-json\/wp\/v2\/pages\/699","targetHints":{"allow":["GET"]}}],"collection":[{"href":"https:\/\/saludsinaloa.gob.mx\/index.php\/wp-json\/wp\/v2\/pages"}],"about":[{"href":"https:\/\/saludsinaloa.gob.mx\/index.php\/wp-json\/wp\/v2\/types\/page"}],"author":[{"embeddable":true,"href":"https:\/\/saludsinaloa.gob.mx\/index.php\/wp-json\/wp\/v2\/users\/1"}],"replies":[{"embeddable":true,"href":"https:\/\/saludsinaloa.gob.mx\/index.php\/wp-json\/wp\/v2\/comments?post=699"}],"version-history":[{"count":8,"href":"https:\/\/saludsinaloa.gob.mx\/index.php\/wp-json\/wp\/v2\/pages\/699\/revisions"}],"predecessor-version":[{"id":3140,"href":"https:\/\/saludsinaloa.gob.mx\/index.php\/wp-json\/wp\/v2\/pages\/699\/revisions\/3140"}],"up":[{"embeddable":true,"href":"https:\/\/saludsinaloa.gob.mx\/index.php\/wp-json\/wp\/v2\/pages\/538"}],"wp:featuredmedia":[{"embeddable":true,"href":"https:\/\/saludsinaloa.gob.mx\/index.php\/wp-json\/wp\/v2\/media\/700"}],"wp:attachment":[{"href":"https:\/\/saludsinaloa.gob.mx\/index.php\/wp-json\/wp\/v2\/media?parent=699"}],"curies":[{"name":"wp","href":"https:\/\/api.w.org\/{rel}","templated":true}]}}