{"id":696,"date":"2017-11-14T18:44:59","date_gmt":"2017-11-14T18:44:59","guid":{"rendered":"http:\/\/wpress2.saludsinaloa.gob.mx\/wordpress\/?page_id=696"},"modified":"2023-02-13T20:50:46","modified_gmt":"2023-02-13T20:50:46","slug":"hospital-de-la-mujer","status":"publish","type":"page","link":"https:\/\/saludsinaloa.gob.mx\/index.php\/unidades\/hospital-de-la-mujer\/","title":{"rendered":"HOSPITAL DE LA MUJER"},"content":{"rendered":"<p>Director: Dr. Jos\u00e9 Arturo Figueroa Camacho.<br \/>\nDomicilio: Miguel Tamayo Espinoza de los Monteros s\/n Desarrollo Urbano Tres R\u00edos C.P. 80020, Culiac\u00e1n, Sinaloa.<br \/>\nTel\u00e9fono: 01667 7297686<br \/>\n<a class=\"button cta-button cta-button-primary\" style=\"background: #f1703d!important;\" href=\"http:\/\/saludsinaloa.gob.mx\/index.php\/unidades\/hospital-de-la-mujer\/\" target=\"_blank\" rel=\"noopener noreferrer\">Ir al Sitio<\/a><\/p>\n","protected":false},"excerpt":{"rendered":"<p>Director: Dr. Jos\u00e9 Arturo Figueroa Camacho. Domicilio: Miguel Tamayo Espinoza de los Monteros s\/n Desarrollo Urbano Tres R\u00edos C.P. 80020, Culiac\u00e1n, Sinaloa. Tel\u00e9fono: 01667 7297686 Ir al Sitio<\/p>\n","protected":false},"author":1,"featured_media":6828,"parent":538,"menu_order":20,"comment_status":"closed","ping_status":"closed","template":"templates\/full-width-page.php","meta":{"footnotes":""},"class_list":["post-696","page","type-page","status-publish","has-post-thumbnail","hentry"],"_links":{"self":[{"href":"https:\/\/saludsinaloa.gob.mx\/index.php\/wp-json\/wp\/v2\/pages\/696","targetHints":{"allow":["GET"]}}],"collection":[{"href":"https:\/\/saludsinaloa.gob.mx\/index.php\/wp-json\/wp\/v2\/pages"}],"about":[{"href":"https:\/\/saludsinaloa.gob.mx\/index.php\/wp-json\/wp\/v2\/types\/page"}],"author":[{"embeddable":true,"href":"https:\/\/saludsinaloa.gob.mx\/index.php\/wp-json\/wp\/v2\/users\/1"}],"replies":[{"embeddable":true,"href":"https:\/\/saludsinaloa.gob.mx\/index.php\/wp-json\/wp\/v2\/comments?post=696"}],"version-history":[{"count":19,"href":"https:\/\/saludsinaloa.gob.mx\/index.php\/wp-json\/wp\/v2\/pages\/696\/revisions"}],"predecessor-version":[{"id":14337,"href":"https:\/\/saludsinaloa.gob.mx\/index.php\/wp-json\/wp\/v2\/pages\/696\/revisions\/14337"}],"up":[{"embeddable":true,"href":"https:\/\/saludsinaloa.gob.mx\/index.php\/wp-json\/wp\/v2\/pages\/538"}],"wp:featuredmedia":[{"embeddable":true,"href":"https:\/\/saludsinaloa.gob.mx\/index.php\/wp-json\/wp\/v2\/media\/6828"}],"wp:attachment":[{"href":"https:\/\/saludsinaloa.gob.mx\/index.php\/wp-json\/wp\/v2\/media?parent=696"}],"curies":[{"name":"wp","href":"https:\/\/api.w.org\/{rel}","templated":true}]}}