{"id":656,"date":"2017-11-13T22:01:29","date_gmt":"2017-11-13T22:01:29","guid":{"rendered":"http:\/\/wpress2.saludsinaloa.gob.mx\/wordpress\/?page_id=656"},"modified":"2023-02-13T20:39:47","modified_gmt":"2023-02-13T20:39:47","slug":"u-hichoix","status":"publish","type":"page","link":"https:\/\/saludsinaloa.gob.mx\/index.php\/unidades\/u-hichoix\/","title":{"rendered":"HOSPITAL INTEGRAL DE CHOIX"},"content":{"rendered":"<p>Director: Dr. Jes\u00fas Antonio P\u00e9rez Gaxiola.<br \/>\nDomicilio: Boulevard 20 De Noviembre Num. 1 C.P. 81700, Choix, Sinaloa.<br \/>\nTel\u00e9fono: 01698 86660015 01698 8660642 ext. #625<br \/>\n<a class=\"button cta-button cta-button-primary\" style=\"background: #f1703d!important;\" href=\"http:\/\/saludsinaloa.gob.mx\/index.php\/unidades\/u-hichoix\/\" target=\"_blank\" rel=\"noopener\">Ir al Sitio<\/a><\/p>\n","protected":false},"excerpt":{"rendered":"<p>Director: Dr. Jes\u00fas Antonio P\u00e9rez Gaxiola. Domicilio: Boulevard 20 De Noviembre Num. 1 C.P. 81700, Choix, Sinaloa. Tel\u00e9fono: 01698 86660015 01698 8660642 ext. #625 Ir al Sitio<\/p>\n","protected":false},"author":1,"featured_media":4462,"parent":538,"menu_order":11,"comment_status":"closed","ping_status":"closed","template":"templates\/full-width-page.php","meta":{"footnotes":""},"class_list":["post-656","page","type-page","status-publish","has-post-thumbnail","hentry"],"_links":{"self":[{"href":"https:\/\/saludsinaloa.gob.mx\/index.php\/wp-json\/wp\/v2\/pages\/656","targetHints":{"allow":["GET"]}}],"collection":[{"href":"https:\/\/saludsinaloa.gob.mx\/index.php\/wp-json\/wp\/v2\/pages"}],"about":[{"href":"https:\/\/saludsinaloa.gob.mx\/index.php\/wp-json\/wp\/v2\/types\/page"}],"author":[{"embeddable":true,"href":"https:\/\/saludsinaloa.gob.mx\/index.php\/wp-json\/wp\/v2\/users\/1"}],"replies":[{"embeddable":true,"href":"https:\/\/saludsinaloa.gob.mx\/index.php\/wp-json\/wp\/v2\/comments?post=656"}],"version-history":[{"count":3,"href":"https:\/\/saludsinaloa.gob.mx\/index.php\/wp-json\/wp\/v2\/pages\/656\/revisions"}],"predecessor-version":[{"id":14325,"href":"https:\/\/saludsinaloa.gob.mx\/index.php\/wp-json\/wp\/v2\/pages\/656\/revisions\/14325"}],"up":[{"embeddable":true,"href":"https:\/\/saludsinaloa.gob.mx\/index.php\/wp-json\/wp\/v2\/pages\/538"}],"wp:featuredmedia":[{"embeddable":true,"href":"https:\/\/saludsinaloa.gob.mx\/index.php\/wp-json\/wp\/v2\/media\/4462"}],"wp:attachment":[{"href":"https:\/\/saludsinaloa.gob.mx\/index.php\/wp-json\/wp\/v2\/media?parent=656"}],"curies":[{"name":"wp","href":"https:\/\/api.w.org\/{rel}","templated":true}]}}