{"id":6522,"date":"2019-02-20T16:26:31","date_gmt":"2019-02-20T16:26:31","guid":{"rendered":"http:\/\/saludsinaloa.gob.mx\/?page_id=6522"},"modified":"2020-01-14T22:01:17","modified_gmt":"2020-01-14T22:01:17","slug":"imagenologia","status":"publish","type":"page","link":"https:\/\/saludsinaloa.gob.mx\/index.php\/imagenologia\/","title":{"rendered":"Imagenolog\u00eda"},"content":{"rendered":"<p style=\"text-align: justify;\"><strong>Imagenolog\u00eda<\/strong><\/p>\n<p style=\"text-align: justify;\">Este servicio se ofrece a poblaci\u00f3n abierta y derechohabientes del Seguro\u00a0Popular. Este servicio se refiere a los estudios de rayos X, ultrasonido,\u00a0tomograf\u00eda o resonancia magn\u00e9tica que le pueden ser solicitados a un paciente.<\/p>\n<p style=\"text-align: justify;\"><strong>Tipo de Tr\u00e1mite:<\/strong><br \/>\nPresencial.<\/p>\n<p style=\"text-align: justify;\"><strong>Requerimientos:<\/strong><br \/>\nPresentarse en la ventanilla del control de citas con la solicitud de\u00a0estudio correspondiente. Es importante decir que algunos estudios\u00a0requieren p reparaci\u00f3n previa como el ayuno. Otros no.<\/p>\n<p style=\"text-align: justify;\"><strong>\u00bfD\u00f3nde Puedo Obtener el Servicio?<\/strong><br \/>\nAlgunas unidades de primer nivel de atenci\u00f3n cuentan con este servicio. Usted\u00a0puede consultar el directorio de unidades de segundo nivel de los servicios de\u00a0salud de sinaloa en:<br \/>\n<a href=\"http:\/\/saludsinaloa.gob.mx\/index.php\/unidades\/\">Http:\/\/saludsinaloa.gob.mx\/saludsinaloa.gob.mx\/sitio\/unidades-medicas.html<\/a><\/p>\n<p style=\"text-align: justify;\"><strong>\u00bfCuanto Cuesta el Servicio?<\/strong><br \/>\nEl servicio puede tener un costo. Usted puede consultar la cobertura del Seguro\u00a0Popular para cada enfermedad con su gestor. Para aquellos estudios con costo,\u00a0existe un tabulador vigente el cual usted puede consultar en su unidad.<\/p>\n<p style=\"text-align: justify;\"><strong>\u00bfMe Pueden Negar el Servicio? \u00bfPuedo Quejarme?<\/strong><br \/>\nEl servicio no puede negarse. Usted puede interponer una queja por maltrato o\u00a0negativa en el servicio. Para tal fin existen buzones de quejas y oficinas\u00a0disponibles en su unidad m\u00e9dica.<\/p>\n","protected":false},"excerpt":{"rendered":"<p>Imagenolog\u00eda Este servicio se ofrece a poblaci\u00f3n abierta y derechohabientes del Seguro\u00a0Popular. Este servicio se refiere a los estudios de rayos X, ultrasonido,\u00a0tomograf\u00eda o resonancia magn\u00e9tica que le pueden ser solicitados a un paciente. Tipo de Tr\u00e1mite: Presencial. Requerimientos: Presentarse en la ventanilla del control de citas con la solicitud de\u00a0estudio correspondiente. Es importante decir [&hellip;]<\/p>\n","protected":false},"author":1,"featured_media":0,"parent":0,"menu_order":0,"comment_status":"closed","ping_status":"closed","template":"templates\/full-width-page.php","meta":{"footnotes":""},"class_list":["post-6522","page","type-page","status-publish","hentry"],"_links":{"self":[{"href":"https:\/\/saludsinaloa.gob.mx\/index.php\/wp-json\/wp\/v2\/pages\/6522","targetHints":{"allow":["GET"]}}],"collection":[{"href":"https:\/\/saludsinaloa.gob.mx\/index.php\/wp-json\/wp\/v2\/pages"}],"about":[{"href":"https:\/\/saludsinaloa.gob.mx\/index.php\/wp-json\/wp\/v2\/types\/page"}],"author":[{"embeddable":true,"href":"https:\/\/saludsinaloa.gob.mx\/index.php\/wp-json\/wp\/v2\/users\/1"}],"replies":[{"embeddable":true,"href":"https:\/\/saludsinaloa.gob.mx\/index.php\/wp-json\/wp\/v2\/comments?post=6522"}],"version-history":[{"count":2,"href":"https:\/\/saludsinaloa.gob.mx\/index.php\/wp-json\/wp\/v2\/pages\/6522\/revisions"}],"predecessor-version":[{"id":9353,"href":"https:\/\/saludsinaloa.gob.mx\/index.php\/wp-json\/wp\/v2\/pages\/6522\/revisions\/9353"}],"wp:attachment":[{"href":"https:\/\/saludsinaloa.gob.mx\/index.php\/wp-json\/wp\/v2\/media?parent=6522"}],"curies":[{"name":"wp","href":"https:\/\/api.w.org\/{rel}","templated":true}]}}