{"id":6513,"date":"2019-02-19T21:19:26","date_gmt":"2019-02-19T21:19:26","guid":{"rendered":"http:\/\/saludsinaloa.gob.mx\/?page_id=6513"},"modified":"2025-03-14T19:22:41","modified_gmt":"2025-03-14T19:22:41","slug":"programa-aborto-seguro","status":"publish","type":"page","link":"https:\/\/saludsinaloa.gob.mx\/index.php\/programa-aborto-seguro\/","title":{"rendered":"Programa Aborto Seguro"},"content":{"rendered":"<p><strong>Objetivo:<\/strong><\/p>\n<ul>\n<li>Garantizar el acceso a la atenci\u00f3n del aborto seguro en instituciones de salud. Favorecer el acceso a la<br \/>\ninformaci\u00f3n oportuna para generar un cambio de comportamiento tendiente a la no estigmatizaci\u00f3n<br \/>\ny respeto de los derechos sexuales y reproductivos, as\u00ed como proporcionar informaci\u00f3n a mujeres en<br \/>\nedad f\u00e9rtil sobre atenci\u00f3n del aborto seguro.<br \/>\n<strong>Descripci\u00f3n:<\/strong><\/li>\n<li>En Sinaloa derivado de la aprobaci\u00f3n del c\u00f3digo penal estatal, a partir del 08 de marzo del 2022, se<br \/>\nincorpora los Servicios de Aborto Seguro, el cual establece que a voluntad de la mujer que desee la<br \/>\ninterrupci\u00f3n del embarazo dentro de 13 semanas de gestaci\u00f3n, se les debe otorgar el servicio a<br \/>\nvoluntad de la usuaria, sin ser revictimizada, si es mayor de edad solo presentando una identificaci\u00f3n,<\/li>\n<li>Las mujeres que acuden a las unidades de salud, en caso de atender a toda v\u00edctima de violaci\u00f3n<br \/>\nsexual, o cualquier otra causal, se ofrece la atenci\u00f3n psicol\u00f3gica atendidas por los servicios<br \/>\npsicol\u00f3gicos de atenci\u00f3n especializada.<br \/>\n<strong>Bienes y servicios que entrega el programa:<\/strong><\/li>\n<li>\u00a0Brindar servicios de informaci\u00f3n, orientaci\u00f3n, consejer\u00eda a poblaci\u00f3n abierta en temas de<br \/>\natenci\u00f3n al aborto seguro, as\u00ed como violaci\u00f3n sexual.<\/li>\n<li>\u00a0Garantizar el acceso a servicios de aborto seguro, seg\u00fan el marco legal vigente.<\/li>\n<li>\u00a0Fomentar el acceso a informaci\u00f3n oportuna sobre aborto seguro para garantizar los derechos<br \/>\nsexuales y reproductivos.<\/li>\n<li>\u00a0Fortalecer la capacidad t\u00e9cnica y de respuesta del sector salud para garantizar la atenci\u00f3n del<br \/>\naborto seguro.<\/li>\n<li>\u00a0Fortalecer el marco normativo, de monitoreo y registro apropiado que faciliten los servicios<br \/>\nde aborto seguro.<\/li>\n<li>\u00a0Prescripci\u00f3n y aplicaci\u00f3n de m\u00e9todos anticonceptivos de emergencia, as\u00ed como antibi\u00f3ticos y<br \/>\nprofilaxis por virus de la inmunodeficiencia humana (VIH) en el caso de violaci\u00f3n sexual a<br \/>\nusuarios que lo requieran.<br \/>\n<strong>Cobertura:<\/strong><\/li>\n<li>Las unidades que otorgan el servicio de aborto seguro son: Hospital General Mazatl\u00e1n, Hospital de la<br \/>\nMujer, Hospital General Guasave y Hospital General Los Mochis.<br \/>\n<strong>Beneficiarias:<\/strong><\/li>\n<li>Mujeres en edad f\u00e9rtil que acudan sobre atenci\u00f3n del aborto seguro.<br \/>\n<strong>Requisitos del beneficiario:<\/strong><\/li>\n<li>Copia de una Identificaci\u00f3n oficial o la Clave \u00danica de Registro de Poblaci\u00f3n (CURP).<br \/>\n<strong>Procedimiento para acceder a los bienes y\/o servicios del programa:<\/strong><\/li>\n<li>Acudir a una de las unidades de la Secretar\u00eda de Salud de segundo nivel (Hospitales generales), donde<br \/>\nse le prestara el servicio totalmente gratuito, de acuerdo a la Norma Oficial Mexicana (NOM 046-<br \/>\nSSA2- 2005).<\/li>\n<\/ul>\n<p>D<strong>atos del contacto y responsable del programa:<\/strong><br \/>\nLcda. Mar\u00eda del Rosario Ramos Russell.<br \/>\nCoordinador Estatal del Programa de Aborto Seguro.<br \/>\nDirecci\u00f3n de Prevenci\u00f3n y Promoci\u00f3n de la Salud.<br \/>\n<strong>Horario de atenci\u00f3n:<\/strong><br \/>\nDe Lunes a Viernes de 08:00 a 15:00 horas.<br \/>\n<strong>Medios de contacto:<\/strong><br \/>\nTel\u00e9fono: 667 758 7000 ext. 40454<br \/>\nCorreo oficial: <a href=\"mailto:sinviolencia@saludsinaloa.gob.mx\">sinviolencia@saludsinaloa.gob.mx<\/a><br \/>\n<strong>Domicilio:<\/strong><br \/>\nBoulevard Alfonso Zaragoza Maytorena #2204, Edificio B, tercer piso, Fraccionamiento Bonanza,<br \/>\nC\u00f3digo Postal 80020, Culiac\u00e1n, Sinaloa, M\u00e9xico.<\/p>\n<p>&nbsp;<\/p>\n","protected":false},"excerpt":{"rendered":"<p>Objetivo: Garantizar el acceso a la atenci\u00f3n del aborto seguro en instituciones de salud. Favorecer el acceso a la informaci\u00f3n oportuna para generar un cambio de comportamiento tendiente a la no estigmatizaci\u00f3n y respeto de los derechos sexuales y reproductivos, as\u00ed como proporcionar informaci\u00f3n a mujeres en edad f\u00e9rtil sobre atenci\u00f3n del aborto seguro. Descripci\u00f3n: [&hellip;]<\/p>\n","protected":false},"author":1,"featured_media":0,"parent":0,"menu_order":0,"comment_status":"closed","ping_status":"closed","template":"templates\/full-width-page.php","meta":{"footnotes":""},"class_list":["post-6513","page","type-page","status-publish","hentry"],"_links":{"self":[{"href":"https:\/\/saludsinaloa.gob.mx\/index.php\/wp-json\/wp\/v2\/pages\/6513","targetHints":{"allow":["GET"]}}],"collection":[{"href":"https:\/\/saludsinaloa.gob.mx\/index.php\/wp-json\/wp\/v2\/pages"}],"about":[{"href":"https:\/\/saludsinaloa.gob.mx\/index.php\/wp-json\/wp\/v2\/types\/page"}],"author":[{"embeddable":true,"href":"https:\/\/saludsinaloa.gob.mx\/index.php\/wp-json\/wp\/v2\/users\/1"}],"replies":[{"embeddable":true,"href":"https:\/\/saludsinaloa.gob.mx\/index.php\/wp-json\/wp\/v2\/comments?post=6513"}],"version-history":[{"count":5,"href":"https:\/\/saludsinaloa.gob.mx\/index.php\/wp-json\/wp\/v2\/pages\/6513\/revisions"}],"predecessor-version":[{"id":19786,"href":"https:\/\/saludsinaloa.gob.mx\/index.php\/wp-json\/wp\/v2\/pages\/6513\/revisions\/19786"}],"wp:attachment":[{"href":"https:\/\/saludsinaloa.gob.mx\/index.php\/wp-json\/wp\/v2\/media?parent=6513"}],"curies":[{"name":"wp","href":"https:\/\/api.w.org\/{rel}","templated":true}]}}