{"id":6511,"date":"2019-02-19T21:11:06","date_gmt":"2019-02-19T21:11:06","guid":{"rendered":"http:\/\/saludsinaloa.gob.mx\/?page_id=6511"},"modified":"2025-03-14T18:51:24","modified_gmt":"2025-03-14T18:51:24","slug":"programa-salud-de-la-infancia-y-la-adolescencia","status":"publish","type":"page","link":"https:\/\/saludsinaloa.gob.mx\/index.php\/programa-salud-de-la-infancia-y-la-adolescencia\/","title":{"rendered":"Programa Salud de la Infancia y la Adolescencia"},"content":{"rendered":"<p><strong>Objetivo:<\/strong><\/p>\n<ul>\n<li>Disminuir la morbilidad y mortalidad en los menores de 19 a\u00f1os mediante estrategias que<br \/>\nreduzcan la desigualdad. En el marco de los principios rectores de gobierno \u201cNo dejar a nadie<br \/>\natr\u00e1s, no dejar a nadie afuera\u201d. Se direccionan las estrategias de salud en la infancia para<br \/>\ncerrar brechas y rezagos, siendo el Estado un garante de derechos, que impulsa hacia el<br \/>\nbienestar, buscando que todos los ni\u00f1os, ni\u00f1as y adolescentes alcancen su m\u00e1ximo potencial.<br \/>\nEste objetivo obedece a la necesidad de mejorar las condiciones de salud de la poblaci\u00f3n,<br \/>\nbajo la premisa de que si se previene desde la infancia el resto de las etapas de la l\u00ednea de<br \/>\nvida tendr\u00e1n h\u00e1bitos saludables con mejor calidad de vida.<br \/>\n<strong>Descripci\u00f3n:<\/strong><\/li>\n<li>Se propone estrategias dirigidas a atender los principales problemas de salud de ni\u00f1os, ni\u00f1as y<br \/>\nadolescentes. Este programa espera fortalecer el proceso continuo de atenci\u00f3n a la salud y la<br \/>\nnutrici\u00f3n, con el fin de promover el desarrollo integral \u00f3ptimo en la infancia y la adolescencia<br \/>\nprevenir y reducir la carga de morbilidad en esta etapa y contribuir con la reducci\u00f3n de la mortalidad.<\/li>\n<li>Promover la pr\u00e1ctica regular de actividad f\u00edsica y l\u00fadica, para favorecer el sano crecimiento en los y<br \/>\nlas adolescentes, permite la evaluaci\u00f3n y reporte peri\u00f3dico de las acciones de todos los componentes<br \/>\nque integran el programa de atenci\u00f3n a la salud de la infancia: Vigilancia de la nutrici\u00f3n, Prevenci\u00f3n<br \/>\ndiagn\u00f3stico y tratamiento de las enfermedades diarreicas agudas e infecciones respiratorias agudas<br \/>\nen los menores de cinco a\u00f1os, Comit\u00e9s de estrategias para la reducci\u00f3n de la mortalidad en la<br \/>\ninfancia, Semana estatal del adolescente, Vigilancia del desarrollo en la primera infancia, alteraciones<br \/>\nsexuales cong\u00e9nitas ligadas a cromosomas, Prevenci\u00f3n de accidentes en el hogar en los menores de<br \/>\ndiez a\u00f1os, Atenci\u00f3n integrada al menor de un a\u00f1o, Prevenci\u00f3n del maltrato infantil en el \u00e1mbito<br \/>\nfamiliar, Capacitaci\u00f3n y supervisi\u00f3n integral.<br \/>\n<strong>Bienes y servicios que entrega el programa:<\/strong><\/li>\n<li>\u00a0Nutrici\u00f3n infantil.<\/li>\n<li>\u00a0Nutrici\u00f3n en el adolescente.<\/li>\n<li>\u00a0Enfermedad Diarreica Aguda (EDA).<\/li>\n<li>\u00a0Infecciones Respiratorias Agudas (IRA).<\/li>\n<li>\u00a0Evaluaci\u00f3n del desarrollo y estimulaci\u00f3n temprana.<\/li>\n<li>\u00a0Vacunaci\u00f3n.<\/li>\n<li>\u00a0Atenci\u00f3n integrada del reci\u00e9n nacido.<\/li>\n<li>\u00a0Estrategia de alteraciones sexuales cong\u00e9nitas ligadas a cromosomas (S\u00edndrome de Turner).<\/li>\n<li>\u00a0Prevenci\u00f3n de accidentes en el hogar y atenci\u00f3n inicial de urgencias pedi\u00e1tricas.<\/li>\n<li>\u00a0Capacitaci\u00f3n.<\/li>\n<li>\u00a0Plan Nacional para la Prevenci\u00f3n de la Violencia y el Maltrato en Ni\u00f1as, Ni\u00f1os y Adolescentes.<\/li>\n<li>\u00a0Detecci\u00f3n oportuna de c\u00e1ncer en la infancia y la adolescencia.<\/li>\n<li>\u00a0Semana Estatal del adolescente.<br \/>\n<strong>Cobertura:<\/strong><\/li>\n<li>Todos los municipios del Estado de Sinaloa.<br \/>\n<strong>Beneficiarios:<\/strong><\/li>\n<li>Todos los hombres y las mujeres de reci\u00e9n nacidos y menores de 19 a\u00f1os, sin seguridad social.<br \/>\n<strong>Requisitos del beneficiario:<\/strong><br \/>\n<strong>Requisitos para consulta:<\/strong><\/li>\n<li>\u00a0Clave \u00danica de Registro de Poblaci\u00f3n (CURP) o acta de nacimiento.<\/li>\n<li>\u00a0Llevar su cartilla de salud o en caso de no contar con ella solicitarla en la unidad m\u00e9dica.<br \/>\n<strong>Requisitos para participar en talleres, pl\u00e1ticas, foros y sociodramas:<\/strong><\/li>\n<li>\u00a0Clave \u00danica de Registro de Poblaci\u00f3n (CURP) o acta de nacimiento.<br \/>\n<strong>Procedimiento para acceder a los bienes y\/o servicios del programa:<\/strong><\/li>\n<li>\u00a0Acudir a cualquier unidad m\u00e9dica de Servicios de Salud de Sinaloa o unidad m\u00e9dica de OPD<br \/>\nIMSS BIENESTAR, de lunes a viernes, en horario de 8 de la ma\u00f1ana a 4 de la tarde.<\/li>\n<li>\u00a0Solicitar la atenci\u00f3n m\u00e9dica requerida para talleres, foros, pl\u00e1ticas, eventos deportivos entre<br \/>\notros:<br \/>\no Acudir al Centro de Salud m\u00e1s cercano en los horarios establecidos para cada Unidad<br \/>\nde Salud.<\/li>\n<li>\u00a0Preguntar por las diversas actividades que se realizan en esa unidad m\u00e9dica.<br \/>\no Para las actividades durante la Semana Nacional de la Salud del Adolescente, la<br \/>\nunidad m\u00e9dica cuenta con un calendario establecido desde principios del mes de<br \/>\nseptiembre, donde indican hora, fecha, lugar y evento a desarrollarse.<\/li>\n<\/ul>\n<p><strong>Datos del contacto y responsable del programa:<\/strong><br \/>\nDra. Mar\u00eda Cristabel Rodr\u00edguez Aburto.<br \/>\nJefe del Departamento de Salud de la Infancia y la Adolescencia.<br \/>\nDirecci\u00f3n de Prevenci\u00f3n y Promoci\u00f3n de la Salud.<br \/>\n<strong>Horario de atenci\u00f3n:<\/strong><br \/>\nDe lunes a viernes de 8:00 a 15:00 horas.<br \/>\n<strong>Medios de contacto:<\/strong><br \/>\nTel\u00e9fono: 667 716 0935<br \/>\nCorreo oficial: <a href=\"mailto:salud.infancia@saludsinaloa.gob.mx\">salud.infancia@saludsinaloa.gob.mx<\/a><br \/>\n<strong>Domicilio:<\/strong><br \/>\nAv. Gral. Juan M. Banderas s\/n, Colonia Jorge Almada, C\u00f3digo Postal 80200, Culiac\u00e1n, Sinaloa, M\u00e9xico.<\/p>\n<p>&nbsp;<\/p>\n","protected":false},"excerpt":{"rendered":"<p>Objetivo: Disminuir la morbilidad y mortalidad en los menores de 19 a\u00f1os mediante estrategias que reduzcan la desigualdad. En el marco de los principios rectores de gobierno \u201cNo dejar a nadie atr\u00e1s, no dejar a nadie afuera\u201d. Se direccionan las estrategias de salud en la infancia para cerrar brechas y rezagos, siendo el Estado un [&hellip;]<\/p>\n","protected":false},"author":1,"featured_media":0,"parent":0,"menu_order":0,"comment_status":"closed","ping_status":"closed","template":"templates\/full-width-page.php","meta":{"footnotes":""},"class_list":["post-6511","page","type-page","status-publish","hentry"],"_links":{"self":[{"href":"https:\/\/saludsinaloa.gob.mx\/index.php\/wp-json\/wp\/v2\/pages\/6511","targetHints":{"allow":["GET"]}}],"collection":[{"href":"https:\/\/saludsinaloa.gob.mx\/index.php\/wp-json\/wp\/v2\/pages"}],"about":[{"href":"https:\/\/saludsinaloa.gob.mx\/index.php\/wp-json\/wp\/v2\/types\/page"}],"author":[{"embeddable":true,"href":"https:\/\/saludsinaloa.gob.mx\/index.php\/wp-json\/wp\/v2\/users\/1"}],"replies":[{"embeddable":true,"href":"https:\/\/saludsinaloa.gob.mx\/index.php\/wp-json\/wp\/v2\/comments?post=6511"}],"version-history":[{"count":6,"href":"https:\/\/saludsinaloa.gob.mx\/index.php\/wp-json\/wp\/v2\/pages\/6511\/revisions"}],"predecessor-version":[{"id":19775,"href":"https:\/\/saludsinaloa.gob.mx\/index.php\/wp-json\/wp\/v2\/pages\/6511\/revisions\/19775"}],"wp:attachment":[{"href":"https:\/\/saludsinaloa.gob.mx\/index.php\/wp-json\/wp\/v2\/media?parent=6511"}],"curies":[{"name":"wp","href":"https:\/\/api.w.org\/{rel}","templated":true}]}}