{"id":6505,"date":"2019-02-19T20:46:24","date_gmt":"2019-02-19T20:46:24","guid":{"rendered":"http:\/\/saludsinaloa.gob.mx\/?page_id=6505"},"modified":"2025-03-14T18:57:25","modified_gmt":"2025-03-14T18:57:25","slug":"programa-salud-bucal","status":"publish","type":"page","link":"https:\/\/saludsinaloa.gob.mx\/index.php\/programa-salud-bucal\/","title":{"rendered":"Programa Salud Bucal"},"content":{"rendered":"<p><strong>Objetivo:<\/strong><\/p>\n<ul>\n<li>Integrar los modelos de promoci\u00f3n, prevenci\u00f3n y atenci\u00f3n bucal, de las instituciones del Sistema<br \/>\nNacional de Salud, fortaleciendo acciones de promoci\u00f3n de la salud y prevenci\u00f3n de enfermedades<br \/>\nbucales, para mantener la salud integral en la poblaci\u00f3n, otorgando servicios curativos con \u00e9tica,<br \/>\ncalidad, equidad, oportunidad y costo-beneficio, con capacidad resolutiva y especial atenci\u00f3n a<br \/>\ngrupos vulnerables.<br \/>\n<strong>Descripci\u00f3n:<\/strong><\/li>\n<li>El programa de salud bucal, tiene como objetivo general el fomentar, prevenir, proteger y<br \/>\nreestablecer la salud bucal de la poblaci\u00f3n mexicana como parte de la salud integral del individuo,<br \/>\nsiendo condici\u00f3n necesaria para su participaci\u00f3n en el proceso de transformaci\u00f3n social y disminuir la<br \/>\ncarga de enfermedades bucales que constituyen uno de los problemas de salud p\u00fablica, por su<br \/>\nelevada manifestaci\u00f3n y severidad de caries dental y enfermedad periodontal, estas se manifiestan<br \/>\ndesde los primeros a\u00f1os de vida, sus secuelas producen efectos incapacitantes, generan gran<br \/>\ndemanda de atenci\u00f3n en los Servicios de Salud situaci\u00f3n que ocasiona incremento de ausentismo<br \/>\nescolar y laboral, elevando los gastos econ\u00f3micos al Sistema Nacional de Salud, as\u00ed como al individuo.<\/li>\n<li>Las principales causas de enfermedad han cambiado r\u00e1pidamente en todo el mundo, debido que en<br \/>\ngran parte a los estilos de vida actuales que incluyen alimentos ricos en azucares, el uso generalizado<br \/>\nde tabaco y el aumento en el consumo de alcohol entre otros.<\/li>\n<li>De acuerdo con el estudio sobre la carga mundial de enfermedades de las 50 enfermedades m\u00e1s<br \/>\nprevalentes no mortales pero incapacitantes, 3 son el \u00e1mbito de Salud Bucal: Caries Dental,<br \/>\nEnfermedad Periodontal, Edentulismo (ausencia de piezas dentales).<br \/>\n<strong>Bienes y servicios que entrega el programa:<\/strong><\/li>\n<li>El programa brinda actualmente el servicio de atenci\u00f3n dental. En el estado de Sinaloa contamos con<br \/>\n98 Unidades de Salud (77 Centros de Salud, 16 Hospitales, 3 Centro Ambulatorio para la Prevenci\u00f3n y<br \/>\nAtenci\u00f3n en SIDA e Infecciones de Transmisi\u00f3n Sexual (CAPASITS) y 2 Centros de Especialidades<br \/>\nOdontol\u00f3gicas en la ciudad de Culiac\u00e1n y Navolato).<br \/>\n<strong>Cobertura:<\/strong><\/li>\n<li>Todos los municipios del Estado de Sinaloa; contando con atenciones de Especialistas Dentales en los<br \/>\nmunicipios de Culiac\u00e1n y Navolato.<br \/>\n<strong>Beneficiarios:<\/strong><\/li>\n<li>Poblaci\u00f3n en general sin derechohabiencia (no afiliada al IMSS e ISSSTE).<br \/>\n<strong>Requisitos del beneficiario:<\/strong><br \/>\nAcudir a cualquier unidad de salud a solicitar la consulta (Centro de Salud Urbanos u Hospitales).<\/li>\n<li>\u00a0Llenar los documentos que solicite el servicio de trabajo social y recepci\u00f3n.<\/li>\n<li>\u00a0Acudir puntualmente a las citas m\u00e9dicas que se les otorguen.<br \/>\n<strong>Procedimiento para acceder a los bienes y\/o servicios del programa:<\/strong><br \/>\n<strong>En caso de requerir atenci\u00f3n m\u00e9dica:<\/strong><\/li>\n<li>\u00a0Acudir a una de las unidades m\u00e9dicas de primer y segundo nivel por voluntad propia y\/o hoja de<br \/>\nreferencia de una unidad de salud.<\/li>\n<li>\u00a0Acudir a las unidades de salud llevando la hoja de referencia, en caso de haber sido referido por<br \/>\nuna unidad de salud m\u00e9dica de los Servicios de Salud de Sinaloa.<\/li>\n<li>\u00a0Solicitar la atenci\u00f3n m\u00e9dica y entregar los documentos antes mencionados, en caso de contar con<br \/>\nellos.<\/li>\n<li>\u00a0Responder a las encuestas que realicen los servicios de recepci\u00f3n y salud bucal.<\/li>\n<li>\u00a0Asistir de manera voluntaria a las citas establecidas por la unidad.<\/li>\n<\/ul>\n<p><strong>Datos del contacto y responsable del programa:<\/strong><br \/>\nDra. Alma Julia Rodr\u00edguez L\u00f3pez.<br \/>\nJefe del Departamento de Salud Bucal.<br \/>\nDirecci\u00f3n de Prevenci\u00f3n y Promoci\u00f3n de la Salud.<br \/>\n<strong>Horario de atenci\u00f3n:<\/strong><br \/>\nDe lunes a viernes de 8:00 a 14:00 horas.<br \/>\n<strong>Medios de contacto:<\/strong><br \/>\nTel\u00e9fono: 667 688 5188<br \/>\nCorreo oficial: <a href=\"mailto:salud.bucal@saludsinaloa.gob.mx\">salud.bucal@saludsinaloa.gob.mx<\/a><br \/>\n<strong>Domicilio:<\/strong><br \/>\nAv. Gral. Juan M. Banderas s\/n, Colonia Jorge Almada, C\u00f3digo Postal 80200, Culiac\u00e1n, Sinaloa, M\u00e9xico.<\/p>\n<p>&nbsp;<\/p>\n","protected":false},"excerpt":{"rendered":"<p>Objetivo: Integrar los modelos de promoci\u00f3n, prevenci\u00f3n y atenci\u00f3n bucal, de las instituciones del Sistema Nacional de Salud, fortaleciendo acciones de promoci\u00f3n de la salud y prevenci\u00f3n de enfermedades bucales, para mantener la salud integral en la poblaci\u00f3n, otorgando servicios curativos con \u00e9tica, calidad, equidad, oportunidad y costo-beneficio, con capacidad resolutiva y especial atenci\u00f3n a [&hellip;]<\/p>\n","protected":false},"author":1,"featured_media":0,"parent":0,"menu_order":0,"comment_status":"closed","ping_status":"closed","template":"templates\/full-width-page.php","meta":{"footnotes":""},"class_list":["post-6505","page","type-page","status-publish","hentry"],"_links":{"self":[{"href":"https:\/\/saludsinaloa.gob.mx\/index.php\/wp-json\/wp\/v2\/pages\/6505","targetHints":{"allow":["GET"]}}],"collection":[{"href":"https:\/\/saludsinaloa.gob.mx\/index.php\/wp-json\/wp\/v2\/pages"}],"about":[{"href":"https:\/\/saludsinaloa.gob.mx\/index.php\/wp-json\/wp\/v2\/types\/page"}],"author":[{"embeddable":true,"href":"https:\/\/saludsinaloa.gob.mx\/index.php\/wp-json\/wp\/v2\/users\/1"}],"replies":[{"embeddable":true,"href":"https:\/\/saludsinaloa.gob.mx\/index.php\/wp-json\/wp\/v2\/comments?post=6505"}],"version-history":[{"count":6,"href":"https:\/\/saludsinaloa.gob.mx\/index.php\/wp-json\/wp\/v2\/pages\/6505\/revisions"}],"predecessor-version":[{"id":19777,"href":"https:\/\/saludsinaloa.gob.mx\/index.php\/wp-json\/wp\/v2\/pages\/6505\/revisions\/19777"}],"wp:attachment":[{"href":"https:\/\/saludsinaloa.gob.mx\/index.php\/wp-json\/wp\/v2\/media?parent=6505"}],"curies":[{"name":"wp","href":"https:\/\/api.w.org\/{rel}","templated":true}]}}