{"id":6496,"date":"2019-02-19T20:21:46","date_gmt":"2019-02-19T20:21:46","guid":{"rendered":"http:\/\/saludsinaloa.gob.mx\/?page_id=6496"},"modified":"2025-03-14T19:18:38","modified_gmt":"2025-03-14T19:18:38","slug":"entornos-y-comunidades-saludables","status":"publish","type":"page","link":"https:\/\/saludsinaloa.gob.mx\/index.php\/entornos-y-comunidades-saludables\/","title":{"rendered":"Departamento Entornos y Comunidades Saludables"},"content":{"rendered":"<p><strong>Objetivo:<\/strong><\/p>\n<p>Promover la participaci\u00f3n social en aspectos de salud como medio para lograr que individuos y comunidades tengan una vida plena mediante la creaci\u00f3n de entornos saludables.<\/p>\n<h4><strong>Descripci\u00f3n:<\/strong><\/h4>\n<p>El programa contempla combatir los problemas que amenazan la salud integral de las personas, familias y comunidades al fortalecer las conductas que benefician a su poblaci\u00f3n, a trav\u00e9s de acciones de saneamiento b\u00e1sico, control de fauna nociva, detecci\u00f3n oportuna de enfermedades y pl\u00e1ticas en temas de salud para lograr la certificaci\u00f3n de dichas comunidades. As\u00ed, se fomenta la creaci\u00f3n de entornos favorables y se refuerza el poder de las comunidades sobre los determinantes de su salud, involucrando a los gobiernos municipales y a su poblaci\u00f3n.<\/p>\n<h4><strong>Bienes y\/o servicios que entrega el programa:<\/strong><\/h4>\n<ul>\n<li>Detecci\u00f3n de enfermedades.<\/li>\n<li>Pl\u00e1ticas.<\/li>\n<li>Saneamiento b\u00e1sico y control de la fauna nociva.<\/li>\n<\/ul>\n<h4><strong>Cobertura:<\/strong><\/h4>\n<p>Ahome, El Fuerte, Choix, Guasave, Sinaloa de Leyva, Salvador Alvarado, Angostura, Mocorito, Badiraguato, Navolato, Culiac\u00e1n, Cosal\u00e1, Elota, San Ignacio, Mazatl\u00e1n, Concordia, El Rosario y Escuinapa.<\/p>\n<h4><strong>Beneficiarios:<\/strong><\/h4>\n<p>La poblaci\u00f3n general de las localidades menores a dos mil 500 habitantes que se encuentran en los municipios del estado.<\/p>\n<h4><strong>Requisitos del beneficiario:<\/strong><\/h4>\n<ul>\n<li>Ser habitante de la comunidad propuesta a certificar.<\/li>\n<li>La autoridad municipal deber\u00e1 contar con el acta de instalaci\u00f3n del Comit\u00e9 Municipal, Plan de Trabajo del municipio y Expediente Municipal de Salud P\u00fablica.<\/li>\n<\/ul>\n<h4><strong>Procedimientos para acceder a los bienes y\/o servicios del programa:<\/strong><\/h4>\n<ol>\n<li>Las Jurisdicciones sanitarias invitan al municipio a participar en el Programa, el cual decide si participa o no.<\/li>\n<li>Al solicitar la participaci\u00f3n en el Programa por parte del municipio, Servicios de Salud de Sinaloa, por medio de las Jurisdicciones sanitarias, califica si cumple con los requisitos y se inscribe al proceso de certificaci\u00f3n.<\/li>\n<li>Posterior a la inscripci\u00f3n del municipio al proceso de certificaci\u00f3n, la unidad de salud a la cual le corresponde la localidad realiza las detecciones de enfermedades tales como diabetes, hipertensi\u00f3n, obesidad, VIH\/SIDA, c\u00e1ncer de mama y cervicouterino.<\/li>\n<\/ol>\n<p>&nbsp;<\/p>\n<p>Asimismo, se realizan acciones de saneamiento b\u00e1sico, impartici\u00f3n de pl\u00e1ticas y acciones que favorezcan una cobertura completa de vacunaci\u00f3n en menores y adultos mayores, as\u00ed como perros y gatos.<\/p>\n<p>&nbsp;<\/p>\n<p><strong>Datos del responsable del programa:<\/strong><br \/>\nLcda. Itz\u00e9 Angulo L\u00f3pez<br \/>\nDepartamento Comunidades Saludables<br \/>\nSubdirecci\u00f3n de Promoci\u00f3n de la Salud<br \/>\nDirecci\u00f3n de Prevenci\u00f3n y Promoci\u00f3n de la Salud<br \/>\nServicios de Salud de Sinaloa<br \/>\n<strong>Correo oficial:<\/strong> <a href=\"mailto:comunidades.saludables@saludsinaloa.gob.mx\">comunidades.saludables@saludsinaloa.gob.mx<\/a><br \/>\n<strong>Tel\u00e9fono:<\/strong> 667 758 7000 <strong>extensi\u00f3n:<\/strong> 40393<br \/>\n<strong>Direcci\u00f3n:<\/strong> Blvd. Alfonso Zaragoza Maytorena #2204, Fracc. Bonanza, C\u00f3digo Postal 80020. Culiac\u00e1n, Sinaloa.<br \/>\n<strong>Horario de atenci\u00f3n:<\/strong> de 08:00 a 15:30 horas<br \/>\nP\u00e1gina web:<br \/>\n<a href=\"http:\/\/saludsinaloa.gob.mx\/index.php\/direccion-de-prevencion-y-promocion-de-la-salud\/\">http:\/\/saludsinaloa.gob.mx\/index.php\/direccion-de-prevencion-y-promocion-de-la-salud\/<\/a><\/p>\n","protected":false},"excerpt":{"rendered":"<p>Objetivo: Promover la participaci\u00f3n social en aspectos de salud como medio para lograr que individuos y comunidades tengan una vida plena mediante la creaci\u00f3n de entornos saludables. Descripci\u00f3n: El programa contempla combatir los problemas que amenazan la salud integral de las personas, familias y comunidades al fortalecer las conductas que benefician a su poblaci\u00f3n, a [&hellip;]<\/p>\n","protected":false},"author":1,"featured_media":0,"parent":0,"menu_order":0,"comment_status":"closed","ping_status":"closed","template":"templates\/full-width-page.php","meta":{"footnotes":""},"class_list":["post-6496","page","type-page","status-publish","hentry"],"_links":{"self":[{"href":"https:\/\/saludsinaloa.gob.mx\/index.php\/wp-json\/wp\/v2\/pages\/6496","targetHints":{"allow":["GET"]}}],"collection":[{"href":"https:\/\/saludsinaloa.gob.mx\/index.php\/wp-json\/wp\/v2\/pages"}],"about":[{"href":"https:\/\/saludsinaloa.gob.mx\/index.php\/wp-json\/wp\/v2\/types\/page"}],"author":[{"embeddable":true,"href":"https:\/\/saludsinaloa.gob.mx\/index.php\/wp-json\/wp\/v2\/users\/1"}],"replies":[{"embeddable":true,"href":"https:\/\/saludsinaloa.gob.mx\/index.php\/wp-json\/wp\/v2\/comments?post=6496"}],"version-history":[{"count":6,"href":"https:\/\/saludsinaloa.gob.mx\/index.php\/wp-json\/wp\/v2\/pages\/6496\/revisions"}],"predecessor-version":[{"id":19783,"href":"https:\/\/saludsinaloa.gob.mx\/index.php\/wp-json\/wp\/v2\/pages\/6496\/revisions\/19783"}],"wp:attachment":[{"href":"https:\/\/saludsinaloa.gob.mx\/index.php\/wp-json\/wp\/v2\/media?parent=6496"}],"curies":[{"name":"wp","href":"https:\/\/api.w.org\/{rel}","templated":true}]}}