{"id":649,"date":"2017-11-13T21:56:23","date_gmt":"2017-11-13T21:56:23","guid":{"rendered":"http:\/\/wpress2.saludsinaloa.gob.mx\/wordpress\/?page_id=649"},"modified":"2023-02-13T20:38:02","modified_gmt":"2023-02-13T20:38:02","slug":"u-hibadiraguato","status":"publish","type":"page","link":"https:\/\/saludsinaloa.gob.mx\/index.php\/unidades\/u-hibadiraguato\/","title":{"rendered":"HOSPITAL INTEGRAL DE BADIRAGUATO"},"content":{"rendered":"<p>Director: Dr. David Rodr\u00edguez L\u00f3pez.<br \/>\nDomicilio: Gabriel Leyva Solano 321 Pte. Col. Centro. C.P. 80500 Badiraguato, Sinaloa.<br \/>\nTel\u00e9fono: 01697 7410714 ext. #678<br \/>\n<a class=\"button cta-button cta-button-primary\" style=\"background: #f1703d!important;\" href=\"http:\/\/saludsinaloa.gob.mx\/index.php\/unidades\/u-hibadiraguato\/\" target=\"_blank\" rel=\"noopener\">Ir al Sitio<\/a><\/p>\n","protected":false},"excerpt":{"rendered":"<p>Director: Dr. David Rodr\u00edguez L\u00f3pez. Domicilio: Gabriel Leyva Solano 321 Pte. Col. Centro. C.P. 80500 Badiraguato, Sinaloa. Tel\u00e9fono: 01697 7410714 ext. #678 Ir al Sitio<\/p>\n","protected":false},"author":1,"featured_media":653,"parent":538,"menu_order":9,"comment_status":"closed","ping_status":"closed","template":"templates\/full-width-page.php","meta":{"footnotes":""},"class_list":["post-649","page","type-page","status-publish","has-post-thumbnail","hentry"],"_links":{"self":[{"href":"https:\/\/saludsinaloa.gob.mx\/index.php\/wp-json\/wp\/v2\/pages\/649","targetHints":{"allow":["GET"]}}],"collection":[{"href":"https:\/\/saludsinaloa.gob.mx\/index.php\/wp-json\/wp\/v2\/pages"}],"about":[{"href":"https:\/\/saludsinaloa.gob.mx\/index.php\/wp-json\/wp\/v2\/types\/page"}],"author":[{"embeddable":true,"href":"https:\/\/saludsinaloa.gob.mx\/index.php\/wp-json\/wp\/v2\/users\/1"}],"replies":[{"embeddable":true,"href":"https:\/\/saludsinaloa.gob.mx\/index.php\/wp-json\/wp\/v2\/comments?post=649"}],"version-history":[{"count":4,"href":"https:\/\/saludsinaloa.gob.mx\/index.php\/wp-json\/wp\/v2\/pages\/649\/revisions"}],"predecessor-version":[{"id":14322,"href":"https:\/\/saludsinaloa.gob.mx\/index.php\/wp-json\/wp\/v2\/pages\/649\/revisions\/14322"}],"up":[{"embeddable":true,"href":"https:\/\/saludsinaloa.gob.mx\/index.php\/wp-json\/wp\/v2\/pages\/538"}],"wp:featuredmedia":[{"embeddable":true,"href":"https:\/\/saludsinaloa.gob.mx\/index.php\/wp-json\/wp\/v2\/media\/653"}],"wp:attachment":[{"href":"https:\/\/saludsinaloa.gob.mx\/index.php\/wp-json\/wp\/v2\/media?parent=649"}],"curies":[{"name":"wp","href":"https:\/\/api.w.org\/{rel}","templated":true}]}}