{"id":6488,"date":"2019-02-19T19:41:47","date_gmt":"2019-02-19T19:41:47","guid":{"rendered":"http:\/\/saludsinaloa.gob.mx\/?page_id=6488"},"modified":"2025-03-14T18:30:28","modified_gmt":"2025-03-14T18:30:28","slug":"programa-prevencion-y-control-de-enfermedades-respiratorias-cronicas-y-agudas","status":"publish","type":"page","link":"https:\/\/saludsinaloa.gob.mx\/index.php\/programa-prevencion-y-control-de-enfermedades-respiratorias-cronicas-y-agudas\/","title":{"rendered":"Programa Prevenci\u00f3n y Control de Enfermedades Respiratorias Cr\u00f3nicas y Agudas"},"content":{"rendered":"<p><strong>Objetivo:<\/strong><\/p>\n<p>Prevenir y otorgar atenci\u00f3n m\u00e9dica a neumon\u00eda adquirida en la comunidad, influenza, asma y Enfermedad Pulmonar Obstructiva Cr\u00f3nica (EPOC) en el primer nivel de atenci\u00f3n m\u00e9dico.<\/p>\n<p>&nbsp;<\/p>\n<h4><strong>Descripci\u00f3n:<\/strong><\/h4>\n<p>El Programa de Enfermedades Respiratorias en Influenza (PAE-ERI) atiende a las personas mayores de 18 a\u00f1os de edad de ambos sexos. Los datos disponibles revelan que a partir de 2012 se registraron 13,937 casos de Asma, 426 de Influenza, 3454 de Neumon\u00eda Y de EPOC Aun no se tiene registro en el Sistema de Informaci\u00f3n en Salud. Para 2016 se presentaron 11,205 casos de Asma, 1,940 de Influenza, 5,456 de Neumon\u00eda y hasta la fecha no tenemos registro de los casos de Enfermedad Pulmonar Obstructiva Cr\u00f3nica (EPOC). La estrategia del Programa consiste en que deben documentarse los casos de Asma y EPOC a trav\u00e9s del estudio con Espirometr\u00edas, para el efecto en el presente a\u00f1o contamos con espir\u00f3metros en los Centro de Salud Urbano los Mochis, Guasave, Guam\u00fachil, Culiac\u00e1n y de Mazatl\u00e1n. Se ha dotado adem\u00e1s de espir\u00f3metros al Hospital General de los Mochis y al Hospital General de Culiac\u00e1n.<\/p>\n<p>&nbsp;<\/p>\n<h4><strong>Bienes y\/o servicios que entrega el programa:<\/strong><\/h4>\n<p>El programa brinda actualmente el servicio de espirometr\u00edas en el Centro de Salud Urbano de Culiac\u00e1n, Guasave, Guam\u00fachil, Los Mochis y Mazatl\u00e1n como unidades de primer nivel as\u00ed mismo el Hospital General de Culiac\u00e1n brinda atenci\u00f3n en los servicios de Terapia Pulmonar y Cl\u00ednica de Tabaquismo. Posterior al diagn\u00f3stico se realiza la prescripci\u00f3n de los medicamentos que correspondan a los pacientes.<\/p>\n<p>&nbsp;<\/p>\n<h4><strong>Cobertura:<\/strong><\/h4>\n<p>Culiac\u00e1n, Guasave, Guam\u00fachil, Los Mochis y Mazatl\u00e1n.<\/p>\n<p>&nbsp;<\/p>\n<h4><strong>Beneficiarios:<\/strong><\/h4>\n<p>Poblaci\u00f3n no afiliada al IMSS e ISSSTE, poblaci\u00f3n que goza del beneficio del Instituto de Salud para el Bienestar (INSABI).<\/p>\n<p>&nbsp;<\/p>\n<h4><strong>Requisitos del beneficiario:<\/strong><\/h4>\n<p>Lo \u00fanico que debes hacer es acudir a tu centro de salud m\u00e1s cercano y presentar uno de estos tres requisitos:<\/p>\n<ul>\n<li><\/li>\n<li>Acta de nacimiento.<\/li>\n<li>Credencial del INE.<\/li>\n<\/ul>\n<p>&nbsp;<\/p>\n<p>Con lo anterior, se llevar\u00e1 un registro de los beneficiarios para el control de atenci\u00f3n y el otorgamiento de medicamentos. En su p\u00e1gina web, el Gobierno de M\u00e9xico resalta que el INSABI garantizar\u00e1 el abasto de medicamentos y el equipamiento suficiente para la atenci\u00f3n de los beneficiarios en todos los niveles de atenci\u00f3n a la salud, adem\u00e1s que rehabilitar\u00e1 y ampliar\u00e1 la infraestructura m\u00e9dica.<\/p>\n<p><strong>\u00a0<\/strong><\/p>\n<h4><strong>Procedimiento para acceder a los bienes y\/o servicios del programa:<\/strong><\/h4>\n<p>En caso de requerir atenci\u00f3n m\u00e9dica:<\/p>\n<ul>\n<li>Acudir a una de las Unidades M\u00e9dicas Especializadas de Enfermedades Cr\u00f3nicas por voluntad propia y referidos por una unidad de salud.<\/li>\n<li>Acudir a una de las Unidades M\u00e9dicas Especializadas de Enfermedades Cr\u00f3nicas (UNEMES EC) llevando la hoja de referencia, en caso de haber sido referido por una unidad de salud m\u00e9dica de los Servicios de Salud de Sinaloa.<\/li>\n<li>Solicitar la atenci\u00f3n m\u00e9dica y entregar los documentos antes mencionados, en caso de contar con ellos.<\/li>\n<li>Responder a las encuestas que realicen los servicios de trabajo social y firmar carta compromiso as\u00ed como realizar el estudio socioecon\u00f3mico y encuestas (varios), posteriormente acude a consulta con m\u00e9dico especialista para elaboraci\u00f3n de historia cl\u00ednica finalizando con las siguientes \u00e1reas: enfermer\u00eda, psicolog\u00eda, y nutrici\u00f3n.<\/li>\n<li>Asistir de manera voluntaria a las citas establecidas por la unidad.<\/li>\n<\/ul>\n<p>&nbsp;<\/p>\n<p><strong>Datos del responsable del programa:<\/strong><br \/>\nDr. Rafael Beltr\u00e1n L\u00f3pez<br \/>\nPrograma Prevenci\u00f3n y Control Enfermedades Respiratorias Cr\u00f3nicas y Agudas (Neumon\u00eda, Influenza, COVID-19).<br \/>\nDepartamento de Vigilancia Epidemiol\u00f3gica.<br \/>\nSubdirecci\u00f3n de Epidemiolog\u00eda.<br \/>\nDirecci\u00f3n de Prevenci\u00f3n y Promoci\u00f3n de la Salud.<br \/>\nServicios de Salud de Sinaloa.<br \/>\n<strong>Correo oficial:<\/strong> <a href=\"mailto:enfermedades.respiratorias@saludsinaloa.gob.mx\">enfermedades.respiratorias@saludsinaloa.gob.mx<\/a><br \/>\n<strong>Tel\u00e9fono:<\/strong> 667 758 7000 <strong>Extensi\u00f3n:<\/strong> 40413<br \/>\n<strong>Direcci\u00f3n:<\/strong> Blvd. Alfonso Zaragoza No. 2204, Edificio B, Tercer Piso. Fraccionamiento Bonanza, C.P. 80020, Culiac\u00e1n, Sinaloa.<br \/>\n<strong>Horario de atenci\u00f3n:<\/strong> de 08:00 a 15:30 horas.<br \/>\nP\u00e1gina web:<br \/>\n<a href=\"http:\/\/saludsinaloa.gob.mx\/index.php\/direccion-de-prevencion-y-promocion-de-la-salud\/\">http:\/\/saludsinaloa.gob.mx\/index.php\/direccion-de-prevencion-y-promocion-de-la-salud\/<\/a><\/p>\n","protected":false},"excerpt":{"rendered":"<p>Objetivo: Prevenir y otorgar atenci\u00f3n m\u00e9dica a neumon\u00eda adquirida en la comunidad, influenza, asma y Enfermedad Pulmonar Obstructiva Cr\u00f3nica (EPOC) en el primer nivel de atenci\u00f3n m\u00e9dico. &nbsp; Descripci\u00f3n: El Programa de Enfermedades Respiratorias en Influenza (PAE-ERI) atiende a las personas mayores de 18 a\u00f1os de edad de ambos sexos. Los datos disponibles revelan que [&hellip;]<\/p>\n","protected":false},"author":1,"featured_media":0,"parent":0,"menu_order":0,"comment_status":"closed","ping_status":"closed","template":"templates\/full-width-page.php","meta":{"footnotes":""},"class_list":["post-6488","page","type-page","status-publish","hentry"],"_links":{"self":[{"href":"https:\/\/saludsinaloa.gob.mx\/index.php\/wp-json\/wp\/v2\/pages\/6488","targetHints":{"allow":["GET"]}}],"collection":[{"href":"https:\/\/saludsinaloa.gob.mx\/index.php\/wp-json\/wp\/v2\/pages"}],"about":[{"href":"https:\/\/saludsinaloa.gob.mx\/index.php\/wp-json\/wp\/v2\/types\/page"}],"author":[{"embeddable":true,"href":"https:\/\/saludsinaloa.gob.mx\/index.php\/wp-json\/wp\/v2\/users\/1"}],"replies":[{"embeddable":true,"href":"https:\/\/saludsinaloa.gob.mx\/index.php\/wp-json\/wp\/v2\/comments?post=6488"}],"version-history":[{"count":5,"href":"https:\/\/saludsinaloa.gob.mx\/index.php\/wp-json\/wp\/v2\/pages\/6488\/revisions"}],"predecessor-version":[{"id":19764,"href":"https:\/\/saludsinaloa.gob.mx\/index.php\/wp-json\/wp\/v2\/pages\/6488\/revisions\/19764"}],"wp:attachment":[{"href":"https:\/\/saludsinaloa.gob.mx\/index.php\/wp-json\/wp\/v2\/media?parent=6488"}],"curies":[{"name":"wp","href":"https:\/\/api.w.org\/{rel}","templated":true}]}}