{"id":6485,"date":"2019-02-19T19:26:35","date_gmt":"2019-02-19T19:26:35","guid":{"rendered":"http:\/\/saludsinaloa.gob.mx\/?page_id=6485"},"modified":"2025-03-14T18:36:31","modified_gmt":"2025-03-14T18:36:31","slug":"programa-de-prevencion-y-control-de-enfermedades-zoonoticas-y-emergentes","status":"publish","type":"page","link":"https:\/\/saludsinaloa.gob.mx\/index.php\/programa-de-prevencion-y-control-de-enfermedades-zoonoticas-y-emergentes\/","title":{"rendered":"Programa de Prevenci\u00f3n y Control de Enfermedades Zoon\u00f3ticas y Emergentes"},"content":{"rendered":"<p><strong>Objetivo:<\/strong><\/p>\n<ul>\n<li>Prevenir la transmisi\u00f3n de: La rabia, brucelosis, rickettsiosis y teniasis, as\u00ed como brindar atenci\u00f3n<br \/>\nm\u00e9dica de calidad y seguimiento epidemiol\u00f3gico a los que padecen estas enfermedades.<br \/>\n<strong>Descripci\u00f3n:<\/strong><\/li>\n<li>\u00a0Prevenci\u00f3n y control de la rabia: Desarrolla medidas como la vacunaci\u00f3n de perros y gatos realizada<br \/>\nen semanas nacionales, en los meses de marzo y septiembre, y el control de la poblaci\u00f3n canina y<br \/>\nfelina mediante jornadas de esterilizaci\u00f3n y sacrificio humanitario. Cuando una persona es agredida<br \/>\npor un animal y se encuentra en riesgo de transmisi\u00f3n del virus r\u00e1bico, se le aplica tratamiento de<br \/>\nacuerdo con el esquema de vacunaci\u00f3n.<\/li>\n<li>\u00a0Prevenci\u00f3n y control de brucelosis: Se realizan pruebas de laboratorio para confirmar si una persona<br \/>\npadece de brucelosis. De resultar positivo a esta enfermedad, se le otorga el tratamiento de manera<br \/>\ngratuita.<\/li>\n<li>\u00a0Prevenci\u00f3n y control de Rickettsia: La Ricketsiosis es ocasionada por la mordedura de pulgas y<br \/>\ngarrapatas, por lo que es importante realizar la detecci\u00f3n, notificaci\u00f3n y el tratamiento oportuno de<br \/>\npersonas que presenten s\u00edntomas como son fiebre, dolor de cabeza, inflamaci\u00f3n de n\u00f3dulos<br \/>\ncervicales. Para su prevenci\u00f3n, se desarrollan acciones de control de pulgas y garrapatas con el<br \/>\nrociado de insecticida en viviendas con casos probables y\/o confirmados, as\u00ed como la desparasitaci\u00f3n<br \/>\nexterna de perros y gatos.<\/li>\n<li>\u00a0Prevenci\u00f3n y control de la Teniasis: La teniasis es producida por el parasito Taenia solium, la<br \/>\ndetecci\u00f3n, notificaci\u00f3n y el tratamiento oportuno de personas, forma parte del proyecto de<br \/>\neliminaci\u00f3n del parasito de acuerdo a la OPS.<br \/>\n<strong>Bienes y servicios que entrega el programa:<\/strong><br \/>\n<strong>Prevenci\u00f3n y control de la rabia:<\/strong><\/li>\n<li>\u00a0Aplicaci\u00f3n de biol\u00f3gicos antirr\u00e1bicos humanos.<\/li>\n<li>\u00a0Aplicaci\u00f3n de vacuna antirr\u00e1bica canina y felina.<\/li>\n<li>\u00a0Capacitaci\u00f3n.<\/li>\n<li>\u00a0Medicamentos.<\/li>\n<li>\u00a0Campa\u00f1as de esterilizaci\u00f3n quir\u00fargica gratuita de perros y gatos.<br \/>\n<strong>Prevenci\u00f3n y control de brucelosis:<\/strong><\/li>\n<li>\u00a0Pruebas de laboratorio para confirmar enfermedad.<\/li>\n<li>\u00a0Tratamientos.<\/li>\n<li>\u00a0Seguimiento epidemiol\u00f3gico de pacientes.<br \/>\n<strong>Prevenci\u00f3n y control de rickettsia:<\/strong><\/li>\n<li>\u00a0Pruebas de laboratorio para confirmar enfermedad.<\/li>\n<li>\u00a0Tratamiento adecuado a los pacientes con diagn\u00f3stico probable y\/o confirmado.<\/li>\n<li>\u00a0Rociado de insecticida y control y\/o eliminaci\u00f3n de las garrapatas y pulgas en viviendas con<br \/>\ncasos probables y\/o confirmados.<\/li>\n<li>\u00a0Desparasitaci\u00f3n de perros y\/o gatos, para control de garrapatas y\/o pulgas en viviendas con<br \/>\ncasos probables y\/o confirmados.<br \/>\n<strong>Prevenci\u00f3n y control de teniasis:<\/strong><\/li>\n<li>\u00a0Pruebas de laboratorio para confirmar enfermedad.<\/li>\n<li>\u00a0Tratamiento adecuado a los pacientes con diagn\u00f3stico probable y\/o confirmado.<\/li>\n<li>\u00a0Seguimiento epidemiol\u00f3gico de pacientes.<br \/>\n<strong>Cobertura:<\/strong><\/li>\n<li>Todos los municipios del Estado de Sinaloa.<br \/>\n<strong>Beneficiarios:<\/strong><\/li>\n<li>Poblaci\u00f3n en general.<br \/>\n<strong>Requisitos del beneficiario:<\/strong><\/li>\n<li>\u00a0Identificaci\u00f3n (puede ser oficial o no oficial).<\/li>\n<li>\u00a0Haber sido agredido o haber estado en contacto con animal sospechoso de enfermedad.<\/li>\n<li>\u00a0Presentar alg\u00fan s\u00edntoma de alguna de las enfermedades.<br \/>\n<strong>Procedimiento para acceder a los bienes y\/o servicios del programa:<\/strong><br \/>\n<strong>Prevenci\u00f3n y control de la rabia:<\/strong><\/li>\n<li>\u00a0Cuando una persona es agredida por un animal debe de acudir a su Centro de Salud m\u00e1s<br \/>\ncercano.<\/li>\n<li>\u00a0Los propietarios deber\u00e1n acudir con la cartilla de vacunaci\u00f3n del animal. En caso que no<br \/>\ntengan, se les proporcionar\u00e1 una (sujeto a disponibilidad).<\/li>\n<li>\u00a0Mediante el barrido casa por casa o puestos de vacunaci\u00f3n, se aplica vacuna antirr\u00e1bica de<br \/>\nmanera gratuita a perros y gatos del estado.<\/li>\n<li>\u00a0Mediante comunicados de prensa se difunden las fechas de las Campa\u00f1as de Esterilizaci\u00f3n y<br \/>\nse publican.<br \/>\n<strong>Prevenci\u00f3n y control de brucelosis:<\/strong><\/li>\n<li>\u00a0Acudir a consultar a la unidad de salud.<\/li>\n<li>\u00a0Proporcionar muestra de sangre para estudios de confirmaci\u00f3n (Rosa de Bengala y 2-<br \/>\nMercapto etanol).<\/li>\n<li>\u00a0Seguir el tratamiento prescrito por m\u00e9dico, en caso confirmatorio.<\/li>\n<li>\u00a0De igual manera puede ser detectado en caso de que el paciente sea donador en Centros de<br \/>\nDonaci\u00f3n de Sangre, al hacer las pruebas de control.<br \/>\n<strong>Prevenci\u00f3n y control de rickettsia:<\/strong><\/li>\n<li>\u00a0Acudir a consultar a la unidad de salud.<\/li>\n<li>\u00a0Proporcionar muestra de sangre para estudios de confirmaci\u00f3n.<\/li>\n<li>\u00a0Seguir el tratamiento prescrito por m\u00e9dico, en caso confirmatorio.<\/li>\n<li>\u00a0Proporcionar acceso a la vivienda al personal de brigadas de salud para el rociado de<br \/>\ninsecticida y desparasitaci\u00f3n externa de la piel de perros y gatos (solo se realiza en lugares<br \/>\ncon caso sospechoso o confirmado de la enfermedad).<br \/>\n<strong>Prevenci\u00f3n y control de teniasis:<\/strong><br \/>\n\u2022 Acudir a consulta a la unidad de salud.<\/li>\n<li>\u00a0Proporcionar muestras para estudios de confirmaci\u00f3n.<br \/>\n\u2022 Recibe su tratamiento.<\/li>\n<\/ul>\n<p><strong>Datos del contacto y responsable del programa:<\/strong><br \/>\nDr. Carlos V\u00edctor Hern\u00e1ndez Ram\u00edrez.<br \/>\nCoordinador Estatal del Programa de Prevenci\u00f3n y Control de Enfermedades Zoon\u00f3ticas y<br \/>\nEmergentes.<br \/>\nDirecci\u00f3n de Prevenci\u00f3n y Promoci\u00f3n de la Salud.<br \/>\n<strong>Horario de atenci\u00f3n:<\/strong><br \/>\nDe lunes a viernes de 8:00 a 14:00 horas.<br \/>\n<strong>Medios de contacto:<\/strong><br \/>\nTel\u00e9fono: 667 2868340 ext. 242<br \/>\nCorreo oficial: <a href=\"mailto:zoonosis@saludsinaloa.gob.mx\">zoonosis@saludsinaloa.gob.mx<\/a><br \/>\n<strong>Domicilio:<\/strong><br \/>\nCalle Mariano Escobedo 1026, Colonia Las Vegas, C\u00f3digo Postal 80090, Culiac\u00e1n, Sinaloa, M\u00e9xico.<\/p>\n<p>&nbsp;<\/p>\n","protected":false},"excerpt":{"rendered":"<p>Objetivo: Prevenir la transmisi\u00f3n de: La rabia, brucelosis, rickettsiosis y teniasis, as\u00ed como brindar atenci\u00f3n m\u00e9dica de calidad y seguimiento epidemiol\u00f3gico a los que padecen estas enfermedades. Descripci\u00f3n: \u00a0Prevenci\u00f3n y control de la rabia: Desarrolla medidas como la vacunaci\u00f3n de perros y gatos realizada en semanas nacionales, en los meses de marzo y septiembre, y [&hellip;]<\/p>\n","protected":false},"author":1,"featured_media":0,"parent":0,"menu_order":0,"comment_status":"closed","ping_status":"closed","template":"templates\/full-width-page.php","meta":{"footnotes":""},"class_list":["post-6485","page","type-page","status-publish","hentry"],"_links":{"self":[{"href":"https:\/\/saludsinaloa.gob.mx\/index.php\/wp-json\/wp\/v2\/pages\/6485","targetHints":{"allow":["GET"]}}],"collection":[{"href":"https:\/\/saludsinaloa.gob.mx\/index.php\/wp-json\/wp\/v2\/pages"}],"about":[{"href":"https:\/\/saludsinaloa.gob.mx\/index.php\/wp-json\/wp\/v2\/types\/page"}],"author":[{"embeddable":true,"href":"https:\/\/saludsinaloa.gob.mx\/index.php\/wp-json\/wp\/v2\/users\/1"}],"replies":[{"embeddable":true,"href":"https:\/\/saludsinaloa.gob.mx\/index.php\/wp-json\/wp\/v2\/comments?post=6485"}],"version-history":[{"count":5,"href":"https:\/\/saludsinaloa.gob.mx\/index.php\/wp-json\/wp\/v2\/pages\/6485\/revisions"}],"predecessor-version":[{"id":19766,"href":"https:\/\/saludsinaloa.gob.mx\/index.php\/wp-json\/wp\/v2\/pages\/6485\/revisions\/19766"}],"wp:attachment":[{"href":"https:\/\/saludsinaloa.gob.mx\/index.php\/wp-json\/wp\/v2\/media?parent=6485"}],"curies":[{"name":"wp","href":"https:\/\/api.w.org\/{rel}","templated":true}]}}