{"id":6481,"date":"2019-02-19T18:52:22","date_gmt":"2019-02-19T18:52:22","guid":{"rendered":"http:\/\/saludsinaloa.gob.mx\/?page_id=6481"},"modified":"2025-03-14T18:40:49","modified_gmt":"2025-03-14T18:40:49","slug":"programa-cancer-en-la-infancia-y-la-adolescencia","status":"publish","type":"page","link":"https:\/\/saludsinaloa.gob.mx\/index.php\/programa-cancer-en-la-infancia-y-la-adolescencia\/","title":{"rendered":"Programa C\u00e1ncer en la Infancia y la Adolescencia"},"content":{"rendered":"<h4><strong>Objetivo:<\/strong><\/h4>\n<p>El Programa de C\u00e1ncer en la Infancia y la Adolescencia tiene como objetivo disminuir la mortalidad e incrementar la sobrevida en los menores de 19 a\u00f1os de edad a trav\u00e9s del diagn\u00f3stico temprano y tratamiento oportuno y universal para las ni\u00f1as, ni\u00f1os y adolescentes con c\u00e1ncer.<\/p>\n<p>&nbsp;<\/p>\n<h4><strong>Descripci\u00f3n:<\/strong><\/h4>\n<p>El fortalecimiento de las estrategias del Programa est\u00e1 dirigido a promover la detecci\u00f3n y diagn\u00f3stico temprano y tratamiento oportuno, efectivo y de calidad, para las ni\u00f1as, ni\u00f1os y adolescentes con c\u00e1ncer. Esto a trav\u00e9s de capacitaci\u00f3n dirigida a personal de salud, supervisi\u00f3n de unidades m\u00e9dicas, servicios Estatales de Salud, y el seguimiento a la operaci\u00f3n y funcionamiento de los COECIA.<\/p>\n<p>Aunado a lo anterior, los sistemas de informaci\u00f3n relacionados al c\u00e1ncer se fortalecen a trav\u00e9s del seguimiento y evaluaci\u00f3n, para estar en posibilidad de tomar decisiones, implementar\u00a0 acciones de mejora y contribuir en la generaci\u00f3n de pol\u00edticas p\u00fablicas dirigidas a la atenci\u00f3n de este grupo de poblaci\u00f3n<\/p>\n<p>&nbsp;<\/p>\n<h4><strong>Bienes y\/o servicios que entrega el programa:<\/strong><\/h4>\n<ul>\n<li>Detecci\u00f3n Oportuna de C\u00e1ncer en la Infancia y la Adolescencia.<\/li>\n<li>Referencia oportuna de pacientes sospechosos al Hospital Pediatrico de Sinaloa.<\/li>\n<\/ul>\n<p>&nbsp;<\/p>\n<h4><strong>Cobertura:<\/strong><\/h4>\n<p>Ahome, El Fuerte, Choix, Guasave, Sinaloa de Leyva, Salvador Alvarado, Angostura, Mocorito, Badiraguato, Navolato, Culiac\u00e1n, Elota, San Ignacio, Mazatl\u00e1n, Concordia, El Rosario y Escuinapa.<\/p>\n<p>&nbsp;<\/p>\n<h4><strong>Beneficiarios:<\/strong><\/h4>\n<p>Todos los hombres y mujeres de reci\u00e9n nacidos hasta los 19 a\u00f1os, sin seguridad social.<\/p>\n<p>&nbsp;<\/p>\n<h4><strong>Requisitos del beneficiario:<\/strong><\/h4>\n<p>Requisitos para consulta:<\/p>\n<ul>\n<li>Clave \u00danica de Registro de Poblaci\u00f3n (CURP) o acta de nacimiento.<\/li>\n<li>Llevar su cartilla de Salud o en caso de no contar con ella solicitarla en la unidad m\u00e9dica.<\/li>\n<\/ul>\n<p>Requisitos para participar en pl\u00e1ticas:<\/p>\n<ul>\n<li>Clave \u00danica de Registro de Poblaci\u00f3n (CURP) o acta de nacimiento.<\/li>\n<\/ul>\n<p>&nbsp;<\/p>\n<h4><strong>Procedimientos para acceder a los bienes y\/o servicios del programa:<\/strong><\/h4>\n<p>Para la consulta:<\/p>\n<ol>\n<li>Acudir a cualquier unidad m\u00e9dica de Servicios de Salud de Sinaloa, de lunes a viernes, en horario de 8 de la ma\u00f1ana a 4 de la tarde<\/li>\n<li>Solicitar la atenci\u00f3n m\u00e9dica requerida o pl\u00e1ticas entre otros:<\/li>\n<\/ol>\n<ul>\n<li>Acudir al Centro de Salud m\u00e1s cercano en los horarios establecidos para cada Unidad de Salud.<\/li>\n<\/ul>\n<ol start=\"3\">\n<li>Preguntar por las diversas actividades que se realizan en esa unidad m\u00e9dica.<\/li>\n<\/ol>\n<ul>\n<li>Para las actividades durante el mes de febrero de cada a\u00f1o (mes internacional de la lucha contra el c\u00e1ncer infantil), la unidad m\u00e9dica cuenta con un calendario establecido de actividades, donde indican hora, fecha, lugar y evento a desarrollarse.<\/li>\n<\/ul>\n<p>&nbsp;<\/p>\n<p><strong>Datos del responsable del programa:<\/strong><br \/>\nDra. Consuelo Lopez Zavala.<br \/>\nPrograma C\u00e1ncer en la Infancia y la Adolescencia.<br \/>\nDepartamento Salud de la Infancia y la Adolescencia.<br \/>\nSubdirecci\u00f3n de Prevenci\u00f3n y Control de Enfermedades.<br \/>\nServicios de Salud de Sinaloa.<br \/>\n<strong>Domicilio:<\/strong> Calle Juan M. Banderas s\/n entre Blvd. Emiliano Zapata y Constituci\u00f3n<br \/>\nColonia Almada, Culiac\u00e1n, Sinaloa, C.P. 80200<br \/>\n<strong>Tel\u00e9fono<\/strong>: 667 716 0935<br \/>\n<strong>Correo oficial: <\/strong><a href=\"mailto:p.salud.infancia@saludsinaloa.gob.mx\">p.salud.infancia@saludsinaloa.gob.mx<\/a><br \/>\n<strong>Horario de atenci\u00f3n:<\/strong> 08:00 a 15:00 horas.<br \/>\nP\u00e1gina web:<br \/>\n<a href=\"http:\/\/saludsinaloa.gob.mx\/index.php\/direccion-de-prevencion-y-promocion-de-la-salud\/\">http:\/\/saludsinaloa.gob.mx\/index.php\/direccion-de-prevencion-y-promocion-de-la-salud\/<\/a><\/p>\n","protected":false},"excerpt":{"rendered":"<p>Objetivo: El Programa de C\u00e1ncer en la Infancia y la Adolescencia tiene como objetivo disminuir la mortalidad e incrementar la sobrevida en los menores de 19 a\u00f1os de edad a trav\u00e9s del diagn\u00f3stico temprano y tratamiento oportuno y universal para las ni\u00f1as, ni\u00f1os y adolescentes con c\u00e1ncer. &nbsp; Descripci\u00f3n: El fortalecimiento de las estrategias del [&hellip;]<\/p>\n","protected":false},"author":1,"featured_media":0,"parent":0,"menu_order":0,"comment_status":"closed","ping_status":"closed","template":"templates\/full-width-page.php","meta":{"footnotes":""},"class_list":["post-6481","page","type-page","status-publish","hentry"],"_links":{"self":[{"href":"https:\/\/saludsinaloa.gob.mx\/index.php\/wp-json\/wp\/v2\/pages\/6481","targetHints":{"allow":["GET"]}}],"collection":[{"href":"https:\/\/saludsinaloa.gob.mx\/index.php\/wp-json\/wp\/v2\/pages"}],"about":[{"href":"https:\/\/saludsinaloa.gob.mx\/index.php\/wp-json\/wp\/v2\/types\/page"}],"author":[{"embeddable":true,"href":"https:\/\/saludsinaloa.gob.mx\/index.php\/wp-json\/wp\/v2\/users\/1"}],"replies":[{"embeddable":true,"href":"https:\/\/saludsinaloa.gob.mx\/index.php\/wp-json\/wp\/v2\/comments?post=6481"}],"version-history":[{"count":7,"href":"https:\/\/saludsinaloa.gob.mx\/index.php\/wp-json\/wp\/v2\/pages\/6481\/revisions"}],"predecessor-version":[{"id":19772,"href":"https:\/\/saludsinaloa.gob.mx\/index.php\/wp-json\/wp\/v2\/pages\/6481\/revisions\/19772"}],"wp:attachment":[{"href":"https:\/\/saludsinaloa.gob.mx\/index.php\/wp-json\/wp\/v2\/media?parent=6481"}],"curies":[{"name":"wp","href":"https:\/\/api.w.org\/{rel}","templated":true}]}}