{"id":6479,"date":"2019-02-19T18:43:21","date_gmt":"2019-02-19T18:43:21","guid":{"rendered":"http:\/\/saludsinaloa.gob.mx\/?page_id=6479"},"modified":"2025-03-14T19:01:36","modified_gmt":"2025-03-14T19:01:36","slug":"programa-prevencion-y-control-del-vih-sida-e-infeccion-de-transmision-sexual","status":"publish","type":"page","link":"https:\/\/saludsinaloa.gob.mx\/index.php\/programa-prevencion-y-control-del-vih-sida-e-infeccion-de-transmision-sexual\/","title":{"rendered":"Programa Prevenci\u00f3n y Control del VIH\/Sida e Infecci\u00f3n de Transmisi\u00f3n Sexual"},"content":{"rendered":"<p><strong>Objetivo:<\/strong><\/p>\n<ul>\n<li>Disminuir la incidencia acumulada y la mortalidad por VIH y sida mediante acciones de prevenci\u00f3n,<br \/>\ndetecci\u00f3n y atenci\u00f3n oportuna de manera integral y multidisciplinaria, que permita a las personas que<br \/>\nviven con VIH mejorar su calidad de vida.<br \/>\n<strong>Descripci\u00f3n:<\/strong><\/li>\n<li>A trav\u00e9s de los centros de salud y lo Centros Ambulatorios para la Prevenci\u00f3n y Atenci\u00f3n del VIH\/Sida<br \/>\ne Infecciones de Transmisi\u00f3n Sexual (CAPASITS) realiza acciones con un enfoque preventivo,<br \/>\nutilizando diversas estrategias para evitar la transmisi\u00f3n de VIH\/Sida y otras Infecciones de<br \/>\nTransmisi\u00f3n Sexual (ITS), con un enfoque en la disminuci\u00f3n de los efectos del VIH e ITS, mediante<br \/>\nprevenci\u00f3n focalizada, entrega de preservativos, diagn\u00f3stico temprano con pruebas r\u00e1pidas de<br \/>\ntamizaje de VIH, S\u00edfilis y Hepatitis C, con corroboraci\u00f3n diagn\u00f3stica posterior al tamizaje de casos<br \/>\nsospechosos, adem\u00e1s de brindar Terapia Postexposici\u00f3n (PEP) y Terapia Preexposici\u00f3n al VIH (PrEP)<br \/>\nen la b\u00fasqueda de evitar nuevos contagios en poblaciones de alta vulnerabilidad, tratamiento<br \/>\ngratuito para todas las personas que viven con VIH que no cuenten con seguridad social, con<br \/>\nprioridad en la detecci\u00f3n oportuna del VIH y S\u00edfilis en embarazadas buscando la eliminaci\u00f3n de la<br \/>\ntransmisi\u00f3n vertical del VIH y la S\u00edfilis cong\u00e9nita. El programa fortalece la rector\u00eda mediante la<br \/>\nimplementaci\u00f3n de estrategias de prevenci\u00f3n combinada en poblaciones claves y en situaci\u00f3n de<br \/>\ndesigualdad (hombres que tienen sexo con hombres, trabajadores y trabajadoras del sexo comercial,<br \/>\nusuarios de drogas intravenosas, poblaci\u00f3n migrante, entre otras). Los servicios de prevenci\u00f3n,<br \/>\ndetecci\u00f3n, diagn\u00f3stico, tratamiento y seguimiento son totalmente gratuitos con un enfoque al<br \/>\nrespeto de los derechos humanos y a la diversidad sexual y cultural.<br \/>\n<strong>Bienes y servicios que entrega el programa:<\/strong><\/li>\n<li>\u00a0Pruebas r\u00e1pidas de tamizaje de VIH, S\u00edfilis y Virus de Hepatitis C.<\/li>\n<li>\u00a0Entrega de preservativos (cond\u00f3n masculino, cond\u00f3n femenino y lubricantes).<\/li>\n<li>\u00a0Corroboraci\u00f3n diagn\u00f3stica de infecciones de transmisi\u00f3n sexual incluyendo el VIH.<\/li>\n<li>\u00a0Consulta psicol\u00f3gica.<\/li>\n<li>\u00a0Atenci\u00f3n odontol\u00f3gica.<\/li>\n<li>\u00a0Atenci\u00f3n por trabajo social.<\/li>\n<li>\u00a0Servicio de enfermer\u00eda.<\/li>\n<li>\u00a0Consulta m\u00e9dica.<\/li>\n<li>\u00a0Tratamientos antivirales gratuitos (para la infecci\u00f3n por Virus de Hepatitis C).<\/li>\n<li>\u00a0Tratamientos antirretrovirales gratuitos (para la atenci\u00f3n de personas que viven con VIH).<\/li>\n<li>\u00a0Seguimiento de la infecci\u00f3n por VIH mediante mediciones de Carga Viral y de linfocitos CD4.<br \/>\n<strong>Cobertura:<\/strong><br \/>\nTodos los municipios del Estado de Sinaloa.<\/li>\n<li><strong>Beneficiarios:<\/strong><br \/>\nPoblaci\u00f3n en general.<\/li>\n<li>Poblaci\u00f3n Sinaloense con derechohabiencia (beneficio de tamizaje y diagn\u00f3stico de VIH, s\u00edfilis<br \/>\ny Hepatitis C, entrega de preservativos).<\/li>\n<li>\u00a0Poblaci\u00f3n sin derechohabiencia (Todos los servicios del programa incluyendo tratamiento<br \/>\npara el VIH y el Virus de Hepatitis C gratuito).<br \/>\nRequisitos del beneficiario:<br \/>\nNo ser derechohabiente de alguna instituci\u00f3n de seguridad social.<br \/>\n<strong>Procedimiento para acceder a los bienes y\/o servicios del programa:<\/strong><\/li>\n<li>\u00a0Podr\u00e1 acudir cualquier persona al centro de salud m\u00e1s cercano o a la Uneme CAPASITS para<br \/>\nrealizarse tamizaje mediante prueba r\u00e1pida de VIH, s\u00edfilis o virus de hepatitis C, o simplemente<br \/>\nque acuda a solicitar preservativos (estos servicios no se requiere ninguna documentaci\u00f3n o<br \/>\nrequisito y son totalmente gratuitos).<\/li>\n<li>\u00a0En caso de resultar reactivo a prueba r\u00e1pida de VIH o del virus de hepatitis C, se le referir\u00e1 a un<br \/>\nCentro Ambulatorio para la Prevenci\u00f3n y Atenci\u00f3n del VIH Sida e Infecciones de Transmisi\u00f3n<br \/>\nSexual (CAPASITS) m\u00e1s cercano, la cual har\u00e1 la corroboraci\u00f3n diagn\u00f3stica y en caso de requerir<br \/>\ntratamiento y no contar con ninguna derechohabiencia le brindar\u00e1 atenci\u00f3n de manera gratuita;<br \/>\nen caso de contar con derechohabiencia y haber confirmado su diagn\u00f3stico de VIH o del virus de<br \/>\nhepatitis C se referir\u00e1 a su cl\u00ednica de derechohabiencia que le corresponda.<\/li>\n<\/ul>\n<p><strong>Datos del contacto y responsable del programa:<\/strong><br \/>\nLic. Psic. Susana Aceves Angulo.<br \/>\nCoordinador Estatal del Programa de Prevenci\u00f3n y Control del VIH\/Sida e Infecci\u00f3n de Transmisi\u00f3n<br \/>\nSexual.<br \/>\nDirecci\u00f3n de Prevenci\u00f3n y Promoci\u00f3n de la Salud.<br \/>\n<strong>Horario de atenci\u00f3n:<\/strong><br \/>\nDe lunes a viernes de 8:00 a 14:00 horas.<br \/>\n<strong>Medios de contacto:<\/strong><br \/>\nTel\u00e9fono: 667 758 7000 ext. 40390<br \/>\nCorreo oficial: <a href=\"mailto:vih@saludsinaloa.gob.mx\">coordvih@saludsinaloa.gob.mx<\/a><br \/>\n<strong>Domicilio:<\/strong><br \/>\nBoulevard Alfonso Zaragoza Maytorena #2204, Edificio B, tercer piso, Fraccionamiento Bonanza,<br \/>\nC\u00f3digo Postal 80020, Culiac\u00e1n, Sinaloa, M\u00e9xico.<\/p>\n<p>&nbsp;<\/p>\n","protected":false},"excerpt":{"rendered":"<p>Objetivo: Disminuir la incidencia acumulada y la mortalidad por VIH y sida mediante acciones de prevenci\u00f3n, detecci\u00f3n y atenci\u00f3n oportuna de manera integral y multidisciplinaria, que permita a las personas que viven con VIH mejorar su calidad de vida. Descripci\u00f3n: A trav\u00e9s de los centros de salud y lo Centros Ambulatorios para la Prevenci\u00f3n y [&hellip;]<\/p>\n","protected":false},"author":1,"featured_media":0,"parent":0,"menu_order":0,"comment_status":"closed","ping_status":"closed","template":"templates\/full-width-page.php","meta":{"footnotes":""},"class_list":["post-6479","page","type-page","status-publish","hentry"],"_links":{"self":[{"href":"https:\/\/saludsinaloa.gob.mx\/index.php\/wp-json\/wp\/v2\/pages\/6479","targetHints":{"allow":["GET"]}}],"collection":[{"href":"https:\/\/saludsinaloa.gob.mx\/index.php\/wp-json\/wp\/v2\/pages"}],"about":[{"href":"https:\/\/saludsinaloa.gob.mx\/index.php\/wp-json\/wp\/v2\/types\/page"}],"author":[{"embeddable":true,"href":"https:\/\/saludsinaloa.gob.mx\/index.php\/wp-json\/wp\/v2\/users\/1"}],"replies":[{"embeddable":true,"href":"https:\/\/saludsinaloa.gob.mx\/index.php\/wp-json\/wp\/v2\/comments?post=6479"}],"version-history":[{"count":8,"href":"https:\/\/saludsinaloa.gob.mx\/index.php\/wp-json\/wp\/v2\/pages\/6479\/revisions"}],"predecessor-version":[{"id":19779,"href":"https:\/\/saludsinaloa.gob.mx\/index.php\/wp-json\/wp\/v2\/pages\/6479\/revisions\/19779"}],"wp:attachment":[{"href":"https:\/\/saludsinaloa.gob.mx\/index.php\/wp-json\/wp\/v2\/media?parent=6479"}],"curies":[{"name":"wp","href":"https:\/\/api.w.org\/{rel}","templated":true}]}}