{"id":6474,"date":"2019-02-18T21:39:04","date_gmt":"2019-02-18T21:39:04","guid":{"rendered":"http:\/\/saludsinaloa.gob.mx\/?page_id=6474"},"modified":"2025-03-14T18:41:22","modified_gmt":"2025-03-14T18:41:22","slug":"programa-de-vacunacion-universal","status":"publish","type":"page","link":"https:\/\/saludsinaloa.gob.mx\/index.php\/programa-de-vacunacion-universal\/","title":{"rendered":"Programa de Vacunaci\u00f3n Universal"},"content":{"rendered":"<h4><strong>Objetivo:<\/strong><\/h4>\n<p>Otorgar protecci\u00f3n espec\u00edfica a la poblaci\u00f3n contra enfermedades que son prevenibles mediante la aplicaci\u00f3n de las vacunas correspondientes<strong>.<\/strong><\/p>\n<h4><strong>\u00a0<\/strong><strong>Descripci\u00f3n:<\/strong><\/h4>\n<p>Aplicar los lineamientos anuales emitidos por nivel nacional del programa de vacunaci\u00f3n.<\/p>\n<h4><strong>Estrategias de atenci\u00f3n:<\/strong><\/h4>\n<ol>\n<li>Programa permanente: consiste en actividades continuas durante todo el a\u00f1o en las unidades de salud que cuentan con servicio de vacunaci\u00f3n (inmunizaci\u00f3n). Est\u00e1 enfocado a la aplicaci\u00f3n de las dosis a menores de 8 a\u00f1os, seg\u00fan los esquemas b\u00e1sicos de vacunaci\u00f3n y complementarios para los diferentes grupos de poblaci\u00f3n.<\/li>\n<li>Acciones intensivas: lograr el control epidemiol\u00f3gico de las enfermedades prevenibles (inmunoprevenibles) y reducir el n\u00famero de individuos susceptibles. Estas acciones se programan en la \u00e9poca de mayor incidencia de los padecimientos que se previenen con las vacunas, por lo cual se realizan tres operativos al a\u00f1o en los meses de febrero, mayo y octubre.<\/li>\n<\/ol>\n<h4><strong>Bienes y servicios que entrega el programa:<\/strong><\/h4>\n<ul>\n<li>Vacunas.<\/li>\n<li>Campa\u00f1as de vacunaci\u00f3n.<\/li>\n<\/ul>\n<h4><strong>Cobertura:<\/strong><\/h4>\n<p>En todos los municipios del estado de Sinaloa.<\/p>\n<h4><strong>\u00a0<\/strong><strong>Beneficiarios:<\/strong><\/h4>\n<p>Poblaci\u00f3n del Estado de Sinaloa.<\/p>\n<h4><strong>Requisitos del beneficiario:<\/strong><\/h4>\n<ul>\n<li>Sin seguridad social.<\/li>\n<li>Cartilla Nacional de Salud.<\/li>\n<\/ul>\n<h4><strong>Procedimiento para acceder a los bienes y\/o servicios del programa<\/strong>:<\/h4>\n<ul>\n<li>Las primeras vacunas se aplican al menor en el hospital donde nace, antes de darle de alta.<\/li>\n<li>Posteriormente, se acude a la unidad m\u00e9dica con la Cartilla Nacional de Salud para las siguientes aplicaciones de la vacuna, de acuerdo con la edad indicada en la Cartilla.<\/li>\n<\/ul>\n<p>&nbsp;<\/p>\n<p><strong>Datos del contacto y responsable del programa:<\/strong><br \/>\nDra. Alma Carmina Rodr\u00edguez Boj\u00f3rquez.<br \/>\nCoordinadora del Programa Vacunaci\u00f3n Universal.<br \/>\nDepartamento de Infancia y Adolescencia.<br \/>\nSubdirecci\u00f3n de Prevenci\u00f3n y Control de Enfermedades.<br \/>\nDirecci\u00f3n de Prevenci\u00f3n y Promoci\u00f3n de la Salud.<br \/>\nServicios de Salud de Sinaloa.<br \/>\n<strong>Correo oficial:<\/strong> <a href=\"mailto:vacunas@saludsinaloa.gob.mx\">vacunas@saludsinaloa.gob.mx<\/a><br \/>\n<strong>Domicilio:<\/strong> Calle Juan M. Banderas s\/n entre Blvd. Emiliano Zapata y Constituci\u00f3n.<br \/>\nColonia Almada, Culiac\u00e1n, Sinaloa, C.P. 80200.<br \/>\n<strong>Horario de atenci\u00f3n:<\/strong> de 08:00 a 15:30 horas.<br \/>\n<strong>Tel\u00e9fono:<\/strong> 667 716 0935<br \/>\nP\u00e1gina web:<br \/>\n<a href=\"http:\/\/saludsinaloa.gob.mx\/index.php\/direccion-de-prevencion-y-promocion-de-la-salud\/\">http:\/\/saludsinaloa.gob.mx\/index.php\/direccion-de-prevencion-y-promocion-de-la-salud\/<\/a><\/p>\n<p>&nbsp;<\/p>\n<p><img fetchpriority=\"high\" decoding=\"async\" class=\" wp-image-13640 aligncenter\" src=\"http:\/\/saludsinaloa.gob.mx\/wp-content\/uploads\/2022\/07\/CARTILLASVACU-300x181.png\" alt=\"\" width=\"404\" height=\"244\" srcset=\"https:\/\/saludsinaloa.gob.mx\/wp-content\/uploads\/2022\/07\/CARTILLASVACU-300x181.png 300w, https:\/\/saludsinaloa.gob.mx\/wp-content\/uploads\/2022\/07\/CARTILLASVACU.png 645w\" sizes=\"(max-width: 404px) 100vw, 404px\" \/><\/p>\n<p><strong>\u00a0<\/strong><\/p>\n<p><strong>\u00a0<\/strong><\/p>\n","protected":false},"excerpt":{"rendered":"<p>Objetivo: Otorgar protecci\u00f3n espec\u00edfica a la poblaci\u00f3n contra enfermedades que son prevenibles mediante la aplicaci\u00f3n de las vacunas correspondientes. \u00a0Descripci\u00f3n: Aplicar los lineamientos anuales emitidos por nivel nacional del programa de vacunaci\u00f3n. Estrategias de atenci\u00f3n: Programa permanente: consiste en actividades continuas durante todo el a\u00f1o en las unidades de salud que cuentan con servicio de [&hellip;]<\/p>\n","protected":false},"author":1,"featured_media":0,"parent":0,"menu_order":0,"comment_status":"closed","ping_status":"closed","template":"templates\/full-width-page.php","meta":{"footnotes":""},"class_list":["post-6474","page","type-page","status-publish","hentry"],"_links":{"self":[{"href":"https:\/\/saludsinaloa.gob.mx\/index.php\/wp-json\/wp\/v2\/pages\/6474","targetHints":{"allow":["GET"]}}],"collection":[{"href":"https:\/\/saludsinaloa.gob.mx\/index.php\/wp-json\/wp\/v2\/pages"}],"about":[{"href":"https:\/\/saludsinaloa.gob.mx\/index.php\/wp-json\/wp\/v2\/types\/page"}],"author":[{"embeddable":true,"href":"https:\/\/saludsinaloa.gob.mx\/index.php\/wp-json\/wp\/v2\/users\/1"}],"replies":[{"embeddable":true,"href":"https:\/\/saludsinaloa.gob.mx\/index.php\/wp-json\/wp\/v2\/comments?post=6474"}],"version-history":[{"count":5,"href":"https:\/\/saludsinaloa.gob.mx\/index.php\/wp-json\/wp\/v2\/pages\/6474\/revisions"}],"predecessor-version":[{"id":19773,"href":"https:\/\/saludsinaloa.gob.mx\/index.php\/wp-json\/wp\/v2\/pages\/6474\/revisions\/19773"}],"wp:attachment":[{"href":"https:\/\/saludsinaloa.gob.mx\/index.php\/wp-json\/wp\/v2\/media?parent=6474"}],"curies":[{"name":"wp","href":"https:\/\/api.w.org\/{rel}","templated":true}]}}