{"id":6468,"date":"2019-02-18T21:29:55","date_gmt":"2019-02-18T21:29:55","guid":{"rendered":"http:\/\/saludsinaloa.gob.mx\/?page_id=6468"},"modified":"2025-03-14T18:40:12","modified_gmt":"2025-03-14T18:40:12","slug":"programa-intoxicacion-por-veneno-de-artropodos","status":"publish","type":"page","link":"https:\/\/saludsinaloa.gob.mx\/index.php\/programa-intoxicacion-por-veneno-de-artropodos\/","title":{"rendered":"Programa Intoxicaci\u00f3n por Veneno de Artr\u00f3podos"},"content":{"rendered":"<h4><strong>Objetivos:<\/strong><\/h4>\n<p>Disminuir la mortalidad en pacientes intoxicados por agresi\u00f3n de animales ponzo\u00f1osos (alacranes, ara\u00f1as y serpientes de importancia m\u00e9dica).<\/p>\n<p>&nbsp;<\/p>\n<h4><strong>Descripci\u00f3n:<\/strong><\/h4>\n<p>Atenci\u00f3n de intoxicados por agresi\u00f3n de animales ponzo\u00f1osos (alacranes del G\u00e9nero Centruroides,\u00a0 ara\u00f1as de los g\u00e9neros Loxosceles y Latrodectus y serpientes Micrurus (Coralillo), Crotalus (Cascabel) y Bothrops asper (nauyaca, cuatro narices, barba amarilla, entre otras), mediante la aplicaci\u00f3n de ant\u00eddotos espec\u00edficos para neutralizar el veneno. Se imparten Simposios para difundir informaci\u00f3n acerca de las medidas preventivas, medidas de seguridad para prevenir las intoxicaciones por animales ponzo\u00f1osos, medicamentos, atenci\u00f3n m\u00e9dica y Toxicolog\u00eda.<\/p>\n<p>&nbsp;<\/p>\n<h4><strong>Bienes y servicios que otorga el programa:<\/strong><\/h4>\n<ul>\n<li>Aplicaci\u00f3n del tratamiento por envenenamiento.<\/li>\n<li>Capacitaci\u00f3n a personal m\u00e9dico, param\u00e9dico y estudiantes de las \u00e1reas de la salud.<\/li>\n<\/ul>\n<p>&nbsp;<\/p>\n<h4><strong>Cobertura:<\/strong><\/h4>\n<p>Los 18 municipios del Estado de Sinaloa.<\/p>\n<p>&nbsp;<\/p>\n<h4><strong>Beneficiarios:<\/strong><\/h4>\n<p>La poblaci\u00f3n total del Estado de Sinaloa.<\/p>\n<p>&nbsp;<\/p>\n<h4><strong>Requisitos del beneficiario:<\/strong><\/h4>\n<p>No es necesario ning\u00fan requisito. Se atiende a cualquier persona que haya sido agredida por alg\u00fan animal ponzo\u00f1oso, como son: alacranes del G\u00e9nero Centruroides,\u00a0 ara\u00f1as de los g\u00e9neros Loxosceles y Latrodectus y serpientes Micrurus (Coralillo), Crotalus (Cascabel) y Bothrops asper (nauyaca, cuatro narices, barba amarilla, entre otras).<\/p>\n<p>&nbsp;<\/p>\n<h4><strong>Procedimiento para acceder a los bienes y\/o servicios del programa:<\/strong><\/h4>\n<ul>\n<li>Acudir de forma inmediata a una unidad m\u00e9dica (Hospitales Generales, Hospitales Integrales y Centros de Salud) y solicitar la atenci\u00f3n necesaria para cada caso de este tipo de intoxicaciones.<\/li>\n<\/ul>\n<p>&nbsp;<\/p>\n<ul>\n<li>En el caso de solicitar\/asistir a alguna capacitaci\u00f3n sobre temas de intoxicaciones por animales ponzo\u00f1osos, deber\u00e1 enviar una solicitud por escrito dirigida al Director de Prevenci\u00f3n y Promoci\u00f3n de la Salud de los Servicios de Salud de Sinaloa, y\/o enviar un correo electr\u00f3nico a nuestro correo: vectores@saludsinaloa.gob.mx.<\/li>\n<\/ul>\n<p>&nbsp;<\/p>\n<p>&nbsp;<\/p>\n<p><strong>Datos del contacto y responsable del programa:<\/strong><br \/>\nMC Dulce Carolina S\u00e1nchez Garc\u00eda.<br \/>\nCoordinadora del programa de Intoxicaci\u00f3n por veneno de artr\u00f3podos.<br \/>\nDepartamento de Vectores y Zoonosis.<br \/>\nSubdirecci\u00f3n de Prevenci\u00f3n y Control de Enfermedades.<br \/>\nDirecci\u00f3n de Prevenci\u00f3n y Promoci\u00f3n de la Salud.<br \/>\nServicios de Salud de Sinaloa.<br \/>\n<strong>Correo oficial:<\/strong> <a href=\"mailto:intoxicacion.artropodos@saludsinaloa.gob.mx\">intoxicacion.artropodos@saludsinaloa.gob.mx<\/a><br \/>\n<strong>Tel\u00e9fono:<\/strong> 667 445 5771<br \/>\n<strong>Direcci\u00f3n:<\/strong> Mariano Escobedo 1026, Col. Las Vegas, C.P. 80090 Culiac\u00e1n Rosales, Sin.<br \/>\n<strong>Horario de atenci\u00f3n:<\/strong> de 08:00 a 14:30 horas.<br \/>\nP\u00e1gina web:<br \/>\n<a href=\"http:\/\/saludsinaloa.gob.mx\/index.php\/direccion-de-prevencion-y-promocion-de-la-salud\/\">http:\/\/saludsinaloa.gob.mx\/index.php\/direccion-de-prevencion-y-promocion-de-la-salud\/<\/a><\/p>\n","protected":false},"excerpt":{"rendered":"<p>Objetivos: Disminuir la mortalidad en pacientes intoxicados por agresi\u00f3n de animales ponzo\u00f1osos (alacranes, ara\u00f1as y serpientes de importancia m\u00e9dica). &nbsp; Descripci\u00f3n: Atenci\u00f3n de intoxicados por agresi\u00f3n de animales ponzo\u00f1osos (alacranes del G\u00e9nero Centruroides,\u00a0 ara\u00f1as de los g\u00e9neros Loxosceles y Latrodectus y serpientes Micrurus (Coralillo), Crotalus (Cascabel) y Bothrops asper (nauyaca, cuatro narices, barba amarilla, entre [&hellip;]<\/p>\n","protected":false},"author":1,"featured_media":0,"parent":0,"menu_order":0,"comment_status":"closed","ping_status":"closed","template":"templates\/full-width-page.php","meta":{"footnotes":""},"class_list":["post-6468","page","type-page","status-publish","hentry"],"_links":{"self":[{"href":"https:\/\/saludsinaloa.gob.mx\/index.php\/wp-json\/wp\/v2\/pages\/6468","targetHints":{"allow":["GET"]}}],"collection":[{"href":"https:\/\/saludsinaloa.gob.mx\/index.php\/wp-json\/wp\/v2\/pages"}],"about":[{"href":"https:\/\/saludsinaloa.gob.mx\/index.php\/wp-json\/wp\/v2\/types\/page"}],"author":[{"embeddable":true,"href":"https:\/\/saludsinaloa.gob.mx\/index.php\/wp-json\/wp\/v2\/users\/1"}],"replies":[{"embeddable":true,"href":"https:\/\/saludsinaloa.gob.mx\/index.php\/wp-json\/wp\/v2\/comments?post=6468"}],"version-history":[{"count":5,"href":"https:\/\/saludsinaloa.gob.mx\/index.php\/wp-json\/wp\/v2\/pages\/6468\/revisions"}],"predecessor-version":[{"id":19771,"href":"https:\/\/saludsinaloa.gob.mx\/index.php\/wp-json\/wp\/v2\/pages\/6468\/revisions\/19771"}],"wp:attachment":[{"href":"https:\/\/saludsinaloa.gob.mx\/index.php\/wp-json\/wp\/v2\/media?parent=6468"}],"curies":[{"name":"wp","href":"https:\/\/api.w.org\/{rel}","templated":true}]}}