{"id":6465,"date":"2019-02-18T21:00:26","date_gmt":"2019-02-18T21:00:26","guid":{"rendered":"http:\/\/saludsinaloa.gob.mx\/?page_id=6465"},"modified":"2025-03-14T18:39:43","modified_gmt":"2025-03-14T18:39:43","slug":"programa-leishmaniasis","status":"publish","type":"page","link":"https:\/\/saludsinaloa.gob.mx\/index.php\/programa-leishmaniasis\/","title":{"rendered":"Programa Leishmaniasis"},"content":{"rendered":"<p><strong>Objetivos<\/strong>:<\/p>\n<p>Fortalecer el diagn\u00f3stico y tratamiento oportunos de las formas cl\u00ednicas presentes en el estado.<\/p>\n<p>&nbsp;<\/p>\n<h4><strong>Descripci\u00f3n<\/strong>:<\/h4>\n<p>Promueve la atenci\u00f3n m\u00e9dica de calidad mediante la detecci\u00f3n oportuna, el diagn\u00f3stico, tratamiento etiol\u00f3gico y seguimiento adecuado de casos de Leishmaniasis, encaminado a reducir la aparici\u00f3n de casos nuevos mediante medidas de protecci\u00f3n individual y familiar, el ciclo de vida del vector se encuentra muy delimitado en la zona serrana y se da la transmisi\u00f3n al incursionar las personas en los h\u00e1bitats de las lutzomyias.<\/p>\n<p>&nbsp;<\/p>\n<h4><strong>Bienes y servicios que entrega el programa:<\/strong><\/h4>\n<p>Administraci\u00f3n de tratamiento etiol\u00f3gico oportuna y adecuadamente de forma exclusiva a casos confirmados por laboratorio, seg\u00fan forma cl\u00ednica. Promover en las \u00e1reas end\u00e9micas, medidas preventivas individuales, familiares y colectivas. Informando a la comunidad las medidas de protecci\u00f3n adecuadas a la caracterizaci\u00f3n del foco de transmisi\u00f3n.<\/p>\n<p>&nbsp;<\/p>\n<h4><strong>Cobertura:<\/strong><\/h4>\n<p>Los 18 municipios del Estado de Sinaloa.<\/p>\n<p>&nbsp;<\/p>\n<h4><strong>Beneficiarios:<\/strong><\/h4>\n<p>La poblaci\u00f3n total del Estado de Sinaloa.<\/p>\n<p>&nbsp;<\/p>\n<h4><strong>Requisitos del beneficiario:<\/strong><\/h4>\n<p>Habitar en las \u00e1reas de riesgo para Leishmaniasis seg\u00fan antecedentes epidemiol\u00f3gicos, Tener prueba de Impronta positiva a Leishmaniasis emitida por el laboratorio estatal de salud p\u00fablica.<\/p>\n<p>&nbsp;<\/p>\n<h4><strong>Procedimiento para acceder a los bienes y\/o servicios del programa:<\/strong><\/h4>\n<p>Tener prueba de Impronta positiva a Leishmaniasis emitida por el laboratorio estatal de salud p\u00fablica.<\/p>\n<p>&nbsp;<\/p>\n<p><strong>Datos del contacto y responsable del Programa:<\/strong><br \/>\nBi\u00f3loga Carmina Yanett L\u00f3pez Moreno<br \/>\nCoordinadora del programa leishmaniasis.<br \/>\nDepartamento de Vectores y Zoonosis Sinaloa.<br \/>\nSubdirecci\u00f3n de Prevenci\u00f3n y Control de Enfermedades.<br \/>\nDirecci\u00f3n de Prevenci\u00f3n y Promoci\u00f3n de la Salud.<br \/>\nServicios de Salud de Sinaloa.<br \/>\n<strong>Correo oficial:<\/strong> <a href=\"mailto:dengue@saludsinaloa.gob.mx\">dengue@saludsinaloa.gob.mx<\/a><br \/>\n<strong>Tel\u00e9fono:<\/strong> 667 445 5771<br \/>\n<strong>Direcci\u00f3n:<\/strong> Mariano Escobedo 1026, Las Vegas, 80090 Culiac\u00e1n Rosales, Sin.<br \/>\n<strong>Horario de atenci\u00f3n:<\/strong> de 08:00 a 14:30 horas.<br \/>\n<strong>P\u00e1gina web:<\/strong><br \/>\n<a href=\"http:\/\/saludsinaloa.gob.mx\/index.php\/direccion-de-prevencion-y-promocion-de-la-salud\/\">http:\/\/saludsinaloa.gob.mx\/index.php\/direccion-de-prevencion-y-promocion-de-la-salud\/<\/a><\/p>\n","protected":false},"excerpt":{"rendered":"<p>Objetivos: Fortalecer el diagn\u00f3stico y tratamiento oportunos de las formas cl\u00ednicas presentes en el estado. &nbsp; Descripci\u00f3n: Promueve la atenci\u00f3n m\u00e9dica de calidad mediante la detecci\u00f3n oportuna, el diagn\u00f3stico, tratamiento etiol\u00f3gico y seguimiento adecuado de casos de Leishmaniasis, encaminado a reducir la aparici\u00f3n de casos nuevos mediante medidas de protecci\u00f3n individual y familiar, el ciclo [&hellip;]<\/p>\n","protected":false},"author":1,"featured_media":0,"parent":0,"menu_order":0,"comment_status":"closed","ping_status":"closed","template":"templates\/full-width-page.php","meta":{"footnotes":""},"class_list":["post-6465","page","type-page","status-publish","hentry"],"_links":{"self":[{"href":"https:\/\/saludsinaloa.gob.mx\/index.php\/wp-json\/wp\/v2\/pages\/6465","targetHints":{"allow":["GET"]}}],"collection":[{"href":"https:\/\/saludsinaloa.gob.mx\/index.php\/wp-json\/wp\/v2\/pages"}],"about":[{"href":"https:\/\/saludsinaloa.gob.mx\/index.php\/wp-json\/wp\/v2\/types\/page"}],"author":[{"embeddable":true,"href":"https:\/\/saludsinaloa.gob.mx\/index.php\/wp-json\/wp\/v2\/users\/1"}],"replies":[{"embeddable":true,"href":"https:\/\/saludsinaloa.gob.mx\/index.php\/wp-json\/wp\/v2\/comments?post=6465"}],"version-history":[{"count":6,"href":"https:\/\/saludsinaloa.gob.mx\/index.php\/wp-json\/wp\/v2\/pages\/6465\/revisions"}],"predecessor-version":[{"id":19770,"href":"https:\/\/saludsinaloa.gob.mx\/index.php\/wp-json\/wp\/v2\/pages\/6465\/revisions\/19770"}],"wp:attachment":[{"href":"https:\/\/saludsinaloa.gob.mx\/index.php\/wp-json\/wp\/v2\/media?parent=6465"}],"curies":[{"name":"wp","href":"https:\/\/api.w.org\/{rel}","templated":true}]}}