{"id":6461,"date":"2019-02-18T20:25:28","date_gmt":"2019-02-18T20:25:28","guid":{"rendered":"http:\/\/saludsinaloa.gob.mx\/?page_id=6461"},"modified":"2025-03-14T18:39:11","modified_gmt":"2025-03-14T18:39:11","slug":"programa-enfermedades-de-chagas","status":"publish","type":"page","link":"https:\/\/saludsinaloa.gob.mx\/index.php\/programa-enfermedades-de-chagas\/","title":{"rendered":"Programa Enfermedades de Chagas"},"content":{"rendered":"<p><strong>Objetivo:<\/strong><\/p>\n<p>Conocer la magnitud real de la incidencia y prevalencia de la enfermedad de Chagas, prevenir los da\u00f1os que ocasiona a la salud en la poblaci\u00f3n en riesgo, adem\u00e1s de su mortalidad.<\/p>\n<h4><strong>Descripci\u00f3n:<\/strong><\/h4>\n<p>Acciones de tratamiento y seguimiento hasta la clasificaci\u00f3n final de casos probables como confirmados o descartados. En este programa se cuenta con un seguimiento de los casos que se presenten de Enfermedad de Chagas en el estado; se proporciona medicamentos espec\u00edficos, se realizan actividades dirigidas a la prevenci\u00f3n y al control de los insectos Triatominos trasmisores de la enfermedad, en los sitios donde se tiene presencia de estos.<\/p>\n<p>&nbsp;<\/p>\n<h4><strong>Bienes y servicios que entrega el programa:<\/strong><\/h4>\n<ul>\n<li>Control o eliminaci\u00f3n de sitios donde se reproducen los insectos Triatominos(chinches).<\/li>\n<li>Rociado intra y peridomicliar en localidades de riesgo.<\/li>\n<li>Atenci\u00f3n m\u00e9dica a casos confirmados.<\/li>\n<li>Promoci\u00f3n a la salud de la enfermedad de chagas.<\/li>\n<li>Tratamiento.<\/li>\n<\/ul>\n<p>&nbsp;<\/p>\n<h4><strong>Cobertura:<\/strong><\/h4>\n<p>Los 18 municipios del Estado de Sinaloa.<\/p>\n<h4><strong>Beneficiarios:<\/strong><\/h4>\n<p>La poblaci\u00f3n total del Estado de Sinaloa.<\/p>\n<h4><strong>Requisitos del beneficiario:<\/strong><\/h4>\n<p>Acudir a la unidad de salud de la localidad ante la presencia de cualquiera de los siguientes signo o s\u00edntomas: Edema palpebral, hinchaz\u00f3n en la parte de la picadura, fiebre, dolor de cabeza, Fatiga, dolor muscular o dolor de las articulaciones, hipertensi\u00f3n y estre\u00f1imiento.<\/p>\n<h4><strong>Procedimiento para acceder a los bienes y\/o servicios del programa:<\/strong><\/h4>\n<p>Los casos probables son detectados por el m\u00e9dico cuando la persona acude a consultar a los servicios de salud de Sinaloa. Ante la presencia de casos probables o confirmados de la Enfermedad de Chagas se activan las medidas de prevenci\u00f3n y control en las comunidades afectadas. Adem\u00e1s estas medidas se realizan en las localidades de alto riesgo de transmisi\u00f3n.<\/p>\n<p>&nbsp;<\/p>\n<p><strong>Datos del contacto y responsable del programa:<\/strong><br \/>\nBiol. Ricardo Guadalupe Garc\u00eda Quintero.<br \/>\nPrograma Enfermedad de Chagas.<br \/>\nDepartamento de Vectores y Zoonosis.<br \/>\nDirecci\u00f3n de Prevenci\u00f3n y Promoci\u00f3n de la Salud.<br \/>\nSubdirecci\u00f3n de Prevenci\u00f3n y Control de Enfermedades.<br \/>\nServicios de Salud de Sinaloa.<br \/>\n<strong>Correo oficial:<\/strong> <a href=\"mailto:chagas@saludsinaloa.gob.mx\">chagas@saludsinaloa.gob.mx<\/a><br \/>\n<strong>Tel\u00e9fono:<\/strong> 667 759 2500<br \/>\n<strong>Direcci\u00f3n:<\/strong> Mariano Escobedo 1028, Las Vegas, 80090 Culiac\u00e1n Rosales, Sin.<br \/>\n<strong>Horario de atenci\u00f3n:<\/strong> de 08:00 a 14:30 horas.<br \/>\nP\u00e1gina web:<br \/>\n<a href=\"http:\/\/saludsinaloa.gob.mx\/index.php\/direccion-de-prevencion-y-promocion-de-la-salud\/\">http:\/\/saludsinaloa.gob.mx\/index.php\/direccion-de-prevencion-y-promocion-de-la-salud\/<\/a><\/p>\n","protected":false},"excerpt":{"rendered":"<p>Objetivo: Conocer la magnitud real de la incidencia y prevalencia de la enfermedad de Chagas, prevenir los da\u00f1os que ocasiona a la salud en la poblaci\u00f3n en riesgo, adem\u00e1s de su mortalidad. Descripci\u00f3n: Acciones de tratamiento y seguimiento hasta la clasificaci\u00f3n final de casos probables como confirmados o descartados. En este programa se cuenta con [&hellip;]<\/p>\n","protected":false},"author":1,"featured_media":0,"parent":0,"menu_order":0,"comment_status":"closed","ping_status":"closed","template":"templates\/full-width-page.php","meta":{"footnotes":""},"class_list":["post-6461","page","type-page","status-publish","hentry"],"_links":{"self":[{"href":"https:\/\/saludsinaloa.gob.mx\/index.php\/wp-json\/wp\/v2\/pages\/6461","targetHints":{"allow":["GET"]}}],"collection":[{"href":"https:\/\/saludsinaloa.gob.mx\/index.php\/wp-json\/wp\/v2\/pages"}],"about":[{"href":"https:\/\/saludsinaloa.gob.mx\/index.php\/wp-json\/wp\/v2\/types\/page"}],"author":[{"embeddable":true,"href":"https:\/\/saludsinaloa.gob.mx\/index.php\/wp-json\/wp\/v2\/users\/1"}],"replies":[{"embeddable":true,"href":"https:\/\/saludsinaloa.gob.mx\/index.php\/wp-json\/wp\/v2\/comments?post=6461"}],"version-history":[{"count":5,"href":"https:\/\/saludsinaloa.gob.mx\/index.php\/wp-json\/wp\/v2\/pages\/6461\/revisions"}],"predecessor-version":[{"id":19769,"href":"https:\/\/saludsinaloa.gob.mx\/index.php\/wp-json\/wp\/v2\/pages\/6461\/revisions\/19769"}],"wp:attachment":[{"href":"https:\/\/saludsinaloa.gob.mx\/index.php\/wp-json\/wp\/v2\/media?parent=6461"}],"curies":[{"name":"wp","href":"https:\/\/api.w.org\/{rel}","templated":true}]}}