{"id":6432,"date":"2019-02-18T17:41:04","date_gmt":"2019-02-18T17:41:04","guid":{"rendered":"http:\/\/saludsinaloa.gob.mx\/?page_id=6432"},"modified":"2025-03-14T18:29:21","modified_gmt":"2025-03-14T18:29:21","slug":"programa-salud-perinatal","status":"publish","type":"page","link":"https:\/\/saludsinaloa.gob.mx\/index.php\/programa-salud-perinatal\/","title":{"rendered":"Programa Salud Perinatal"},"content":{"rendered":"<p><strong>Objetivo:<\/strong><\/p>\n<p>Contribuir al bienestar de la poblaci\u00f3n infantil mediante acciones de prevenci\u00f3n, detecci\u00f3n y atenci\u00f3n en la etapa prenatal y de la persona reci\u00e9n nacida.<\/p>\n<p>&nbsp;<\/p>\n<p><strong>Descripci\u00f3n:<\/strong><\/p>\n<ul>\n<li>Implementar estrategias interinstitucionales para mejorar el acceso a la atenci\u00f3n e informaci\u00f3n en Salud Perinatal.<\/li>\n<li>Fortalecer los mecanismos para el aseguramiento de insumos, para el acceso oportuno de la persona reci\u00e9n nacida a la prueba de tamiz metab\u00f3lico neonatal.<\/li>\n<li>Fomentar la lactancia materna exclusiva los primero 6 meses de vida.<\/li>\n<li>Prescribir \u00e1cido f\u00f3lico a toda mujer en las primeras semanas de embarazo.<\/li>\n<\/ul>\n<p>&nbsp;<\/p>\n<p><strong>Bienes y servicios que entrega el programa: <\/strong><\/p>\n<ul>\n<li>Realizaci\u00f3n de prueba de tamiz metab\u00f3lico neonatal (3 \u2013 5 d\u00eda) a toda persona reci\u00e9n nacida sin derechohabiencia, para la detecci\u00f3n y tratamiento oportuno de enfermedades metab\u00f3licas adquiridas.<\/li>\n<li>Realizaci\u00f3n de tamiz auditivo a todo reci\u00e9n nacido en unidades de la Secretar\u00eda de Salud para detecci\u00f3n oportuna de hipoacusia y sordera.<\/li>\n<li>Se promueve la lactancia materna exclusiva los primeros 6 meses de vida y si es posible extenderla hasta los 2 a\u00f1os de edad.<\/li>\n<\/ul>\n<p>&nbsp;<\/p>\n<p><strong>Cobertura:<\/strong><\/p>\n<p>Ahome, El Fuerte, Choix, Guasave, Sinaloa de Leyva, Salvador Alvarado, Angostura, Mocorito, Badiraguato, Navolato, Culiac\u00e1n, Elota, San Ignacio, Mazatl\u00e1n, Concordia, El Rosario y Escuinapa.<\/p>\n<p>&nbsp;<\/p>\n<p><strong>Beneficiarios<\/strong>:<\/p>\n<p>Todos los ni\u00f1os y ni\u00f1as de 0 a 12 meses, nacidos en las unidades de la Secretaria de Salud.<\/p>\n<p>&nbsp;<\/p>\n<p>&nbsp;<\/p>\n<p>&nbsp;<\/p>\n<p>&nbsp;<\/p>\n<p>&nbsp;<\/p>\n<p>&nbsp;<\/p>\n<p>&nbsp;<\/p>\n<p><strong>Requisitos del beneficiario:<\/strong><\/p>\n<p>De los ni\u00f1os y ni\u00f1as:<\/p>\n<p>&nbsp;<\/p>\n<ul>\n<li>Certificado de nacimiento.<\/li>\n<li>Carta de no derechohabiencia de la madre.\n<ul>\n<li>Credencial del Instituto Nacional de Estad\u00edsticas (INE) de la mam\u00e1.<\/li>\n<\/ul>\n<\/li>\n<li>Clave \u00danica de Registro de Poblaci\u00f3n (CURP).<\/li>\n<li>Cartilla de vacunaci\u00f3n.<\/li>\n<\/ul>\n<p><strong>\u00a0<\/strong><\/p>\n<p><strong>Procedimiento para acceder a los bienes y\/o servicios del programa:<\/strong><\/p>\n<p><strong>\u00a0<\/strong><\/p>\n<ul>\n<li>Solicitar el servicio<\/li>\n<li>No contar con derechohabiencia<\/li>\n<\/ul>\n<p><u>\u00a0<\/u><\/p>\n<ol>\n<li>Cuando el ni\u00f1o (a) nace en el hospital, se lleva a cabo la prueba de Tamiz Auditivo antes de su egreso hospitalario y de 3 a 5 d\u00edas de nacido se realiza el Tamiz Neonatal Metab\u00f3lico.<\/li>\n<li>En caso de que el reci\u00e9n nacido tamizado resulte sospechoso de hipoacusia, se repite la prueba hasta tres veces y posteriormente se refiere al ni\u00f1o (ni\u00f1a), con sospecha de hipoacusia o sordera, al servicio de Audiolog\u00eda del Hospital General Dr. Bernardo J. Gast\u00e9lum (Hospital General de Culiac\u00e1n) y\/o Hospital de la Mujer donde se confirma el diagn\u00f3stico y se realiza la solicitud de auxiliares auditivos, gesti\u00f3n de implante coclear en ni\u00f1os que resulten candidatos y programaci\u00f3n de citas a terapias auditivas verbales.<\/li>\n<li>En el caso de que los ni\u00f1os resulten sospechosos de enfermedades del metabolismo, se realiza otra prueba para confirmar el diagn\u00f3stico y en menos de 15 d\u00edas debe recibir el resultado confirmatorio y ser remitido a una cita con m\u00e9dico especialista Hospital General de Culiac\u00e1n Dr. Bernardo J. Gast\u00e9lum para iniciar el tratamiento farmacol\u00f3gico.<\/li>\n<\/ol>\n<p>&nbsp;<\/p>\n<p>En todas las unidades m\u00e9dicas del Sistema Nacional de Salud P\u00fablica, la atenci\u00f3n prenatal y del nacimiento es completamente gratuita.<\/p>\n<p>&nbsp;<\/p>\n<p>&nbsp;<\/p>\n<p>&nbsp;<\/p>\n<p>&nbsp;<\/p>\n<p>&nbsp;<\/p>\n<p>&nbsp;<\/p>\n<p>&nbsp;<\/p>\n<p>&nbsp;<\/p>\n<p>&nbsp;<\/p>\n<p>&nbsp;<\/p>\n<p>&nbsp;<\/p>\n<p><strong>Datos del contacto y responsable del programa:<\/strong><\/p>\n<p>Dra. Rosa Elba Ortiz Salazar<\/p>\n<p>Responsable del programa de salud perinatal.<\/p>\n<p>Departamento Salud Reproductiva.<\/p>\n<p>Subdirecci\u00f3n de Prevenci\u00f3n y Control de Enfermedades.<\/p>\n<p>Direcci\u00f3n de Prevenci\u00f3n y Promoci\u00f3n de la Salud.<\/p>\n<p>Servicios de Salud de Sinaloa.<\/p>\n<p><strong>Correo oficial:<\/strong> <a href=\"mailto:salud.materna@saludsinaloa.gob.mx\">\u00a0salud.perinatal@saludsinaloa.gob.mx<\/a><\/p>\n<p><strong>Tel\u00e9fono:<\/strong> 667 758 7000 <strong>extensi\u00f3n:<\/strong> 40453<\/p>\n<p><strong>Direcci\u00f3n:<\/strong> Blvd. Alfonso Zaragoza No. 2204 Edif. B Tercer piso. Fracc. Bonanza, C.P. 80020\u00a0 Culiac\u00e1n, Sinaloa.<\/p>\n<p><strong>Horario de atenci\u00f3n:<\/strong> de 08:00 a 15:30 horas.<\/p>\n<p>P\u00e1gina web:<\/p>\n<h4><a href=\"http:\/\/saludsinaloa.gob.mx\/index.php\/direccion-de-prevencion-y-promocion-de-la-salud\/\">http:\/\/saludsinaloa.gob.mx\/index.php\/direccion-de-prevencion-y-promocion-de-la-salud\/<\/a><\/h4>\n","protected":false},"excerpt":{"rendered":"<p>Objetivo: Contribuir al bienestar de la poblaci\u00f3n infantil mediante acciones de prevenci\u00f3n, detecci\u00f3n y atenci\u00f3n en la etapa prenatal y de la persona reci\u00e9n nacida. &nbsp; Descripci\u00f3n: Implementar estrategias interinstitucionales para mejorar el acceso a la atenci\u00f3n e informaci\u00f3n en Salud Perinatal. Fortalecer los mecanismos para el aseguramiento de insumos, para el acceso oportuno de [&hellip;]<\/p>\n","protected":false},"author":1,"featured_media":0,"parent":0,"menu_order":0,"comment_status":"closed","ping_status":"closed","template":"templates\/full-width-page.php","meta":{"footnotes":""},"class_list":["post-6432","page","type-page","status-publish","hentry"],"_links":{"self":[{"href":"https:\/\/saludsinaloa.gob.mx\/index.php\/wp-json\/wp\/v2\/pages\/6432","targetHints":{"allow":["GET"]}}],"collection":[{"href":"https:\/\/saludsinaloa.gob.mx\/index.php\/wp-json\/wp\/v2\/pages"}],"about":[{"href":"https:\/\/saludsinaloa.gob.mx\/index.php\/wp-json\/wp\/v2\/types\/page"}],"author":[{"embeddable":true,"href":"https:\/\/saludsinaloa.gob.mx\/index.php\/wp-json\/wp\/v2\/users\/1"}],"replies":[{"embeddable":true,"href":"https:\/\/saludsinaloa.gob.mx\/index.php\/wp-json\/wp\/v2\/comments?post=6432"}],"version-history":[{"count":9,"href":"https:\/\/saludsinaloa.gob.mx\/index.php\/wp-json\/wp\/v2\/pages\/6432\/revisions"}],"predecessor-version":[{"id":19763,"href":"https:\/\/saludsinaloa.gob.mx\/index.php\/wp-json\/wp\/v2\/pages\/6432\/revisions\/19763"}],"wp:attachment":[{"href":"https:\/\/saludsinaloa.gob.mx\/index.php\/wp-json\/wp\/v2\/media?parent=6432"}],"curies":[{"name":"wp","href":"https:\/\/api.w.org\/{rel}","templated":true}]}}