{"id":6420,"date":"2019-02-18T16:51:05","date_gmt":"2019-02-18T16:51:05","guid":{"rendered":"http:\/\/saludsinaloa.gob.mx\/?page_id=6420"},"modified":"2025-03-14T18:22:33","modified_gmt":"2025-03-14T18:22:33","slug":"programa-prevencion-y-control-de-la-hepatitis-c","status":"publish","type":"page","link":"https:\/\/saludsinaloa.gob.mx\/index.php\/programa-prevencion-y-control-de-la-hepatitis-c\/","title":{"rendered":"Programa Prevenci\u00f3n y Control de la Hepatitis C"},"content":{"rendered":"<p><strong>Objetivos:<\/strong><\/p>\n<ul>\n<li>\u00a0Tamizar, diagnosticar y tratar a toda persona de riesgo de contraer el virus de Hepatitis C<br \/>\n(VHC), tanto para las personas que viven con VIH que reciben atenci\u00f3n en los Centros<br \/>\nAmbulatorios para la Prevenci\u00f3n y Atenci\u00f3n en SIDA e Infecciones de Transmisi\u00f3n Sexual<br \/>\n(CAPASITS) y Servicios de Atenci\u00f3n Integral Hospitalaria (SAIH); as\u00ed como la atenci\u00f3n de las<br \/>\npersonas que se inyectan drogas.<\/li>\n<li>Ofrece el tamiz como la confirmaci\u00f3n del diagn\u00f3stico y el tratamiento est\u00e1n disponibles para<br \/>\ntodas las personas en nuestro pa\u00eds.<br \/>\n<strong>Descripci\u00f3n:<\/strong><\/li>\n<li>Este programa a trav\u00e9s de los centros de salud, jurisdicciones, Centros Ambulatorios para la<br \/>\nPrevenci\u00f3n y Atenci\u00f3n del VIH Sida e Infecciones de Transmisi\u00f3n Sexual (CAPASITS) realiza acciones<br \/>\ncon un enfoque preventivo, utilizando diversas estrategias para evitar la transmisi\u00f3n de VHC, VIH\/Sida<br \/>\ny otras Infecciones de transmisi\u00f3n sexual (ITS), promoviendo la prevenci\u00f3n focalizada, como lo es la<br \/>\ndistribuci\u00f3n de preservativos, detecci\u00f3n con pruebas r\u00e1pidas de tamizaje y realizaci\u00f3n de pruebas<br \/>\nconfirmatorias, asignando tratamiento gratuito para todas las personas que viven con VHC que no<br \/>\ncuenten con seguridad social. Las poblaciones con mayor riesgo de adquirir VHC son: los hombres que<br \/>\ntienen sexo con hombres, personas que se inyectan o inhalan drogas, las personas privadas de la<br \/>\nlibertad, las personas receptoras de sangre, \u00f3rganos y tejidos, personas con enfermedad renal cr\u00f3nica<br \/>\nen hemodi\u00e1lisis y personas viviendo con VIH.<br \/>\n<strong>Bienes y servicios que entrega el programa:<\/strong><\/li>\n<li>\u00a0Pruebas r\u00e1pidas de tamizaje virus de Hepatitis C (VHC).<\/li>\n<li>\u00a0Confirmaci\u00f3n diagn\u00f3stica de VHC realizando carga viral y estudios complementarios.<\/li>\n<li>\u00a0Consulta psicol\u00f3gica.<\/li>\n<li>\u00a0Atenci\u00f3n por trabajo social.<\/li>\n<li>\u00a0Servicio de enfermer\u00eda.<\/li>\n<li>\u00a0Consulta m\u00e9dica.<\/li>\n<li>\u00a0Tratamientos antivirales gratuitos (para la infecci\u00f3n por virus de Hepatitis C).<\/li>\n<li>\u00a0Seguimiento de la infecci\u00f3n por VHC mediante mediciones de carga viral.<br \/>\n<strong>Cobertura:<\/strong><br \/>\nTodos los municipios del Estado de Sinaloa.<br \/>\n<strong>Beneficiarios:<\/strong><\/li>\n<li>\u00a0Poblaci\u00f3n Sinaloense portador de VIH, personas privadas de la libertad, usuarios de drogas<br \/>\nintravenosas, personas hemotransfundidas o con cualquier factor de riesgo de contraer<br \/>\nHepatitis C (VHC).<\/li>\n<li>Poblaci\u00f3n sin derechohabiencia.<\/li>\n<\/ul>\n<p><strong> Requisitos del beneficiario:<br \/>\n<\/strong><\/p>\n<ul>\n<li>No ser derechohabiente de alguna instituci\u00f3n de seguridad social.<\/li>\n<\/ul>\n<p><strong>Procedimiento para acceder a los bienes y\/o servicios del programa:<br \/>\n<\/strong><\/p>\n<ul>\n<li>\u00a0Podr\u00e1 acudir cualquier persona al centro de salud m\u00e1s cercano o a la Uneme CAPASITS para<br \/>\nrealizarse tamizaje mediante prueba r\u00e1pida de VIH, s\u00edfilis o virus de hepatitis C, o simplemente<br \/>\nque acuda a solicitar preservativos (estos servicios no se requiere ninguna documentaci\u00f3n o<br \/>\nrequisito y son totalmente gratuitos).<\/li>\n<li>En caso de resultar reactivo a prueba r\u00e1pida de VIH o del virus de hepatitis C, se le referir\u00e1 a un<br \/>\nCentro Ambulatorio para la Prevenci\u00f3n y Atenci\u00f3n del VIH\/Sida e Infecciones de Transmisi\u00f3n<br \/>\nSexual (CAPASITS) m\u00e1s cercano, la cual har\u00e1 la corroboraci\u00f3n diagn\u00f3stica y en caso de requerir<br \/>\ntratamiento y no contar con ninguna derechohabiencia le brindar\u00e1 atenci\u00f3n de manera gratuita;<br \/>\nen caso de contar con derechohabiencia y haber confirmado su diagn\u00f3stico de VIH o del virus de<br \/>\nhepatitis C se referir\u00e1 a su cl\u00ednica de derechohabiencia que le corresponda.<\/li>\n<\/ul>\n<p><strong>Datos del contacto y responsable del programa:<\/strong><br \/>\nLic. Psic. Susana Aceves Angulo.<br \/>\nCoordinador Estatal del Programa de Eliminaci\u00f3n de la Hepatitis C.<br \/>\nDirecci\u00f3n de Prevenci\u00f3n y Promoci\u00f3n de la Salud.<br \/>\n<strong>Horario de atenci\u00f3n:<\/strong><br \/>\nDe lunes a viernes de 8:00 a 14:00 horas.<br \/>\n<strong>Medios de contacto:<\/strong><br \/>\nTel\u00e9fono: 667 758 7000 ext. 40390<br \/>\nCorreo oficial: <a href=\"mailto:hepatitisc@saludsinaloa.gob.mx\">coordvih@saludsinaloa.gob.mx<\/a><br \/>\n<strong>Domicilio:<\/strong><br \/>\nBoulevard Alfonso Zaragoza Maytorena #2204, Edificio B, tercer piso, Fraccionamiento Bonanza,<br \/>\nC\u00f3digo Postal 80020, Culiac\u00e1n, Sinaloa, M\u00e9xico.<\/p>\n<p>&nbsp;<\/p>\n","protected":false},"excerpt":{"rendered":"<p>Objetivos: \u00a0Tamizar, diagnosticar y tratar a toda persona de riesgo de contraer el virus de Hepatitis C (VHC), tanto para las personas que viven con VIH que reciben atenci\u00f3n en los Centros Ambulatorios para la Prevenci\u00f3n y Atenci\u00f3n en SIDA e Infecciones de Transmisi\u00f3n Sexual (CAPASITS) y Servicios de Atenci\u00f3n Integral Hospitalaria (SAIH); as\u00ed como [&hellip;]<\/p>\n","protected":false},"author":1,"featured_media":0,"parent":0,"menu_order":0,"comment_status":"closed","ping_status":"closed","template":"templates\/full-width-page.php","meta":{"footnotes":""},"class_list":["post-6420","page","type-page","status-publish","hentry"],"_links":{"self":[{"href":"https:\/\/saludsinaloa.gob.mx\/index.php\/wp-json\/wp\/v2\/pages\/6420","targetHints":{"allow":["GET"]}}],"collection":[{"href":"https:\/\/saludsinaloa.gob.mx\/index.php\/wp-json\/wp\/v2\/pages"}],"about":[{"href":"https:\/\/saludsinaloa.gob.mx\/index.php\/wp-json\/wp\/v2\/types\/page"}],"author":[{"embeddable":true,"href":"https:\/\/saludsinaloa.gob.mx\/index.php\/wp-json\/wp\/v2\/users\/1"}],"replies":[{"embeddable":true,"href":"https:\/\/saludsinaloa.gob.mx\/index.php\/wp-json\/wp\/v2\/comments?post=6420"}],"version-history":[{"count":9,"href":"https:\/\/saludsinaloa.gob.mx\/index.php\/wp-json\/wp\/v2\/pages\/6420\/revisions"}],"predecessor-version":[{"id":19759,"href":"https:\/\/saludsinaloa.gob.mx\/index.php\/wp-json\/wp\/v2\/pages\/6420\/revisions\/19759"}],"wp:attachment":[{"href":"https:\/\/saludsinaloa.gob.mx\/index.php\/wp-json\/wp\/v2\/media?parent=6420"}],"curies":[{"name":"wp","href":"https:\/\/api.w.org\/{rel}","templated":true}]}}