{"id":6415,"date":"2019-02-18T16:38:41","date_gmt":"2019-02-18T16:38:41","guid":{"rendered":"http:\/\/saludsinaloa.gob.mx\/?page_id=6415"},"modified":"2025-03-14T18:16:44","modified_gmt":"2025-03-14T18:16:44","slug":"programa-prevencion-y-control-de-la-lepra","status":"publish","type":"page","link":"https:\/\/saludsinaloa.gob.mx\/index.php\/programa-prevencion-y-control-de-la-lepra\/","title":{"rendered":"Programa Prevenci\u00f3n y Control de la Lepra"},"content":{"rendered":"<p><strong>Objetivo:<\/strong><\/p>\n<ul>\n<li>Lograr la eliminaci\u00f3n de esta enfermedad implementando la poliquimioterapia (PQT) y la b\u00fasqueda<br \/>\nde casos nuevos entre los contactos de los enfermos y entre la poblaci\u00f3n con sintomatolog\u00eda<br \/>\ncompatible con la enfermedad.<br \/>\n<strong>Descripci\u00f3n:<\/strong><\/li>\n<li>Define las acciones que se deben implementar en la lucha contra la lepra, es de car\u00e1cter sectorial y<br \/>\nconstruye un instrumento que gu\u00eda a los servicios de salud, a fin de ofrecer un abordaje pr\u00e1ctico y<br \/>\nhomologado en la implementaci\u00f3n de las estrategias y l\u00edneas de acci\u00f3n entre los diferentes niveles<br \/>\naplicativos. Para el control de la lepra se aborda de manera integral, que proporcione equidad y<br \/>\naccesibilidad, as\u00ed como mantener la calidad de la atenci\u00f3n, con base en las acciones de vigilancia<br \/>\nepidemiol\u00f3gica, promoci\u00f3n de la salud, fortalecimiento de la red de laboratorios de diagn\u00f3stico y la<br \/>\ncoordinaci\u00f3n interinstitucional en los diferentes niveles de atenci\u00f3n del Sistema Nacional de Salud.<br \/>\n<strong>Bienes y servicios que entrega el programa:<\/strong><\/li>\n<li>\u00a0Favorecer la interrupci\u00f3n de la cadena de transmisi\u00f3n y evitar discapacidad por Lepra.<\/li>\n<li>\u00a0Fortalecer las acciones de rector\u00eda con respecto a los procesos de lepra.<\/li>\n<li>\u00a0Sensibilizar a los profesionales de la salud y a la poblaci\u00f3n para evitar el estigma y<br \/>\ndiscriminaci\u00f3n que a\u00fan prevalece por la lepra.<\/li>\n<li>\u00a0Implementar proyectos comunitarios de probado \u00e9xito en el control de la lepra.<br \/>\n<strong>Cobertura:<\/strong><\/li>\n<li>En todas las unidades de primer y segundo nivel del Estado de Sinaloa.<br \/>\n<strong>Beneficiarios:<\/strong><\/li>\n<li>Poblaci\u00f3n en general sin derechohabiencia.<br \/>\n<strong>Requisitos del beneficiario:<\/strong><\/li>\n<li>\u00a0Solicitud de atenci\u00f3n o en su caso si es referido por una unidad de primer o segundo nivel<br \/>\npresentar la Hoja de Referencia de la unidad.<\/li>\n<li>\u00a0Identificaci\u00f3n oficial del Instituto Nacional Electoral (INE) vigente o Acta de nacimiento.<br \/>\n<strong>Procedimiento para acceder a los bienes y\/o servicios del programa:<\/strong><\/li>\n<li>\u00a0Acudir a las unidades m\u00e9dicas de primer y segundo nivel de atenci\u00f3n m\u00e1s cercana, por voluntad<br \/>\npropia y referida por una unidad de salud, llevando consigo su carta de no derechohabiencia.<\/li>\n<li>\u00a0Solicitar la atenci\u00f3n m\u00e9dica y entregar los documentos antes mencionados, en caso de contar con<br \/>\nellos.<\/li>\n<li>\u00a0Responder a las preguntas del estudio epidemiol\u00f3gico que realicen los servicios epidemiolog\u00eda y<br \/>\nfirmar carta compromiso de la Red Tratamiento Acortada Estrictamente Supervisado (TAES).<\/li>\n<li>\u00a0Asistir de manera voluntaria a las citas establecidas por la unidad.<\/li>\n<\/ul>\n<p><strong>Datos del contacto y responsable del programa:<\/strong><br \/>\nDra. Ana Valeria Moreno Castro.<br \/>\nCoordinadora Estatal del Programa de Prevenci\u00f3n y Control de Lepra.<br \/>\nDirecci\u00f3n de Prevenci\u00f3n y Promoci\u00f3n de la Salud.<br \/>\n<strong>Horario de atenci\u00f3n:<\/strong><br \/>\nDe lunes a viernes de 7:00 a 14:00 horas.<br \/>\n<strong>Medios de contacto:<\/strong><br \/>\nTel\u00e9fono: 667 758 7000 ext. 40413<br \/>\nCorreo oficial: <a href=\"mailto:tuberculosis@saludsinaloa.gob.mx\">tuberculosis@saludsinaloa.gob.mx<\/a><br \/>\n<strong>Domicilio:<\/strong><br \/>\nBoulevard Alfonso Zaragoza Maytorena #2204, Edificio B, tercer piso, Fraccionamiento Bonanza,<br \/>\nC\u00f3digo Postal 80020, Culiac\u00e1n, Sinaloa, M\u00e9xico.<\/p>\n<p>&nbsp;<\/p>\n","protected":false},"excerpt":{"rendered":"<p>Objetivo: Lograr la eliminaci\u00f3n de esta enfermedad implementando la poliquimioterapia (PQT) y la b\u00fasqueda de casos nuevos entre los contactos de los enfermos y entre la poblaci\u00f3n con sintomatolog\u00eda compatible con la enfermedad. Descripci\u00f3n: Define las acciones que se deben implementar en la lucha contra la lepra, es de car\u00e1cter sectorial y construye un instrumento [&hellip;]<\/p>\n","protected":false},"author":1,"featured_media":0,"parent":0,"menu_order":0,"comment_status":"closed","ping_status":"closed","template":"templates\/full-width-page.php","meta":{"footnotes":""},"class_list":["post-6415","page","type-page","status-publish","hentry"],"_links":{"self":[{"href":"https:\/\/saludsinaloa.gob.mx\/index.php\/wp-json\/wp\/v2\/pages\/6415","targetHints":{"allow":["GET"]}}],"collection":[{"href":"https:\/\/saludsinaloa.gob.mx\/index.php\/wp-json\/wp\/v2\/pages"}],"about":[{"href":"https:\/\/saludsinaloa.gob.mx\/index.php\/wp-json\/wp\/v2\/types\/page"}],"author":[{"embeddable":true,"href":"https:\/\/saludsinaloa.gob.mx\/index.php\/wp-json\/wp\/v2\/users\/1"}],"replies":[{"embeddable":true,"href":"https:\/\/saludsinaloa.gob.mx\/index.php\/wp-json\/wp\/v2\/comments?post=6415"}],"version-history":[{"count":10,"href":"https:\/\/saludsinaloa.gob.mx\/index.php\/wp-json\/wp\/v2\/pages\/6415\/revisions"}],"predecessor-version":[{"id":19757,"href":"https:\/\/saludsinaloa.gob.mx\/index.php\/wp-json\/wp\/v2\/pages\/6415\/revisions\/19757"}],"wp:attachment":[{"href":"https:\/\/saludsinaloa.gob.mx\/index.php\/wp-json\/wp\/v2\/media?parent=6415"}],"curies":[{"name":"wp","href":"https:\/\/api.w.org\/{rel}","templated":true}]}}