{"id":6408,"date":"2019-02-15T20:58:01","date_gmt":"2019-02-15T20:58:01","guid":{"rendered":"http:\/\/saludsinaloa.gob.mx\/?page_id=6408"},"modified":"2025-03-13T20:04:45","modified_gmt":"2025-03-13T20:04:45","slug":"programa-salud-sexual-y-reproductiva-para-adolescentes","status":"publish","type":"page","link":"https:\/\/saludsinaloa.gob.mx\/index.php\/programa-salud-sexual-y-reproductiva-para-adolescentes\/","title":{"rendered":"Programa Salud Sexual y Reproductiva para Adolescentes"},"content":{"rendered":"<p><strong>Objetivos:<\/strong><\/p>\n<ul>\n<li>\u00a0Impulsar el ejercicio de los derechos sexuales y reproductivos a trav\u00e9s de acciones espec\u00edficas<strong><br \/>\n<\/strong>de informaci\u00f3n, prevenci\u00f3n y atenci\u00f3n oportuna en la adolescencia.<strong><br \/>\n<\/strong><\/li>\n<li>\u00a0Generar cambios positivos de comportamiento para favorecer la salud sexual y reproductiva<br \/>\nde la poblaci\u00f3n adolescente.<\/li>\n<li>Fortalecer la capacidad de las instituciones de salud para garantizar el acceso universal a<br \/>\ninformaci\u00f3n y servicios integrales de salud sexual y reproductiva para adolescentes.<\/li>\n<li>\u00a0Fortalecer las estrategias para prevenir embarazos e infecciones de transmisi\u00f3n sexual en<br \/>\nadolescentes, en coordinaci\u00f3n con otras instituciones de los sectores p\u00fablico, social y<br \/>\nprivado.<\/li>\n<li>\u00a0Ampliar la cobertura de atenci\u00f3n a la poblaci\u00f3n adolescente de zonas en marginaci\u00f3n<br \/>\n(urbanas y rurales) con \u00e9nfasis en las y los adolescentes en situaci\u00f3n de vulnerabilidad.<\/li>\n<\/ul>\n<p><strong><br \/>\nDescripci\u00f3n:<br \/>\n<\/strong><\/p>\n<ul>\n<li>El programa se centra en las personas adolescentes e incluye de manera transversal a la Educaci\u00f3n<br \/>\nIntegral en Sexualidad (EIS), para favorecer que toda persona adolescente cuente con conocimientos<br \/>\nbasados en evidencia cient\u00edfica, habilidades de an\u00e1lisis y fortalecimiento de sus capacidades para una<br \/>\nmejor toda de decisiones en el ejercicio de su sexualidad y de sus derechos sexuales y reproductivos.<br \/>\nCon el objetivo de establecer relaciones sanas y respetuosas; se incluya la perspectiva de igualdad de<br \/>\ng\u00e9nero y no discriminaci\u00f3n, y contribuya a la eliminaci\u00f3n de la violencia entre pares, la violencia de<br \/>\ng\u00e9nero y el abuso sexual. Permitiendo incidir en la prevenci\u00f3n del embarazo adolescente y en la<br \/>\nerradicaci\u00f3n del embarazo en ni\u00f1as, as\u00ed como el riesgo de exposici\u00f3n a Infecciones de Transmisi\u00f3n<br \/>\nSexual (ITS), son prioridades para este programa por su magnitud, implicaciones multidimensionales<br \/>\nen la salud, el desarrollo de los y las adolescentes y sus impactos en la salud p\u00fablica.<\/li>\n<\/ul>\n<p><strong><br \/>\nBienes y servicios que entrega el programa:<br \/>\n<\/strong><\/p>\n<ul>\n<li>\u00a0Orientaci\u00f3n y consejer\u00eda a poblaci\u00f3n adolescente en Educaci\u00f3n Sexual Integral.<\/li>\n<li>\u00a0Otorgar m\u00e9todos anticonceptivos a poblaci\u00f3n adolescente.<\/li>\n<li>Pl\u00e1ticas y talleres a unidades acad\u00e9micas con capacitaci\u00f3n a docentes y alumnos.<\/li>\n<li>\u00a0Capacitaci\u00f3n a personal de Salud en temas de Salud Sexual y Reproductiva.<\/li>\n<li>\u00a0Implementar campa\u00f1as de informaci\u00f3n, educaci\u00f3n y comunicaci\u00f3n sobre salud sexual y<br \/>\nreproductiva que atienden las necesidades particulares de adolescentes.<\/li>\n<li>\u00a0Promover la formaci\u00f3n de redes comunitarias de promotores juveniles en materia de salud<br \/>\nsexual y reproductiva.<strong><br \/>\n<\/strong><\/li>\n<li>Atenci\u00f3n a la poblaci\u00f3n adolescente de zonas en marginaci\u00f3n (urbanas y rurales) en Unidad<br \/>\nm\u00f3vil Itinerante \u201cEDUSEX\u201d.<\/li>\n<\/ul>\n<p><strong>Cobertura:<\/strong><br \/>\nTodos los municipios del Estado de Sinaloa.<br \/>\n<strong>Beneficiarios:<\/strong><\/p>\n<p>Dirigido a la poblaci\u00f3n adolescente de rango de edad de 10 a 19 a\u00f1os.<\/p>\n<p><strong>Requisitos del beneficiario:<\/strong><\/p>\n<ul>\n<li>No hay requisitos para acudir a los Servicios Amigables para Adolescentes, ya que se trata de espacios<br \/>\nde atenci\u00f3n gratuita y confidencial.<\/li>\n<\/ul>\n<p><strong>Procedimiento para acceder a los bienes y\/o servicios del programa:<\/strong><\/p>\n<ul>\n<li>\u00a0Consultar el directorio de unidades por entidad federativa.<\/li>\n<li>\u00a0Acudir a la unidad de salud m\u00e1s cercana.<\/li>\n<li>\u00a0Utilizar el Chat en l\u00ednea \u00bfC\u00f3mo le hago?<\/li>\n<\/ul>\n<p><strong>Datos del contacto y responsable del programa:<\/strong><br \/>\nLic. Gabriela Beltr\u00e1n Garc\u00eda.<br \/>\nCoordinador Estatal del Programa de Salud Sexual y Reproductiva para Adolescentes.<br \/>\nDirecci\u00f3n de Prevenci\u00f3n y Promoci\u00f3n de la Salud.<br \/>\nHorario de atenci\u00f3n:<br \/>\nDe lunes a viernes de 8:00 a 14:00 horas.<br \/>\nMedios de contacto:<br \/>\nTel\u00e9fono: 667 758 7000 ext. 40454<br \/>\nCorreo oficial: <a href=\"mailto:p.salud.reproductiva@saludsinaloa.gob.mx\">p.salud.reproductiva@saludsinaloa.gob.mx<\/a><br \/>\nDomicilio:<br \/>\nBoulevard Alfonso Zaragoza Maytorena #2204, Edificio B, tercer piso, Fraccionamiento Bonanza,<br \/>\nC\u00f3digo Postal 80020, Culiac\u00e1n, Sinaloa, M\u00e9xico.<\/p>\n","protected":false},"excerpt":{"rendered":"<p>Objetivos: \u00a0Impulsar el ejercicio de los derechos sexuales y reproductivos a trav\u00e9s de acciones espec\u00edficas de informaci\u00f3n, prevenci\u00f3n y atenci\u00f3n oportuna en la adolescencia. \u00a0Generar cambios positivos de comportamiento para favorecer la salud sexual y reproductiva de la poblaci\u00f3n adolescente. Fortalecer la capacidad de las instituciones de salud para garantizar el acceso universal a informaci\u00f3n [&hellip;]<\/p>\n","protected":false},"author":1,"featured_media":0,"parent":0,"menu_order":0,"comment_status":"closed","ping_status":"closed","template":"templates\/full-width-page.php","meta":{"footnotes":""},"class_list":["post-6408","page","type-page","status-publish","hentry"],"_links":{"self":[{"href":"https:\/\/saludsinaloa.gob.mx\/index.php\/wp-json\/wp\/v2\/pages\/6408","targetHints":{"allow":["GET"]}}],"collection":[{"href":"https:\/\/saludsinaloa.gob.mx\/index.php\/wp-json\/wp\/v2\/pages"}],"about":[{"href":"https:\/\/saludsinaloa.gob.mx\/index.php\/wp-json\/wp\/v2\/types\/page"}],"author":[{"embeddable":true,"href":"https:\/\/saludsinaloa.gob.mx\/index.php\/wp-json\/wp\/v2\/users\/1"}],"replies":[{"embeddable":true,"href":"https:\/\/saludsinaloa.gob.mx\/index.php\/wp-json\/wp\/v2\/comments?post=6408"}],"version-history":[{"count":6,"href":"https:\/\/saludsinaloa.gob.mx\/index.php\/wp-json\/wp\/v2\/pages\/6408\/revisions"}],"predecessor-version":[{"id":19748,"href":"https:\/\/saludsinaloa.gob.mx\/index.php\/wp-json\/wp\/v2\/pages\/6408\/revisions\/19748"}],"wp:attachment":[{"href":"https:\/\/saludsinaloa.gob.mx\/index.php\/wp-json\/wp\/v2\/media?parent=6408"}],"curies":[{"name":"wp","href":"https:\/\/api.w.org\/{rel}","templated":true}]}}