{"id":6380,"date":"2019-02-13T20:10:10","date_gmt":"2019-02-13T20:10:10","guid":{"rendered":"http:\/\/saludsinaloa.gob.mx\/?page_id=6380"},"modified":"2025-03-13T19:47:43","modified_gmt":"2025-03-13T19:47:43","slug":"programa-salud-materna","status":"publish","type":"page","link":"https:\/\/saludsinaloa.gob.mx\/index.php\/programa-salud-materna\/","title":{"rendered":"Programa Salud Materna"},"content":{"rendered":"<p><strong>Objetivo:<\/strong><\/p>\n<ul>\n<li>Disminuir las muertes maternas a trav\u00e9s de una evaluaci\u00f3n previa a un embarazo mediante una<br \/>\nconsulta pregestacional, ingreso para una vigilancia prenatal oportuna y de calidad para hacer<br \/>\ndetecciones tempranas de enfermedades mediante pruebas r\u00e1pidas espec\u00edficas y que reciba la<br \/>\nembarazada una atenci\u00f3n profesional del embarazo, parto y del puerperio.<br \/>\n<strong>Descripci\u00f3n:<\/strong><\/li>\n<li>Brindar informaci\u00f3n y acceso a los servicios de salud con calidad, respeto a la cultura, derechos<br \/>\nhumanos y con apego al c\u00f3digo de \u00e9tica tanto a las mujeres y los hombres antes del embarazo, as\u00ed<br \/>\ncomo, en el embarazo, durante el parto y el puerperio. Tambi\u00e9n se atiende y orienta a la mujer y a su<br \/>\npareja desde antes del embarazo a trav\u00e9s de la consejer\u00eda. Se proporciona control del embarazo<br \/>\ntratando de integrar a toda mujer embarazada antes de cumplir los 3 meses, teniendo al menos 5<br \/>\nconsultas y siendo puntual en su asistencia.<br \/>\n<strong>Bienes y servicios que entrega el programa:<\/strong><\/li>\n<li>\u00a0Atenci\u00f3n de partos a nivel hospitalario.<\/li>\n<li>\u00a0Consultas a mujeres embarazadas.<\/li>\n<li>\u00a0Micro nutrientes como el \u00e1cido f\u00f3lico y fumarato ferroso para prevenir la anemia.<\/li>\n<li>\u00a0Aplicaci\u00f3n de vacuna toxoide tet\u00e1nico a quien lo requiera.<\/li>\n<li>Detecci\u00f3n oportuna de VIH y S\u00edfilis para evitar la transmisi\u00f3n vertical.<br \/>\n<strong>Cobertura:<\/strong><br \/>\nTodos los municipios del Estado de Sinaloa.<br \/>\n<strong>Beneficiarios:<\/strong><br \/>\nMujeres embarazadas sin importar edad, etnia, nivel socioecon\u00f3mico o lugar de residencia, que no<br \/>\ncuenten con derechohabiencia en el Estado de Sinaloa.<br \/>\n<strong>Requisitos del beneficiario:<\/strong><br \/>\nDe las mujeres embarazadas:<\/li>\n<li>\u00a0No contar con derechohabiencia.<\/li>\n<li>Identificaci\u00f3n oficial con fotograf\u00eda.<\/li>\n<li>Clave \u00danica de Registro de Poblaci\u00f3n (CURP).<br \/>\n<strong>Procedimiento para acceder a los bienes y\/o servicios del programa:<\/strong><br \/>\nAtenci\u00f3n de la mujer embarazada:<\/li>\n<li>\u00a0En todas las unidades m\u00e9dicas del Sistema Nacional de Salud P\u00fablica, la atenci\u00f3n pregestacional,<br \/>\nla atenci\u00f3n prenatal, parto y puerperio es gratuita.<\/li>\n<li>\u00a0La mujer que presente retraso menstrual o tenga sospecha de estar embarazada, deber\u00e1 acudir a<br \/>\nla unidad de salud m\u00e1s cercana a su domicilio, cualquiera que sea su derechohabiencia, para<br \/>\nconfirmar o descartar embarazo.<\/li>\n<li>El paciente con sospecha, se realizar\u00e1n estudios para confirmarlo (prueba de embarazo y<br \/>\nultrasonido).<\/li>\n<li>\u00a0Se le realizara historia cl\u00ednica, carnet prenatal e inicia su control.<\/li>\n<li>Se le proporcionaran micro nutrientes (\u00e1cido f\u00f3lico y fumarato ferroso) y se le solicitar\u00e1n estudios<br \/>\nde laboratorio y gabinete (biometr\u00eda hem\u00e1tica, grupo y Rh, examen general de orina, qu\u00edmica<br \/>\nsangu\u00ednea, prueba para detecci\u00f3n de s\u00edfilis y prueba de VIH \/SIDA, ultrasonido obst\u00e9trico en su<br \/>\ncaso) cit\u00e1ndole de manera mensual.<\/li>\n<li>\u00a0En caso de detectar alguna complicaci\u00f3n, se derivar\u00e1 a Hospital Integral u Hospital General con<br \/>\natenci\u00f3n a embarazadas que corresponda o sea el m\u00e1s cercano. Deber\u00e1 ser enviada a consulta de<br \/>\nvaloraci\u00f3n por ginecobstetricia cuando as\u00ed lo considere el m\u00e9dico del centro de salud, o en caso de<br \/>\npresentar alguna alarma obst\u00e9trica (amenaza de aborto, de parto prematuro, sangrado en<br \/>\ncualquier etapa del embarazo, preeclampsia\/eclampsia, o trabajo de parto establecido). Las<br \/>\npacientes con alarma obst\u00e9trica se derivaran a los servicios de urgencias o toco valoraciones. Las<br \/>\npacientes que cuentan con seguridad social acudir\u00e1n a la unidad de salud de derechohabiencia<br \/>\nm\u00e1s cercana a su domicilio, de preferencia desde el inicio de su embarazo o en los primeros tres<br \/>\nmeses, para iniciar su control prenatal en forma regular.<\/li>\n<\/ul>\n<p><strong>Datos del contacto y responsable del programa:<\/strong><br \/>\nDr. Rodolfo Guadalupe Osuna Berrelleza.<br \/>\nCoordinador Estatal del Programa de Salud Materna.<br \/>\nDirecci\u00f3n de Prevenci\u00f3n y Promoci\u00f3n de la Salud.<br \/>\n<strong>Horario de atenci\u00f3n:<\/strong><br \/>\nDe lunes a viernes de 8:00 a 14:00 horas.<br \/>\n<strong>Medios de contacto:<\/strong><br \/>\nTel\u00e9fono: 667 758 7000 ext. 40453<br \/>\nCorreo oficial: <a href=\"mailto:salud.materna@saludsinaloa.gob.mx\">salud.materna@saludsinaloa.gob.mx<\/a><br \/>\n<strong>Domicilio:<\/strong><br \/>\nBoulevard Alfonso Zaragoza Maytorena #2204, Edificio B, tercer piso, Fraccionamiento Bonanza,<br \/>\nC\u00f3digo Postal 80020, Culiac\u00e1n, Sinaloa, M\u00e9xico.<\/p>\n","protected":false},"excerpt":{"rendered":"<p>Objetivo: Disminuir las muertes maternas a trav\u00e9s de una evaluaci\u00f3n previa a un embarazo mediante una consulta pregestacional, ingreso para una vigilancia prenatal oportuna y de calidad para hacer detecciones tempranas de enfermedades mediante pruebas r\u00e1pidas espec\u00edficas y que reciba la embarazada una atenci\u00f3n profesional del embarazo, parto y del puerperio. Descripci\u00f3n: Brindar informaci\u00f3n y [&hellip;]<\/p>\n","protected":false},"author":1,"featured_media":0,"parent":0,"menu_order":0,"comment_status":"closed","ping_status":"closed","template":"templates\/full-width-page.php","meta":{"footnotes":""},"class_list":["post-6380","page","type-page","status-publish","hentry"],"_links":{"self":[{"href":"https:\/\/saludsinaloa.gob.mx\/index.php\/wp-json\/wp\/v2\/pages\/6380","targetHints":{"allow":["GET"]}}],"collection":[{"href":"https:\/\/saludsinaloa.gob.mx\/index.php\/wp-json\/wp\/v2\/pages"}],"about":[{"href":"https:\/\/saludsinaloa.gob.mx\/index.php\/wp-json\/wp\/v2\/types\/page"}],"author":[{"embeddable":true,"href":"https:\/\/saludsinaloa.gob.mx\/index.php\/wp-json\/wp\/v2\/users\/1"}],"replies":[{"embeddable":true,"href":"https:\/\/saludsinaloa.gob.mx\/index.php\/wp-json\/wp\/v2\/comments?post=6380"}],"version-history":[{"count":8,"href":"https:\/\/saludsinaloa.gob.mx\/index.php\/wp-json\/wp\/v2\/pages\/6380\/revisions"}],"predecessor-version":[{"id":19746,"href":"https:\/\/saludsinaloa.gob.mx\/index.php\/wp-json\/wp\/v2\/pages\/6380\/revisions\/19746"}],"wp:attachment":[{"href":"https:\/\/saludsinaloa.gob.mx\/index.php\/wp-json\/wp\/v2\/media?parent=6380"}],"curies":[{"name":"wp","href":"https:\/\/api.w.org\/{rel}","templated":true}]}}