{"id":6376,"date":"2019-02-13T19:56:28","date_gmt":"2019-02-13T19:56:28","guid":{"rendered":"http:\/\/saludsinaloa.gob.mx\/?page_id=6376"},"modified":"2025-03-13T19:34:54","modified_gmt":"2025-03-13T19:34:54","slug":"programa-de-prevencion-y-control-de-la-tuberculosis","status":"publish","type":"page","link":"https:\/\/saludsinaloa.gob.mx\/index.php\/programa-de-prevencion-y-control-de-la-tuberculosis\/","title":{"rendered":"Programa Prevenci\u00f3n y Control de la Tuberculosis"},"content":{"rendered":"<p><strong>Objetivos:<\/strong><\/p>\n<ul>\n<li>Contribuir al bienestar de la poblaci\u00f3n reduciendo los da\u00f1os a la salud por tuberculosis a<br \/>\ntrav\u00e9s de la prevenci\u00f3n y la atenci\u00f3n integral.<\/li>\n<li>Fortalecer la instrumentaci\u00f3n de la estrategia del Tratamiento Acortado Estrictamente<br \/>\nSupervisado (TAES) realizando visitas de supervisi\u00f3n y asesor\u00eda a las unidades de salud,<br \/>\nconsolidando la estrategia nacional para la atenci\u00f3n de casos de tuberculosis<br \/>\nmultif\u00e1rmacorresistente.<\/li>\n<li>Mejorar la atenci\u00f3n integral de las comorbilidades Tuberculosis-VIH; Tuberculosis-DiabetesMellitus.<\/li>\n<\/ul>\n<p><strong>Descripci\u00f3n:<\/strong><\/p>\n<ul>\n<li>Los casos de tuberculosis en nuestro estado, se ha incrementado en los \u00faltimos a\u00f1os. La poblaci\u00f3n<br \/>\ncon caracter\u00edsticas heterog\u00e9neas, niveles socio-econ\u00f3micos bajos las comorbilidades, adicciones y la<br \/>\ndesnutrici\u00f3n ha favorecido a la transmisi\u00f3n de esta enfermedad. La estrategia TAES (Tratamiento<br \/>\nAcortado Estrictamente Supervisado) permite incrementar las acciones de promoci\u00f3n, capacitaci\u00f3n y<br \/>\nvigilancia epidemiol\u00f3gica, mediante la coordinaci\u00f3n interinstitucional, con el prop\u00f3sito de detectar y<br \/>\ncurar al mayor n\u00famero de enfermos y as\u00ed interrumpir la cadena de transmisi\u00f3n, proporcionando una<br \/>\natenci\u00f3n de la mayor calidad posible en beneficio de la poblaci\u00f3n afectada.<br \/>\n<strong>Bienes y servicios que entrega el programa:<\/strong><\/li>\n<li>Otorgar Tratamiento en Fase Intensiva y Fase de Sost\u00e9n para las formas pulmonares y<br \/>\nextrapulmonares.<\/li>\n<li>\u00a0Otorgar Terapia Preventiva con Isoniazida a todos los contactos que interact\u00faan con el<br \/>\npaciente, a menores de 5 a\u00f1os y personas afectadas con Infecci\u00f3n Latente por Tuberculosis.<\/li>\n<li>\u00a0Sensibilizar a los profesionales de la salud y a la poblaci\u00f3n para evitar el estigma y<br \/>\ndiscriminaci\u00f3n que a\u00fan prevalece por la tuberculosis.<\/li>\n<li>\u00a0Realizar barridos sistem\u00e1ticos alrededor de los casos con el fin de detectar casos nuevos<br \/>\ncomunitarios.<\/li>\n<li>\u00a0Otorgar atenci\u00f3n y seguimiento a los pacientes con tuberculosis f\u00e1rmacorresistente.<\/li>\n<\/ul>\n<p><strong>Cobertura:<\/strong><\/p>\n<p>En todas las unidades de primer nivel del Estado de Sinaloa.<\/p>\n<p><strong>Beneficiarios:<\/strong><br \/>\nPoblaci\u00f3n general sin derechohabiencia.<\/p>\n<p><strong>Requisitos del beneficiario:<\/strong><\/p>\n<ul>\n<li>Solicitud de atenci\u00f3n o en su caso si es referido por una unidad de primer o segundo nivel<br \/>\npresentar la Hoja de Referencia de la unidad.<\/li>\n<li>\u00a0Carta de no derechohabiencia del IMSS o ISSSTE.<\/li>\n<li>Identificaci\u00f3n oficial del Instituto Nacional Electoral (INE) vigente o acta de nacimiento.<br \/>\nProcedimiento para acceder a los bienes y\/o servicios del programa:<\/li>\n<li>Acudir a una de las unidades m\u00e9dicas de primer nivel o segundo nivel de atenci\u00f3n por voluntad<br \/>\npropia y referida por una unidad de salud.<\/li>\n<li>Acudir a una unidad de salud llevando la hoja de referencia, en caso de haber sido referido por<br \/>\nuna unidad de salud m\u00e9dica de los Servicios de Salud de Sinaloa.<\/li>\n<li>\u00a0Solicitar la atenci\u00f3n m\u00e9dica y entregar los documentos antes mencionados, en caso de contar con<br \/>\nellos.<\/li>\n<li>\u00a0Responder a las preguntas del estudio epidemiol\u00f3gico que realicen los servicios epidemiolog\u00eda y<br \/>\nfirmar carta compromiso de RED TAES.<\/li>\n<li>\u00a0Asistir de manera voluntaria a las citas establecidas por la unidad.<\/li>\n<\/ul>\n<p><strong>Datos del contacto y responsable del programa:<\/strong><br \/>\nDra. Ana Valeria Moreno Castro.<br \/>\nCoordinador Estatal del Programa de Prevenci\u00f3n y Control de la Tuberculosis.<br \/>\nDirecci\u00f3n de Prevenci\u00f3n y Promoci\u00f3n de la Salud.<br \/>\n<strong>Horario de atenci\u00f3n:<\/strong><br \/>\nDe lunes a viernes de 7:00 a 14:00 horas.<br \/>\n<strong>Medios de contacto:<\/strong><br \/>\nTel\u00e9fono: 667 758 7000 ext. 40413<br \/>\nCorreo oficial: <a href=\"mailto:tuberculosis@saludsinaloa.gob.mx\">tuberculosis@saludsinaloa.gob.mx<\/a><br \/>\n<strong>Domicilio:<\/strong><br \/>\nBoulevard Alfonso Zaragoza Maytorena #2204, Edificio B, tercer piso, Fraccionamiento Bonanza,<br \/>\nC\u00f3digo Postal 80020, Culiac\u00e1n, Sinaloa, M\u00e9xico.<\/p>\n<p>&nbsp;<\/p>\n","protected":false},"excerpt":{"rendered":"<p>Objetivos: Contribuir al bienestar de la poblaci\u00f3n reduciendo los da\u00f1os a la salud por tuberculosis a trav\u00e9s de la prevenci\u00f3n y la atenci\u00f3n integral. Fortalecer la instrumentaci\u00f3n de la estrategia del Tratamiento Acortado Estrictamente Supervisado (TAES) realizando visitas de supervisi\u00f3n y asesor\u00eda a las unidades de salud, consolidando la estrategia nacional para la atenci\u00f3n de [&hellip;]<\/p>\n","protected":false},"author":1,"featured_media":0,"parent":0,"menu_order":0,"comment_status":"closed","ping_status":"closed","template":"templates\/full-width-page.php","meta":{"footnotes":""},"class_list":["post-6376","page","type-page","status-publish","hentry"],"_links":{"self":[{"href":"https:\/\/saludsinaloa.gob.mx\/index.php\/wp-json\/wp\/v2\/pages\/6376","targetHints":{"allow":["GET"]}}],"collection":[{"href":"https:\/\/saludsinaloa.gob.mx\/index.php\/wp-json\/wp\/v2\/pages"}],"about":[{"href":"https:\/\/saludsinaloa.gob.mx\/index.php\/wp-json\/wp\/v2\/types\/page"}],"author":[{"embeddable":true,"href":"https:\/\/saludsinaloa.gob.mx\/index.php\/wp-json\/wp\/v2\/users\/1"}],"replies":[{"embeddable":true,"href":"https:\/\/saludsinaloa.gob.mx\/index.php\/wp-json\/wp\/v2\/comments?post=6376"}],"version-history":[{"count":10,"href":"https:\/\/saludsinaloa.gob.mx\/index.php\/wp-json\/wp\/v2\/pages\/6376\/revisions"}],"predecessor-version":[{"id":19744,"href":"https:\/\/saludsinaloa.gob.mx\/index.php\/wp-json\/wp\/v2\/pages\/6376\/revisions\/19744"}],"wp:attachment":[{"href":"https:\/\/saludsinaloa.gob.mx\/index.php\/wp-json\/wp\/v2\/media?parent=6376"}],"curies":[{"name":"wp","href":"https:\/\/api.w.org\/{rel}","templated":true}]}}