{"id":6369,"date":"2019-02-13T19:17:52","date_gmt":"2019-02-13T19:17:52","guid":{"rendered":"http:\/\/saludsinaloa.gob.mx\/?page_id=6369"},"modified":"2025-03-13T19:15:50","modified_gmt":"2025-03-13T19:15:50","slug":"programa-planificacion-familiar-y-anticoncepcion","status":"publish","type":"page","link":"https:\/\/saludsinaloa.gob.mx\/index.php\/programa-planificacion-familiar-y-anticoncepcion\/","title":{"rendered":"Programa planificaci\u00f3n familiar y anticoncepci\u00f3n"},"content":{"rendered":"<p><strong>Objetivo:<\/strong><\/p>\n<p>Favorecer el ejercicio de la sexualidad elegida, protegida y saludable a trav\u00e9s de acciones de<br \/>\nanticoncepci\u00f3n, planificaci\u00f3n familiar, prevenci\u00f3n y atenci\u00f3n oportuna en la etapa reproductiva a<br \/>\ntrav\u00e9s de:<\/p>\n<ul>\n<li>\u00a0Garantizar el acceso universal a informaci\u00f3n y servicios de planificaci\u00f3n familiar y<br \/>\nanticoncepci\u00f3n en todas las unidades m\u00e9dicas, centros de salud y establecimientos<br \/>\ntemporales de ayuda humanitaria.<\/li>\n<li>\u00a0Fortaleciendo la capacidad t\u00e9cnica y ampliar la disponibilidad de servicios para atender las<br \/>\nnecesidades de anticoncepci\u00f3n y planificaci\u00f3n familiar de la poblaci\u00f3n en general.<\/li>\n<li>\u00a0Implementando acciones de prevenci\u00f3n y detecci\u00f3n oportuna de problemas prioritarios de<br \/>\nsalud sexual y reproductiva en las instituciones de salud.<\/li>\n<\/ul>\n<p><strong>Descripci\u00f3n:<\/strong><\/p>\n<ul>\n<li>Brindar informaci\u00f3n y acceso a los servicios de salud con calidad, respeto a la cultura, derechos<br \/>\nhumanos y con apego al c\u00f3digo de \u00e9tica tanto a las mujeres y los hombres para prevenir tanto<br \/>\ninfecciones de transmisi\u00f3n sexual, como embarazos no deseados, con los diferentes m\u00e9todos<br \/>\nanticonceptivos que se manejan en las unidades de primer y segundo nivel, tanto temporales como<br \/>\npermanentes.<br \/>\n<strong>Bienes y servicios que entrega el programa:<\/strong><\/li>\n<li>\u00a0Brindar servicios de informaci\u00f3n, orientaci\u00f3n, consejer\u00eda a poblaci\u00f3n abierta en temas de<br \/>\nsalud sexual y reproductiva y planificaci\u00f3n familiar.<\/li>\n<li>\u00a0Prescripci\u00f3n y aplicaci\u00f3n de m\u00e9todos anticonceptivos a usuarios que lo requieran.<\/li>\n<li>\u00a0Realizaci\u00f3n de manera gratuita del procedimiento de vasectom\u00eda sin bistur\u00ed a usuarios que lo<br \/>\nsoliciten.<br \/>\n<strong>Cobertura:<\/strong><br \/>\nTodos los municipios del Estado de Sinaloa.<br \/>\n<strong>Beneficiarios:<\/strong><\/li>\n<li>Poblaci\u00f3n blanco del programa de planificaci\u00f3n familiar, para el caso del servicio de vasectom\u00eda sin<br \/>\nbistur\u00ed hombres de 20 a 64 a\u00f1os de edad y en el caso de las mujeres de 15 a 49 a\u00f1os de edad que no<br \/>\nson derechohabientes de instituciones de seguridad social, sin embargo si se presenta alg\u00fan usuario o<br \/>\nusuaria fuera de este rango de edad, se le otorga el servicio de igual manera.<br \/>\n<strong>Requisitos del beneficiario:<\/strong><br \/>\nNinguno.<br \/>\n<strong>Procedimiento para acceder a los bienes y\/o servicios del programa:<\/strong><\/li>\n<li>\u00a0Acudir a una de las unidades de la Secretar\u00eda de Salud, de primer nivel de atenci\u00f3n (Centros de<br \/>\nsalud) o de segundo nivel de atenci\u00f3n (Hospitales Generales o Integrales).<\/li>\n<li>De acuerdo a la Norma Oficial Mexicana (NOM 005-SSA2-1993), los servicios de Planificaci\u00f3n<br \/>\nFamiliar son gratuitos dentro de las instituciones de sector p\u00fablico.<\/li>\n<\/ul>\n<p>&nbsp;<\/p>\n<p><strong>Datos del contacto y responsable del programa:<\/strong><br \/>\nDra. Valeria Valenzuela Armenta.<br \/>\nCoordinador Estatal del Programa de Planificaci\u00f3n Familiar y Anticoncepci\u00f3n.<br \/>\nDirecci\u00f3n de Prevenci\u00f3n y Promoci\u00f3n de la Salud.<br \/>\nHorario de atenci\u00f3n:<br \/>\nDe lunes a viernes de 8:00 a 14:00 horas.<br \/>\nMedios de contacto:<br \/>\nTel\u00e9fono: 667 758 7000 ext. 40454<\/p>\n<p>Correo oficial: <a href=\"mailto:planificacion.familiar@saludsinaloa.gob.mx\">planificacion.familiar@saludsinaloa.gob.mx<\/a><\/p>\n<p>Domicilio:<br \/>\nBoulevard Alfonso Zaragoza Maytorena #2204, Edificio B, tercer piso, Fraccionamiento Bonanza,<br \/>\nC\u00f3digo Postal 80020, Culiac\u00e1n, Sinaloa, M\u00e9xico.<\/p>\n<p><strong>\u00a0<\/strong><\/p>\n","protected":false},"excerpt":{"rendered":"<p>Objetivo: Favorecer el ejercicio de la sexualidad elegida, protegida y saludable a trav\u00e9s de acciones de anticoncepci\u00f3n, planificaci\u00f3n familiar, prevenci\u00f3n y atenci\u00f3n oportuna en la etapa reproductiva a trav\u00e9s de: \u00a0Garantizar el acceso universal a informaci\u00f3n y servicios de planificaci\u00f3n familiar y anticoncepci\u00f3n en todas las unidades m\u00e9dicas, centros de salud y establecimientos temporales de [&hellip;]<\/p>\n","protected":false},"author":1,"featured_media":0,"parent":0,"menu_order":0,"comment_status":"closed","ping_status":"closed","template":"templates\/full-width-page.php","meta":{"footnotes":""},"class_list":["post-6369","page","type-page","status-publish","hentry"],"_links":{"self":[{"href":"https:\/\/saludsinaloa.gob.mx\/index.php\/wp-json\/wp\/v2\/pages\/6369","targetHints":{"allow":["GET"]}}],"collection":[{"href":"https:\/\/saludsinaloa.gob.mx\/index.php\/wp-json\/wp\/v2\/pages"}],"about":[{"href":"https:\/\/saludsinaloa.gob.mx\/index.php\/wp-json\/wp\/v2\/types\/page"}],"author":[{"embeddable":true,"href":"https:\/\/saludsinaloa.gob.mx\/index.php\/wp-json\/wp\/v2\/users\/1"}],"replies":[{"embeddable":true,"href":"https:\/\/saludsinaloa.gob.mx\/index.php\/wp-json\/wp\/v2\/comments?post=6369"}],"version-history":[{"count":7,"href":"https:\/\/saludsinaloa.gob.mx\/index.php\/wp-json\/wp\/v2\/pages\/6369\/revisions"}],"predecessor-version":[{"id":19739,"href":"https:\/\/saludsinaloa.gob.mx\/index.php\/wp-json\/wp\/v2\/pages\/6369\/revisions\/19739"}],"wp:attachment":[{"href":"https:\/\/saludsinaloa.gob.mx\/index.php\/wp-json\/wp\/v2\/media?parent=6369"}],"curies":[{"name":"wp","href":"https:\/\/api.w.org\/{rel}","templated":true}]}}