{"id":6311,"date":"2019-02-13T18:18:16","date_gmt":"2019-02-13T18:18:16","guid":{"rendered":"http:\/\/saludsinaloa.gob.mx\/?page_id=6311"},"modified":"2025-03-13T18:53:56","modified_gmt":"2025-03-13T18:53:56","slug":"programa-cancer","status":"publish","type":"page","link":"https:\/\/saludsinaloa.gob.mx\/index.php\/programa-cancer\/","title":{"rendered":"Programa c\u00e1ncer"},"content":{"rendered":"<h4><strong>Objetivos:<\/strong><\/h4>\n<p><strong>\u00a0<\/strong><strong>En torno al c\u00e1ncer c\u00e9rvico-uterino:<\/strong><\/p>\n<ul>\n<li>Contribuir a la disminuci\u00f3n de la mortalidad por c\u00e1ncer cervicouterino mediante el diagn\u00f3stico y tratamiento oportuno en unidades de salud de primer nivel y hospitalarias con el prop\u00f3sito de mejorar la salud y calidad de vida de las mujeres.<\/li>\n<\/ul>\n<p><strong>En torno al c\u00e1ncer de mama:<\/strong><\/p>\n<ul>\n<li>Contribuir a la disminuci\u00f3n de la mortalidad por c\u00e1ncer de mama mediante el diagn\u00f3stico y tratamiento oportuno de lesiones.<\/li>\n<\/ul>\n<h4><strong>Descripci\u00f3n:<\/strong><\/h4>\n<ul>\n<li>Pruebas de detecci\u00f3n y diagn\u00f3stico de c\u00e1ncer en mujeres de 25 a 64 a\u00f1os de edad; adem\u00e1s, proporciona informaci\u00f3n sobre este tipo de c\u00e1ncer mediante pl\u00e1ticas, folletos, invitaci\u00f3n personalizada con el fin de disminuir el riesgo de padecimiento.<\/li>\n<li>Con estas acciones se busca proporcionar atenci\u00f3n y tratamiento oportuno a los casos que se detecten (en etapa temprana o poco avanzada de la enfermedad), para disminuir la incidencia de la enfermedad y mejorar la expectativa de vida de las mujeres.<\/li>\n<\/ul>\n<h4>Bienes y servicios que entrega el programa:<\/h4>\n<ul>\n<li>Estudios para detectar c\u00e1ncer<\/li>\n<li>Folletos o impresos en papel con informaci\u00f3n sobre el c\u00e1ncer<\/li>\n<li>Consulta de lesi\u00f3n<\/li>\n<li>Tratamiento a los casos con diagn\u00f3sticos de lesiones<\/li>\n<li>Folletos o impresos de papel con informaci\u00f3n sobre el c\u00e1ncer en la campa\u00f1a de prevenci\u00f3n.<\/li>\n<li>Estudios de detecci\u00f3n.<\/li>\n<li>Tratamiento a los casos con diagn\u00f3stico de lesiones<\/li>\n<li>Consulta de control de lesiones<\/li>\n<\/ul>\n<h4>Cobertura:<\/h4>\n<p>Todos los municipios del Estado de Sinaloa.<\/p>\n<p><strong>Beneficiarios:<\/strong><\/p>\n<ul>\n<li>Mujeres de 25 a 34 a\u00f1os de edad para la detecci\u00f3n a trav\u00e9s de pruebas de Citolog\u00eda Cervical.<\/li>\n<li>Mujeres de 35 a 64 a\u00f1os para pruebas del Virus del Papiloma Humano (VPH).<\/li>\n<li>Mujer de 25 a 39 para detecci\u00f3n (exploraci\u00f3n)<\/li>\n<li>Mujer de 40 a 69 para toma de mastograf\u00eda.<\/li>\n<li>Mujer de 25 a 69 a\u00f1os para consulta y toma de muestras de Citolog\u00eda Cervical y Virus de Papiloma Humano (VPH).<\/li>\n<\/ul>\n<h4>Requisitos del beneficiario:<\/h4>\n<ul>\n<li>P\u00f3liza de afiliaci\u00f3n vigente al Instituto Mexicano del Seguro Social para el Bienestar (IMSS-Bienestar).<\/li>\n<\/ul>\n<h4>Procedimiento para acceder a los bienes y\/o servicios del programa:<\/h4>\n<p><strong>En caso de c\u00e1ncer c\u00e9rvico-uterino:<\/strong><\/p>\n<ul>\n<li>Procedimiento para acceder a los bienes y\/o servicios del programa:<br \/>\nEn caso de c\u00e1ncer C\u00e9rvico-Uterino:<br \/>\nAcudir al centro de salud m\u00e1s cercano.<\/li>\n<li>El personal calificado de la unidad m\u00e9dica de salud realiza la citolog\u00eda o detecci\u00f3n del Virus del<br \/>\nPapiloma Humano (VPH) seg\u00fan la edad y se da una fecha para la entrega del resultado (de 1<br \/>\nsemana a 15 d\u00edas).<\/li>\n<li>En el caso de Citolog\u00eda Cervical:<\/li>\n<li>\u00a0Recoger los resultados, si es negativo se le cita en un a\u00f1o para su siguiente detecci\u00f3n. Si es<br \/>\npositivo la unidad m\u00e9dica la refiere o env\u00eda inmediatamente al hospital, donde un m\u00e9dico<br \/>\nespecialista le confirma el diagn\u00f3stico y le proporciona.<br \/>\nEn el caso de muestra de Virus Papiloma Humano (VPH):<\/li>\n<li>\u00a0Recoger los resultados, si es negativo se citan en 5 a\u00f1os, en el caso de ser positivo se realiza una<br \/>\ncitolog\u00eda en base liquida para confirmar si hay lesi\u00f3n en el cuello de la matriz, seg\u00fan el resultado<br \/>\nse derivara al \u00e1rea especializada de colposcopia. Si la citolog\u00eda en base liquida es negativa se cita a<br \/>\nla paciente en un a\u00f1o.<\/li>\n<li>\u00a0En caso de ser necesario, el m\u00e9dico especialista refiere o canaliza a la paciente a otro servicio<br \/>\ncomo el de oncolog\u00eda para un tratamiento m\u00e1s espec\u00edfico de c\u00e1ncer o a una cirug\u00eda.<br \/>\nEn caso de C\u00e1ncer Mama:<\/li>\n<li>\u00a0Acudir al centro de salud m\u00e1s cercano.<\/li>\n<li>\u00a0Personal calificado de la unidad de salud realiza la exploraci\u00f3n cl\u00ednica correspondiente, si detecta<br \/>\nalguna se\u00f1al de alarma la refiere o env\u00eda a un hospital de segundo nivel para que le hagan un<br \/>\nsegundo estudio (Mastograf\u00eda y\/o ultrasonido).<\/li>\n<li>\u00a0Las unidades con mast\u00f3grafo del estado, realizan el estudio de mastograf\u00eda a toda paciente que<br \/>\ncumpla con los requisitos establecidos, en caso de requerir estudio confirmatorio a trav\u00e9s de la<br \/>\nbiopsia se derivan a la Unidad de Especialidades M\u00e9dicas de Detecci\u00f3n y Diagnostico de C\u00e1ncer de<br \/>\nMama (UNEME DEDICAM).<\/li>\n<li>\u00a0El personal especialista en la UNEME DEDICAM realiza estudios de tamizaje mediante mastograf\u00eda,<br \/>\nas\u00ed mismo realizan revaloraciones de pacientes referidas con alteraciones en sus estudios, y<br \/>\nbrindan diagn\u00f3stico para su referencia al Instituto Sinaloense de Cancerolog\u00eda.<\/li>\n<li>\u00a0Si la paciente presenta lesi\u00f3n sugestiva de malignidad, o maligna, se le refiere al Instituto<br \/>\nSinaloense de Cancerolog\u00eda, donde el m\u00e9dico especialista le confirma el diagn\u00f3stico. En caso de<br \/>\nser necesario, se refiere a la paciente a otro servicio como el de oncolog\u00eda para tratamiento m\u00e1s<br \/>\nespec\u00edfico del c\u00e1ncer o a cirug\u00eda, seg\u00fan sea el caso.<\/li>\n<\/ul>\n<p>&nbsp;<\/p>\n<h4>Datos del contacto y responsable del programa:<\/h4>\n<p>Dra. Ana Isabel Acosta Mendoza<\/p>\n<p>Coordinador del Programa de C\u00e1ncer de la Mujer.<\/p>\n<p>Direcci\u00f3n de Prevenci\u00f3n y Promoci\u00f3n de la Salud.<\/p>\n<p><strong>Correo oficial:<\/strong> <a href=\"mailto:cancer@saludsinaloa.gob.mx\">cancer@saludsinaloa.gob.mx<\/a><\/p>\n<p><strong>Tel\u00e9fono:<\/strong> 667 758 7000 <strong>extensi\u00f3n:<\/strong> 40399.<\/p>\n<p><strong>Direcci\u00f3n:<\/strong> Blvd. Alfonso Zaragoza Maytorena No. 2204 Edificio A, tercer piso, Fracc. Bonanza C.P. 80020, Culiac\u00e1n de Rosales, Sinaloa.<\/p>\n<p><strong>Horario de atenci\u00f3n:<\/strong> de 08:00 a 15:00 horas.<\/p>\n","protected":false},"excerpt":{"rendered":"<p>Objetivos: \u00a0En torno al c\u00e1ncer c\u00e9rvico-uterino: Contribuir a la disminuci\u00f3n de la mortalidad por c\u00e1ncer cervicouterino mediante el diagn\u00f3stico y tratamiento oportuno en unidades de salud de primer nivel y hospitalarias con el prop\u00f3sito de mejorar la salud y calidad de vida de las mujeres. En torno al c\u00e1ncer de mama: Contribuir a la disminuci\u00f3n [&hellip;]<\/p>\n","protected":false},"author":1,"featured_media":0,"parent":0,"menu_order":0,"comment_status":"closed","ping_status":"closed","template":"templates\/full-width-page.php","meta":{"footnotes":""},"class_list":["post-6311","page","type-page","status-publish","hentry"],"_links":{"self":[{"href":"https:\/\/saludsinaloa.gob.mx\/index.php\/wp-json\/wp\/v2\/pages\/6311","targetHints":{"allow":["GET"]}}],"collection":[{"href":"https:\/\/saludsinaloa.gob.mx\/index.php\/wp-json\/wp\/v2\/pages"}],"about":[{"href":"https:\/\/saludsinaloa.gob.mx\/index.php\/wp-json\/wp\/v2\/types\/page"}],"author":[{"embeddable":true,"href":"https:\/\/saludsinaloa.gob.mx\/index.php\/wp-json\/wp\/v2\/users\/1"}],"replies":[{"embeddable":true,"href":"https:\/\/saludsinaloa.gob.mx\/index.php\/wp-json\/wp\/v2\/comments?post=6311"}],"version-history":[{"count":13,"href":"https:\/\/saludsinaloa.gob.mx\/index.php\/wp-json\/wp\/v2\/pages\/6311\/revisions"}],"predecessor-version":[{"id":19737,"href":"https:\/\/saludsinaloa.gob.mx\/index.php\/wp-json\/wp\/v2\/pages\/6311\/revisions\/19737"}],"wp:attachment":[{"href":"https:\/\/saludsinaloa.gob.mx\/index.php\/wp-json\/wp\/v2\/media?parent=6311"}],"curies":[{"name":"wp","href":"https:\/\/api.w.org\/{rel}","templated":true}]}}