{"id":6289,"date":"2019-02-08T19:25:59","date_gmt":"2019-02-08T19:25:59","guid":{"rendered":"http:\/\/saludsinaloa.gob.mx\/?page_id=6289"},"modified":"2019-02-20T16:34:27","modified_gmt":"2019-02-20T16:34:27","slug":"direccion-de-atencion-medica","status":"publish","type":"page","link":"https:\/\/saludsinaloa.gob.mx\/index.php\/direccion-de-atencion-medica\/","title":{"rendered":"Direcci\u00f3n de Atenci\u00f3n M\u00e9dica"},"content":{"rendered":"<p><strong>SERVICIOS DISPONIBLES<\/strong><\/p>\n<ul>\n<li><a href=\"http:\/\/saludsinaloa.gob.mx\/index.php\/consulta-medica-de-especialidades\/\">Consulta M\u00e9dica de Especialidades<\/a><\/li>\n<li><a href=\"http:\/\/saludsinaloa.gob.mx\/index.php\/estudios-de-laboratorio\/\">Estudios de Laboratorio<\/a><\/li>\n<li><a href=\"http:\/\/saludsinaloa.gob.mx\/index.php\/imagenologia\/\">Imagenolog\u00eda<\/a><\/li>\n<li><a href=\"http:\/\/saludsinaloa.gob.mx\/index.php\/atencion-de-urgencias\/\">Atenci\u00f3n de Urgencias<\/a><\/li>\n<li><a href=\"http:\/\/saludsinaloa.gob.mx\/index.php\/consulta-medica-general\/\">Consulta M\u00e9dica General<\/a><\/li>\n<\/ul>\n","protected":false},"excerpt":{"rendered":"<p>SERVICIOS DISPONIBLES Consulta M\u00e9dica de Especialidades Estudios de Laboratorio Imagenolog\u00eda Atenci\u00f3n de Urgencias Consulta M\u00e9dica General<\/p>\n","protected":false},"author":1,"featured_media":0,"parent":0,"menu_order":0,"comment_status":"closed","ping_status":"closed","template":"templates\/full-width-page.php","meta":{"footnotes":""},"class_list":["post-6289","page","type-page","status-publish","hentry"],"_links":{"self":[{"href":"https:\/\/saludsinaloa.gob.mx\/index.php\/wp-json\/wp\/v2\/pages\/6289","targetHints":{"allow":["GET"]}}],"collection":[{"href":"https:\/\/saludsinaloa.gob.mx\/index.php\/wp-json\/wp\/v2\/pages"}],"about":[{"href":"https:\/\/saludsinaloa.gob.mx\/index.php\/wp-json\/wp\/v2\/types\/page"}],"author":[{"embeddable":true,"href":"https:\/\/saludsinaloa.gob.mx\/index.php\/wp-json\/wp\/v2\/users\/1"}],"replies":[{"embeddable":true,"href":"https:\/\/saludsinaloa.gob.mx\/index.php\/wp-json\/wp\/v2\/comments?post=6289"}],"version-history":[{"count":3,"href":"https:\/\/saludsinaloa.gob.mx\/index.php\/wp-json\/wp\/v2\/pages\/6289\/revisions"}],"predecessor-version":[{"id":6528,"href":"https:\/\/saludsinaloa.gob.mx\/index.php\/wp-json\/wp\/v2\/pages\/6289\/revisions\/6528"}],"wp:attachment":[{"href":"https:\/\/saludsinaloa.gob.mx\/index.php\/wp-json\/wp\/v2\/media?parent=6289"}],"curies":[{"name":"wp","href":"https:\/\/api.w.org\/{rel}","templated":true}]}}