{"id":625,"date":"2017-11-13T21:25:13","date_gmt":"2017-11-13T21:25:13","guid":{"rendered":"http:\/\/wpress2.saludsinaloa.gob.mx\/wordpress\/?page_id=625"},"modified":"2023-02-13T20:23:44","modified_gmt":"2023-02-13T20:23:44","slug":"u-hgguasave","status":"publish","type":"page","link":"https:\/\/saludsinaloa.gob.mx\/index.php\/unidades\/u-hgguasave\/","title":{"rendered":"HOSPITAL GENERAL DE GUASAVE"},"content":{"rendered":"<p>Director: Dr. Jes\u00fas Antonio L\u00f3pez Rodr\u00edguez.<br \/>\nDomicilio: Carretera a las Glorias KM 1.5 Col. Constelaci\u00f3n. C.P.81980, Guasave, Sinaloa.<br \/>\nTel\u00e9fono: 01687 8729145, 01687 8729250, 01687 8714197 ext. #614<br \/>\n<a class=\"button cta-button cta-button-primary\" style=\"background: #f1703d!important;\" href=\"http:\/\/saludsinaloa.gob.mx\/index.php\/unidades\/u-hgguasave\/\" target=\"_blank\" rel=\"noopener\">Ir al Sitio<\/a><\/p>\n","protected":false},"excerpt":{"rendered":"<p>Director: Dr. Jes\u00fas Antonio L\u00f3pez Rodr\u00edguez. Domicilio: Carretera a las Glorias KM 1.5 Col. Constelaci\u00f3n. C.P.81980, Guasave, Sinaloa. Tel\u00e9fono: 01687 8729145, 01687 8729250, 01687 8714197 ext. #614 Ir al Sitio<\/p>\n","protected":false},"author":1,"featured_media":626,"parent":538,"menu_order":5,"comment_status":"closed","ping_status":"closed","template":"templates\/full-width-page.php","meta":{"footnotes":""},"class_list":["post-625","page","type-page","status-publish","has-post-thumbnail","hentry"],"_links":{"self":[{"href":"https:\/\/saludsinaloa.gob.mx\/index.php\/wp-json\/wp\/v2\/pages\/625","targetHints":{"allow":["GET"]}}],"collection":[{"href":"https:\/\/saludsinaloa.gob.mx\/index.php\/wp-json\/wp\/v2\/pages"}],"about":[{"href":"https:\/\/saludsinaloa.gob.mx\/index.php\/wp-json\/wp\/v2\/types\/page"}],"author":[{"embeddable":true,"href":"https:\/\/saludsinaloa.gob.mx\/index.php\/wp-json\/wp\/v2\/users\/1"}],"replies":[{"embeddable":true,"href":"https:\/\/saludsinaloa.gob.mx\/index.php\/wp-json\/wp\/v2\/comments?post=625"}],"version-history":[{"count":8,"href":"https:\/\/saludsinaloa.gob.mx\/index.php\/wp-json\/wp\/v2\/pages\/625\/revisions"}],"predecessor-version":[{"id":14317,"href":"https:\/\/saludsinaloa.gob.mx\/index.php\/wp-json\/wp\/v2\/pages\/625\/revisions\/14317"}],"up":[{"embeddable":true,"href":"https:\/\/saludsinaloa.gob.mx\/index.php\/wp-json\/wp\/v2\/pages\/538"}],"wp:featuredmedia":[{"embeddable":true,"href":"https:\/\/saludsinaloa.gob.mx\/index.php\/wp-json\/wp\/v2\/media\/626"}],"wp:attachment":[{"href":"https:\/\/saludsinaloa.gob.mx\/index.php\/wp-json\/wp\/v2\/media?parent=625"}],"curies":[{"name":"wp","href":"https:\/\/api.w.org\/{rel}","templated":true}]}}