{"id":6228,"date":"2019-02-08T19:21:38","date_gmt":"2019-02-08T19:21:38","guid":{"rendered":"http:\/\/saludsinaloa.gob.mx\/?page_id=6228"},"modified":"2025-08-25T19:53:28","modified_gmt":"2025-08-25T19:53:28","slug":"direccion-de-prevencion-y-promocion-de-la-salud","status":"publish","type":"page","link":"https:\/\/saludsinaloa.gob.mx\/index.php\/direccion-de-prevencion-y-promocion-de-la-salud\/","title":{"rendered":"Direcci\u00f3n de Prevenci\u00f3n y Promoci\u00f3n de la Salud"},"content":{"rendered":"<p style=\"text-align: justify;\"><strong>SERVICIOS DISPONIBLES<\/strong><\/p>\n<ul>\n<li style=\"text-align: justify;\"><a href=\"http:\/\/saludsinaloa.gob.mx\/index.php\/programa-cancer\/\" target=\"_blank\" rel=\"noopener noreferrer\">Programa C\u00e1ncer<\/a><\/li>\n<li style=\"text-align: justify;\"><a href=\"http:\/\/saludsinaloa.gob.mx\/index.php\/programa-planificacion-familiar-y-anticoncepcion\/\" target=\"_blank\" rel=\"noopener noreferrer\">Programa Planificaci\u00f3n Familiar y Anticoncepci\u00f3n<\/a><\/li>\n<li style=\"text-align: justify;\"><a href=\"https:\/\/saludsinaloa.gob.mx\/wp-content\/uploads\/2025\/08\/20251TF40-06-K-D01.pdf\" target=\"_blank\" rel=\"noopener noreferrer\">Programa Igualdad de Genero<\/a><\/li>\n<li style=\"text-align: justify;\"><a href=\"http:\/\/saludsinaloa.gob.mx\/index.php\/programa-de-prevencion-y-control-de-la-tuberculosis\/\" target=\"_blank\" rel=\"noopener noreferrer\">Programa Prevenci\u00f3n y Control de la Tuberculosis<\/a><\/li>\n<li style=\"text-align: justify;\"><a href=\"http:\/\/saludsinaloa.gob.mx\/index.php\/programa-salud-materna\/\" target=\"_blank\" rel=\"noopener noreferrer\">Programa Salud Materna<\/a><\/li>\n<li style=\"text-align: justify;\"><a href=\"http:\/\/saludsinaloa.gob.mx\/index.php\/programa-salud-sexual-y-reproductiva-para-adolescentes\/\" target=\"_blank\" rel=\"noopener noreferrer\">Programa Salud Sexual y Reproductiva para Adolescentes<\/a><\/li>\n<li style=\"text-align: justify;\"><a href=\"http:\/\/saludsinaloa.gob.mx\/index.php\/programa-violencia-genero\/\" target=\"_blank\" rel=\"noopener noreferrer\">Programa Violencia G\u00e9nero<\/a><\/li>\n<li style=\"text-align: justify;\"><a href=\"http:\/\/saludsinaloa.gob.mx\/index.php\/programa-prevencion-y-control-de-la-lepra\/\" target=\"_blank\" rel=\"noopener noreferrer\">Programa Prevenci\u00f3n y Control de la Lepra<\/a><\/li>\n<li style=\"text-align: justify;\"><a href=\"http:\/\/saludsinaloa.gob.mx\/index.php\/programa-prevencion-y-control-de-la-hepatitis-c\/\" target=\"_blank\" rel=\"noopener noreferrer\">Programa Prevenci\u00f3n y Control de la Hepatitis C<\/a><\/li>\n<li style=\"text-align: justify;\"><a href=\"http:\/\/saludsinaloa.gob.mx\/index.php\/programa-enfermedades-cardiometabolicas\/\" target=\"_blank\" rel=\"noopener noreferrer\">Programa Enfermedades Cardiometab\u00f3licas<\/a><\/li>\n<li style=\"text-align: justify;\"><a href=\"http:\/\/saludsinaloa.gob.mx\/index.php\/programa-salud-perinatal\/\" target=\"_blank\" rel=\"noopener noreferrer\">Programa Salud Perinatal<\/a><\/li>\n<li><a href=\"http:\/\/saludsinaloa.gob.mx\/index.php\/programa-prevencion-y-control-de-enfermedades-respiratorias-cronicas-y-agudas\/\" target=\"_blank\" rel=\"noopener noreferrer\">Programa Prevenci\u00f3n y Control de Enfermedades Respiratorias Cr\u00f3nicas y Agudas (Neumon\u00eda, Influenza y COVID-19)<\/a><\/li>\n<li><a href=\"http:\/\/saludsinaloa.gob.mx\/index.php\/programa-de-prevencion-y-control-de-enfermedades-zoonoticas-y-emergentes\/\" target=\"_blank\" rel=\"noopener noreferrer\">Programa de Prevenci\u00f3n y Control de Enfermedades Zoon\u00f3ticas y Emergentes<\/a><\/li>\n<li><a href=\"http:\/\/saludsinaloa.gob.mx\/index.php\/programa-dengue\/\" target=\"_blank\" rel=\"noopener noreferrer\">Programa Dengue<\/a><\/li>\n<li><a href=\"http:\/\/saludsinaloa.gob.mx\/index.php\/programa-enfermedades-de-chagas\/\" target=\"_blank\" rel=\"noopener noreferrer\">Programa Enfermedades de Chagas<\/a><\/li>\n<li><a href=\"http:\/\/saludsinaloa.gob.mx\/index.php\/programa-leishmaniasis\/\" target=\"_blank\" rel=\"noopener noreferrer\">Programa Leishmaniasis<\/a><\/li>\n<li><a href=\"http:\/\/saludsinaloa.gob.mx\/index.php\/programa-intoxicacion-por-veneno-de-artropodos\/\" target=\"_blank\" rel=\"noopener noreferrer\">Programa Intoxicaci\u00f3n por Veneno de Artr\u00f3podos<\/a><\/li>\n<li style=\"text-align: justify;\"><a href=\"http:\/\/saludsinaloa.gob.mx\/index.php\/programa-cancer-en-la-infancia-y-la-adolescencia\/\" target=\"_blank\" rel=\"noopener noreferrer\">Programa C\u00e1ncer en la Infancia y la Adolescencia<\/a><\/li>\n<li><a href=\"http:\/\/saludsinaloa.gob.mx\/index.php\/programa-de-vacunacion-universal\/\" target=\"_blank\" rel=\"noopener noreferrer\">Programa de Vacunaci\u00f3n Universal<\/a><\/li>\n<li><a href=\"http:\/\/saludsinaloa.gob.mx\/index.php\/programa-salud-de-la-infancia-y-la-adolescencia\/\" target=\"_blank\" rel=\"noopener noreferrer\">Programa Salud de la Infancia y la Adolescencia<\/a><\/li>\n<li><a href=\"http:\/\/saludsinaloa.gob.mx\/index.php\/programa-salud-bucal\/\" target=\"_blank\" rel=\"noopener noreferrer\">Programa Salud Bucal<\/a><\/li>\n<li><a href=\"http:\/\/saludsinaloa.gob.mx\/index.php\/programa-prevencion-y-control-del-vih-sida-e-infeccion-de-transmision-sexual\/\" target=\"_blank\" rel=\"noopener noreferrer\">Programa Prevenci\u00f3n y Control del VIH\/Sida e Infecci\u00f3n de Transmisi\u00f3n Sexual<\/a><\/li>\n<li style=\"text-align: justify;\"><a href=\"http:\/\/saludsinaloa.gob.mx\/index.php\/salud-mental\/\" target=\"_blank\" rel=\"noopener noreferrer\">Programa Salud Mental<\/a><\/li>\n<li style=\"text-align: justify;\"><a href=\"http:\/\/saludsinaloa.gob.mx\/index.php\/programa-enfermedades-diarreica-agudas-y-colera\/\" target=\"_blank\" rel=\"noopener noreferrer\">Programa Enfermedades Diarreica Agudas y C\u00f3lera<\/a><\/li>\n<li style=\"text-align: justify;\"><a href=\"http:\/\/saludsinaloa.gob.mx\/index.php\/entornos-y-comunidades-saludables\/\" target=\"_blank\" rel=\"noopener noreferrer\">Departamento Entornos y Comunidades Saludables<\/a><\/li>\n<li style=\"text-align: justify;\"><a href=\"http:\/\/saludsinaloa.gob.mx\/index.php\/departamento-nueva-cultura-de-la-salud\/\" target=\"_blank\" rel=\"noopener noreferrer\">Departamento Nueva Cultura de la Salud<\/a><\/li>\n<li style=\"text-align: justify;\"><a href=\"http:\/\/saludsinaloa.gob.mx\/index.php\/programa-aborto-seguro\/\" target=\"_blank\" rel=\"noopener noreferrer\">Programa Aborto Seguro<\/a><\/li>\n<li style=\"text-align: justify;\"><a href=\"http:\/\/saludsinaloa.gob.mx\/index.php\/departamento-educacion-saludable\/\" target=\"_blank\" rel=\"noopener noreferrer\">Departamento Educaci\u00f3n Saludable<\/a><\/li>\n<li><a href=\"https:\/\/saludsinaloa.gob.mx\/index.php\/programa-seguridad-vial-prevencion-accidentes\/\">Programa Seguridad Vial Y Prevencion de Accidentes<\/a><\/li>\n<li><a href=\"http:\/\/saludsinaloa.gob.mx\/index.php\/programa-paludismo\/\">Programa Paludismo<\/a><\/li>\n<li><a href=\"http:\/\/saludsinaloa.gob.mx\/index.php\/programa-atencion-al-envejecimiento\/\">Programa Atenci\u00f3n al Envejecimiento<\/a><\/li>\n<\/ul>\n","protected":false},"excerpt":{"rendered":"<p>SERVICIOS DISPONIBLES Programa C\u00e1ncer Programa Planificaci\u00f3n Familiar y Anticoncepci\u00f3n Programa Igualdad de Genero Programa Prevenci\u00f3n y Control de la Tuberculosis Programa Salud Materna Programa Salud Sexual y Reproductiva para Adolescentes Programa Violencia G\u00e9nero Programa Prevenci\u00f3n y Control de la Lepra Programa Prevenci\u00f3n y Control de la Hepatitis C Programa Enfermedades Cardiometab\u00f3licas Programa Salud Perinatal Programa [&hellip;]<\/p>\n","protected":false},"author":1,"featured_media":0,"parent":0,"menu_order":0,"comment_status":"closed","ping_status":"closed","template":"templates\/full-width-page.php","meta":{"footnotes":""},"class_list":["post-6228","page","type-page","status-publish","hentry"],"_links":{"self":[{"href":"https:\/\/saludsinaloa.gob.mx\/index.php\/wp-json\/wp\/v2\/pages\/6228","targetHints":{"allow":["GET"]}}],"collection":[{"href":"https:\/\/saludsinaloa.gob.mx\/index.php\/wp-json\/wp\/v2\/pages"}],"about":[{"href":"https:\/\/saludsinaloa.gob.mx\/index.php\/wp-json\/wp\/v2\/types\/page"}],"author":[{"embeddable":true,"href":"https:\/\/saludsinaloa.gob.mx\/index.php\/wp-json\/wp\/v2\/users\/1"}],"replies":[{"embeddable":true,"href":"https:\/\/saludsinaloa.gob.mx\/index.php\/wp-json\/wp\/v2\/comments?post=6228"}],"version-history":[{"count":27,"href":"https:\/\/saludsinaloa.gob.mx\/index.php\/wp-json\/wp\/v2\/pages\/6228\/revisions"}],"predecessor-version":[{"id":20747,"href":"https:\/\/saludsinaloa.gob.mx\/index.php\/wp-json\/wp\/v2\/pages\/6228\/revisions\/20747"}],"wp:attachment":[{"href":"https:\/\/saludsinaloa.gob.mx\/index.php\/wp-json\/wp\/v2\/media?parent=6228"}],"curies":[{"name":"wp","href":"https:\/\/api.w.org\/{rel}","templated":true}]}}