{"id":5483,"date":"2018-12-04T22:19:09","date_gmt":"2018-12-04T22:19:09","guid":{"rendered":"http:\/\/saludsinaloa.gob.mx\/?page_id=5483"},"modified":"2026-02-16T20:06:37","modified_gmt":"2026-02-16T20:06:37","slug":"control-de-inventario-de-medicamentos","status":"publish","type":"page","link":"https:\/\/saludsinaloa.gob.mx\/index.php\/control-de-inventario-de-medicamentos\/","title":{"rendered":"Control de Inventario de Medicamentos"},"content":{"rendered":"<h3><a href=\"http:\/\/saludsinaloa.gob.mx\/index.php\/gasto-en-salud\/\">Regresar<\/a><\/h3>\n<p><span style=\"font-size: 14pt;\"><a href=\"https:\/\/saludsinaloa.gob.mx\/index.php\/inventario-de-medicamentos-del-almacen-general-2025\/\">&lt;Inventario de Medicamentos del Almac\u00e9n General 2025&gt;<\/a><\/span><\/p>\n<p><span style=\"font-size: 14pt;\"><a href=\"https:\/\/saludsinaloa.gob.mx\/wp-content\/uploads\/2025\/08\/PNO-ALM-10-CONTROL-DE-INVENTARIO-REV-04-1.pdf\">&lt;Control De Inventario Denominado PNO-ALM-10 Control De Inventario REV 04 2025&gt;<\/a><\/span><\/p>\n<p><span style=\"font-size: 14pt;\"><a href=\"https:\/\/saludsinaloa.gob.mx\/index.php\/inventario-almacen-general-2024\/\">&lt;Inventario de Medicamentos del Almac\u00e9n General 2024&gt;<\/a><\/span><\/p>\n<p><span style=\"font-size: 14pt;\"><a href=\"https:\/\/saludsinaloa.gob.mx\/wp-content\/uploads\/2025\/02\/PNO-ALM-10-CONTROL-DE-INVENTARIO-REV-04.pdf\">&lt;Control De Inventario Denominado PNO-ALM-10 Control De Inventario REV 04 2024&gt;<\/a><\/span><\/p>\n<p><span style=\"font-size: 14pt;\"><a href=\"https:\/\/SALUDSINALOA.GOB.MX\/wp-content\/uploads\/2024\/02\/INVENTARIO-MEDICAMENTOS-E-INSUMOS-PARA-LA-SALUD-AL-31-DE-DICIEMBRE-DE-2023.xlsx\">&lt;Inventario de Medicamentos del Almac\u00e9n General 2023&gt;<\/a><\/span><\/p>\n<p><span style=\"font-size: 14pt;\"><a href=\"https:\/\/SALUDSINALOA.GOB.MX\/wp-content\/uploads\/2023\/11\/Inventario-Medicamentos-E-Insumos-para-la-Salud-al-31-de-Diciembre-de-2022.xlsx\">&lt;Inventario de Medicamentos del Almac\u00e9n General 2022&gt;<\/a><\/span><\/p>\n<p><span style=\"font-size: 14pt;\"><a href=\"https:\/\/saludsinaloa.gob.mx\/wp-content\/uploads\/2021\/files\/InventarioMedicamentosaDiciembre2021.xlsx\">&lt;Inventario de Medicamentos del Almac\u00e9n General 2021&gt;<\/a><\/span><\/p>\n<p><big><a href=\"https:\/\/saludsinaloa.gob.mx\/wp-content\/uploads\/2020\/files\/Inventario_Final_al_15_de_Diciembre_2020.xlsx\">&lt;Inventario de medicamentos y material de curaci\u00f3n del almac\u00e9n general a diciembre de 2020&gt;<\/a><\/big><\/p>\n<p><big><a href=\"https:\/\/saludsinaloa.gob.mx\/wp-content\/uploads\/2019\/transparencia\/Inventario_final_medicamentos_al_31_dic_ 2019.xlsx\">&lt;Inventario de medicamentos y material de curaci\u00f3n del almac\u00e9n general a diciembre de 2019&gt;<\/a><\/big><\/p>\n<p style=\"text-align: justify;\"><big>Seg\u00fan en el espacio publicado por la Secretar\u00eda de Salud Federal <a href=\"https:\/\/www.gob.mx\/salud\/acciones-y-programas\/fortalecimiento-de-la-cadena\" target=\"_blank\" rel=\"noopener noreferrer\"><strong><small><small>(1) <\/small><\/small><\/strong><\/a>con fecha de actualizaci\u00f3n del 11 de septiembre de 2018, respecto a la Fortalecimiento de la Cadena de Suministros, a cargo de la Direcci\u00f3n General de Planeaci\u00f3n y Desarrollo en Salud.<\/big><\/p>\n<p><big>El proceso de cadena de suministros consta de 4 procesos principales:<\/big><\/p>\n<p><strong>1.-<\/strong><big> Planeaci\u00f3n de la demanda y control de inventarios<\/big><\/p>\n<p><strong>2.-<\/strong><big> Adquisiciones<\/big><\/p>\n<p><strong>3.<\/strong><big>-Distribuci\u00f3n<\/big><\/p>\n<p><strong>4.<\/strong><big>-Prescripci\u00f3n m\u00e9dica<\/big><\/p>\n<p style=\"text-align: justify;\"><big>A partit del ejercicio 2017, en los Servicios de Salud de Sinaloa, pasamos del proceso de adquisici\u00f3n de medicamento por Tercerizaci\u00f3n u Outsourcing \u00a0a un modelo por Compras Consolidadas, en donde principalmente se adquieren los productos adheridos a la compra consolidada del IMSS y lo que queda desierto, de adquieren directamente por el Estado.<\/big><\/p>\n<p style=\"text-align: justify;\"><big>Este nuevo modelo constituy\u00f3 todo un reto, ya que se tiene registros que desde 2006 <a href=\"https:\/\/drive.google.com\/file\/d\/1Vp3l6bahg9EeCnS5hZ9xZ92ero4lHIw6\/view\" target=\"_blank\" rel=\"noopener noreferrer\"><strong><small><small>(2) <\/small><\/small><\/strong><\/a>se operaba la tercerizaci\u00f3n en los Servicios de Salud, por lo que no se ten\u00eda personal ni infraestructura propia para operar con un modelo distinto.<\/big><\/p>\n<p style=\"text-align: justify;\"><big>Dentro de las desventajas al incursionar en la tercerizaci\u00f3n encontramos que: Falta de informaci\u00f3n necesaria para el tercero como consumos promedios mensuales, afiliaci\u00f3n, etc.; Falta de coordinaci\u00f3n en la implementaci\u00f3n de los recetarios utilizados; Falta de definici\u00f3n de los mecanismos que permiten una adecuada solicitud, surtido y utilizaci\u00f3n de los materiales de curaci\u00f3n;\u00a0 Inexperiencia del personal contratado por la empresa; Incumplimiento en algunos rubros como medicamentos, horarios, etc.; Bloqueo de proveedores del tercero; Errores en la contabilidad de productos otorgados al usuario al momento de facturar, debido al tipo de presentaci\u00f3n de las claves y menudeo unitario; Errores de facturaci\u00f3n derivadas de inconsistencias en la escritura de la prescripci\u00f3n y errores de captura por parte de la empresa.<\/big><\/p>\n<p style=\"text-align: justify;\"><big>Es por eso que derivado de las desventajas anteriormente listadas se procedi\u00f3 al esquema de Compras Consolidadas.<\/big><\/p>\n<p style=\"text-align: justify;\"><big>La estrategia de \u201cCompra consolidada para medicamentos gen\u00e9ricos\u201d forma parte del modelo de compra p\u00fablica promovido a nivel federal, a fin de fortalecer el poder de compra del sector salud y de optimizar los recursos que a la vez permitan mejorar los servicios de salud que se ofrecen a la poblaci\u00f3n beneficiaria.<\/big><\/p>\n<p style=\"text-align: justify;\"><big>Dicho modelo considera: negociaci\u00f3n de precios para medicamentos de patente o de fuente \u00fanica, compra coordinada, compra consolidada, y m\u00e1s recientemente, el contrato marco <a href=\"https:\/\/drive.google.com\/file\/d\/1uGBeerUFa17WbnUpZTG8rwDbfJvXQHH_\/view\" target=\"_blank\" rel=\"noopener noreferrer\"><strong><small><small>(3)<\/small><\/small><\/strong><\/a>.<\/big><\/p>\n<p style=\"text-align: justify;\"><big>Considerando que en los Servicios de Salud de Sinaloa, desde 2003 es cuenta con un Expediente Cl\u00ednico Electr\u00f3nico (ECE) <a href=\"http:\/\/www.dgis.salud.gob.mx\/descargas\/pdf\/11_SinaloaSIGHO_LourdesArmenta.pdf\" target=\"_blank\" rel=\"noopener noreferrer\"><strong><small><small>(4)<\/small><\/small><\/strong><\/a>, que incluye la denominada Receta Electr\u00f3nica, se combinaron estos elementos para adquirir\u00a0 un nuevo Sistema de Informaci\u00f3n.<\/big><\/p>\n<p style=\"text-align: justify;\"><big>Este nuevo sistema de informaci\u00f3n busca sistematizar toda la cadena de abasto de suministro, iniciando desde la planeaci\u00f3n de las compras hasta la entrega personalizada de medicamentos al paciente en la unidad m\u00e9dica que se atiende a trav\u00e9s de una receta m\u00e9dica prescrita en el ECE.<\/big><\/p>\n<p style=\"text-align: justify;\"><big>De acuerdo al Manual de Usuario <a href=\"https:\/\/sinaloa.dar.care\/manual\/\" target=\"_blank\" rel=\"noopener noreferrer\"><strong><small><small>(5)<\/small><\/small><\/strong><\/a> del <em>Digital Administration Route<\/em> (DAR por sus siglas en ingl\u00e9s), los procesos sistematizados son: Farmacias: Internas y Externas ubicados en la unidades m\u00e9dicas; \u00a0Inventarios: que consiste en el registros de Entradas y Salidas de medicamentos y material de curaci\u00f3n y el proceso de Log\u00edstica: involucra la recepci\u00f3n, surtido y env\u00edo de mercanc\u00edas desde la unidad m\u00e9dica requirente, almac\u00e9n central y viceversa.<\/big><\/p>\n<p style=\"text-align: justify;\"><big>La siguiente informaci\u00f3n contiene las existencias de medicamentos \u00fanicamente del Almacen General o Centro Log\u00edstico, sin embargo los Hospitales Generales, Integrales, de Especialidad y Centros de Salud cuentan con productos de acuerdo a su Cuadro B\u00e1sico.<\/big><\/p>\n<ol>\n<li style=\"text-align: justify;\"><small><a href=\"https:\/\/www.gob.mx\/salud\/acciones-y-programas\/fortalecimiento-de-la-cadena\" target=\"_blank\" rel=\"noopener noreferrer\">https:\/\/www.gob.mx\/salud\/acciones-y-programas\/fortalecimiento-de-la-cadena<\/a>\u00a0<\/small><\/li>\n<li style=\"text-align: justify;\"><small><a href=\"https:\/\/drive.google.com\/file\/d\/1Vp3l6bahg9EeCnS5hZ9xZ92ero4lHIw6\/view\" target=\"_blank\" rel=\"noopener noreferrer\">https:\/\/drive.google.com\/file\/d\/1Vp3l6bahg9EeCnS5hZ9xZ92ero4lHIw6\/view<\/a>\u00a0<\/small><\/li>\n<li style=\"text-align: justify;\"><small><a href=\"https:\/\/drive.google.com\/file\/d\/1uGBeerUFa17WbnUpZTG8rwDbfJvXQHH_\/view\" target=\"_blank\" rel=\"noopener noreferrer\">https:\/\/drive.google.com\/file\/d\/1uGBeerUFa17WbnUpZTG8rwDbfJvXQHH_\/view<\/a><\/small><\/li>\n<li style=\"text-align: justify;\"><small><a href=\"http:\/\/www.dgis.salud.gob.mx\/descargas\/pdf\/11_SinaloaSIGHO_LourdesArmenta.pdf\" target=\"_blank\" rel=\"noopener noreferrer\">http:\/\/www.dgis.salud.gob.mx\/descargas\/pdf\/11_SinaloaSIGHO_LourdesArmenta.pdf<\/a>\u00a0<\/small><\/li>\n<li style=\"text-align: justify;\"><small><a href=\"https:\/\/sinaloa.dar.care\/manual\/\">https:\/\/sinaloa.dar.care\/manual\/<\/a>\u00a0<\/small><\/li>\n<\/ol>\n","protected":false},"excerpt":{"rendered":"<p>Regresar &lt;Inventario de Medicamentos del Almac\u00e9n General 2025&gt; &lt;Control De Inventario Denominado PNO-ALM-10 Control De Inventario REV 04 2025&gt; &lt;Inventario de Medicamentos del Almac\u00e9n General 2024&gt; &lt;Control De Inventario Denominado PNO-ALM-10 Control De Inventario REV 04 2024&gt; &lt;Inventario de Medicamentos del Almac\u00e9n General 2023&gt; &lt;Inventario de Medicamentos del Almac\u00e9n General 2022&gt; &lt;Inventario de Medicamentos del [&hellip;]<\/p>\n","protected":false},"author":1,"featured_media":0,"parent":0,"menu_order":0,"comment_status":"closed","ping_status":"closed","template":"templates\/full-width-page.php","meta":{"footnotes":""},"class_list":["post-5483","page","type-page","status-publish","hentry"],"_links":{"self":[{"href":"https:\/\/saludsinaloa.gob.mx\/index.php\/wp-json\/wp\/v2\/pages\/5483","targetHints":{"allow":["GET"]}}],"collection":[{"href":"https:\/\/saludsinaloa.gob.mx\/index.php\/wp-json\/wp\/v2\/pages"}],"about":[{"href":"https:\/\/saludsinaloa.gob.mx\/index.php\/wp-json\/wp\/v2\/types\/page"}],"author":[{"embeddable":true,"href":"https:\/\/saludsinaloa.gob.mx\/index.php\/wp-json\/wp\/v2\/users\/1"}],"replies":[{"embeddable":true,"href":"https:\/\/saludsinaloa.gob.mx\/index.php\/wp-json\/wp\/v2\/comments?post=5483"}],"version-history":[{"count":39,"href":"https:\/\/saludsinaloa.gob.mx\/index.php\/wp-json\/wp\/v2\/pages\/5483\/revisions"}],"predecessor-version":[{"id":22634,"href":"https:\/\/saludsinaloa.gob.mx\/index.php\/wp-json\/wp\/v2\/pages\/5483\/revisions\/22634"}],"wp:attachment":[{"href":"https:\/\/saludsinaloa.gob.mx\/index.php\/wp-json\/wp\/v2\/media?parent=5483"}],"curies":[{"name":"wp","href":"https:\/\/api.w.org\/{rel}","templated":true}]}}