{"id":5444,"date":"2018-12-04T19:20:41","date_gmt":"2018-12-04T19:20:41","guid":{"rendered":"http:\/\/saludsinaloa.gob.mx\/?page_id=5444"},"modified":"2026-04-15T00:00:00","modified_gmt":"2026-04-15T00:00:00","slug":"poa-secretaria-de-salud","status":"publish","type":"page","link":"https:\/\/saludsinaloa.gob.mx\/index.php\/poa-secretaria-de-salud\/","title":{"rendered":"Programa Operativo Anual (POA) Secretar\u00eda de Salud de Sinaloa"},"content":{"rendered":"\t\t<div data-elementor-type=\"wp-page\" data-elementor-id=\"5444\" class=\"elementor elementor-5444\" data-elementor-post-type=\"page\">\n\t\t\t\t<div class=\"elementor-element elementor-element-6cd4c862 e-flex e-con-boxed e-con e-parent\" data-id=\"6cd4c862\" data-element_type=\"container\" data-e-type=\"container\">\n\t\t\t\t\t<div class=\"e-con-inner\">\n\t\t\t\t<div class=\"elementor-element elementor-element-4d2b1123 elementor-widget elementor-widget-text-editor\" data-id=\"4d2b1123\" data-element_type=\"widget\" data-e-type=\"widget\" data-widget_type=\"text-editor.default\">\n\t\t\t\t\t\t\t\t\t<h3><a href=\"https:\/\/saludsinaloa.gob.mx\/index.php\/menu-transparencia-de-gasto-en-salud\/\">Regresar<\/a><\/h3><table style=\"width: 65.5941%;\"><thead><tr><th style=\"width: 49.2784%;\"><strong>Documento<\/strong><\/th><th style=\"width: 2.37114%;\">2021<\/th><th style=\"width: 1.18557%;\">2022<\/th><th style=\"width: 2.42636%;\">2023<\/th><th style=\"width: 2.64175%;\">2024<\/th><th style=\"width: 3.04045%;\">2025<\/th><th style=\"width: 4.18988%;\">2026<\/th><\/tr><\/thead><tbody><tr><td style=\"width: 49.2784%;\">Despacho del Secretario<\/td><td style=\"width: 2.37114%; text-align: center;\"><a href=\"https:\/\/saludsinaloa.gob.mx\/wp-content\/uploads\/2026\/04\/Despacho-del-Secretario-SS_2021.pdf\" target=\"_blank\" rel=\"noopener noreferrer\"><img decoding=\"async\" class=\"aligncenter\" src=\"http:\/\/saludsinaloa.gob.mx\/wp-content\/uploads\/2020\/12\/Imagen-PDF.png\" alt=\"\" width=\"27\" height=\"33\" \/><\/a><\/td><td style=\"width: 1.18557%; text-align: center;\"><a href=\"https:\/\/saludsinaloa.gob.mx\/wp-content\/uploads\/2026\/04\/Despacho-del-Secretario-SS_2022.pdf\" target=\"_blank\" rel=\"noopener noreferrer\"><img decoding=\"async\" class=\"aligncenter\" src=\"http:\/\/saludsinaloa.gob.mx\/wp-content\/uploads\/2020\/12\/Imagen-PDF.png\" alt=\"\" width=\"27\" height=\"33\" \/><\/a><\/td><td style=\"width: 2.42636%; text-align: center;\"><a href=\"https:\/\/saludsinaloa.gob.mx\/wp-content\/uploads\/2026\/04\/Despacho-del-Secretario-SS_2023.pdf\" target=\"_blank\" rel=\"noopener noreferrer\"><img decoding=\"async\" class=\"aligncenter\" src=\"http:\/\/saludsinaloa.gob.mx\/wp-content\/uploads\/2020\/12\/Imagen-PDF.png\" alt=\"\" width=\"27\" height=\"33\" \/><\/a><\/td><td style=\"width: 2.64175%; text-align: center;\"><a href=\"https:\/\/saludsinaloa.gob.mx\/wp-content\/uploads\/2026\/04\/Despacho-del-Secretario-SS_2024.pdf\" target=\"_blank\" rel=\"noopener noreferrer\"><img decoding=\"async\" class=\"aligncenter\" src=\"http:\/\/saludsinaloa.gob.mx\/wp-content\/uploads\/2020\/12\/Imagen-PDF.png\" alt=\"\" width=\"27\" height=\"33\" \/><\/a><\/td><td style=\"width: 3.04045%; text-align: center;\"><a href=\"https:\/\/saludsinaloa.gob.mx\/wp-content\/uploads\/2026\/04\/Despacho-del-Secretario-SS_2025.pdf\" target=\"_blank\" rel=\"noopener noreferrer\"><img decoding=\"async\" class=\"aligncenter\" src=\"http:\/\/saludsinaloa.gob.mx\/wp-content\/uploads\/2020\/12\/Imagen-PDF.png\" alt=\"\" width=\"27\" height=\"33\" \/><\/a><\/td><td style=\"width: 4.18988%; text-align: center;\"><a href=\"https:\/\/media.transparencia.sinaloa.gob.mx\/uploads\/files\/11823\/01.-_DESPACHO_DEL_SECRETARIO.pdf\" target=\"_blank\" rel=\"noopener noreferrer\"><img decoding=\"async\" class=\"aligncenter\" src=\"http:\/\/saludsinaloa.gob.mx\/wp-content\/uploads\/2020\/12\/Imagen-PDF.png\" alt=\"\" width=\"27\" height=\"33\" \/><\/a><\/td><\/tr><tr><td style=\"width: 49.2784%;\">Direcci\u00f3n de Calidad<\/td><td style=\"width: 2.37114%; text-align: center;\"><a href=\"https:\/\/saludsinaloa.gob.mx\/wp-content\/uploads\/2026\/04\/Direccion-de-Calidad_2021.pdf\" target=\"_blank\" rel=\"noopener noreferrer\"><img decoding=\"async\" class=\"aligncenter\" src=\"http:\/\/saludsinaloa.gob.mx\/wp-content\/uploads\/2020\/12\/Imagen-PDF.png\" alt=\"\" width=\"27\" height=\"33\" \/><\/a><\/td><td style=\"width: 1.18557%; text-align: center;\"><a href=\"https:\/\/saludsinaloa.gob.mx\/wp-content\/uploads\/2026\/04\/Direccion-de-Calidad_2022.pdf\" target=\"_blank\" rel=\"noopener noreferrer\"><img decoding=\"async\" class=\"aligncenter\" src=\"http:\/\/saludsinaloa.gob.mx\/wp-content\/uploads\/2020\/12\/Imagen-PDF.png\" alt=\"\" width=\"27\" height=\"33\" \/><\/a><\/td><td style=\"width: 2.42636%; text-align: center;\"><a href=\"https:\/\/saludsinaloa.gob.mx\/wp-content\/uploads\/2026\/04\/Direccion-de-Calidad_2023.pdf\" target=\"_blank\" rel=\"noopener noreferrer\"><img decoding=\"async\" class=\"aligncenter\" src=\"http:\/\/saludsinaloa.gob.mx\/wp-content\/uploads\/2020\/12\/Imagen-PDF.png\" alt=\"\" width=\"27\" height=\"33\" \/><\/a><\/td><td style=\"width: 2.64175%; text-align: center;\"><a href=\"https:\/\/saludsinaloa.gob.mx\/wp-content\/uploads\/2026\/04\/Direccion-de-Calidad_2024.pdf\" target=\"_blank\" rel=\"noopener noreferrer\"><img decoding=\"async\" class=\"aligncenter\" src=\"http:\/\/saludsinaloa.gob.mx\/wp-content\/uploads\/2020\/12\/Imagen-PDF.png\" alt=\"\" width=\"27\" height=\"33\" \/><\/a><\/td><td style=\"width: 3.04045%; text-align: center;\"><a href=\"https:\/\/saludsinaloa.gob.mx\/wp-content\/uploads\/2026\/04\/Direccion-de-Calidad_2025.pdf\" target=\"_blank\" rel=\"noopener noreferrer\"><img decoding=\"async\" class=\"aligncenter\" src=\"http:\/\/saludsinaloa.gob.mx\/wp-content\/uploads\/2020\/12\/Imagen-PDF.png\" alt=\"\" width=\"27\" height=\"33\" \/><\/a><\/td><td style=\"width: 4.18988%; text-align: center;\"><a href=\"https:\/\/media.transparencia.sinaloa.gob.mx\/uploads\/files\/11823\/08.-_DIRECCI_N_DE_CALIDAD.pdf\" target=\"_blank\" rel=\"noopener noreferrer\"><img decoding=\"async\" class=\"aligncenter\" src=\"http:\/\/saludsinaloa.gob.mx\/wp-content\/uploads\/2020\/12\/Imagen-PDF.png\" alt=\"\" width=\"27\" height=\"33\" \/><\/a><\/td><\/tr><tr><td style=\"width: 49.2784%;\">Direcci\u00f3n de Financiamiento<\/td><td style=\"width: 2.37114%; text-align: center;\"><a href=\"https:\/\/saludsinaloa.gob.mx\/wp-content\/uploads\/2026\/04\/Direccion-de-Financiamiento_2021.pdf\" target=\"_blank\" rel=\"noopener noreferrer\"><img decoding=\"async\" class=\"aligncenter\" src=\"http:\/\/saludsinaloa.gob.mx\/wp-content\/uploads\/2020\/12\/Imagen-PDF.png\" alt=\"\" width=\"27\" height=\"33\" \/><\/a><\/td><td style=\"width: 1.18557%; text-align: center;\"><a href=\"https:\/\/saludsinaloa.gob.mx\/wp-content\/uploads\/2026\/04\/Direccion-de-Financiamiento_2022.pdf\" target=\"_blank\" rel=\"noopener noreferrer\"><img decoding=\"async\" class=\"aligncenter\" src=\"http:\/\/saludsinaloa.gob.mx\/wp-content\/uploads\/2020\/12\/Imagen-PDF.png\" alt=\"\" width=\"27\" height=\"33\" \/><\/a><\/td><td style=\"width: 2.42636%; text-align: center;\"><a href=\"https:\/\/saludsinaloa.gob.mx\/wp-content\/uploads\/2026\/04\/Direccion-de-Financiamiento_2023.pdf\" target=\"_blank\" rel=\"noopener noreferrer\"><img decoding=\"async\" class=\"aligncenter\" src=\"http:\/\/saludsinaloa.gob.mx\/wp-content\/uploads\/2020\/12\/Imagen-PDF.png\" alt=\"\" width=\"27\" height=\"33\" \/><\/a><\/td><td style=\"width: 2.64175%; text-align: center;\"><a href=\"https:\/\/saludsinaloa.gob.mx\/wp-content\/uploads\/2026\/04\/Direccion-de-Financiamiento_2024.pdf\" target=\"_blank\" rel=\"noopener noreferrer\"><img decoding=\"async\" class=\"aligncenter\" src=\"http:\/\/saludsinaloa.gob.mx\/wp-content\/uploads\/2020\/12\/Imagen-PDF.png\" alt=\"\" width=\"27\" height=\"33\" \/><\/a><\/td><td style=\"width: 3.04045%; text-align: center;\"><a href=\"https:\/\/saludsinaloa.gob.mx\/wp-content\/uploads\/2026\/04\/Direccion-de-Financiamiento_2025.pdf\" target=\"_blank\" rel=\"noopener noreferrer\"><img decoding=\"async\" class=\"aligncenter\" src=\"http:\/\/saludsinaloa.gob.mx\/wp-content\/uploads\/2020\/12\/Imagen-PDF.png\" alt=\"\" width=\"27\" height=\"33\" \/><\/a><\/td><td style=\"width: 4.18988%; text-align: center;\"><a href=\"https:\/\/media.transparencia.sinaloa.gob.mx\/uploads\/files\/11823\/06.-_DIRECCI_N_DE_FINANCIAMIENTO.pdf\" target=\"_blank\" rel=\"noopener noreferrer\"><img decoding=\"async\" class=\"aligncenter\" src=\"http:\/\/saludsinaloa.gob.mx\/wp-content\/uploads\/2020\/12\/Imagen-PDF.png\" alt=\"\" width=\"27\" height=\"33\" \/><\/a><\/td><\/tr><tr><td style=\"width: 49.2784%;\">Direcci\u00f3n de Innovaci\u00f3n<\/td><td style=\"width: 2.37114%; text-align: center;\"><a href=\"https:\/\/saludsinaloa.gob.mx\/wp-content\/uploads\/2026\/04\/Direccion-de-Innovacion_2021.pdf\" target=\"_blank\" rel=\"noopener noreferrer\"><img decoding=\"async\" class=\"aligncenter\" src=\"http:\/\/saludsinaloa.gob.mx\/wp-content\/uploads\/2020\/12\/Imagen-PDF.png\" alt=\"\" width=\"27\" height=\"33\" \/><\/a><\/td><td style=\"width: 1.18557%; text-align: center;\"><a href=\"https:\/\/saludsinaloa.gob.mx\/wp-content\/uploads\/2026\/04\/Direccion-de-Innovacion_2022.pdf\" target=\"_blank\" rel=\"noopener noreferrer\"><img decoding=\"async\" class=\"aligncenter\" src=\"http:\/\/saludsinaloa.gob.mx\/wp-content\/uploads\/2020\/12\/Imagen-PDF.png\" alt=\"\" width=\"27\" height=\"33\" \/><\/a><\/td><td style=\"width: 2.42636%; text-align: center;\"><a href=\"https:\/\/saludsinaloa.gob.mx\/wp-content\/uploads\/2026\/04\/Direccion-de-Innovacion_2023.pdf\" target=\"_blank\" rel=\"noopener noreferrer\"><img decoding=\"async\" class=\"aligncenter\" src=\"http:\/\/saludsinaloa.gob.mx\/wp-content\/uploads\/2020\/12\/Imagen-PDF.png\" alt=\"\" width=\"27\" height=\"33\" \/><\/a><\/td><td style=\"width: 2.64175%; text-align: center;\"><a href=\"https:\/\/saludsinaloa.gob.mx\/wp-content\/uploads\/2026\/04\/Direccion-de-Innovacion_2024.pdf\" target=\"_blank\" rel=\"noopener noreferrer\"><img decoding=\"async\" class=\"aligncenter\" src=\"http:\/\/saludsinaloa.gob.mx\/wp-content\/uploads\/2020\/12\/Imagen-PDF.png\" alt=\"\" width=\"27\" height=\"33\" \/><\/a><\/td><td style=\"width: 3.04045%; text-align: center;\"><a href=\"https:\/\/saludsinaloa.gob.mx\/wp-content\/uploads\/2026\/04\/Direccion-de-Innovacion_2025.pdf\" target=\"_blank\" rel=\"noopener noreferrer\"><img decoding=\"async\" class=\"aligncenter\" src=\"http:\/\/saludsinaloa.gob.mx\/wp-content\/uploads\/2020\/12\/Imagen-PDF.png\" alt=\"\" width=\"27\" height=\"33\" \/><\/a><\/td><td style=\"width: 4.18988%; text-align: center;\"><a href=\"https:\/\/media.transparencia.sinaloa.gob.mx\/uploads\/files\/11823\/03.-_DIRECCI_N_DE_INNOVACI_N.pdf\" target=\"_blank\" rel=\"noopener noreferrer\"><img decoding=\"async\" class=\"aligncenter\" src=\"http:\/\/saludsinaloa.gob.mx\/wp-content\/uploads\/2020\/12\/Imagen-PDF.png\" alt=\"\" width=\"27\" height=\"33\" \/><\/a><\/td><\/tr><tr><td style=\"width: 49.2784%;\">\u00a0Direcci\u00f3n de Planeaci\u00f3n<\/td><td style=\"width: 2.37114%; text-align: center;\"><a href=\"https:\/\/saludsinaloa.gob.mx\/wp-content\/uploads\/2026\/04\/Direccion-de-Planeacion_2021.pdf\" target=\"_blank\" rel=\"noopener noreferrer\"><img decoding=\"async\" class=\"aligncenter\" src=\"http:\/\/saludsinaloa.gob.mx\/wp-content\/uploads\/2020\/12\/Imagen-PDF.png\" alt=\"\" width=\"27\" height=\"33\" \/><\/a><\/td><td style=\"width: 1.18557%; text-align: center;\"><a href=\"https:\/\/saludsinaloa.gob.mx\/wp-content\/uploads\/2026\/04\/Direccion-de-Planeacion_2022.pdf\" target=\"_blank\" rel=\"noopener noreferrer\"><img decoding=\"async\" class=\"aligncenter\" src=\"http:\/\/saludsinaloa.gob.mx\/wp-content\/uploads\/2020\/12\/Imagen-PDF.png\" alt=\"\" width=\"27\" height=\"33\" \/><\/a><\/td><td style=\"width: 2.42636%; text-align: center;\"><a href=\"https:\/\/saludsinaloa.gob.mx\/wp-content\/uploads\/2026\/04\/Direccion-de-Planeacion_2023.pdf\" target=\"_blank\" rel=\"noopener noreferrer\"><img decoding=\"async\" class=\"aligncenter\" src=\"http:\/\/saludsinaloa.gob.mx\/wp-content\/uploads\/2020\/12\/Imagen-PDF.png\" alt=\"\" width=\"27\" height=\"33\" \/><\/a><\/td><td style=\"width: 2.64175%; text-align: center;\"><a href=\"https:\/\/saludsinaloa.gob.mx\/wp-content\/uploads\/2026\/04\/Direccion-de-Planeacion_2024.pdf\" target=\"_blank\" rel=\"noopener noreferrer\"><img decoding=\"async\" class=\"aligncenter\" src=\"http:\/\/saludsinaloa.gob.mx\/wp-content\/uploads\/2020\/12\/Imagen-PDF.png\" alt=\"\" width=\"27\" height=\"33\" \/><\/a><\/td><td style=\"width: 3.04045%; text-align: center;\"><a href=\"https:\/\/saludsinaloa.gob.mx\/wp-content\/uploads\/2026\/04\/Direccion-de-Planeacion_2025.pdf\" target=\"_blank\" rel=\"noopener noreferrer\"><img decoding=\"async\" class=\"aligncenter\" src=\"http:\/\/saludsinaloa.gob.mx\/wp-content\/uploads\/2020\/12\/Imagen-PDF.png\" alt=\"\" width=\"27\" height=\"33\" \/><\/a><\/td><td style=\"width: 4.18988%; text-align: center;\"><a href=\"https:\/\/media.transparencia.sinaloa.gob.mx\/uploads\/files\/11823\/05.-_DIRECCI_N_DE_PLANEACI_N.pdf\" target=\"_blank\" rel=\"noopener noreferrer\"><img decoding=\"async\" class=\"aligncenter\" src=\"http:\/\/saludsinaloa.gob.mx\/wp-content\/uploads\/2020\/12\/Imagen-PDF.png\" alt=\"\" width=\"27\" height=\"33\" \/><\/a><\/td><\/tr><tr><td style=\"width: 49.2784%;\">\u00a0Secretaria T\u00e9cnica<\/td><td style=\"width: 2.37114%; text-align: center;\"><a href=\"https:\/\/saludsinaloa.gob.mx\/wp-content\/uploads\/2026\/04\/Secretaria-Tecnica_2021.pdf\" target=\"_blank\" rel=\"noopener noreferrer\"><img decoding=\"async\" class=\"aligncenter\" src=\"http:\/\/saludsinaloa.gob.mx\/wp-content\/uploads\/2020\/12\/Imagen-PDF.png\" alt=\"\" width=\"27\" height=\"33\" \/><\/a><\/td><td style=\"width: 1.18557%; text-align: center;\"><a href=\"https:\/\/saludsinaloa.gob.mx\/wp-content\/uploads\/2026\/04\/Secretaria-Tecnica_2022.pdf\" target=\"_blank\" rel=\"noopener noreferrer\"><img decoding=\"async\" class=\"aligncenter\" src=\"http:\/\/saludsinaloa.gob.mx\/wp-content\/uploads\/2020\/12\/Imagen-PDF.png\" alt=\"\" width=\"27\" height=\"33\" \/><\/a><\/td><td style=\"width: 2.42636%; text-align: center;\"><a href=\"https:\/\/saludsinaloa.gob.mx\/wp-content\/uploads\/2026\/04\/Secretaria-Tecnica_2023.pdf\" target=\"_blank\" rel=\"noopener noreferrer\"><img decoding=\"async\" class=\"aligncenter\" src=\"http:\/\/saludsinaloa.gob.mx\/wp-content\/uploads\/2020\/12\/Imagen-PDF.png\" alt=\"\" width=\"27\" height=\"33\" \/><\/a><\/td><td style=\"width: 2.64175%; text-align: center;\"><a href=\"https:\/\/saludsinaloa.gob.mx\/wp-content\/uploads\/2026\/04\/Secretaria-Tecnica_2024.pdf\" target=\"_blank\" rel=\"noopener noreferrer\"><img decoding=\"async\" class=\"aligncenter\" src=\"http:\/\/saludsinaloa.gob.mx\/wp-content\/uploads\/2020\/12\/Imagen-PDF.png\" alt=\"\" width=\"27\" height=\"33\" \/><\/a><\/td><td style=\"width: 3.04045%; text-align: center;\"><a href=\"https:\/\/saludsinaloa.gob.mx\/wp-content\/uploads\/2026\/04\/Secretaria-Tecnica_2025.pdf\" target=\"_blank\" rel=\"noopener noreferrer\"><img decoding=\"async\" class=\"aligncenter\" src=\"http:\/\/saludsinaloa.gob.mx\/wp-content\/uploads\/2020\/12\/Imagen-PDF.png\" alt=\"\" width=\"27\" height=\"33\" \/><\/a><\/td><td style=\"width: 4.18988%; text-align: center;\"><a href=\"https:\/\/media.transparencia.sinaloa.gob.mx\/uploads\/files\/11823\/07.-_SECRETAR_A_T_CNICA.pdf\" target=\"_blank\" rel=\"noopener noreferrer\"><img decoding=\"async\" class=\"aligncenter\" src=\"http:\/\/saludsinaloa.gob.mx\/wp-content\/uploads\/2020\/12\/Imagen-PDF.png\" alt=\"\" width=\"27\" height=\"33\" \/><\/a><\/td><\/tr><tr><td style=\"width: 49.2784%;\">\u00a0Subsecretaria de Atenci\u00f3n M\u00e9dica<\/td><td style=\"width: 2.37114%; text-align: center;\"><a href=\"https:\/\/saludsinaloa.gob.mx\/wp-content\/uploads\/2026\/04\/Subsecretaria-de-Atencion-Medica_2021.pdf\" target=\"_blank\" rel=\"noopener noreferrer\"><img decoding=\"async\" class=\"aligncenter\" src=\"http:\/\/saludsinaloa.gob.mx\/wp-content\/uploads\/2020\/12\/Imagen-PDF.png\" alt=\"\" width=\"27\" height=\"33\" \/><\/a><\/td><td style=\"width: 1.18557%; text-align: center;\"><a href=\"https:\/\/saludsinaloa.gob.mx\/wp-content\/uploads\/2026\/04\/Subsecretaria-de-Atencion-Medica_2022.pdf\" target=\"_blank\" rel=\"noopener noreferrer\"><img decoding=\"async\" class=\"aligncenter\" src=\"http:\/\/saludsinaloa.gob.mx\/wp-content\/uploads\/2020\/12\/Imagen-PDF.png\" alt=\"\" width=\"27\" height=\"33\" \/><\/a><\/td><td style=\"width: 2.42636%; text-align: center;\"><a href=\"https:\/\/saludsinaloa.gob.mx\/wp-content\/uploads\/2026\/04\/Subsecretaria-de-Atencion-Medica_2023.pdf\" target=\"_blank\" rel=\"noopener noreferrer\"><img decoding=\"async\" class=\"aligncenter\" src=\"http:\/\/saludsinaloa.gob.mx\/wp-content\/uploads\/2020\/12\/Imagen-PDF.png\" alt=\"\" width=\"27\" height=\"33\" \/><\/a><\/td><td style=\"width: 2.64175%; text-align: center;\"><a href=\"https:\/\/saludsinaloa.gob.mx\/wp-content\/uploads\/2026\/04\/Subsecretaria-de-Atencion-Medica_2024.pdf\" target=\"_blank\" rel=\"noopener noreferrer\"><img decoding=\"async\" class=\"aligncenter\" src=\"http:\/\/saludsinaloa.gob.mx\/wp-content\/uploads\/2020\/12\/Imagen-PDF.png\" alt=\"\" width=\"27\" height=\"33\" \/><\/a><\/td><td style=\"width: 3.04045%; text-align: center;\"><a href=\"https:\/\/saludsinaloa.gob.mx\/wp-content\/uploads\/2026\/04\/Subsecretaria-de-Atencion-Medica_2025.pdf\" target=\"_blank\" rel=\"noopener noreferrer\"><img decoding=\"async\" class=\"aligncenter\" src=\"http:\/\/saludsinaloa.gob.mx\/wp-content\/uploads\/2020\/12\/Imagen-PDF.png\" alt=\"\" width=\"27\" height=\"33\" \/><\/a><\/td><td style=\"width: 4.18988%; text-align: center;\"><a href=\"https:\/\/media.transparencia.sinaloa.gob.mx\/uploads\/files\/11823\/02.-_SUBSECRETAR_A_DE_ATENCI_N_M_DICA.pdf\" target=\"_blank\" rel=\"noopener noreferrer\"><img decoding=\"async\" class=\"aligncenter\" src=\"http:\/\/saludsinaloa.gob.mx\/wp-content\/uploads\/2020\/12\/Imagen-PDF.png\" alt=\"\" width=\"27\" height=\"33\" \/><\/a><\/td><\/tr><tr><td style=\"width: 49.2784%;\">\u00a0Subsecretaria de Servicios Administrativos<\/td><td style=\"width: 2.37114%; text-align: center;\"><a href=\"https:\/\/saludsinaloa.gob.mx\/wp-content\/uploads\/2026\/04\/Subsecretaria-de-Servicios-Administrativos_2021.pdf\" target=\"_blank\" rel=\"noopener noreferrer\"><img decoding=\"async\" class=\"aligncenter\" src=\"http:\/\/saludsinaloa.gob.mx\/wp-content\/uploads\/2020\/12\/Imagen-PDF.png\" alt=\"\" width=\"27\" height=\"33\" \/><\/a><\/td><td style=\"width: 1.18557%; text-align: center;\"><a href=\"https:\/\/saludsinaloa.gob.mx\/wp-content\/uploads\/2026\/04\/Subsecretaria-de-Servicios-Administrativos_2022.pdf\" target=\"_blank\" rel=\"noopener noreferrer\"><img decoding=\"async\" class=\"aligncenter\" src=\"http:\/\/saludsinaloa.gob.mx\/wp-content\/uploads\/2020\/12\/Imagen-PDF.png\" alt=\"\" width=\"27\" height=\"33\" \/><\/a><\/td><td style=\"width: 2.42636%; text-align: center;\"><a href=\"https:\/\/saludsinaloa.gob.mx\/wp-content\/uploads\/2026\/04\/Subsecretaria-de-Servicios-Administrativos_2023.pdf\" target=\"_blank\" rel=\"noopener noreferrer\"><img decoding=\"async\" class=\"aligncenter\" src=\"http:\/\/saludsinaloa.gob.mx\/wp-content\/uploads\/2020\/12\/Imagen-PDF.png\" alt=\"\" width=\"27\" height=\"33\" \/><\/a><\/td><td style=\"width: 2.64175%; text-align: center;\"><a href=\"https:\/\/saludsinaloa.gob.mx\/wp-content\/uploads\/2026\/04\/Subsecretaria-de-Servicios-Administrativos_2024.pdf\" target=\"_blank\" rel=\"noopener noreferrer\"><img decoding=\"async\" class=\"aligncenter\" src=\"http:\/\/saludsinaloa.gob.mx\/wp-content\/uploads\/2020\/12\/Imagen-PDF.png\" alt=\"\" width=\"27\" height=\"33\" \/><\/a><\/td><td style=\"width: 3.04045%; text-align: center;\"><a href=\"https:\/\/saludsinaloa.gob.mx\/wp-content\/uploads\/2026\/04\/Subsecretaria-de-Servicios-Administrativos_2025.pdf\" target=\"_blank\" rel=\"noopener noreferrer\"><img decoding=\"async\" class=\"aligncenter\" src=\"http:\/\/saludsinaloa.gob.mx\/wp-content\/uploads\/2020\/12\/Imagen-PDF.png\" alt=\"\" width=\"27\" height=\"33\" \/><\/a><\/td><td style=\"width: 4.18988%; text-align: center;\"><a href=\"https:\/\/media.transparencia.sinaloa.gob.mx\/uploads\/files\/11823\/04.-_SUBSECRETAR_A_DE_SERVICIOS_ADMINISTRATIVOS.pdf\" target=\"_blank\" rel=\"noopener noreferrer\"><img decoding=\"async\" class=\"aligncenter\" src=\"http:\/\/saludsinaloa.gob.mx\/wp-content\/uploads\/2020\/12\/Imagen-PDF.png\" alt=\"\" width=\"27\" height=\"33\" \/><\/a><\/td><\/tr><tr><td style=\"width: 49.2784%;\">\u00a0Unidad de Estudios y Proyectos<\/td><td style=\"width: 2.37114%; text-align: center;\"><a href=\"https:\/\/saludsinaloa.gob.mx\/wp-content\/uploads\/2026\/04\/Unidad-de-Estudios-y-Proyectos_2021.pdf\" target=\"_blank\" rel=\"noopener noreferrer\"><img decoding=\"async\" class=\"aligncenter\" src=\"http:\/\/saludsinaloa.gob.mx\/wp-content\/uploads\/2020\/12\/Imagen-PDF.png\" alt=\"\" width=\"27\" height=\"33\" \/><\/a><\/td><td style=\"width: 1.18557%; text-align: center;\"><a href=\"https:\/\/saludsinaloa.gob.mx\/wp-content\/uploads\/2026\/04\/Unidad-de-Estudios-y-Proyectos_2022.pdf\" target=\"_blank\" rel=\"noopener noreferrer\"><img decoding=\"async\" class=\"aligncenter\" src=\"http:\/\/saludsinaloa.gob.mx\/wp-content\/uploads\/2020\/12\/Imagen-PDF.png\" alt=\"\" width=\"27\" height=\"33\" \/><\/a><\/td><td style=\"width: 2.42636%; text-align: center;\"><a href=\"https:\/\/saludsinaloa.gob.mx\/wp-content\/uploads\/2026\/04\/Unidad-de-Estudios-y-Proyectos_2023.pdf\" target=\"_blank\" rel=\"noopener noreferrer\"><img decoding=\"async\" class=\"aligncenter\" src=\"http:\/\/saludsinaloa.gob.mx\/wp-content\/uploads\/2020\/12\/Imagen-PDF.png\" alt=\"\" width=\"27\" height=\"33\" \/><\/a><\/td><td style=\"width: 2.64175%; text-align: center;\"><a href=\"https:\/\/saludsinaloa.gob.mx\/wp-content\/uploads\/2026\/04\/Unidad-de-Estudios-y-Proyectos_2024.pdf\" target=\"_blank\" rel=\"noopener noreferrer\"><img decoding=\"async\" class=\"aligncenter\" src=\"http:\/\/saludsinaloa.gob.mx\/wp-content\/uploads\/2020\/12\/Imagen-PDF.png\" alt=\"\" width=\"27\" height=\"33\" \/><\/a><\/td><td style=\"width: 3.04045%; text-align: center;\"><a href=\"https:\/\/saludsinaloa.gob.mx\/wp-content\/uploads\/2026\/04\/Unidad-de-Estudios-y-Proyectos_2025.pdf\" target=\"_blank\" rel=\"noopener noreferrer\"><img decoding=\"async\" class=\"aligncenter\" src=\"http:\/\/saludsinaloa.gob.mx\/wp-content\/uploads\/2020\/12\/Imagen-PDF.png\" alt=\"\" width=\"27\" height=\"33\" \/><\/a><\/td><td style=\"width: 4.18988%; text-align: center;\"><a href=\"https:\/\/media.transparencia.sinaloa.gob.mx\/uploads\/files\/11823\/09.-_UNIDAD_DE_ESTUDIOS_Y_PROYECTOS.pdf\" target=\"_blank\" rel=\"noopener noreferrer\"><img decoding=\"async\" class=\"aligncenter\" src=\"http:\/\/saludsinaloa.gob.mx\/wp-content\/uploads\/2020\/12\/Imagen-PDF.png\" alt=\"\" width=\"27\" height=\"33\" \/><\/a><\/td><\/tr><\/tbody><\/table>\t\t\t\t\t\t\t\t<\/div>\n\t\t\t\t\t<\/div>\n\t\t\t\t<\/div>\n\t\t\t\t<\/div>\n\t\t","protected":false},"excerpt":{"rendered":"<p>Regresar Documento 2021 2022 2023 2024 2025 2026 Despacho del Secretario Direcci\u00f3n de Calidad Direcci\u00f3n de Financiamiento Direcci\u00f3n de Innovaci\u00f3n \u00a0Direcci\u00f3n de Planeaci\u00f3n \u00a0Secretaria T\u00e9cnica \u00a0Subsecretaria de Atenci\u00f3n M\u00e9dica \u00a0Subsecretaria de Servicios Administrativos \u00a0Unidad de Estudios y Proyectos<\/p>\n","protected":false},"author":1,"featured_media":0,"parent":0,"menu_order":0,"comment_status":"closed","ping_status":"closed","template":"templates\/full-width-page.php","meta":{"footnotes":""},"class_list":["post-5444","page","type-page","status-publish","hentry"],"_links":{"self":[{"href":"https:\/\/saludsinaloa.gob.mx\/index.php\/wp-json\/wp\/v2\/pages\/5444","targetHints":{"allow":["GET"]}}],"collection":[{"href":"https:\/\/saludsinaloa.gob.mx\/index.php\/wp-json\/wp\/v2\/pages"}],"about":[{"href":"https:\/\/saludsinaloa.gob.mx\/index.php\/wp-json\/wp\/v2\/types\/page"}],"author":[{"embeddable":true,"href":"https:\/\/saludsinaloa.gob.mx\/index.php\/wp-json\/wp\/v2\/users\/1"}],"replies":[{"embeddable":true,"href":"https:\/\/saludsinaloa.gob.mx\/index.php\/wp-json\/wp\/v2\/comments?post=5444"}],"version-history":[{"count":72,"href":"https:\/\/saludsinaloa.gob.mx\/index.php\/wp-json\/wp\/v2\/pages\/5444\/revisions"}],"predecessor-version":[{"id":25026,"href":"https:\/\/saludsinaloa.gob.mx\/index.php\/wp-json\/wp\/v2\/pages\/5444\/revisions\/25026"}],"wp:attachment":[{"href":"https:\/\/saludsinaloa.gob.mx\/index.php\/wp-json\/wp\/v2\/media?parent=5444"}],"curies":[{"name":"wp","href":"https:\/\/api.w.org\/{rel}","templated":true}]}}