{"id":5402,"date":"2018-12-03T20:48:10","date_gmt":"2018-12-03T20:48:10","guid":{"rendered":"http:\/\/saludsinaloa.gob.mx\/?page_id=5402"},"modified":"2019-12-17T19:15:44","modified_gmt":"2019-12-17T19:15:44","slug":"informe-de-avance-programatico-2018","status":"publish","type":"page","link":"https:\/\/saludsinaloa.gob.mx\/index.php\/informe-de-avance-programatico-2018\/","title":{"rendered":"Informe de Avance Program\u00e1tico 2018"},"content":{"rendered":"<h3><a href=\"http:\/\/saludsinaloa.gob.mx\/index.php\/gasto-en-salud\/\">Regresar<\/a><\/h3>\n<ul>\n<li>Cuarto Trimestre\n<ul>\n<li><a href=\"http:\/\/saludsinaloa.gob.mx\/wp-content\/uploads\/2019\/transparencia\/Estado_Analitico_de_Ingresos_4T_2018.pdf\" target=\"_blank\" rel=\"noopener\">Estado Anal\u00edtico del Ingreso por Fuente de Financiamiento<\/a><\/li>\n<li><a href=\"http:\/\/saludsinaloa.gob.mx\/wp-content\/uploads\/2019\/transparencia\/Clasificacion_Economica_Por_Tipo_de_Gasto_4T_2018.pdf\" target=\"_blank\" rel=\"noopener\">Estado Anal\u00edtico del Ejercicio del Presupuesto de Egresos (Clasificaci\u00f3n Econ\u00f3mica y Tipo de Gasto)<\/a><\/li>\n<li><a href=\"http:\/\/saludsinaloa.gob.mx\/wp-content\/uploads\/2019\/transparencia\/Clasificacion_Administrativa_4T_2018.pdf\" target=\"_blank\" rel=\"noopener\">Estado Anal\u00edtico del Ejercicio del Presupuesto de Egresos (Clasificaci\u00f3n Administrativa)<\/a><\/li>\n<li><a href=\"http:\/\/saludsinaloa.gob.mx\/wp-content\/uploads\/2019\/transparencia\/Clasificacion_Funcional_Finalidad_y_Funcion_4T_2018.pdf\" target=\"_blank\" rel=\"noopener\">Estado Anal\u00edtico del Ejercicio del Presupuesto de Egresos (Clasificaci\u00f3n Funcional (Finalidad y Funci\u00f3n)<\/a><\/li>\n<li><a href=\"http:\/\/saludsinaloa.gob.mx\/wp-content\/uploads\/2019\/transparencia\/Clasificacion_por_Objeto_del_Gasto_Capitulo_Concepto_4T_2018.pdf\" target=\"_blank\" rel=\"noopener\">Estado Anal\u00edtico del Ejercicio del Presupuesto de Egresos (Capitulo-Concepto)<\/a><\/li>\n<li><a href=\"http:\/\/saludsinaloa.gob.mx\/wp-content\/uploads\/2019\/transparencia\/Gasto_Por_Categoria_Programatica_4T_2018.pdf\">Gasto Por Categor\u00eda Program\u00e1tica<\/a><\/li>\n<\/ul>\n<\/li>\n<li>Tercer Trimestre\n<ul>\n<li>Anal\u00edtico de Ingresos por Rubro<\/li>\n<li><a href=\"http:\/\/documentosarmonizacioncontable.sinaloa.gob.mx\/Archivos\/Multimedia\/2018_Tercer_SERVICIOS%20DE%20SALUD_Estado%20anal%C3%ADtico%20del%20ingreso%20por%20Clasificaci%C3%B3n%20econ%C3%B3mica-68725.pdf\" target=\"_blank\" rel=\"noopener\">Estado Anal\u00edtico del Ingreso por Fuente de Financiamiento<\/a><\/li>\n<li><a href=\"http:\/\/documentosarmonizacioncontable.sinaloa.gob.mx\/Archivos\/Multimedia\/2018_Tercer_SERVICIOS%20DE%20SALUD_Estado%20anal%C3%ADtico%20del%20ejercicio%20del%20presupuesto%20de%20egresos%20(Econ%C3%B3mica%20y%20tipo%20de%20%20gasto)-68755.pdf\" target=\"_blank\" rel=\"noopener\">Estado Anal\u00edtico del Ejercicio del Presupuesto de Egresos (Clasificaci\u00f3n Econ\u00f3mica y Tipo de Gasto)<\/a><\/li>\n<li><a href=\"http:\/\/documentosarmonizacioncontable.sinaloa.gob.mx\/Archivos\/Multimedia\/2018_Tercer_SERVICIOS%20DE%20SALUD_Estado%20anal%C3%ADtico%20del%20ejercicio%20del%20presupuesto%20de%20egresos%20(Administrativa)-68751.pdf\" target=\"_blank\" rel=\"noopener\">Estado Anal\u00edtico del Ejercicio del Presupuesto de Egresos (Clasificaci\u00f3n Administrativa)<\/a><\/li>\n<li><a href=\"http:\/\/documentosarmonizacioncontable.sinaloa.gob.mx\/Archivos\/Multimedia\/2018_Tercer_SERVICIOS%20DE%20SALUD_Estado%20anal%C3%ADtico%20del%20ejercicio%20del%20presupuesto%20de%20egresos%20(Funcional-program%C3%A1tica)-68760.pdf\" target=\"_blank\" rel=\"noopener\">Estado Anal\u00edtico del Ejercicio del Presupuesto de Egresos (Clasificaci\u00f3n Funcional (Finalidad y Funci\u00f3n)<\/a><\/li>\n<li><a href=\"http:\/\/documentosarmonizacioncontable.sinaloa.gob.mx\/Archivos\/Multimedia\/2018_Tercer_SERVICIOS%20DE%20SALUD_Estado%20anal%C3%ADtico%20del%20ejercicio%20del%20presupuesto%20de%20egresos%20(por%20objeto%20del%20gasto)-68782.pdf\" target=\"_blank\" rel=\"noopener\">Estado Anal\u00edtico del Ejercicio del Presupuesto de Egresos (Capitulo-Concepto)<\/a><\/li>\n<li><a href=\"http:\/\/documentosarmonizacioncontable.sinaloa.gob.mx\/Archivos\/Multimedia\/2018_Tercer_SERVICIOS%20DE%20SALUD_Gasto%20por%20categor%C3%ADa%20program%C3%A1tica-68704.pdf\" target=\"_blank\" rel=\"noopener\">Gasto Por Categor\u00eda Program\u00e1tica<\/a><\/li>\n<\/ul>\n<\/li>\n<li>Segundo Trimestre\n<ul>\n<li><a href=\"http:\/\/documentosarmonizacioncontable.sinaloa.gob.mx\/Archivos\/Multimedia\/2018_Segundo_SERVICIOS%20DE%20SALUD_Estado%20anal%C3%ADtico%20del%20ingreso%20por%20Clasificaci%C3%B3n%20econ%C3%B3mica-58291.pdf\" target=\"_blank\" rel=\"noopener\">Estado Anal\u00edtico del Ingreso por Fuente de Financiamiento<\/a><\/li>\n<li><a href=\"http:\/\/documentosarmonizacioncontable.sinaloa.gob.mx\/Archivos\/Multimedia\/2018_Segundo_SERVICIOS%20DE%20SALUD_Estado%20anal%C3%ADtico%20del%20ejercicio%20del%20presupuesto%20de%20egresos%20(Econ%C3%B3mica%20y%20tipo%20de%20%20gasto)-58295.pdf\" target=\"_blank\" rel=\"noopener\">Estado Anal\u00edtico del Ejercicio del Presupuesto de Egresos (Clasificaci\u00f3n Econ\u00f3mica y Tipo de Gasto)<\/a><\/li>\n<li><a href=\"http:\/\/documentosarmonizacioncontable.sinaloa.gob.mx\/Archivos\/Multimedia\/2018_Segundo_SERVICIOS%20DE%20SALUD_Estado%20anal%C3%ADtico%20del%20ejercicio%20del%20presupuesto%20de%20egresos%20(Administrativa)-58294.pdf\" target=\"_blank\" rel=\"noopener\">Estado Anal\u00edtico del Ejercicio del Presupuesto de Egresos (Clasificaci\u00f3n Administrativa)<\/a><\/li>\n<li><a href=\"http:\/\/documentosarmonizacioncontable.sinaloa.gob.mx\/Archivos\/Multimedia\/2018_Segundo_SERVICIOS%20DE%20SALUD_Estado%20anal%C3%ADtico%20del%20ejercicio%20del%20presupuesto%20de%20egresos%20(Funcional-program%C3%A1tica)-58296.pdf\" target=\"_blank\" rel=\"noopener\">Estado Anal\u00edtico del Ejercicio del Presupuesto de Egresos (Clasificaci\u00f3n Funcional (Finalidad y Funci\u00f3n)<\/a><\/li>\n<li><a href=\"http:\/\/documentosarmonizacioncontable.sinaloa.gob.mx\/Archivos\/Multimedia\/2018_Segundo_SERVICIOS%20DE%20SALUD_Estado%20anal%C3%ADtico%20del%20ejercicio%20del%20presupuesto%20de%20egresos%20(por%20objeto%20del%20gasto)-58301.pdf\" target=\"_blank\" rel=\"noopener\">Estado Anal\u00edtico del Ejercicio del Presupuesto de Egresos (Capitulo-Concepto)<\/a><\/li>\n<li><a href=\"http:\/\/documentosarmonizacioncontable.sinaloa.gob.mx\/Archivos\/Multimedia\/2018_Segundo_SERVICIOS%20DE%20SALUD_Gasto%20por%20categor%C3%ADa%20program%C3%A1tica-58289.pdf\" target=\"_blank\" rel=\"noopener\">Gasto Por Categor\u00eda Program\u00e1tica<\/a><\/li>\n<\/ul>\n<\/li>\n<li>Primer Trimestre\n<ul>\n<li><a href=\"http:\/\/documentosarmonizacioncontable.sinaloa.gob.mx\/Archivos\/Multimedia\/2018_Primer_SERVICIOS%20DE%20SALUD_Estado%20anal%C3%ADtico%20del%20ingreso%20por%20Clasificaci%C3%B3n%20econ%C3%B3mica-52538.pdf\" target=\"_blank\" rel=\"noopener\">Estado Anal\u00edtico del Ingreso por Fuente de Financiamiento<\/a><\/li>\n<li><a href=\"http:\/\/documentosarmonizacioncontable.sinaloa.gob.mx\/Archivos\/Multimedia\/2018_Primer_SERVICIOS%20DE%20SALUD_Estado%20anal%C3%ADtico%20del%20ejercicio%20del%20presupuesto%20de%20egresos%20(Econ%C3%B3mica%20y%20tipo%20de%20%20gasto)-52555.pdf\" target=\"_blank\" rel=\"noopener\">Estado Anal\u00edtico del Ejercicio del Presupuesto de Egresos (Clasificaci\u00f3n Econ\u00f3mica y Tipo de Gasto)<\/a><\/li>\n<li><a href=\"http:\/\/documentosarmonizacioncontable.sinaloa.gob.mx\/Archivos\/Multimedia\/2018_Primer_SERVICIOS%20DE%20SALUD_Estado%20anal%C3%ADtico%20del%20ejercicio%20del%20presupuesto%20de%20egresos%20(Administrativa)-52553.pdf\" target=\"_blank\" rel=\"noopener\">Estado Anal\u00edtico del Ejercicio del Presupuesto de Egresos (Clasificaci\u00f3n Administrativa)<\/a><\/li>\n<li><a href=\"http:\/\/documentosarmonizacioncontable.sinaloa.gob.mx\/Archivos\/Multimedia\/2018_Primer_SERVICIOS%20DE%20SALUD_Estado%20anal%C3%ADtico%20del%20ejercicio%20del%20presupuesto%20de%20egresos%20(Funcional-program%C3%A1tica)-52556.pdf\" target=\"_blank\" rel=\"noopener\">Estado Anal\u00edtico del Ejercicio del Presupuesto de Egresos (Clasificaci\u00f3n Funcional (Finalidad y Funci\u00f3n)<\/a><\/li>\n<li><a href=\"http:\/\/documentosarmonizacioncontable.sinaloa.gob.mx\/Archivos\/Multimedia\/2018_Primer_SERVICIOS%20DE%20SALUD_Estado%20anal%C3%ADtico%20del%20ejercicio%20del%20presupuesto%20de%20egresos%20(por%20objeto%20del%20gasto)-52577.pdf\" target=\"_blank\" rel=\"noopener\">Estado Anal\u00edtico del Ejercicio del Presupuesto de Egresos (Capitulo-Concepto)<\/a><\/li>\n<li><a href=\"http:\/\/documentosarmonizacioncontable.sinaloa.gob.mx\/Archivos\/Multimedia\/2018_Primer_SERVICIOS%20DE%20SALUD_Gasto%20por%20categor%C3%ADa%20program%C3%A1tica-52534.pdf\" target=\"_blank\" rel=\"noopener\">Gasto Por Categor\u00eda Program\u00e1tica<\/a><\/li>\n<\/ul>\n<\/li>\n<\/ul>\n","protected":false},"excerpt":{"rendered":"<p>Regresar Cuarto Trimestre Estado Anal\u00edtico del Ingreso por Fuente de Financiamiento Estado Anal\u00edtico del Ejercicio del Presupuesto de Egresos (Clasificaci\u00f3n Econ\u00f3mica y Tipo de Gasto) Estado Anal\u00edtico del Ejercicio del Presupuesto de Egresos (Clasificaci\u00f3n Administrativa) Estado Anal\u00edtico del Ejercicio del Presupuesto de Egresos (Clasificaci\u00f3n Funcional (Finalidad y Funci\u00f3n) Estado Anal\u00edtico del Ejercicio del Presupuesto de [&hellip;]<\/p>\n","protected":false},"author":1,"featured_media":0,"parent":0,"menu_order":0,"comment_status":"closed","ping_status":"closed","template":"templates\/full-width-page.php","meta":{"footnotes":""},"class_list":["post-5402","page","type-page","status-publish","hentry"],"_links":{"self":[{"href":"https:\/\/saludsinaloa.gob.mx\/index.php\/wp-json\/wp\/v2\/pages\/5402","targetHints":{"allow":["GET"]}}],"collection":[{"href":"https:\/\/saludsinaloa.gob.mx\/index.php\/wp-json\/wp\/v2\/pages"}],"about":[{"href":"https:\/\/saludsinaloa.gob.mx\/index.php\/wp-json\/wp\/v2\/types\/page"}],"author":[{"embeddable":true,"href":"https:\/\/saludsinaloa.gob.mx\/index.php\/wp-json\/wp\/v2\/users\/1"}],"replies":[{"embeddable":true,"href":"https:\/\/saludsinaloa.gob.mx\/index.php\/wp-json\/wp\/v2\/comments?post=5402"}],"version-history":[{"count":12,"href":"https:\/\/saludsinaloa.gob.mx\/index.php\/wp-json\/wp\/v2\/pages\/5402\/revisions"}],"predecessor-version":[{"id":9118,"href":"https:\/\/saludsinaloa.gob.mx\/index.php\/wp-json\/wp\/v2\/pages\/5402\/revisions\/9118"}],"wp:attachment":[{"href":"https:\/\/saludsinaloa.gob.mx\/index.php\/wp-json\/wp\/v2\/media?parent=5402"}],"curies":[{"name":"wp","href":"https:\/\/api.w.org\/{rel}","templated":true}]}}