{"id":5380,"date":"2018-12-03T20:02:26","date_gmt":"2018-12-03T20:02:26","guid":{"rendered":"http:\/\/saludsinaloa.gob.mx\/?page_id=5380"},"modified":"2026-04-15T00:02:30","modified_gmt":"2026-04-15T00:02:30","slug":"adquisiciones-de-obras-bienes-servicios","status":"publish","type":"page","link":"https:\/\/saludsinaloa.gob.mx\/index.php\/adquisiciones-de-obras-bienes-servicios\/","title":{"rendered":"Adquisiciones de Bienes y Servicios"},"content":{"rendered":"<h3><a href=\"https:\/\/saludsinaloa.gob.mx\/index.php\/menu-transparencia-de-gasto-en-salud\/\">Regresar<\/a><\/h3>\n<ul>\n<li><a href=\"https:\/\/compranet.sinaloa.gob.mx\/servicios-de-salud-de-sinaloa-sss-adquisiciones\" target=\"_blank\" rel=\"noopener noreferrer\">Adquisiciones de Bienes y Servicios de los Servicios de Salud de Sinaloa (2018-2026)<\/a><\/li>\n<li><a href=\"https:\/\/saludsinaloa.gob.mx\/wp-content\/uploads\/2026\/04\/RELACION-DE-LICITACIONES-2025-1.xlsx\" rel=\"noopener noreferrer\">Relaci\u00f3n de Licitaciones 2025<\/a>|XLS<\/li>\n<li><a href=\"https:\/\/saludsinaloa.gob.mx\/wp-content\/uploads\/2026\/03\/RELACION-DE-LICITACIONES-PUBLICAS-DEL-EJERCICO-22024.xlsx\" rel=\"noopener noreferrer\">Relaci\u00f3n de Licitaciones 2024<\/a>|XLS<\/li>\n<li><a href=\"https:\/\/SALUDSINALOA.GOB.MX\/wp-content\/uploads\/2024\/03\/RELACION-DE-LICITACIONES-2023-INFORMACION_4831_945140-NUEVA.xls\" rel=\"noopener noreferrer\">Relaci\u00f3n de Licitaciones 2023<\/a>|XLS<\/li>\n<li><a href=\"https:\/\/saludsinaloa.gob.mx\/wp-content\/uploads\/2022\/files\/LICITACIONES2022.xlsx\" rel=\"noopener noreferrer\">Relaci\u00f3n de Licitaciones 2022<\/a>|XLS<\/li>\n<li><a href=\"https:\/\/saludsinaloa.gob.mx\/wp-content\/uploads\/2021\/files\/Relacion_de_licitaciones_2021.xlsx\" rel=\"noopener noreferrer\">Relaci\u00f3n de Licitaciones 2021<\/a>|XLS<\/li>\n<li><a href=\"https:\/\/saludsinaloa.gob.mx\/wp-content\/uploads\/2020\/files\/Licitaci\u00f3n_2020_Recursos_Materiales_Contratos_y_Pedidos.xlsx\" rel=\"noopener noreferrer\">Relaci\u00f3n de Licitaciones 2020<\/a>|XLS<\/li>\n<li><a href=\"https:\/\/saludsinaloa.gob.mx\/wp-content\/uploads\/2019\/transparencia\/Licitaci\u00f3n_2019_Recursos _Materiales.xlsx\">Relaci\u00f3n de Licitaciones 2019<\/a> |XLS<\/li>\n<li><a href=\"https:\/\/saludsinaloa.gob.mx\/wp-content\/uploads\/2026\/03\/RELACION-DE-INVITACIONES-A-CUANDO-MENOS-TRES-PERSONAS-DEL-EJERCICO-22025.xlsx\" target=\"_blank\" rel=\"noopener noreferrer\">Invitaci\u00f3n a Cuando Menos 3 Personas 2025<\/a> |XLS<\/li>\n<li><a href=\"https:\/\/saludsinaloa.gob.mx\/wp-content\/uploads\/2026\/03\/RELACION-DE-INVITACIONES-A-CUANDO-MENOS-TRES-PERSONAS-DEL-EJERCICO-22024.xlsx\" target=\"_blank\" rel=\"noopener noreferrer\">Invitaci\u00f3n a Cuando Menos 3 Personas 2024<\/a> |XLS<\/li>\n<li><a href=\"https:\/\/saludsinaloa.gob.mx\/wp-content\/uploads\/2026\/04\/CALENDARIO-PROCEDIMIENTOS-2023-1.xlsx\" target=\"_blank\" rel=\"noopener noreferrer\">Invitaci\u00f3n a Cuando Menos 3 Personas 2023<\/a> |XLS<\/li>\n<li><a href=\"https:\/\/saludsinaloa.gob.mx\/wp-content\/uploads\/2026\/04\/CALENDARIO-PROCEDIMIENTOS-2022-1.xlsx\" target=\"_blank\" rel=\"noopener noreferrer\">Invitaci\u00f3n a Cuando Menos 3 Personas 2022<\/a> |XLS<\/li>\n<li><a href=\"https:\/\/saludsinaloa.gob.mx\/wp-content\/uploads\/2021\/files\/Invitacion_a_cuando_menos_3_personas_2021.xlsx\" target=\"_blank\" rel=\"noopener noreferrer\">Invitaci\u00f3n a Cuando Menos 3 Personas 2021<\/a> |XLS<\/li>\n<li><a href=\"https:\/\/saludsinaloa.gob.mx\/wp-content\/uploads\/2020\/files\/Por_Invitacion_2020_Recursos_Materiales_Contratos_y_Pedidos.xlsx\" rel=\"noopener noreferrer\">Invitaci\u00f3n a Cuando Menos 3 Personas 2020<\/a> |XLS<\/li>\n<li><a href=\"https:\/\/saludsinaloa.gob.mx\/wp-content\/uploads\/2019\/transparencia\/Por_Invitacion_2019_Recursos_Materiales_.xlsx\">Invitaci\u00f3n a Cuando Menos 3 Personas 2019<\/a> |XLS<\/li>\n<li><a href=\"https:\/\/saludsinaloa.gob.mx\/wp-content\/uploads\/2026\/03\/RELACION-DE-IADJUDICACIONES-DIRECTAS-DEL-EJERCICO-22025.xlsx\">Adjudicaciones Directas 2025<\/a>|XLS<\/li>\n<li><a href=\"https:\/\/saludsinaloa.gob.mx\/wp-content\/uploads\/2026\/03\/RELACION-DE-IADJUDICACIONES-DIRECTAS-DEL-EJERCICO-22024.xlsx\">Adjudicaciones Directas 2024<\/a>|XLS<\/li>\n<li><a href=\"https:\/\/SALUDSINALOA.GOB.MX\/wp-content\/uploads\/2024\/02\/ADJUDICACION-DIRECTA-INFORMACION-2023.xls\">Adjudicaciones Directas 2023<\/a>|XLS<\/li>\n<li><a href=\"https:\/\/saludsinaloa.gob.mx\/wp-content\/uploads\/2022\/files\/Adjudaciones_Directas_2022.xlsx\">Adjudicaciones Directas 2022<\/a>|XLS<\/li>\n<li><a href=\"https:\/\/saludsinaloa.gob.mx\/wp-content\/uploads\/2021\/files\/Adjudaciones_Directas_2021.xlsx\">Adjudicaciones Directas 2021<\/a>|XLS<\/li>\n<li><a href=\"https:\/\/saludsinaloa.gob.mx\/wp-content\/uploads\/2020\/files\/Adjudicaciones_Directas_2020_Recursos_Materiales.xlsx\">Adjudicaciones Directas 2020<\/a>|XLS<\/li>\n<\/ul>\n","protected":false},"excerpt":{"rendered":"<p>Regresar Adquisiciones de Bienes y Servicios de los Servicios de Salud de Sinaloa (2018-2026) Relaci\u00f3n de Licitaciones 2025|XLS Relaci\u00f3n de Licitaciones 2024|XLS Relaci\u00f3n de Licitaciones 2023|XLS Relaci\u00f3n de Licitaciones 2022|XLS Relaci\u00f3n de Licitaciones 2021|XLS Relaci\u00f3n de Licitaciones 2020|XLS Relaci\u00f3n de Licitaciones 2019 |XLS Invitaci\u00f3n a Cuando Menos 3 Personas 2025 |XLS Invitaci\u00f3n a Cuando Menos [&hellip;]<\/p>\n","protected":false},"author":1,"featured_media":0,"parent":0,"menu_order":0,"comment_status":"closed","ping_status":"closed","template":"templates\/full-width-page.php","meta":{"footnotes":""},"class_list":["post-5380","page","type-page","status-publish","hentry"],"_links":{"self":[{"href":"https:\/\/saludsinaloa.gob.mx\/index.php\/wp-json\/wp\/v2\/pages\/5380","targetHints":{"allow":["GET"]}}],"collection":[{"href":"https:\/\/saludsinaloa.gob.mx\/index.php\/wp-json\/wp\/v2\/pages"}],"about":[{"href":"https:\/\/saludsinaloa.gob.mx\/index.php\/wp-json\/wp\/v2\/types\/page"}],"author":[{"embeddable":true,"href":"https:\/\/saludsinaloa.gob.mx\/index.php\/wp-json\/wp\/v2\/users\/1"}],"replies":[{"embeddable":true,"href":"https:\/\/saludsinaloa.gob.mx\/index.php\/wp-json\/wp\/v2\/comments?post=5380"}],"version-history":[{"count":64,"href":"https:\/\/saludsinaloa.gob.mx\/index.php\/wp-json\/wp\/v2\/pages\/5380\/revisions"}],"predecessor-version":[{"id":25029,"href":"https:\/\/saludsinaloa.gob.mx\/index.php\/wp-json\/wp\/v2\/pages\/5380\/revisions\/25029"}],"wp:attachment":[{"href":"https:\/\/saludsinaloa.gob.mx\/index.php\/wp-json\/wp\/v2\/media?parent=5380"}],"curies":[{"name":"wp","href":"https:\/\/api.w.org\/{rel}","templated":true}]}}