{"id":4485,"date":"2018-09-05T14:24:11","date_gmt":"2018-09-05T14:24:11","guid":{"rendered":"http:\/\/saludsinaloa.gob.mx\/?page_id=4485"},"modified":"2026-03-11T20:38:00","modified_gmt":"2026-03-11T20:38:00","slug":"aviso-de-privacidad","status":"publish","type":"page","link":"https:\/\/saludsinaloa.gob.mx\/index.php\/aviso-de-privacidad\/","title":{"rendered":"Avisos de Privacidad"},"content":{"rendered":"<h3><span style=\"color: #000000;\"><strong>Comisi\u00f3n Estatal de Prevenci\u00f3n Tratamiento y Control de Adicciones<\/strong><\/span><\/h3>\n<ul>\n<li>\n<h4><a href=\"https:\/\/saludsinaloa.gob.mx\/wp-content\/uploads\/2026\/03\/AVISO-DE-PRIVACIDAD-INTEGRAL-COMISION-ESTATAL-PREVENCION-TRATAMIENTO-Y-CONTROL-DE-ADICCIONES.pdf\" target=\"_blank\" rel=\"noopener noreferrer\">Aviso de privacidad Integral<\/a><\/h4>\n<\/li>\n<li>\n<h4><a href=\"https:\/\/saludsinaloa.gob.mx\/wp-content\/uploads\/2026\/03\/AVISO-DE-PRIVACIDAD-SIMPLIFICADO-COMISION-ESTATAL-PREVENCION-TRATAMIENTOY-CONTROL-DE-ADICCIONES.pdf\" target=\"_blank\" rel=\"noopener noreferrer\">Aviso de privacidad Simplificado<\/a><\/h4>\n<\/li>\n<\/ul>\n<h3><strong><span style=\"color: #000000;\">Direcci\u00f3n de Atenci\u00f3n M\u00e9dica<\/span><\/strong><\/h3>\n<ul>\n<li>\n<h4><a href=\"https:\/\/saludsinaloa.gob.mx\/wp-content\/uploads\/2026\/03\/AVISO-DE-PRIVACIDAD-INTEGRAL-DIRECCION-DE-ATENCION-MEDICA-VALIDADO.pdf\" target=\"_blank\" rel=\"noopener noreferrer\">Aviso de privacidad Integral<\/a><\/h4>\n<\/li>\n<li>\n<h4><a href=\"https:\/\/saludsinaloa.gob.mx\/wp-content\/uploads\/2026\/03\/AVISO-DE-PRIVACIDAD-SIMPLIFICADO-DIRECCION-DE-ATENCION-MEDICA-VALIDADO.pdf\" target=\"_blank\" rel=\"noopener noreferrer\">Aviso de privacidad Simplificado<\/a><\/h4>\n<\/li>\n<\/ul>\n<h3><strong><span style=\"color: #000000;\">Direcci\u00f3n de Prevenci\u00f3n y Promoci\u00f3n de la Salud<\/span><\/strong><\/h3>\n<ul>\n<li>\n<h4><a href=\"https:\/\/saludsinaloa.gob.mx\/wp-content\/uploads\/2026\/03\/AVISOS-DE-PRIVACIDAD-INTEGRAL-DIRECCION-DE-PREVENCION-Y-PROMOCION-DE-LA-SALUD-VALIDADO.pdf\" target=\"_blank\" rel=\"noopener noreferrer\">Aviso de privacidad Integral<\/a><\/h4>\n<\/li>\n<li>\n<h4><a href=\"https:\/\/saludsinaloa.gob.mx\/wp-content\/uploads\/2026\/03\/AVISO-DE-PRIVACIDAD-SIMPLIFICADO-DIRECCION-PREVENCION-Y-P-ROMOCION-DE-LA-SALUD-VALIDADO.pdf\" target=\"_blank\" rel=\"noopener noreferrer\">Aviso de privacidad Simplificado<\/a><\/h4>\n<\/li>\n<\/ul>\n<h3><span style=\"color: #000000;\"><strong>Direcci\u00f3n Jur\u00eddica y de Normatividad<\/strong><\/span><\/h3>\n<ul>\n<li>\n<h4><a href=\"https:\/\/saludsinaloa.gob.mx\/wp-content\/uploads\/2026\/03\/AVISO-DE-PRIVACIDAD-JURIDICO-Integral2026.pdf\" target=\"_blank\" rel=\"noopener noreferrer\">Aviso de privacidad Integral<\/a><\/h4>\n<\/li>\n<li>\n<h4><a href=\"https:\/\/saludsinaloa.gob.mx\/wp-content\/uploads\/2026\/03\/AVISO-DE-PRIVACIDAD-JURIDICO-Simplificado2026.pdf\" target=\"_blank\" rel=\"noopener noreferrer\">Aviso de privacidad Simplificado<\/a><\/h4>\n<\/li>\n<\/ul>\n<h3><strong><span style=\"color: #000000;\">Unidad de Transparencia<\/span><\/strong><\/h3>\n<ul>\n<li>\n<h4><a href=\"https:\/\/saludsinaloa.gob.mx\/wp-content\/uploads\/2026\/03\/AVISO-DE-PRIVACIDAD-UNIDAD-DE-TRANSPARENCIA-Integral2026.pdf\" target=\"_blank\" rel=\"noopener noreferrer\">Aviso de privacidad Integral<\/a><\/h4>\n<\/li>\n<li>\n<h4><a href=\"https:\/\/saludsinaloa.gob.mx\/wp-content\/uploads\/2026\/03\/AVISO-DE-PRIVACIDAD-UNIDAD-TRANSPARENCIA-Simplificado2026.pdf\" target=\"_blank\" rel=\"noopener noreferrer\">Aviso de privacidad Simplificado<\/a><\/h4>\n<\/li>\n<\/ul>\n<h3><span style=\"color: #000000;\"><strong>Subdirecci\u00f3n Recursos Humanos<\/strong><\/span><\/h3>\n<ul>\n<li>\n<h4><a href=\"https:\/\/saludsinaloa.gob.mx\/wp-content\/uploads\/2026\/03\/AVISO-DE-PRIVACIDAD-INTEGRAL-SRHUMANOS-SSS.pdf\" target=\"_blank\" rel=\"noopener noreferrer\">Aviso de privacidad Integral<\/a><\/h4>\n<\/li>\n<li>\n<h4><a href=\"https:\/\/saludsinaloa.gob.mx\/wp-content\/uploads\/2026\/03\/AVISO-DE-PRIVACIDAD-SIMPLIFICADO-SRHUMANOS-SSS.pdf\" target=\"_blank\" rel=\"noopener noreferrer\">Aviso de privacidad Simplificado<\/a><\/h4>\n<\/li>\n<\/ul>\n<h3><span style=\"color: #000000;\"><strong>Subdirecci\u00f3n Recursos Financieros<\/strong><\/span><\/h3>\n<ul>\n<li>\n<h4><a href=\"https:\/\/saludsinaloa.gob.mx\/wp-content\/uploads\/2026\/03\/AVISO-DE-PRIVACIDAD-INTEGRAL-DE-LA-SUBDIRECCION-DE-RECURSOS-FINANCIEROS-DE-LOS-SSS.pdf\" target=\"_blank\" rel=\"noopener noreferrer\">Aviso de privacidad Integral<\/a><\/h4>\n<\/li>\n<li>\n<h4><a href=\"https:\/\/saludsinaloa.gob.mx\/wp-content\/uploads\/2026\/03\/AVISO-DE-PRIVACIDAD-SIMPLIFICADO-DE-LA-SUBDIRECCION-DE-RECURSOS-FINANCIEROS-SSS.pdf\" target=\"_blank\" rel=\"noopener noreferrer\">Aviso de privacidad Simplificado<\/a><\/h4>\n<\/li>\n<\/ul>\n<h3><strong><span style=\"color: #000000;\">Jefatura de Convenios y Contratos de los SSS<\/span><\/strong><\/h3>\n<ul>\n<li>\n<h4><a href=\"https:\/\/saludsinaloa.gob.mx\/wp-content\/uploads\/2026\/03\/AVISO-DE-PRIVACIDAD-INTEGRAL-DE-LA-JEFATURA-DE-CONVENIOS-Y-CONTRATOS-DE-LOS-SSS.pdf\" target=\"_blank\" rel=\"noopener noreferrer\">Aviso de privacidad Integral<\/a><\/h4>\n<\/li>\n<li>\n<h4><a href=\"https:\/\/saludsinaloa.gob.mx\/wp-content\/uploads\/2026\/03\/AVISO-DE-PRIVACIDAD-SIMPLIFICADO-DE-LA-JEFATURA-DE-CONVENIOS-Y-CONTRATOS-SSS.pdf\" target=\"_blank\" rel=\"noopener noreferrer\">Aviso de privacidad Simplificado<\/a><\/h4>\n<\/li>\n<\/ul>\n<section class=\"entry-content\"><\/section>\n<footer id=\"g-footer\">\n<div class=\"g-container\">\n<div class=\"g-grid\">\n<h3><strong><span style=\"color: #000000;\">Laboratorio Estatal de Salud Publica<\/span><\/strong><\/h3>\n<ul>\n<li>\n<h4><a href=\"https:\/\/saludsinaloa.gob.mx\/wp-content\/uploads\/2026\/03\/AVISO-DE-PRIVACIDAD-INTEGRAL-LABORATORIO-ESTAL-DE-SALUD-PUBLICO-VALIDADO.pdf\" target=\"_blank\" rel=\"noopener noreferrer\">Aviso de privacidad Integral<\/a><\/h4>\n<\/li>\n<li>\n<h4><a href=\"https:\/\/saludsinaloa.gob.mx\/wp-content\/uploads\/2026\/03\/AVISO-DE-PRIVACIDAD-SIMPLIFICADO-LABORATORIO-ESTATAL-DE-SALUD-PUBLICA-VALIDADO.pdf\" target=\"_blank\" rel=\"noopener noreferrer\">Aviso de privacidad Simplificado<\/a><\/h4>\n<\/li>\n<\/ul>\n<\/div>\n<div class=\"g-grid\">\n<div class=\"g-block size-57\">\n<div id=\"copyright-4325-particle\" class=\"g-content g-particle\">\u00a9 2023<\/div>\n<div><\/div>\n<\/div>\n<\/div>\n<\/div>\n<\/footer>\n","protected":false},"excerpt":{"rendered":"<p>Comisi\u00f3n Estatal de Prevenci\u00f3n Tratamiento y Control de Adicciones Aviso de privacidad Integral Aviso de privacidad Simplificado Direcci\u00f3n de Atenci\u00f3n M\u00e9dica Aviso de privacidad Integral Aviso de privacidad Simplificado Direcci\u00f3n de Prevenci\u00f3n y Promoci\u00f3n de la Salud Aviso de privacidad Integral Aviso de privacidad Simplificado Direcci\u00f3n Jur\u00eddica y de Normatividad Aviso de privacidad Integral Aviso [&hellip;]<\/p>\n","protected":false},"author":1,"featured_media":0,"parent":0,"menu_order":0,"comment_status":"closed","ping_status":"closed","template":"templates\/full-width-page.php","meta":{"footnotes":""},"class_list":["post-4485","page","type-page","status-publish","hentry"],"_links":{"self":[{"href":"https:\/\/saludsinaloa.gob.mx\/index.php\/wp-json\/wp\/v2\/pages\/4485","targetHints":{"allow":["GET"]}}],"collection":[{"href":"https:\/\/saludsinaloa.gob.mx\/index.php\/wp-json\/wp\/v2\/pages"}],"about":[{"href":"https:\/\/saludsinaloa.gob.mx\/index.php\/wp-json\/wp\/v2\/types\/page"}],"author":[{"embeddable":true,"href":"https:\/\/saludsinaloa.gob.mx\/index.php\/wp-json\/wp\/v2\/users\/1"}],"replies":[{"embeddable":true,"href":"https:\/\/saludsinaloa.gob.mx\/index.php\/wp-json\/wp\/v2\/comments?post=4485"}],"version-history":[{"count":65,"href":"https:\/\/saludsinaloa.gob.mx\/index.php\/wp-json\/wp\/v2\/pages\/4485\/revisions"}],"predecessor-version":[{"id":23186,"href":"https:\/\/saludsinaloa.gob.mx\/index.php\/wp-json\/wp\/v2\/pages\/4485\/revisions\/23186"}],"wp:attachment":[{"href":"https:\/\/saludsinaloa.gob.mx\/index.php\/wp-json\/wp\/v2\/media?parent=4485"}],"curies":[{"name":"wp","href":"https:\/\/api.w.org\/{rel}","templated":true}]}}