{"id":34,"date":"2017-09-18T19:48:15","date_gmt":"2017-09-18T19:48:15","guid":{"rendered":"http:\/\/wpress2.saludsinaloa.gob.mx\/wordpress\/?page_id=34"},"modified":"2023-11-16T18:23:58","modified_gmt":"2023-11-16T18:23:58","slug":"secretario","status":"publish","type":"page","link":"https:\/\/saludsinaloa.gob.mx\/index.php\/secretario\/","title":{"rendered":"Informaci\u00f3n General"},"content":{"rendered":"<h3 class=\"widget-title\" style=\"color: #999!important;\">Dr. Cuitl\u00e1huac Gonz\u00e1lez Galindo<\/h3>\n<p>Secretario de Salud del Gobierno del Estado de Sinaloa y Director de los Servicios de Salud de Sinaloa.<\/p>\n<h3>SERVICIOS DE SALUD DE SINALOA<\/h3>\n<p><b>Misi\u00f3n:\u00a0<\/b>Es importante resaltar que, apegados a la pol\u00edtica nacional para la transformaci\u00f3n de la salud, de conformidad con los art\u00edculos 1\u00b0 y 4\u00b0 de la Constituci\u00f3n Pol\u00edtica de los Estados Unidos Mexicanos, Sinaloa participa y colabora con el Sistema Nacional de la Salud, a fin de garantizar bajo los principios de universalidad e igualdad, generando condiciones que permitan brindar el acceso gratuito, progresivo, efectivo, oportuno, de calidad y sin discriminaci\u00f3n alguna a toda la poblaci\u00f3n\u00a0 \u00a0sinaloense que no cuente con seguridad social.<\/p>\n<p>&nbsp;<\/p>\n<p><b>Visi\u00f3n:<\/b> Continuar con la etapa de transformaci\u00f3n para la salud en Sinaloa. Con ello, aspiramos a una sociedad saludable, con acceso a una atenci\u00f3n de calidad y calidez, en la que concurran las instituciones publicas y privadas, con \u00e9nfasis en el autocuidado de la salud que propicie en el desarrollo sostenible de las y los sinaloenses.<\/p>\n<p>&nbsp;<\/p>\n<p><b>Valores:\u00a0\u00a0<\/b>Las acciones encaminadas a preservar la salud de los sinaloenses deber\u00e1n estar regidas por valores que el personal m\u00e9dico, param\u00e9dico y administrativo del sector salud deben observar en el desempe\u00f1o de sus funciones:<\/p>\n<ul>\n<li><b>Actitud de servicio:<\/b> Brindar de forma amable, c\u00e1lida, con esmero y sin distingo nuestro trabajo a los usuarios externos o internos de la instituci\u00f3n<\/li>\n<li><b>Eficiencia:<\/b> Utilizar los recursos p\u00fablicos de una forma \u00f3ptima<\/li>\n<li><b>Iniciativa:<\/b> Emprender proyectos y acciones para mejorar las funciones encomendadas<\/li>\n<li><b>Compromiso:<\/b> Trabajar por el beneficio de la sociedad y la instituci\u00f3n<\/li>\n<\/ul>\n<p><strong>Objetivos rectores:<\/strong><\/p>\n<ul>\n<li>Garantizar la calidad y calidez en la atenci\u00f3n a la salud de la persona.<\/li>\n<li>Fomentar y promover acciones para asegurar una sociedad saludable.<\/li>\n<\/ul>\n<p>&nbsp;<\/p>\n","protected":false},"excerpt":{"rendered":"<p>Dr. Cuitl\u00e1huac Gonz\u00e1lez Galindo Secretario de Salud del Gobierno del Estado de Sinaloa y Director de los Servicios de Salud de Sinaloa. SERVICIOS DE SALUD DE SINALOA Misi\u00f3n:\u00a0Es importante resaltar que, apegados a la pol\u00edtica nacional para la transformaci\u00f3n de la salud, de conformidad con los art\u00edculos 1\u00b0 y 4\u00b0 de la Constituci\u00f3n Pol\u00edtica de [&hellip;]<\/p>\n","protected":false},"author":1,"featured_media":0,"parent":0,"menu_order":0,"comment_status":"closed","ping_status":"closed","template":"templates\/full-width-page.php","meta":{"footnotes":""},"class_list":["post-34","page","type-page","status-publish","hentry"],"_links":{"self":[{"href":"https:\/\/saludsinaloa.gob.mx\/index.php\/wp-json\/wp\/v2\/pages\/34","targetHints":{"allow":["GET"]}}],"collection":[{"href":"https:\/\/saludsinaloa.gob.mx\/index.php\/wp-json\/wp\/v2\/pages"}],"about":[{"href":"https:\/\/saludsinaloa.gob.mx\/index.php\/wp-json\/wp\/v2\/types\/page"}],"author":[{"embeddable":true,"href":"https:\/\/saludsinaloa.gob.mx\/index.php\/wp-json\/wp\/v2\/users\/1"}],"replies":[{"embeddable":true,"href":"https:\/\/saludsinaloa.gob.mx\/index.php\/wp-json\/wp\/v2\/comments?post=34"}],"version-history":[{"count":47,"href":"https:\/\/saludsinaloa.gob.mx\/index.php\/wp-json\/wp\/v2\/pages\/34\/revisions"}],"predecessor-version":[{"id":15455,"href":"https:\/\/saludsinaloa.gob.mx\/index.php\/wp-json\/wp\/v2\/pages\/34\/revisions\/15455"}],"wp:attachment":[{"href":"https:\/\/saludsinaloa.gob.mx\/index.php\/wp-json\/wp\/v2\/media?parent=34"}],"curies":[{"name":"wp","href":"https:\/\/api.w.org\/{rel}","templated":true}]}}