{"id":3145,"date":"2018-06-04T06:23:43","date_gmt":"2018-06-04T06:23:43","guid":{"rendered":"http:\/\/saludsinaloa.gob.mx\/?page_id=3145"},"modified":"2023-02-13T21:01:10","modified_gmt":"2023-02-13T21:01:10","slug":"centro-dermatologico-de-sinaloa","status":"publish","type":"page","link":"https:\/\/saludsinaloa.gob.mx\/index.php\/unidades\/centro-dermatologico-de-sinaloa\/","title":{"rendered":"CENTRO DERMATOL\u00d3GICO DE SINALOA"},"content":{"rendered":"<p>Director: Dr. Juan Iribe Martinez.<br \/>\nDomicilio: Blvd. Leyva Solano 610 ote., Col. Miguel Alem\u00e1n, C.P. 80200, Culiac\u00e1n, Sinaloa.<br \/>\nTel\u00e9fono: 01667 7134520<br \/>\n<a class=\"button cta-button cta-button-primary\" style=\"background: #f1703d!important;\" href=\"http:\/\/saludsinaloa.gob.mx\/index.php\/unidades\/centro-dermatologico-de-sinaloa\/\" target=\"_blank\" rel=\"noopener\">Ir al Sitio<\/a><\/p>\n","protected":false},"excerpt":{"rendered":"<p>Director: Dr. Juan Iribe Martinez. Domicilio: Blvd. Leyva Solano 610 ote., Col. Miguel Alem\u00e1n, C.P. 80200, Culiac\u00e1n, Sinaloa. Tel\u00e9fono: 01667 7134520 Ir al Sitio<\/p>\n","protected":false},"author":1,"featured_media":3152,"parent":538,"menu_order":24,"comment_status":"closed","ping_status":"closed","template":"templates\/full-width-page.php","meta":{"footnotes":""},"class_list":["post-3145","page","type-page","status-publish","has-post-thumbnail","hentry"],"_links":{"self":[{"href":"https:\/\/saludsinaloa.gob.mx\/index.php\/wp-json\/wp\/v2\/pages\/3145","targetHints":{"allow":["GET"]}}],"collection":[{"href":"https:\/\/saludsinaloa.gob.mx\/index.php\/wp-json\/wp\/v2\/pages"}],"about":[{"href":"https:\/\/saludsinaloa.gob.mx\/index.php\/wp-json\/wp\/v2\/types\/page"}],"author":[{"embeddable":true,"href":"https:\/\/saludsinaloa.gob.mx\/index.php\/wp-json\/wp\/v2\/users\/1"}],"replies":[{"embeddable":true,"href":"https:\/\/saludsinaloa.gob.mx\/index.php\/wp-json\/wp\/v2\/comments?post=3145"}],"version-history":[{"count":2,"href":"https:\/\/saludsinaloa.gob.mx\/index.php\/wp-json\/wp\/v2\/pages\/3145\/revisions"}],"predecessor-version":[{"id":14341,"href":"https:\/\/saludsinaloa.gob.mx\/index.php\/wp-json\/wp\/v2\/pages\/3145\/revisions\/14341"}],"up":[{"embeddable":true,"href":"https:\/\/saludsinaloa.gob.mx\/index.php\/wp-json\/wp\/v2\/pages\/538"}],"wp:featuredmedia":[{"embeddable":true,"href":"https:\/\/saludsinaloa.gob.mx\/index.php\/wp-json\/wp\/v2\/media\/3152"}],"wp:attachment":[{"href":"https:\/\/saludsinaloa.gob.mx\/index.php\/wp-json\/wp\/v2\/media?parent=3145"}],"curies":[{"name":"wp","href":"https:\/\/api.w.org\/{rel}","templated":true}]}}