{"id":3142,"date":"2018-06-04T06:06:58","date_gmt":"2018-06-04T06:06:58","guid":{"rendered":"http:\/\/saludsinaloa.gob.mx\/?page_id=3142"},"modified":"2023-02-13T20:58:43","modified_gmt":"2023-02-13T20:58:43","slug":"hospital-pediatrico-de-sinaloa","status":"publish","type":"page","link":"https:\/\/saludsinaloa.gob.mx\/index.php\/unidades\/hospital-pediatrico-de-sinaloa\/","title":{"rendered":"HOSPITAL PEDI\u00c1TRICO DE SINALOA"},"content":{"rendered":"<p>Director: Dr. Carlos Mijail Suarez Arredondo.<br \/>\nDomicilio: Calle Constituci\u00f3n 530, Col. Jorge Almada, C.P. 80200, Culiac\u00e1n, Sinaloa.<br \/>\nTel\u00e9fono: 01667 7126606<br \/>\n<a class=\"button cta-button cta-button-primary\" style=\"background: #f1703d!important;\" href=\"http:\/\/www.hospitalpediatrico.org\/\" target=\"_blank\" rel=\"noopener\">Ir al Sitio<\/a><\/p>\n","protected":false},"excerpt":{"rendered":"<p>Director: Dr. Carlos Mijail Suarez Arredondo. Domicilio: Calle Constituci\u00f3n 530, Col. Jorge Almada, C.P. 80200, Culiac\u00e1n, Sinaloa. Tel\u00e9fono: 01667 7126606 Ir al Sitio<\/p>\n","protected":false},"author":1,"featured_media":3143,"parent":538,"menu_order":23,"comment_status":"closed","ping_status":"closed","template":"templates\/full-width-page.php","meta":{"footnotes":""},"class_list":["post-3142","page","type-page","status-publish","has-post-thumbnail","hentry"],"_links":{"self":[{"href":"https:\/\/saludsinaloa.gob.mx\/index.php\/wp-json\/wp\/v2\/pages\/3142","targetHints":{"allow":["GET"]}}],"collection":[{"href":"https:\/\/saludsinaloa.gob.mx\/index.php\/wp-json\/wp\/v2\/pages"}],"about":[{"href":"https:\/\/saludsinaloa.gob.mx\/index.php\/wp-json\/wp\/v2\/types\/page"}],"author":[{"embeddable":true,"href":"https:\/\/saludsinaloa.gob.mx\/index.php\/wp-json\/wp\/v2\/users\/1"}],"replies":[{"embeddable":true,"href":"https:\/\/saludsinaloa.gob.mx\/index.php\/wp-json\/wp\/v2\/comments?post=3142"}],"version-history":[{"count":5,"href":"https:\/\/saludsinaloa.gob.mx\/index.php\/wp-json\/wp\/v2\/pages\/3142\/revisions"}],"predecessor-version":[{"id":14339,"href":"https:\/\/saludsinaloa.gob.mx\/index.php\/wp-json\/wp\/v2\/pages\/3142\/revisions\/14339"}],"up":[{"embeddable":true,"href":"https:\/\/saludsinaloa.gob.mx\/index.php\/wp-json\/wp\/v2\/pages\/538"}],"wp:featuredmedia":[{"embeddable":true,"href":"https:\/\/saludsinaloa.gob.mx\/index.php\/wp-json\/wp\/v2\/media\/3143"}],"wp:attachment":[{"href":"https:\/\/saludsinaloa.gob.mx\/index.php\/wp-json\/wp\/v2\/media?parent=3142"}],"curies":[{"name":"wp","href":"https:\/\/api.w.org\/{rel}","templated":true}]}}