{"id":3125,"date":"2018-06-04T06:16:15","date_gmt":"2018-06-04T06:16:15","guid":{"rendered":"http:\/\/saludsinaloa.gob.mx\/?page_id=3125"},"modified":"2023-02-13T20:52:21","modified_gmt":"2023-02-13T20:52:21","slug":"hospital-psiquiatrico-de-sinaloa","status":"publish","type":"page","link":"https:\/\/saludsinaloa.gob.mx\/index.php\/unidades\/hospital-psiquiatrico-de-sinaloa\/","title":{"rendered":"HOSPITAL PSIQUI\u00c1TRICO DE SINALOA"},"content":{"rendered":"<p>Director: Dr. Saul Perez Parra.<br \/>\nDomicilio: Lola Beltr\u00e1n 3065, Rinc\u00f3n del Humaya C.P. 80058, Culiac\u00e1n, Sinaloa.<br \/>\nTel\u00e9fono: 01667 7541510<br \/>\n<a class=\"button cta-button cta-button-primary\" style=\"background: #f1703d!important;\" href=\"http:\/\/saludsinaloa.gob.mx\/index.php\/unidades\/hospital-psiquiatrico-de-sinaloa\/\" target=\"_blank\" rel=\"noopener\">Ir al Sitio<\/a><\/p>\n","protected":false},"excerpt":{"rendered":"<p>Director: Dr. Saul Perez Parra. Domicilio: Lola Beltr\u00e1n 3065, Rinc\u00f3n del Humaya C.P. 80058, Culiac\u00e1n, Sinaloa. Tel\u00e9fono: 01667 7541510 Ir al Sitio<\/p>\n","protected":false},"author":1,"featured_media":3135,"parent":538,"menu_order":21,"comment_status":"closed","ping_status":"closed","template":"templates\/full-width-page.php","meta":{"footnotes":""},"class_list":["post-3125","page","type-page","status-publish","has-post-thumbnail","hentry"],"_links":{"self":[{"href":"https:\/\/saludsinaloa.gob.mx\/index.php\/wp-json\/wp\/v2\/pages\/3125","targetHints":{"allow":["GET"]}}],"collection":[{"href":"https:\/\/saludsinaloa.gob.mx\/index.php\/wp-json\/wp\/v2\/pages"}],"about":[{"href":"https:\/\/saludsinaloa.gob.mx\/index.php\/wp-json\/wp\/v2\/types\/page"}],"author":[{"embeddable":true,"href":"https:\/\/saludsinaloa.gob.mx\/index.php\/wp-json\/wp\/v2\/users\/1"}],"replies":[{"embeddable":true,"href":"https:\/\/saludsinaloa.gob.mx\/index.php\/wp-json\/wp\/v2\/comments?post=3125"}],"version-history":[{"count":4,"href":"https:\/\/saludsinaloa.gob.mx\/index.php\/wp-json\/wp\/v2\/pages\/3125\/revisions"}],"predecessor-version":[{"id":14338,"href":"https:\/\/saludsinaloa.gob.mx\/index.php\/wp-json\/wp\/v2\/pages\/3125\/revisions\/14338"}],"up":[{"embeddable":true,"href":"https:\/\/saludsinaloa.gob.mx\/index.php\/wp-json\/wp\/v2\/pages\/538"}],"wp:featuredmedia":[{"embeddable":true,"href":"https:\/\/saludsinaloa.gob.mx\/index.php\/wp-json\/wp\/v2\/media\/3135"}],"wp:attachment":[{"href":"https:\/\/saludsinaloa.gob.mx\/index.php\/wp-json\/wp\/v2\/media?parent=3125"}],"curies":[{"name":"wp","href":"https:\/\/api.w.org\/{rel}","templated":true}]}}