{"id":300,"date":"2017-10-26T16:17:12","date_gmt":"2017-10-26T16:17:12","guid":{"rendered":"http:\/\/wpress2.saludsinaloa.gob.mx\/wordpress\/?page_id=300"},"modified":"2025-10-14T21:37:16","modified_gmt":"2025-10-14T21:37:16","slug":"enlace-1","status":"publish","type":"page","link":"https:\/\/saludsinaloa.gob.mx\/index.php\/enlace-1\/","title":{"rendered":"SITIOS DE INTER\u00c9S"},"content":{"rendered":"<section id=\"medical-way-latest-news-2\" class=\"widget medical_way_widget_latest_news\">\n<div id=\"mw-latest-news\" class=\"latest-news-widget latest-news-col-3\">\n<div class=\"container\">\n<div class=\"inner-wrapper\">\n<div class=\"latest-news-item\">\n<div class=\"latest-news-wrapper\">\n<div class=\"latest-news-thumb\"><\/div>\n<p><!-- .latest-news-thumb --><\/p>\n<div class=\"latest-news-text-wrap\">\n<h3 class=\"latest-news-title\"><a href=\"http:\/\/www.sinaloa.gob.mx\/\">GOBIERNO DEL ESTADO<\/a><\/h3>\n<p><!-- .latest-news-title --><\/p>\n<\/div>\n<p><!-- .latest-news-text-wrap --><\/p>\n<\/div>\n<\/div>\n<div class=\"latest-news-item\">\n<div class=\"latest-news-wrapper\">\n<div class=\"latest-news-thumb\"><a href=\"http:\/\/www.transparenciasinaloa.gob.mx\/index.php?option=com_flexicontent&amp;view=items&amp;id=1267&amp;Itemid=972\"><br \/>\n<\/a><a href=\"https:\/\/saludsinaloa.gob.mx\/wp-content\/uploads\/2025\/04\/GES.png\"><br \/>\n<img fetchpriority=\"high\" decoding=\"async\" class=\"wp-post-image aligncenter\" src=\"http:\/\/wpress2.saludsinaloa.gob.mx\/wordpress\/wp-content\/uploads\/2017\/10\/gobiernosinaloa-570x380.jpg\" alt=\"\" width=\"570\" height=\"380\" \/><\/a><\/div>\n<p><!-- .latest-news-thumb --><\/p>\n<div class=\"latest-news-text-wrap\">\n<h3 class=\"latest-news-title\"><a href=\"http:\/\/www.transparenciasinaloa.gob.mx\/index.php?option=com_flexicontent&amp;view=items&amp;id=1267&amp;Itemid=972\">TRANSPARENCIA SIN., SSS<\/a><\/h3>\n<p><!-- .latest-news-title --><\/p>\n<\/div>\n<p><!-- .latest-news-text-wrap --><\/p>\n<\/div>\n<\/div>\n<div class=\"latest-news-item\">\n<div class=\"latest-news-wrapper\">\n<div class=\"latest-news-thumb\"><a><br \/>\n<img decoding=\"async\" class=\"aligncenter wp-post-image\" src=\"http:\/\/wpress2.saludsinaloa.gob.mx\/wordpress\/wp-content\/uploads\/2017\/10\/coepriss-570x380.jpg\" sizes=\"(max-width: 570px) 100vw, 570px\" srcset=\"http:\/\/wpress2.saludsinaloa.gob.mx\/wordpress\/wp-content\/uploads\/2017\/10\/coepriss-570x380.jpg 570w, http:\/\/wpress2.saludsinaloa.gob.mx\/wordpress\/wp-content\/uploads\/2017\/10\/coepriss-300x199.jpg 300w, http:\/\/wpress2.saludsinaloa.gob.mx\/wordpress\/wp-content\/uploads\/2017\/10\/coepriss-768x510.jpg 768w, http:\/\/wpress2.saludsinaloa.gob.mx\/wordpress\/wp-content\/uploads\/2017\/10\/coepriss-1024x680.jpg 1024w\" alt=\"\" width=\"570\" height=\"380\" \/> <\/a><\/div>\n<p><!-- .latest-news-thumb --><\/p>\n<div class=\"latest-news-text-wrap\">\n<h3 class=\"latest-news-title\"><a>COEPRIS SINALOA<\/a><\/h3>\n<p><!-- .latest-news-title --><\/p>\n<\/div>\n<p><!-- .latest-news-text-wrap --><\/p>\n<\/div>\n<\/div>\n<div>\n<p><!-- .row --><\/p>\n<\/div>\n<\/div>\n<p><!-- .latest-news-widget --><\/p>\n<div class=\"inner-wrapper\">\n<div class=\"latest-news-item\">\n<div class=\"latest-news-wrapper\">\n<div class=\"latest-news-thumb\"><a href=\"http:\/\/saludsinaloa.gob.mx\/calitel\/\"><br \/>\n<img decoding=\"async\" class=\"aligncenter wp-post-image\" src=\"http:\/\/wpress2.saludsinaloa.gob.mx\/wordpress\/wp-content\/uploads\/2017\/10\/calitel-570x380.jpg\" sizes=\"(max-width: 570px) 100vw, 570px\" srcset=\"http:\/\/wpress2.saludsinaloa.gob.mx\/wordpress\/wp-content\/uploads\/2017\/10\/calitel-570x380.jpg 570w, http:\/\/wpress2.saludsinaloa.gob.mx\/wordpress\/wp-content\/uploads\/2017\/10\/calitel-300x200.jpg 300w, http:\/\/wpress2.saludsinaloa.gob.mx\/wordpress\/wp-content\/uploads\/2017\/10\/calitel-768x512.jpg 768w, http:\/\/wpress2.saludsinaloa.gob.mx\/wordpress\/wp-content\/uploads\/2017\/10\/calitel-1024x683.jpg 1024w\" alt=\"\" width=\"570\" height=\"380\" \/> <\/a><\/div>\n<p><!-- .latest-news-thumb --><\/p>\n<div class=\"latest-news-text-wrap\">\n<h3 class=\"latest-news-title\"><a href=\"http:\/\/saludsinaloa.gob.mx\/calitel\/\">CALITEL EN L\u00cdNEA<\/a><\/h3>\n<p><!-- .latest-news-title --><\/p>\n<\/div>\n<p><!-- .latest-news-text-wrap --><\/p>\n<\/div>\n<\/div>\n<div class=\"latest-news-item\">\n<div class=\"latest-news-wrapper\">\n<div class=\"latest-news-thumb\"><a><br \/>\n<img loading=\"lazy\" decoding=\"async\" class=\"aligncenter wp-post-image\" src=\"http:\/\/wpress2.saludsinaloa.gob.mx\/wordpress\/wp-content\/uploads\/2017\/10\/ceptca-570x380.jpg\" alt=\"\" width=\"570\" height=\"380\" \/> <\/a><\/div>\n<p><!-- .latest-news-thumb --><\/p>\n<div class=\"latest-news-text-wrap\">\n<h3 class=\"latest-news-title\"><a href=\"https:\/\/saludsinaloa.gob.mx\/wp-content\/uploads\/2025\/10\/Captura-de-pantalla-2025-10-08-135845.png\"><img loading=\"lazy\" decoding=\"async\" class=\"alignnone wp-image-21242 size-full\" src=\"https:\/\/saludsinaloa.gob.mx\/wp-content\/uploads\/2025\/10\/Captura-de-pantalla-2025-10-08-135845.png\" alt=\"\" width=\"424\" height=\"151\" \/><\/a><\/h3>\n<h3 class=\"latest-news-title\"><a href=\"https:\/\/www.facebook.com\/p\/Comisi%C3%B3n-Estatal-de-Prevenci%C3%B3n-Tratamiento-y-Control-de-las-Adicciones-100066538207671\/\">CEPTCA<\/a><\/h3>\n<p><!-- .latest-news-title --><\/p>\n<\/div>\n<p><!-- .latest-news-text-wrap --><\/p>\n<\/div>\n<\/div>\n<div class=\"latest-news-item\">\n<div class=\"latest-news-wrapper\">\n<div class=\"latest-news-thumb\"><a><br \/>\n<\/a><a href=\"https:\/\/www.facebook.com\/p\/Comisi%C3%B3n-Estatal-de-Prevenci%C3%B3n-Tratamiento-y-Control-de-las-Adicciones-100066538207671\/\" target=\"_blank\" rel=\"noopener\"><img loading=\"lazy\" decoding=\"async\" class=\"wp-post-image aligncenter\" src=\"http:\/\/wpress2.saludsinaloa.gob.mx\/wordpress\/wp-content\/uploads\/2017\/10\/vigilancia-epide-570x380.jpg\" sizes=\"(max-width: 570px) 100vw, 570px\" srcset=\"http:\/\/wpress2.saludsinaloa.gob.mx\/wordpress\/wp-content\/uploads\/2017\/10\/vigilancia-epide-570x380.jpg 570w, http:\/\/wpress2.saludsinaloa.gob.mx\/wordpress\/wp-content\/uploads\/2017\/10\/vigilancia-epide-300x199.jpg 300w, http:\/\/wpress2.saludsinaloa.gob.mx\/wordpress\/wp-content\/uploads\/2017\/10\/vigilancia-epide-768x510.jpg 768w, http:\/\/wpress2.saludsinaloa.gob.mx\/wordpress\/wp-content\/uploads\/2017\/10\/vigilancia-epide-1024x680.jpg 1024w\" alt=\"\" width=\"570\" height=\"380\" \/><\/a><\/div>\n<p><!-- .latest-news-thumb --><\/p>\n<div class=\"latest-news-text-wrap\">\n<h3 class=\"latest-news-title\"><a>VIGILANC\u00cdA EPIDEMIOL\u00d3GICA &#8211; SSS<\/a><\/h3>\n<p><!-- .latest-news-title --><\/p>\n<\/div>\n<p><!-- .latest-news-text-wrap --><\/p>\n<\/div>\n<\/div>\n<div>\n<p><!-- .row --><\/p>\n<\/div>\n<\/div>\n<p><!-- .latest-news-widget --><\/p>\n<div class=\"inner-wrapper\">\n<div class=\"latest-news-item\">\n<div class=\"latest-news-wrapper\">\n<div class=\"latest-news-thumb\"><a href=\"http:\/\/transparencia.cofepris.gob.mx\/index.php?option=com_content&amp;view=article&amp;id=5\"><br \/>\n<img loading=\"lazy\" decoding=\"async\" class=\"aligncenter wp-post-image\" src=\"http:\/\/wpress2.saludsinaloa.gob.mx\/wordpress\/wp-content\/uploads\/2017\/10\/cofepriss-570x380.jpg\" sizes=\"(max-width: 570px) 100vw, 570px\" srcset=\"http:\/\/wpress2.saludsinaloa.gob.mx\/wordpress\/wp-content\/uploads\/2017\/10\/cofepriss-570x380.jpg 570w, http:\/\/wpress2.saludsinaloa.gob.mx\/wordpress\/wp-content\/uploads\/2017\/10\/cofepriss-300x200.jpg 300w, http:\/\/wpress2.saludsinaloa.gob.mx\/wordpress\/wp-content\/uploads\/2017\/10\/cofepriss-768x512.jpg 768w, http:\/\/wpress2.saludsinaloa.gob.mx\/wordpress\/wp-content\/uploads\/2017\/10\/cofepriss-1024x683.jpg 1024w\" alt=\"\" width=\"570\" height=\"380\" \/> <\/a><\/div>\n<p><!-- .latest-news-thumb --><\/p>\n<div class=\"latest-news-text-wrap\">\n<h3 class=\"latest-news-title\"><a href=\"http:\/\/transparencia.cofepris.gob.mx\/index.php?option=com_content&amp;view=article&amp;id=5\">COFEPRIS-TRANSPARENCIA FOCALIZADA<\/a><\/h3>\n<p><!-- .latest-news-title --><\/p>\n<\/div>\n<p><!-- .latest-news-text-wrap --><\/p>\n<\/div>\n<\/div>\n<div class=\"latest-news-item\">\n<div class=\"latest-news-wrapper\">\n<div class=\"latest-news-thumb\"><a href=\"http:\/\/www.gob.mx\/cofepris\/acciones-y-programas\/denuncias-sanitarias\"><br \/>\n<img loading=\"lazy\" decoding=\"async\" class=\"aligncenter wp-post-image\" src=\"http:\/\/wpress2.saludsinaloa.gob.mx\/wordpress\/wp-content\/uploads\/2017\/10\/cofepriss-570x380.jpg\" alt=\"\" width=\"570\" height=\"380\" \/> <\/a><\/div>\n<p><!-- .latest-news-thumb --><\/p>\n<div class=\"latest-news-text-wrap\">\n<h3 class=\"latest-news-title\"><a href=\"http:\/\/www.gob.mx\/cofepris\/acciones-y-programas\/denuncias-sanitarias\">DENUNCIAS SANITARIAS<\/a><\/h3>\n<p><!-- .latest-news-title --><\/p>\n<\/div>\n<p><!-- .latest-news-text-wrap --><\/p>\n<\/div>\n<\/div>\n<div class=\"latest-news-item\">\n<div class=\"latest-news-wrapper\">\n<div class=\"latest-news-thumb\"><a href=\"http:\/\/www.gob.mx\/cofepris\/acciones-y-programas\/sistema-de-recetarios-electronicos-para-medicamentos-de-fraccion-i\"><br \/>\n<img loading=\"lazy\" decoding=\"async\" class=\"aligncenter wp-post-image\" src=\"http:\/\/wpress2.saludsinaloa.gob.mx\/wordpress\/wp-content\/uploads\/2017\/10\/cofepriss-570x380.jpg\" sizes=\"(max-width: 570px) 100vw, 570px\" srcset=\"http:\/\/wpress2.saludsinaloa.gob.mx\/wordpress\/wp-content\/uploads\/2017\/10\/cofepriss-570x380.jpg 570w, http:\/\/wpress2.saludsinaloa.gob.mx\/wordpress\/wp-content\/uploads\/2017\/10\/cofepriss-300x199.jpg 300w, http:\/\/wpress2.saludsinaloa.gob.mx\/wordpress\/wp-content\/uploads\/2017\/10\/cofepriss-768x510.jpg 768w, http:\/\/wpress2.saludsinaloa.gob.mx\/wordpress\/wp-content\/uploads\/2017\/10\/cofepriss-1024x680.jpg 1024w\" alt=\"\" width=\"570\" height=\"380\" \/> <\/a><\/div>\n<p><!-- .latest-news-thumb --><\/p>\n<div class=\"latest-news-text-wrap\">\n<h3 class=\"latest-news-title\"><a href=\"http:\/\/www.gob.mx\/cofepris\/acciones-y-programas\/sistema-de-recetarios-electronicos-para-medicamentos-de-fraccion-i\">SISTEMA DE RECETARIOS ELECTR\u00d3NICOS<\/a><\/h3>\n<p><!-- .latest-news-title --><\/p>\n<\/div>\n<p><!-- .latest-news-text-wrap --><\/p>\n<\/div>\n<\/div>\n<div>\n<p><!-- .row --><\/p>\n<\/div>\n<\/div>\n<p><!-- .latest-news-widget --><\/p>\n<\/div>\n<\/div>\n<\/section>\n","protected":false},"excerpt":{"rendered":"<p>GOBIERNO DEL ESTADO TRANSPARENCIA SIN., SSS COEPRIS SINALOA CALITEL EN L\u00cdNEA CEPTCA VIGILANC\u00cdA EPIDEMIOL\u00d3GICA &#8211; SSS COFEPRIS-TRANSPARENCIA FOCALIZADA DENUNCIAS SANITARIAS SISTEMA DE RECETARIOS ELECTR\u00d3NICOS<\/p>\n","protected":false},"author":1,"featured_media":0,"parent":0,"menu_order":0,"comment_status":"closed","ping_status":"closed","template":"templates\/team.php","meta":{"footnotes":""},"class_list":["post-300","page","type-page","status-publish","hentry"],"_links":{"self":[{"href":"https:\/\/saludsinaloa.gob.mx\/index.php\/wp-json\/wp\/v2\/pages\/300","targetHints":{"allow":["GET"]}}],"collection":[{"href":"https:\/\/saludsinaloa.gob.mx\/index.php\/wp-json\/wp\/v2\/pages"}],"about":[{"href":"https:\/\/saludsinaloa.gob.mx\/index.php\/wp-json\/wp\/v2\/types\/page"}],"author":[{"embeddable":true,"href":"https:\/\/saludsinaloa.gob.mx\/index.php\/wp-json\/wp\/v2\/users\/1"}],"replies":[{"embeddable":true,"href":"https:\/\/saludsinaloa.gob.mx\/index.php\/wp-json\/wp\/v2\/comments?post=300"}],"version-history":[{"count":42,"href":"https:\/\/saludsinaloa.gob.mx\/index.php\/wp-json\/wp\/v2\/pages\/300\/revisions"}],"predecessor-version":[{"id":21269,"href":"https:\/\/saludsinaloa.gob.mx\/index.php\/wp-json\/wp\/v2\/pages\/300\/revisions\/21269"}],"wp:attachment":[{"href":"https:\/\/saludsinaloa.gob.mx\/index.php\/wp-json\/wp\/v2\/media?parent=300"}],"curies":[{"name":"wp","href":"https:\/\/api.w.org\/{rel}","templated":true}]}}