{"id":2991,"date":"2017-05-26T16:44:32","date_gmt":"2017-05-26T16:44:32","guid":{"rendered":"http:\/\/saludsinaloa.gob.mx\/?page_id=2991"},"modified":"2018-05-31T16:49:45","modified_gmt":"2018-05-31T16:49:45","slug":"evaluacion-interna-fassa-2016","status":"publish","type":"page","link":"https:\/\/saludsinaloa.gob.mx\/index.php\/evaluacion-interna-fassa-2016\/","title":{"rendered":"Evaluaci\u00f3n Interna FASSA 2016"},"content":{"rendered":"<p><strong>Transparencia<\/strong><br \/>\n<strong>2016<\/strong><\/p>\n<p><a href=\"http:\/\/saludsinaloa.gob.mx\/wp-content\/uploads\/2017\/files\/EVALUACION INTERNA FASSA 2016.pdf\" target=\"_blank\" rel=\"noopener\">Evaluaci\u00f3n Interna FASSA 2016<\/a><\/p>\n<p>[gview file=&#8221;http:\/\/saludsinaloa.gob.mx\/wp-content\/uploads\/2017\/files\/EVALUACION INTERNA FASSA 2016.pdf&#8221;]<\/p>\n<p>&nbsp;<\/p>\n<p class=\"textoNormal\">Fuente: Direcci\u00f3n de Planeaci\u00f3n a Mayo del 2018<br \/>\nElabor\u00f3: Direcci\u00f3n de Planeaci\u00f3n &#8211; SECRETARIA DE SALUD DEL ESTADO DE SINALOA.<\/p>\n","protected":false},"excerpt":{"rendered":"<p>Transparencia 2016 Evaluaci\u00f3n Interna FASSA 2016 [gview file=&#8221;http:\/\/saludsinaloa.gob.mx\/wp-content\/uploads\/2017\/files\/EVALUACION INTERNA FASSA 2016.pdf&#8221;] &nbsp; Fuente: Direcci\u00f3n de Planeaci\u00f3n a Mayo del 2018 Elabor\u00f3: Direcci\u00f3n de Planeaci\u00f3n &#8211; SECRETARIA DE SALUD DEL ESTADO DE SINALOA.<\/p>\n","protected":false},"author":1,"featured_media":0,"parent":0,"menu_order":0,"comment_status":"closed","ping_status":"closed","template":"templates\/full-width-page.php","meta":{"footnotes":""},"class_list":["post-2991","page","type-page","status-publish","hentry"],"_links":{"self":[{"href":"https:\/\/saludsinaloa.gob.mx\/index.php\/wp-json\/wp\/v2\/pages\/2991","targetHints":{"allow":["GET"]}}],"collection":[{"href":"https:\/\/saludsinaloa.gob.mx\/index.php\/wp-json\/wp\/v2\/pages"}],"about":[{"href":"https:\/\/saludsinaloa.gob.mx\/index.php\/wp-json\/wp\/v2\/types\/page"}],"author":[{"embeddable":true,"href":"https:\/\/saludsinaloa.gob.mx\/index.php\/wp-json\/wp\/v2\/users\/1"}],"replies":[{"embeddable":true,"href":"https:\/\/saludsinaloa.gob.mx\/index.php\/wp-json\/wp\/v2\/comments?post=2991"}],"version-history":[{"count":2,"href":"https:\/\/saludsinaloa.gob.mx\/index.php\/wp-json\/wp\/v2\/pages\/2991\/revisions"}],"predecessor-version":[{"id":2996,"href":"https:\/\/saludsinaloa.gob.mx\/index.php\/wp-json\/wp\/v2\/pages\/2991\/revisions\/2996"}],"wp:attachment":[{"href":"https:\/\/saludsinaloa.gob.mx\/index.php\/wp-json\/wp\/v2\/media?parent=2991"}],"curies":[{"name":"wp","href":"https:\/\/api.w.org\/{rel}","templated":true}]}}