{"id":2923,"date":"2020-06-01T06:10:36","date_gmt":"2020-06-01T06:10:36","guid":{"rendered":"http:\/\/saludsinaloa.gob.mx\/?page_id=2923"},"modified":"2020-07-08T21:09:25","modified_gmt":"2020-07-08T21:09:25","slug":"02-de-octubre-del-2019","status":"publish","type":"page","link":"https:\/\/saludsinaloa.gob.mx\/index.php\/02-de-octubre-del-2019\/","title":{"rendered":"01 de Julio del 2020."},"content":{"rendered":"<p><strong>U\u00d1AS ACR\u00cdLICAS, FACILITAN LA PRESENCIA DE HONGOS, BACTERIAS Y VIRUS EN LAS MANOS; SS<\/strong><\/p>\n<p>&nbsp;<\/p>\n<p><strong><em>*Secretar\u00eda de Salud de Sinaloa, advierte sobre problemas en la piel por adoptar estilos de manicure en u\u00f1as largas o acr\u00edlicas<\/em><\/strong><\/p>\n<p><strong><em>\u00a0<\/em><\/strong><\/p>\n<p><strong>Culiac\u00e1n, Sinaloa, 01 de julio, 2020<\/strong>; En el periodo en el que vivimos donde se recomienda el lavado\u00a0 constante de manos para evitar la propagaci\u00f3n de virus como el COVID-19, es importante retomar estilos saludables que eviten la propagaci\u00f3n de los mismos, advirti\u00f3 el Dr. Guillermo Moraila Moya, Director del Centro Dermatol\u00f3gico de Sinaloa.<\/p>\n","protected":false},"excerpt":{"rendered":"<p>U\u00d1AS ACR\u00cdLICAS, FACILITAN LA PRESENCIA DE HONGOS, BACTERIAS Y VIRUS EN LAS MANOS; SS &nbsp; *Secretar\u00eda de Salud de Sinaloa, advierte sobre problemas en la piel por adoptar estilos de manicure en u\u00f1as largas o acr\u00edlicas \u00a0 Culiac\u00e1n, Sinaloa, 01 de julio, 2020; En el periodo en el que vivimos donde se recomienda el lavado\u00a0 [&hellip;]<\/p>\n","protected":false},"author":1,"featured_media":10778,"parent":0,"menu_order":0,"comment_status":"closed","ping_status":"closed","template":"","meta":{"footnotes":""},"class_list":["post-2923","page","type-page","status-publish","has-post-thumbnail","hentry"],"_links":{"self":[{"href":"https:\/\/saludsinaloa.gob.mx\/index.php\/wp-json\/wp\/v2\/pages\/2923","targetHints":{"allow":["GET"]}}],"collection":[{"href":"https:\/\/saludsinaloa.gob.mx\/index.php\/wp-json\/wp\/v2\/pages"}],"about":[{"href":"https:\/\/saludsinaloa.gob.mx\/index.php\/wp-json\/wp\/v2\/types\/page"}],"author":[{"embeddable":true,"href":"https:\/\/saludsinaloa.gob.mx\/index.php\/wp-json\/wp\/v2\/users\/1"}],"replies":[{"embeddable":true,"href":"https:\/\/saludsinaloa.gob.mx\/index.php\/wp-json\/wp\/v2\/comments?post=2923"}],"version-history":[{"count":115,"href":"https:\/\/saludsinaloa.gob.mx\/index.php\/wp-json\/wp\/v2\/pages\/2923\/revisions"}],"predecessor-version":[{"id":10779,"href":"https:\/\/saludsinaloa.gob.mx\/index.php\/wp-json\/wp\/v2\/pages\/2923\/revisions\/10779"}],"wp:featuredmedia":[{"embeddable":true,"href":"https:\/\/saludsinaloa.gob.mx\/index.php\/wp-json\/wp\/v2\/media\/10778"}],"wp:attachment":[{"href":"https:\/\/saludsinaloa.gob.mx\/index.php\/wp-json\/wp\/v2\/media?parent=2923"}],"curies":[{"name":"wp","href":"https:\/\/api.w.org\/{rel}","templated":true}]}}